{"id":28963,"date":"2025-10-01T14:49:28","date_gmt":"2025-10-01T12:49:28","guid":{"rendered":"https:\/\/fvcomponentes.com\/?post_type=product&#038;p=28963"},"modified":"2026-04-08T21:28:29","modified_gmt":"2026-04-08T19:28:29","slug":"fusivel-anl-fusivel-victron-500a-80v-cip143500020","status":"publish","type":"product","link":"https:\/\/fvcomponentes.com\/pt\/producto\/fusible-anl-fuse-victron-500a-80v-cip143500020\/","title":{"rendered":"Fus\u00edvel ANL-fus\u00edvel Victron 500A\/80V - CIP143500020"},"content":{"rendered":"<p>O fus\u00edvel ANL Victron 500A\/80V - CIP143500020 \u00e9 um fus\u00edvel de alto desempenho, especificamente concebido para fornecer prote\u00e7\u00e3o el\u00e9ctrica em sistemas de 48V de alta pot\u00eancia, que requerem uma elevada capacidade de corrente, fugas m\u00ednimas e m\u00e1xima seguran\u00e7a.<br \/>\nO seu design ANL (com terminais M10 e montagem aparafusada) \u00e9 ideal para aplica\u00e7\u00f5es exigentes, como instala\u00e7\u00f5es fotovoltaicas, sistemas mar\u00edtimos, ve\u00edculos de recreio, aplica\u00e7\u00f5es industriais e gest\u00e3o de baterias.<\/p>\n<h2>Principais carater\u00edsticas do fus\u00edvel Victron ANL 500A\/80V - CIP143500020<\/h2>\n<ul>\n<li><strong>Embalagem de 5 fus\u00edveis.<br \/>\n<\/strong><\/li>\n<li>Para utiliza\u00e7\u00e3o com o <a href=\"https:\/\/fvcomponentes.com\/pt\/produto\/suporte-de-fusivel-anl-victron-cip106100000\/\" target=\"_blank\" rel=\"noopener\">Suporte de fus\u00edvel ANL Victron - CIP106100000<\/a><\/li>\n<li><strong>Prote\u00e7\u00e3o fi\u00e1vel<\/strong>Concebido para proteger baterias, inversores, shunts inteligentes, fus\u00edveis e outros componentes sens\u00edveis em sistemas de 48V. A sua elevada amperagem e tempo de fus\u00e3o r\u00e1pido tornam-no ideal para ambientes com riscos de sobreintensidade e curto-circuito.<\/li>\n<li><strong>Baixa perda de energia<\/strong>A queda de tens\u00e3o \u00e9 t\u00e3o baixa quanto 100 mV, o que melhora a efici\u00eancia do sistema.<\/li>\n<li><strong>Durabilidade e robustez:<\/strong> constru\u00eddo para resistir a condi\u00e7\u00f5es exigentes, tanto no interior como no exterior.<\/li>\n<li><strong>Compatibilidade e versatilidade:<\/strong> funciona com sistemas Victron e outros equipamentos com fus\u00edveis ANL padr\u00e3o. Al\u00e9m disso, \u00e9 compat\u00edvel com montagem em flange ou terminais M10.<\/li>\n<li><strong>Capacidade de interrup\u00e7\u00e3o de curto-circuito:<\/strong> superior aos fus\u00edveis MEGA compar\u00e1veis, garantindo uma prote\u00e7\u00e3o eficaz em caso de falha de energia.<\/li>\n<li><strong>Materiais terminais:<\/strong> cobre robusto para baixa resist\u00eancia de contacto e excelente condutividade.<\/li>\n<li><strong>Utiliza\u00e7\u00e3o recomendada:<\/strong> Os fus\u00edveis ANL s\u00e3o utilizados em sistemas de alta corrente onde o espa\u00e7o o permite.<\/li>\n<\/ul>\n<h2>Ficha t\u00e9cnica ANL-fuse Fus\u00edvel Victron 500A\/80V - CIP143500020<\/h2>\n<p><a href=\"https:\/\/fvcomponentes.com\/wp-content\/uploads\/2025\/06\/Datasheet-Midi-Mega-and-ANL-fuses-and-fuse-holders-EN-.pdf\" target=\"_blank\" rel=\"noopener\">Ficha t\u00e9cnica ANL-fuse Fus\u00edvel Victron 500A\/80V<\/a><\/p>","protected":false},"excerpt":{"rendered":"<p><strong>Corrente nominal:<\/strong> 500 A<br \/>\n<strong>Tens\u00e3o de entrada:<\/strong> 80 V<br \/>\n<strong>Queda de tens\u00e3o:<\/strong> 100 mV<br \/>\n<strong>Resist\u00eancia ao frio:<\/strong> 0,25 m\u03a9<br \/>\n<span style=\"color: #ff0000;\"><strong>Embalagem de 5 fus\u00edveis.<\/strong><\/span><\/p>\n<p>A fotografia do produto tem um car\u00e1cter meramente ilustrativo e pode n\u00e3o corresponder ao produto real.<\/p>","protected":false},"featured_media":28967,"comment_status":"closed","ping_status":"closed","template":"","meta":{"site-sidebar-layout":"default","site-content-layout":"","ast-site-content-layout":"default","site-content-style":"default","site-sidebar-style":"default","ast-global-header-display":"","ast-banner-title-visibility":"","ast-main-header-display":"","ast-hfb-above-header-display":"","ast-hfb-below-header-display":"","ast-hfb-mobile-header-display":"","site-post-title":"","ast-breadcrumbs-content":"","ast-featured-img":"","footer-sml-layout":"","ast-disable-related-posts":"","theme-transparent-header-meta":"default","adv-header-id-meta":"","stick-header-meta":"","header-above-stick-meta":"","header-main-stick-meta":"","header-below-stick-meta":"","astra-migrate-meta-layouts":"set","ast-page-background-enabled":"default","ast-page-background-meta":{"desktop":{"background-color":"var(--ast-global-color-4)","background-image":"","background-repeat":"repeat","background-position":"center center","background-size":"auto","background-attachment":"scroll","background-type":"","background-media":"","overlay-type":"","overlay-color":"","overlay-opacity":"","overlay-gradient":""},"tablet":{"background-color":"","background-image":"","background-repeat":"repeat","background-position":"center center","background-size":"auto","background-attachment":"scroll","background-type":"","background-media":"","overlay-type":"","overlay-color":"","overlay-opacity":"","overlay-gradient":""},"mobile":{"background-color":"","background-image":"","background-repeat":"repeat","background-position":"center center","background-size":"auto","background-attachment":"scroll","background-type":"","background-media":"","overlay-type":"","overlay-color":"","overlay-opacity":"","overlay-gradient":""}},"ast-content-background-meta":{"desktop":{"background-color":"var(--ast-global-color-5)","background-image":"","background-repeat":"repeat","background-position":"center center","background-size":"auto","background-attachment":"scroll","background-type":"","background-media":"","overlay-type":"","overlay-color":"","overlay-opacity":"","overlay-gradient":""},"tablet":{"background-color":"var(--ast-global-color-5)","background-image":"","background-repeat":"repeat","background-position":"center center","background-size":"auto","background-attachment":"scroll","background-type":"","background-media":"","overlay-type":"","overlay-color":"","overlay-opacity":"","overlay-gradient":""},"mobile":{"background-color":"var(--ast-global-color-5)","background-image":"","background-repeat":"repeat","background-position":"center center","background-size":"auto","background-attachment":"scroll","background-type":"","background-media":"","overlay-type":"","overlay-color":"","overlay-opacity":"","overlay-gradient":""}}},"pwb-brand":[332],"product_brand":[],"product_cat":[862,993,410],"product_tag":[],"class_list":{"0":"post-28963","1":"product","2":"type-product","3":"status-publish","4":"has-post-thumbnail","6":"pwb-brand-victron","7":"product_cat-fusibles","8":"product_cat-fusibles-anl","9":"product_cat-material-electrico","10":"desktop-align-left","11":"tablet-align-left","12":"mobile-align-left","13":"ast-product-gallery-layout-horizontal-slider","14":"ast-product-gallery-with-no-image","15":"ast-product-tabs-layout-horizontal","17":"first","18":"instock","19":"taxable","20":"shipping-taxable","21":"purchasable","22":"product-type-simple"},"wcpa_form_fields":null,"brands":[{"id":332,"name":"Victron Energia","slug":"victron"}],"_links":{"self":[{"href":"https:\/\/fvcomponentes.com\/pt\/wp-json\/wp\/v2\/product\/28963","targetHints":{"allow":["GET"]}}],"collection":[{"href":"https:\/\/fvcomponentes.com\/pt\/wp-json\/wp\/v2\/product"}],"about":[{"href":"https:\/\/fvcomponentes.com\/pt\/wp-json\/wp\/v2\/types\/product"}],"replies":[{"embeddable":true,"href":"https:\/\/fvcomponentes.com\/pt\/wp-json\/wp\/v2\/comments?post=28963"}],"wp:featuredmedia":[{"embeddable":true,"href":"https:\/\/fvcomponentes.com\/pt\/wp-json\/wp\/v2\/media\/28967"}],"wp:attachment":[{"href":"https:\/\/fvcomponentes.com\/pt\/wp-json\/wp\/v2\/media?parent=28963"}],"wp:term":[{"taxonomy":"pwb-brand","embeddable":true,"href":"https:\/\/fvcomponentes.com\/pt\/wp-json\/wp\/v2\/pwb-brand?post=28963"},{"taxonomy":"product_brand","embeddable":true,"href":"https:\/\/fvcomponentes.com\/pt\/wp-json\/wp\/v2\/product_brand?post=28963"},{"taxonomy":"product_cat","embeddable":true,"href":"https:\/\/fvcomponentes.com\/pt\/wp-json\/wp\/v2\/product_cat?post=28963"},{"taxonomy":"product_tag","embeddable":true,"href":"https:\/\/fvcomponentes.com\/pt\/wp-json\/wp\/v2\/product_tag?post=28963"}],"curies":[{"name":"wp","href":"https:\/\/api.w.org\/{rel}","templated":true}]}}