{"id":28875,"date":"2025-08-20T09:45:13","date_gmt":"2025-08-20T07:45:13","guid":{"rendered":"https:\/\/fvcomponentes.com\/?post_type=product&#038;p=28875"},"modified":"2026-04-08T21:37:05","modified_gmt":"2026-04-08T19:37:05","slug":"carregador-de-inversor-victron-multiplus-ii-48-6500va-48v-100a-50a-pmp482605012","status":"publish","type":"product","link":"https:\/\/fvcomponentes.com\/pt\/producto\/inversor-cargador-victron-multiplus-ii-48-6500va-48v-100a-50a-pmp482605012\/","title":{"rendered":"Carregador de Inversor Victron MultiPlus-II 48\/6500VA 48V 100A-50A - PMP482605012"},"content":{"rendered":"<p>O carregador inversor Victron MultiPlus-II 48\/6500VA 48V 100-50 - PMP482605012 combina tr\u00eas fun\u00e7\u00f5es num \u00fanico dispositivo: inversor de onda sinusoidal pura, carregador de bateria inteligente e interrutor de transfer\u00eancia autom\u00e1tica.<br \/>\nO seu design \u00e9 robusto, compacto e eficiente. \u00c9 ideal para aplica\u00e7\u00f5es exigentes, tais como sistemas solares h\u00edbridos, reserva de energia dom\u00e9stica e comercial, ve\u00edculos de recreio, barcos e ambientes industriais.<br \/>\n<span style=\"font-size: 16px\">Foi concebido para fornecer uma fonte de alimenta\u00e7\u00e3o cont\u00ednua e fi\u00e1vel. \u00c9 facilmente integrado em instala\u00e7\u00f5es novas ou existentes.<br \/>\n<\/span>Al\u00e9m disso, pode ser configurado em paralelo e trif\u00e1sico, o que o torna escal\u00e1vel para grandes projectos.<br \/>\nAs fun\u00e7\u00f5es PowerControl e PowerAssist asseguram uma utiliza\u00e7\u00e3o \u00f3ptima da energia. Evitam sobrecargas na rede ou no gerador e melhoram a efici\u00eancia do sistema.<\/p>\n<h2>Principais carater\u00edsticas do carregador inversor Victron MultiPlus-II 48\/6500VA 48V 100-50 - PMP482605012<\/h2>\n<h3>Pot\u00eancia e desempenho excepcionais<\/h3>\n<p>Este modelo oferece um <strong>pot\u00eancia cont\u00ednua de 6500 VA (6000 W)<\/strong> com sa\u00edda de onda sinusoidal pura, garantindo total compatibilidade mesmo com equipamento eletr\u00f3nico sens\u00edvel, como computadores, sistemas audiovisuais ou electrodom\u00e9sticos topo de gama.<br class=\"yoast-text-mark\" \/>Al\u00e9m disso, a sua <strong>pot\u00eancia de pico de<\/strong>\u00a0<strong>11000 W<\/strong> permite-lhe gerir facilmente os picos de arranque, como os gerados por motores, bombas, compressores e outros equipamentos com elevada procura instant\u00e2nea, sem comprometer a estabilidade do sistema.<\/p>\n<h3>Comuta\u00e7\u00e3o ultra-r\u00e1pida do tipo UPS<\/h3>\n<p>A fun\u00e7\u00e3o de comuta\u00e7\u00e3o autom\u00e1tica actua em <strong>menos de 20 milissegundos<\/strong>O sistema garante que os dispositivos cr\u00edticos, como os servidores, a ilumina\u00e7\u00e3o ou os sistemas de comunica\u00e7\u00e3o, continuam a funcionar sem interrup\u00e7\u00f5es em caso de falha da rede.<br \/>\nIsto faz com que o Multiplus-II seja a solu\u00e7\u00e3o perfeita para o funcionamento da UPS sem necessidade de equipamento adicional.<\/p>\n<h3>Tecnologia PowerAssist e PowerControl<\/h3>\n<p>O PowerAssist permite que o inversor aumente momentaneamente a capacidade da rede ou do gerador com energia adicional da bateria durante os picos de procura, evitando cortes de energia ou apag\u00f5es.<br class=\"yoast-text-mark\" \/>Por seu lado, <strong>PowerControl<\/strong> gere a corrente de entrada de modo a n\u00e3o exceder a capacidade dispon\u00edvel do gerador ou da alimenta\u00e7\u00e3o, ajustando automaticamente a carga do carregador e dando prioridade ao consumo inteligente.<\/p>\n<h3>Carregador inteligente e adapt\u00e1vel<\/h3>\n<p>O carregador de bateria integrado fornece um <strong>corrente de carga m\u00e1xima de 100 A<\/strong>com um algoritmo de carregamento em quatro fases (massa, absor\u00e7\u00e3o, flutua\u00e7\u00e3o e armazenamento), que optimiza a vida \u00fatil das baterias de chumbo-\u00e1cido, AGM, GEL ou l\u00edtio.<br class=\"yoast-text-mark\" \/>Inclui tamb\u00e9m <strong>compensa\u00e7\u00e3o de temperatura<\/strong> para que o carregador ajuste automaticamente a tens\u00e3o de carga em fun\u00e7\u00e3o do ambiente, protegendo assim as baterias de condi\u00e7\u00f5es extremas.<\/p>\n<h3>Escalabilidade e flexibilidade para todos os tipos de instala\u00e7\u00f5es<\/h3>\n<p>Este equipamento permite <strong>liga\u00e7\u00e3o em paralelo de at\u00e9 6 unidades<\/strong>O sistema pode ser utilizado para aumentar a pot\u00eancia total dispon\u00edvel ou para melhorar a capacidade de carga do sistema.<br class=\"\" \/>Al\u00e9m disso, pode ser configurado para funcionar em <strong>sistemas trif\u00e1sicos ou bif\u00e1sicos,<\/strong> tornando-o particularmente adequado para grandes instala\u00e7\u00f5es comerciais, industriais ou residenciais que exijam redund\u00e2ncia ou distribui\u00e7\u00e3o equilibrada de carga.<\/p>\n<h3>Sa\u00eddas AC independentes<\/h3>\n<p>Inclui <strong>duas sa\u00eddas CA separadas<\/strong>Uma sa\u00edda comutada que mant\u00e9m as cargas cr\u00edticas alimentadas por bateria durante cortes de energia ou falhas na rede el\u00e9ctrica, e uma sa\u00edda para cargas n\u00e3o essenciais que s\u00f3 funciona quando est\u00e1 dispon\u00edvel uma fonte de alimenta\u00e7\u00e3o externa.<br \/>\nIsto permite dar prioridade \u00e0 utiliza\u00e7\u00e3o da energia e otimizar o consumo do sistema.<\/p>\n<h3>Monitoriza\u00e7\u00e3o e controlo remoto avan\u00e7ados<\/h3>\n<p>Compat\u00edvel com a gama de dispositivos Victron GX (Cerbo GX, Color Control GX, Venus GX) e a plataforma VRM, o MultiPlus-II permite-lhe monitorizar o estado do sistema em tempo real, receber alertas e ajustar par\u00e2metros remotamente a partir de qualquer dispositivo com liga\u00e7\u00e3o \u00e0 Internet.<br \/>\nTamb\u00e9m pode ser configurado localmente atrav\u00e9s da aplica\u00e7\u00e3o VictronConnect e da porta VE.Bus.<\/p>\n<h3>Efici\u00eancia e poupan\u00e7a energ\u00e9tica<\/h3>\n<p>Gra\u00e7as \u00e0 sua conce\u00e7\u00e3o altamente eficiente, atinge uma <strong>efici\u00eancia de 96 %<\/strong>com um consumo de energia em modo de espera extremamente baixo (modo AES e pesquisa activados).<br \/>\nIsto maximiza a autonomia do sistema e da bateria e reduz os custos globais de energia em aplica\u00e7\u00f5es solares ou de reserva.<\/p>\n<h3>Robustez e seguran\u00e7a<\/h3>\n<p>Fabricado com uma caixa met\u00e1lica, ventila\u00e7\u00e3o ativa e grau de prote\u00e7\u00e3o IP22, foi concebido para funcionar numa vasta gama de temperaturas, de -40\u00b0C a +65\u00b0C.<br \/>\nInclui protec\u00e7\u00f5es electr\u00f3nicas contra sobrecarga, curto-circuito, sobreaquecimento e funcionamento anormal, assegurando uma vida longa e um desempenho seguro mesmo em ambientes exigentes.<\/p>\n<h2>Carregador de Inversor Victron MultiPlus-II 48\/6500VA 48V 100-50 Folha de Dados do Carregador de Inversor - PMP482605012<\/h2>\n<p><a href=\"https:\/\/fvcomponentes.com\/wp-content\/uploads\/2025\/08\/Datasheet-MultiPlus-II-inverter-charger-4k5-6k5-EN.pdf\" target=\"_blank\" rel=\"noopener\">Carregador de Inversor Victron MultiPlus-II 48\/6500VA 48V 100-50 Folha de Dados do Carregador de Inversor - PMP482605012<\/a><\/p>","protected":false},"excerpt":{"rendered":"<p><strong>Tens\u00e3o de entrada (DC):<\/strong> 38-60 V<br \/>\n<strong>Tens\u00e3o de sa\u00edda (AC):<\/strong> 230 VAC \u00b1 2%<br \/>\n<strong>Frequ\u00eancia de sa\u00edda:<\/strong> 50 Hz \u00b1 0,1%<br \/>\n<strong>Pot\u00eancia de sa\u00edda cont\u00ednua:<\/strong> 6 kW (ver ficha t\u00e9cnica)<br \/>\n<strong>Tipo de forma de onda de sa\u00edda:<\/strong> Onda sinusoidal pura<\/p>","protected":false},"featured_media":28876,"comment_status":"closed","ping_status":"closed","template":"","meta":{"site-sidebar-layout":"default","site-content-layout":"","ast-site-content-layout":"default","site-content-style":"default","site-sidebar-style":"default","ast-global-header-display":"","ast-banner-title-visibility":"","ast-main-header-display":"","ast-hfb-above-header-display":"","ast-hfb-below-header-display":"","ast-hfb-mobile-header-display":"","site-post-title":"","ast-breadcrumbs-content":"","ast-featured-img":"","footer-sml-layout":"","ast-disable-related-posts":"","theme-transparent-header-meta":"default","adv-header-id-meta":"","stick-header-meta":"","header-above-stick-meta":"","header-main-stick-meta":"","header-below-stick-meta":"","astra-migrate-meta-layouts":"set","ast-page-background-enabled":"default","ast-page-background-meta":{"desktop":{"background-color":"var(--ast-global-color-4)","background-image":"","background-repeat":"repeat","background-position":"center center","background-size":"auto","background-attachment":"scroll","background-type":"","background-media":"","overlay-type":"","overlay-color":"","overlay-opacity":"","overlay-gradient":""},"tablet":{"background-color":"","background-image":"","background-repeat":"repeat","background-position":"center center","background-size":"auto","background-attachment":"scroll","background-type":"","background-media":"","overlay-type":"","overlay-color":"","overlay-opacity":"","overlay-gradient":""},"mobile":{"background-color":"","background-image":"","background-repeat":"repeat","background-position":"center center","background-size":"auto","background-attachment":"scroll","background-type":"","background-media":"","overlay-type":"","overlay-color":"","overlay-opacity":"","overlay-gradient":""}},"ast-content-background-meta":{"desktop":{"background-color":"var(--ast-global-color-5)","background-image":"","background-repeat":"repeat","background-position":"center center","background-size":"auto","background-attachment":"scroll","background-type":"","background-media":"","overlay-type":"","overlay-color":"","overlay-opacity":"","overlay-gradient":""},"tablet":{"background-color":"var(--ast-global-color-5)","background-image":"","background-repeat":"repeat","background-position":"center center","background-size":"auto","background-attachment":"scroll","background-type":"","background-media":"","overlay-type":"","overlay-color":"","overlay-opacity":"","overlay-gradient":""},"mobile":{"background-color":"var(--ast-global-color-5)","background-image":"","background-repeat":"repeat","background-position":"center center","background-size":"auto","background-attachment":"scroll","background-type":"","background-media":"","overlay-type":"","overlay-color":"","overlay-opacity":"","overlay-gradient":""}}},"pwb-brand":[332],"product_brand":[],"product_cat":[333,334],"product_tag":[],"class_list":{"0":"post-28875","1":"product","2":"type-product","3":"status-publish","4":"has-post-thumbnail","6":"pwb-brand-victron","7":"product_cat-inversores","8":"product_cat-inversores-cargadores-48v","9":"desktop-align-left","10":"tablet-align-left","11":"mobile-align-left","12":"ast-product-gallery-layout-horizontal-slider","13":"ast-product-tabs-layout-horizontal","15":"first","16":"instock","17":"taxable","18":"shipping-taxable","19":"purchasable","20":"product-type-simple"},"wcpa_form_fields":null,"brands":[{"id":332,"name":"Victron Energia","slug":"victron"}],"_links":{"self":[{"href":"https:\/\/fvcomponentes.com\/pt\/wp-json\/wp\/v2\/product\/28875","targetHints":{"allow":["GET"]}}],"collection":[{"href":"https:\/\/fvcomponentes.com\/pt\/wp-json\/wp\/v2\/product"}],"about":[{"href":"https:\/\/fvcomponentes.com\/pt\/wp-json\/wp\/v2\/types\/product"}],"replies":[{"embeddable":true,"href":"https:\/\/fvcomponentes.com\/pt\/wp-json\/wp\/v2\/comments?post=28875"}],"wp:featuredmedia":[{"embeddable":true,"href":"https:\/\/fvcomponentes.com\/pt\/wp-json\/wp\/v2\/media\/28876"}],"wp:attachment":[{"href":"https:\/\/fvcomponentes.com\/pt\/wp-json\/wp\/v2\/media?parent=28875"}],"wp:term":[{"taxonomy":"pwb-brand","embeddable":true,"href":"https:\/\/fvcomponentes.com\/pt\/wp-json\/wp\/v2\/pwb-brand?post=28875"},{"taxonomy":"product_brand","embeddable":true,"href":"https:\/\/fvcomponentes.com\/pt\/wp-json\/wp\/v2\/product_brand?post=28875"},{"taxonomy":"product_cat","embeddable":true,"href":"https:\/\/fvcomponentes.com\/pt\/wp-json\/wp\/v2\/product_cat?post=28875"},{"taxonomy":"product_tag","embeddable":true,"href":"https:\/\/fvcomponentes.com\/pt\/wp-json\/wp\/v2\/product_tag?post=28875"}],"curies":[{"name":"wp","href":"https:\/\/api.w.org\/{rel}","templated":true}]}}