{"id":28865,"date":"2025-08-20T09:49:24","date_gmt":"2025-08-20T07:49:24","guid":{"rendered":"https:\/\/fvcomponentes.com\/?post_type=product&#038;p=28865"},"modified":"2026-04-08T21:36:34","modified_gmt":"2026-04-08T19:36:34","slug":"carregador-de-inversor-victron-multiplus-ii-48-4500va-48v-55a-32a-pmp482405012","status":"publish","type":"product","link":"https:\/\/fvcomponentes.com\/pt\/producto\/inversor-cargador-victron-multiplus-ii-48-4500va-48v-55a-32a-pmp482405012\/","title":{"rendered":"Carregador de Inversor Victron MultiPlus II 48\/4500VA 48V 55A-32A - PMP482405012"},"content":{"rendered":"<p data-start=\"325\" data-end=\"772\">O Carregador Inversor Victron MultiPlus II 48\/4500VA 48V 55-32A - PMP482405012 combina tr\u00eas fun\u00e7\u00f5es num s\u00f3 dispositivo: inversor de onda pura, carregador de bateria e interrutor autom\u00e1tico. O seu design compacto e robusto torna-o ideal para uma grande variedade de aplica\u00e7\u00f5es.<br \/>\nFoi concebido para fornecer energia fi\u00e1vel e cont\u00ednua, o que o torna perfeito para sistemas solares h\u00edbridos, backup dom\u00e9stico, utiliza\u00e7\u00f5es comerciais, de ve\u00edculos de recreio e industriais que exigem elevada efici\u00eancia e qualidade.<br \/>\nGra\u00e7as \u00e0s suas fun\u00e7\u00f5es <strong>PowerControl<\/strong> y <strong>PowerAssist<\/strong>O sistema de gest\u00e3o de energia gere eficazmente a energia e evita sobrecargas nos geradores ou na rede el\u00e9ctrica. Al\u00e9m disso, permite configura\u00e7\u00f5es em paralelo e sistemas trif\u00e1sicos, adaptando-se a instala\u00e7\u00f5es de maior dimens\u00e3o.<\/p>\n<h2 data-start=\"325\" data-end=\"772\">Principais carater\u00edsticas do Carregador de Inversor Victron MultiPlus II 48\/4500VA 48V 55-32A - PMP482405012<\/h2>\n<h3>Pot\u00eancia e desempenho superiores<\/h3>\n<p>Este modelo oferece um <strong>pot\u00eancia cont\u00ednua de 4500 VA (4000 W)<\/strong> com sa\u00edda de onda sinusoidal pura, garantindo uma alimenta\u00e7\u00e3o est\u00e1vel para todos os tipos de cargas. \u00c9 mesmo seguro para equipamentos sens\u00edveis, como computadores ou electrodom\u00e9sticos.<br \/>\nO seu <strong>pot\u00eancia de pico<\/strong> atinge os 7 kW, o que facilita a gest\u00e3o de picos de arranque em bombas, motores ou compressores sem comprometer a estabilidade do sistema.<\/p>\n<h3>Comuta\u00e7\u00e3o ultra-r\u00e1pida do tipo UPS<\/h3>\n<p>A sua comuta\u00e7\u00e3o autom\u00e1tica em menos de <strong>20 milissegundos<\/strong>s garante que os seus dispositivos cr\u00edticos n\u00e3o sofrem interrup\u00e7\u00f5es ao alternar entre a alimenta\u00e7\u00e3o el\u00e9ctrica e a alimenta\u00e7\u00e3o por bateria, funcionando como um sistema UPS profissional.<\/p>\n<h3>Tecnologia PowerAssist e PowerControl<\/h3>\n<p><strong>PowerAssist<\/strong> permite que a bateria forne\u00e7a energia adicional em alturas de grande procura, evitando sobrecargas nos geradores ou na rede.<br class=\"yoast-text-mark\" \/>Por outro lado, <strong>PowerControl<\/strong> regula a corrente de entrada para que nunca exceda a capacidade do gerador ou da rede, garantindo uma utiliza\u00e7\u00e3o eficiente e segura.<\/p>\n<h3>Carregador inteligente e adapt\u00e1vel<\/h3>\n<p>Com um <strong>corrente de carga m\u00e1xima de 55 Amps<\/strong>O carregador de bateria integrado gere o carregamento em quatro fases (massa, absor\u00e7\u00e3o, flutua\u00e7\u00e3o e armazenamento), optimizando a vida \u00fatil das baterias de chumbo-\u00e1cido, AGM, GEL e l\u00edtio.<br \/>\nAl\u00e9m disso, o seu sensor de temperatura ajusta automaticamente a tens\u00e3o de carga de acordo com as condi\u00e7\u00f5es ambientais para proteger as suas baterias.<\/p>\n<h3>Escalabilidade e flexibilidade para todos os tipos de instala\u00e7\u00f5es<\/h3>\n<p>Apoia o <strong>liga\u00e7\u00e3o em paralelo de at\u00e9 6 unidades<\/strong> para aumentar a pot\u00eancia e a capacidade de carga, bem como a configura\u00e7\u00e3o em sistemas trif\u00e1sicos, ideal para aplica\u00e7\u00f5es comerciais e industriais que exigem maior pot\u00eancia e redund\u00e2ncia.<\/p>\n<h3>Sa\u00eddas AC independentes<\/h3>\n<p>Incorpora duas tomadas CA separadas: uma comutada para cargas cr\u00edticas com reserva autom\u00e1tica e outra para cargas n\u00e3o essenciais que s\u00f3 funcionam quando a alimenta\u00e7\u00e3o de rede est\u00e1 dispon\u00edvel, optimizando o consumo e a gest\u00e3o de energia.<\/p>\n<h3>Monitoriza\u00e7\u00e3o e controlo remoto avan\u00e7ados<\/h3>\n<p>Compat\u00edvel com os dispositivos Victron GX e a plataforma VRM, permite-lhe monitorizar e controlar o seu sistema a partir de qualquer lugar atrav\u00e9s da Internet. Desta forma, pode otimizar o desempenho e detetar poss\u00edveis incidentes em tempo real, diretamente a partir do seu computador ou telem\u00f3vel.<\/p>\n<h3>Efici\u00eancia e poupan\u00e7a energ\u00e9tica<\/h3>\n<p>Com um <strong>efici\u00eancia m\u00e1xima de 95 %<\/strong> e um <strong>consumo<\/strong> em modo de espera <strong>de<\/strong> apenas 13<strong>\u00a0W<\/strong>Com o MultiPlus II, este MultiPlus II garante um funcionamento econ\u00f3mico que maximiza a autonomia das suas baterias e reduz o consumo de energia.<\/p>\n<h3>Robustez e seguran\u00e7a<\/h3>\n<p>Foi concebido para funcionar numa vasta gama de temperaturas: de -40 \u00b0C a +65 \u00b0C.<br \/>\nInclui ventila\u00e7\u00e3o ativa e prote\u00e7\u00e3o contra sobrecarga, curto-circuito e sobreaquecimento, assegurando uma longa vida \u00fatil mesmo em ambientes adversos.<\/p>\n<h2>Carregador de Inversor Victron MultiPlus II 48\/4500VA 48V 55-32A - PMP482405012<\/h2>\n<p><a href=\"https:\/\/fvcomponentes.com\/pt\/produto\/carregador-de-inversor-victron-multiplus-ii-48-6500va-48v-100a-50a-pmp482605012\/\" target=\"_blank\" rel=\"noopener\">Carregador de Inversor Victron MultiPlus II 48\/4500VA 48V 55-32A - PMP482405012<\/a><\/p>","protected":false},"excerpt":{"rendered":"<p><strong>Tens\u00e3o de entrada (DC):<\/strong> 38-60 V<br \/>\n<strong>Tens\u00e3o de sa\u00edda (AC):<\/strong> 230 VAC \u00b1 2%<br \/>\n<strong>Frequ\u00eancia de sa\u00edda:<\/strong> 50 Hz \u00b1 0,1%<br \/>\n<strong>Pot\u00eancia de sa\u00edda cont\u00ednua:<\/strong> 4 kW (ver ficha t\u00e9cnica)<br \/>\n<strong>Pot\u00eancia de pico (arranque):<\/strong> 7 kW\/1 min<br \/>\n<strong>Tipo de forma de onda de sa\u00edda:<\/strong> Onda sinusoidal pura<\/p>","protected":false},"featured_media":28868,"comment_status":"closed","ping_status":"closed","template":"","meta":{"site-sidebar-layout":"default","site-content-layout":"","ast-site-content-layout":"default","site-content-style":"default","site-sidebar-style":"default","ast-global-header-display":"","ast-banner-title-visibility":"","ast-main-header-display":"","ast-hfb-above-header-display":"","ast-hfb-below-header-display":"","ast-hfb-mobile-header-display":"","site-post-title":"","ast-breadcrumbs-content":"","ast-featured-img":"","footer-sml-layout":"","ast-disable-related-posts":"","theme-transparent-header-meta":"default","adv-header-id-meta":"","stick-header-meta":"","header-above-stick-meta":"","header-main-stick-meta":"","header-below-stick-meta":"","astra-migrate-meta-layouts":"set","ast-page-background-enabled":"default","ast-page-background-meta":{"desktop":{"background-color":"var(--ast-global-color-4)","background-image":"","background-repeat":"repeat","background-position":"center center","background-size":"auto","background-attachment":"scroll","background-type":"","background-media":"","overlay-type":"","overlay-color":"","overlay-opacity":"","overlay-gradient":""},"tablet":{"background-color":"","background-image":"","background-repeat":"repeat","background-position":"center center","background-size":"auto","background-attachment":"scroll","background-type":"","background-media":"","overlay-type":"","overlay-color":"","overlay-opacity":"","overlay-gradient":""},"mobile":{"background-color":"","background-image":"","background-repeat":"repeat","background-position":"center center","background-size":"auto","background-attachment":"scroll","background-type":"","background-media":"","overlay-type":"","overlay-color":"","overlay-opacity":"","overlay-gradient":""}},"ast-content-background-meta":{"desktop":{"background-color":"var(--ast-global-color-5)","background-image":"","background-repeat":"repeat","background-position":"center center","background-size":"auto","background-attachment":"scroll","background-type":"","background-media":"","overlay-type":"","overlay-color":"","overlay-opacity":"","overlay-gradient":""},"tablet":{"background-color":"var(--ast-global-color-5)","background-image":"","background-repeat":"repeat","background-position":"center center","background-size":"auto","background-attachment":"scroll","background-type":"","background-media":"","overlay-type":"","overlay-color":"","overlay-opacity":"","overlay-gradient":""},"mobile":{"background-color":"var(--ast-global-color-5)","background-image":"","background-repeat":"repeat","background-position":"center center","background-size":"auto","background-attachment":"scroll","background-type":"","background-media":"","overlay-type":"","overlay-color":"","overlay-opacity":"","overlay-gradient":""}}},"pwb-brand":[332],"product_brand":[],"product_cat":[333,334],"product_tag":[],"class_list":{"0":"post-28865","1":"product","2":"type-product","3":"status-publish","4":"has-post-thumbnail","6":"pwb-brand-victron","7":"product_cat-inversores","8":"product_cat-inversores-cargadores-48v","9":"desktop-align-left","10":"tablet-align-left","11":"mobile-align-left","12":"ast-product-gallery-layout-horizontal-slider","13":"ast-product-tabs-layout-horizontal","15":"first","16":"instock","17":"taxable","18":"shipping-taxable","19":"purchasable","20":"product-type-simple"},"wcpa_form_fields":null,"brands":[{"id":332,"name":"Victron Energia","slug":"victron"}],"_links":{"self":[{"href":"https:\/\/fvcomponentes.com\/pt\/wp-json\/wp\/v2\/product\/28865","targetHints":{"allow":["GET"]}}],"collection":[{"href":"https:\/\/fvcomponentes.com\/pt\/wp-json\/wp\/v2\/product"}],"about":[{"href":"https:\/\/fvcomponentes.com\/pt\/wp-json\/wp\/v2\/types\/product"}],"replies":[{"embeddable":true,"href":"https:\/\/fvcomponentes.com\/pt\/wp-json\/wp\/v2\/comments?post=28865"}],"wp:featuredmedia":[{"embeddable":true,"href":"https:\/\/fvcomponentes.com\/pt\/wp-json\/wp\/v2\/media\/28868"}],"wp:attachment":[{"href":"https:\/\/fvcomponentes.com\/pt\/wp-json\/wp\/v2\/media?parent=28865"}],"wp:term":[{"taxonomy":"pwb-brand","embeddable":true,"href":"https:\/\/fvcomponentes.com\/pt\/wp-json\/wp\/v2\/pwb-brand?post=28865"},{"taxonomy":"product_brand","embeddable":true,"href":"https:\/\/fvcomponentes.com\/pt\/wp-json\/wp\/v2\/product_brand?post=28865"},{"taxonomy":"product_cat","embeddable":true,"href":"https:\/\/fvcomponentes.com\/pt\/wp-json\/wp\/v2\/product_cat?post=28865"},{"taxonomy":"product_tag","embeddable":true,"href":"https:\/\/fvcomponentes.com\/pt\/wp-json\/wp\/v2\/product_tag?post=28865"}],"curies":[{"name":"wp","href":"https:\/\/api.w.org\/{rel}","templated":true}]}}