{"id":28854,"date":"2025-08-20T10:10:28","date_gmt":"2025-08-20T08:10:28","guid":{"rendered":"https:\/\/fvcomponentes.com\/?post_type=product&#038;p=28854"},"modified":"2026-04-08T21:34:28","modified_gmt":"2026-04-08T19:34:28","slug":"inversor-victron-12-1600-ve-direto-schuko-pin122161200","status":"publish","type":"product","link":"https:\/\/fvcomponentes.com\/pt\/producto\/inversor-victron-12-1600-ve-direct-schuko-pin122161200\/","title":{"rendered":"Inversor Victron 12\/1600 VE.Diret Schuko - PIN122161200"},"content":{"rendered":"<p>O inversor Victron 12\/1600 VE.Diret Schuko - PIN122161200 \u00e9 a mais recente adi\u00e7\u00e3o \u00e0 famosa gama de inversores da Victron Energy, concebida para proporcionar um desempenho excecional, m\u00e1xima fiabilidade e controlo inteligente em aplica\u00e7\u00f5es m\u00f3veis, mar\u00edtimas, industriais ou fora da rede.<\/p>\n<h2>Principais carater\u00edsticas do Inversor Victron 12\/1600 VE.Diret Schuko - PIN122161200<\/h2>\n<h3>Pot\u00eancia e tecnologia de alto n\u00edvel<\/h3>\n<p>Este modelo fornece uma pot\u00eancia nominal de 1600 VA (aprox. 1300 W) com onda sinusoidal pura, adequada para alimentar equipamentos electr\u00f3nicos sens\u00edveis, electrodom\u00e9sticos, ferramentas el\u00e9ctricas, compressores, bombas ou carregadores.<br \/>\nGra\u00e7as \u00e0 sua conce\u00e7\u00e3o robusta e eficiente, \u00e9 capaz de suportar picos de arranque at\u00e9 3000 W, ideal para cargas com motores indutivos.<br \/>\nO n\u00facleo do inversor utiliza a tecnologia de ponte completa com transformador toroidal, uma arquitetura altamente fi\u00e1vel que garante uma convers\u00e3o de energia est\u00e1vel e segura, mesmo em condi\u00e7\u00f5es exigentes.<\/p>\n<h3>VE.Controlo inteligente direto<\/h3>\n<p>O inversor inclui uma porta VE.Diret, compat\u00edvel com o VictronConnect, que permite uma monitoriza\u00e7\u00e3o e configura\u00e7\u00e3o avan\u00e7adas atrav\u00e9s de:<br \/>\n- Aplica\u00e7\u00e3o m\u00f3vel (via dongle VE.Diret Bluetooth para Bluetooth Smart).<br \/>\n- VE.Cabo direto para USB para PC.<\/p>\n<h3>Poupar energia com o modo ECO<\/h3>\n<p>O modo ECO ajuda a reduzir o consumo de energia quando a carga ligada \u00e9 muito baixa.<br \/>\nSe o inversor detetar um consumo de energia inferior a cerca de 15 W, entra automaticamente em modo de espera. Em seguida, \u00e9 reativado de vez em quando para verificar se precisa de ser reiniciado.<br \/>\nEste sistema permite uma melhor utiliza\u00e7\u00e3o da bateria, o que \u00e9 muito \u00fatil em instala\u00e7\u00f5es solares ou sistemas com capacidade limitada.<\/p>\n<h3>Seguran\u00e7a e fiabilidade garantidas<\/h3>\n<p>Tal como todos os produtos Victron, o inversor 12\/1600 VE.Diret Schuko foi concebido com m\u00faltiplas protec\u00e7\u00f5es para garantir a seguran\u00e7a operacional:<br \/>\n- Prote\u00e7\u00e3o contra sobreaquecimento.<br \/>\n- Prote\u00e7\u00e3o contra sobrecarga e curto-circuito.<br \/>\n- Prote\u00e7\u00e3o contra a invers\u00e3o da polaridade da bateria (atrav\u00e9s de fus\u00edvel interno).<br \/>\n- Alarmes configur\u00e1veis para tens\u00f5es an\u00f3malas.<\/p>\n<p>Isto garante um funcionamento seguro mesmo em condi\u00e7\u00f5es exigentes.<\/p>\n<h3>Par\u00e2metros configur\u00e1veis<\/h3>\n<ul>\n<li>Tens\u00f5es de corte (tens\u00e3o baixa da bateria).<\/li>\n<li>Configura\u00e7\u00e3o da sa\u00edda AC (frequ\u00eancia, ligar\/desligar remotamente).<\/li>\n<li>Ativa\u00e7\u00e3o do modo ECO (consumo ultra baixo).<\/li>\n<li>Alarmes e protec\u00e7\u00f5es personalizados.<\/li>\n<\/ul>\n<h3>Principais especifica\u00e7\u00f5es t\u00e9cnicas<\/h3>\n<table>\n<thead>\n<tr>\n<th>Par\u00e2metro<\/th>\n<th>Valor<\/th>\n<\/tr>\n<\/thead>\n<tbody>\n<tr>\n<td><strong>Modelo<\/strong><\/td>\n<td>PIN122161200<\/td>\n<\/tr>\n<tr>\n<td><strong>Tens\u00e3o de entrada (DC)<\/strong><\/td>\n<td>12 V nominal (gama: 9,3 - 17 V)<\/td>\n<\/tr>\n<tr>\n<td><strong>Tens\u00e3o de sa\u00edda (AC)<\/strong><\/td>\n<td>230 V \u00b12 %<\/td>\n<\/tr>\n<tr>\n<td><strong>Frequ\u00eancia<\/strong><\/td>\n<td>50 Hz ou 60 Hz selecion\u00e1vel<\/td>\n<\/tr>\n<tr>\n<td><strong>Pot\u00eancia cont\u00ednua<\/strong><\/td>\n<td>1600 WATTS (\u22481300 W)<\/td>\n<\/tr>\n<tr>\n<td><strong>Pot\u00eancia de pico<\/strong><\/td>\n<td>\u22483000 W<\/td>\n<\/tr>\n<tr>\n<td><strong>Efici\u00eancia m\u00e1xima<\/strong><\/td>\n<td>At\u00e9 92 %<\/td>\n<\/tr>\n<tr>\n<td><strong>Consumo em vazio<\/strong><\/td>\n<td>8 W (modo normal) \/ 0,6 W (modo ECO)<\/td>\n<\/tr>\n<tr>\n<td><strong>Dimens\u00f5es (mm)<\/strong><\/td>\n<td>117 x 231 x 395<\/td>\n<\/tr>\n<tr>\n<td><strong>Peso<\/strong><\/td>\n<td>7,4 kg<\/td>\n<\/tr>\n<tr>\n<td><strong>Conectores AC<\/strong><\/td>\n<td>Tomada Schuko + r\u00e9gua de terminais<\/td>\n<\/tr>\n<tr>\n<td><strong>Tipo de habita\u00e7\u00e3o<\/strong><\/td>\n<td>Alum\u00ednio, ventila\u00e7\u00e3o ativa<\/td>\n<\/tr>\n<tr>\n<td><strong>Grau de prote\u00e7\u00e3o<\/strong><\/td>\n<td>IP21<\/td>\n<\/tr>\n<\/tbody>\n<\/table>","protected":false},"excerpt":{"rendered":"<p><strong>Pot\u00eancia nominal<\/strong>: 1600VA<br \/>\n<strong>Pot\u00eancia de pico:<\/strong> 3000VA<br \/>\n<strong>Tens\u00e3o de entrada:<\/strong> 12V<\/p>","protected":false},"featured_media":28855,"comment_status":"closed","ping_status":"closed","template":"","meta":{"site-sidebar-layout":"default","site-content-layout":"","ast-site-content-layout":"default","site-content-style":"default","site-sidebar-style":"default","ast-global-header-display":"","ast-banner-title-visibility":"","ast-main-header-display":"","ast-hfb-above-header-display":"","ast-hfb-below-header-display":"","ast-hfb-mobile-header-display":"","site-post-title":"","ast-breadcrumbs-content":"","ast-featured-img":"","footer-sml-layout":"","ast-disable-related-posts":"","theme-transparent-header-meta":"default","adv-header-id-meta":"","stick-header-meta":"","header-above-stick-meta":"","header-main-stick-meta":"","header-below-stick-meta":"","astra-migrate-meta-layouts":"set","ast-page-background-enabled":"default","ast-page-background-meta":{"desktop":{"background-color":"var(--ast-global-color-4)","background-image":"","background-repeat":"repeat","background-position":"center center","background-size":"auto","background-attachment":"scroll","background-type":"","background-media":"","overlay-type":"","overlay-color":"","overlay-opacity":"","overlay-gradient":""},"tablet":{"background-color":"","background-image":"","background-repeat":"repeat","background-position":"center center","background-size":"auto","background-attachment":"scroll","background-type":"","background-media":"","overlay-type":"","overlay-color":"","overlay-opacity":"","overlay-gradient":""},"mobile":{"background-color":"","background-image":"","background-repeat":"repeat","background-position":"center center","background-size":"auto","background-attachment":"scroll","background-type":"","background-media":"","overlay-type":"","overlay-color":"","overlay-opacity":"","overlay-gradient":""}},"ast-content-background-meta":{"desktop":{"background-color":"var(--ast-global-color-5)","background-image":"","background-repeat":"repeat","background-position":"center center","background-size":"auto","background-attachment":"scroll","background-type":"","background-media":"","overlay-type":"","overlay-color":"","overlay-opacity":"","overlay-gradient":""},"tablet":{"background-color":"var(--ast-global-color-5)","background-image":"","background-repeat":"repeat","background-position":"center center","background-size":"auto","background-attachment":"scroll","background-type":"","background-media":"","overlay-type":"","overlay-color":"","overlay-opacity":"","overlay-gradient":""},"mobile":{"background-color":"var(--ast-global-color-5)","background-image":"","background-repeat":"repeat","background-position":"center center","background-size":"auto","background-attachment":"scroll","background-type":"","background-media":"","overlay-type":"","overlay-color":"","overlay-opacity":"","overlay-gradient":""}}},"pwb-brand":[332],"product_brand":[],"product_cat":[333,364],"product_tag":[],"class_list":{"0":"post-28854","1":"product","2":"type-product","3":"status-publish","4":"has-post-thumbnail","6":"pwb-brand-victron","7":"product_cat-inversores","8":"product_cat-inversores-12-v","9":"desktop-align-left","10":"tablet-align-left","11":"mobile-align-left","12":"ast-product-gallery-layout-horizontal-slider","13":"ast-product-tabs-layout-horizontal","15":"first","16":"instock","17":"taxable","18":"shipping-taxable","19":"purchasable","20":"product-type-simple"},"wcpa_form_fields":null,"brands":[{"id":332,"name":"Victron Energia","slug":"victron"}],"_links":{"self":[{"href":"https:\/\/fvcomponentes.com\/pt\/wp-json\/wp\/v2\/product\/28854","targetHints":{"allow":["GET"]}}],"collection":[{"href":"https:\/\/fvcomponentes.com\/pt\/wp-json\/wp\/v2\/product"}],"about":[{"href":"https:\/\/fvcomponentes.com\/pt\/wp-json\/wp\/v2\/types\/product"}],"replies":[{"embeddable":true,"href":"https:\/\/fvcomponentes.com\/pt\/wp-json\/wp\/v2\/comments?post=28854"}],"wp:featuredmedia":[{"embeddable":true,"href":"https:\/\/fvcomponentes.com\/pt\/wp-json\/wp\/v2\/media\/28855"}],"wp:attachment":[{"href":"https:\/\/fvcomponentes.com\/pt\/wp-json\/wp\/v2\/media?parent=28854"}],"wp:term":[{"taxonomy":"pwb-brand","embeddable":true,"href":"https:\/\/fvcomponentes.com\/pt\/wp-json\/wp\/v2\/pwb-brand?post=28854"},{"taxonomy":"product_brand","embeddable":true,"href":"https:\/\/fvcomponentes.com\/pt\/wp-json\/wp\/v2\/product_brand?post=28854"},{"taxonomy":"product_cat","embeddable":true,"href":"https:\/\/fvcomponentes.com\/pt\/wp-json\/wp\/v2\/product_cat?post=28854"},{"taxonomy":"product_tag","embeddable":true,"href":"https:\/\/fvcomponentes.com\/pt\/wp-json\/wp\/v2\/product_tag?post=28854"}],"curies":[{"name":"wp","href":"https:\/\/api.w.org\/{rel}","templated":true}]}}