{"id":28363,"date":"2025-07-30T14:42:30","date_gmt":"2025-07-30T12:42:30","guid":{"rendered":"https:\/\/fvcomponentes.com\/?post_type=product&#038;p=28363"},"modified":"2025-12-24T12:51:52","modified_gmt":"2025-12-24T11:51:52","slug":"pytes-r-box-para-a-bateria-e-box-48100r-110409100010-110409100010","status":"publish","type":"product","link":"https:\/\/fvcomponentes.com\/pt\/producto\/caja-r-pytes-para-bateria-e-box-48100r-110409100010\/","title":{"rendered":"Caixa R Pytes para bateria R-Box 48100R \u2013 110409100010"},"content":{"rendered":"<h2>Pytes R-box para E-Box 48100R - 110409100010<\/h2>\n<p>A R-box \u00e9 uma solu\u00e7\u00e3o de dom\u00f3tica elegante e robusta para o armazenamento dom\u00e9stico de energia. Foi especificamente concebida para instalar at\u00e9 duas baterias da s\u00e9rie E-BOX-48100R, cada uma com uma capacidade de 5,12 kWh, dando uma capacidade total instalada de 10,24 kWh (com 9,22 kWh utiliz\u00e1veis).<br \/>\nPara al\u00e9m da sua capacidade, oferece uma combina\u00e7\u00e3o ideal de flexibilidade, seguran\u00e7a e integra\u00e7\u00e3o com sistemas solares ou de apoio. Isto torna-o perfeito para quem procura uma instala\u00e7\u00e3o esteticamente agrad\u00e1vel, duradoura e com possibilidade de expans\u00e3o futura.<\/p>\n<h2>Carater\u00edsticas do estojo Pytes R-Case para a bateria E-Box 48100R<\/h2>\n<ul>\n<li><strong>Dimens\u00f5es compactas:<\/strong> 27,84 cm (C) x 51,05 cm (L) x 69,85 cm (A), 78,23 cm com a base. O peso \u00e9 de cerca de 30 kg vazio e cerca de 120 kg com as pilhas.<\/li>\n<li><strong>Est\u00e9tica elegante:<\/strong> constru\u00eddo em a\u00e7o laminado a frio com um acabamento branco.<\/li>\n<li><strong>Ventila\u00e7\u00e3o passiva:<\/strong> sem ventoinha, permitindo um funcionamento silencioso.<\/li>\n<li><strong>IP20 interior:<\/strong> prote\u00e7\u00e3o interior contra poeiras<\/li>\n<li><strong>Instala\u00e7\u00e3o plug-and-play:<\/strong> instala\u00e7\u00e3o r\u00e1pida e descomplicada por um instalador qualificado<\/li>\n<li><strong>Tecnologia segura e certificada<\/strong> (LFP, UL, CE).<\/li>\n<\/ul>\n<table>\n<thead>\n<tr>\n<th><strong>Categoria \/ Carater\u00edstica<\/strong><\/th>\n<th><strong>Especifica\u00e7\u00e3o<\/strong><\/th>\n<\/tr>\n<\/thead>\n<tbody>\n<tr>\n<td><strong>Modelo<\/strong><\/td>\n<td>Base R-BOX<\/td>\n<\/tr>\n<tr>\n<td><strong>Baterias compat\u00edveis<\/strong><\/td>\n<td>At\u00e9 2 \u00d7 E-BOX-48100R (5,12 kWh cada)<\/td>\n<\/tr>\n<tr>\n<td><strong>Capacidade nominal total<\/strong><\/td>\n<td>10,24 kWh<\/td>\n<\/tr>\n<tr>\n<td><strong>Capacidade \u00fatil<\/strong><\/td>\n<td>9,22 kWh<\/td>\n<\/tr>\n<tr>\n<td><strong>Extensibilidade<\/strong><\/td>\n<td>At\u00e9 3 unidades em paralelo (30,72 kWh)<\/td>\n<\/tr>\n<tr>\n<td><strong>Tipo de pilha<\/strong><\/td>\n<td>Bateria Pytes E-Box 48100R<\/td>\n<\/tr>\n<tr>\n<td><strong>Tens\u00e3o nominal<\/strong><\/td>\n<td>51,2 V<\/td>\n<\/tr>\n<tr>\n<td><strong>Corrente m\u00e1xima de carga\/descarga<\/strong><\/td>\n<td>100 A<\/td>\n<\/tr>\n<tr>\n<td><strong>Comunica\u00e7\u00e3o<\/strong><\/td>\n<td>CAN \/ RS485<\/td>\n<\/tr>\n<tr>\n<td><strong>Prote\u00e7\u00e3o do ambiente (IP)<\/strong><\/td>\n<td>IP20 (apenas para utiliza\u00e7\u00e3o em interiores)<\/td>\n<\/tr>\n<tr>\n<td><strong>Montagem<\/strong><\/td>\n<td>Parede ou ch\u00e3o<\/td>\n<\/tr>\n<tr>\n<td><strong>Material do arm\u00e1rio<\/strong><\/td>\n<td>A\u00e7o laminado a frio<\/td>\n<\/tr>\n<tr>\n<td><strong>Ventila\u00e7\u00e3o<\/strong><\/td>\n<td>Passivo (sem ventoinhas, funcionamento silencioso)<\/td>\n<\/tr>\n<tr>\n<td><strong>Dimens\u00f5es (C \u00d7 L \u00d7 A)<\/strong><\/td>\n<td>27,84 x 51,05 x 69,85 cm<\/td>\n<\/tr>\n<tr>\n<td><strong>Altura com base<\/strong><\/td>\n<td>78,23 cm<\/td>\n<\/tr>\n<tr>\n<td><strong>Peso (aproximado)<\/strong><\/td>\n<td>~30 kg vazio \/ ~120 kg com baterias<\/td>\n<\/tr>\n<tr>\n<td><strong>Temperatura de carregamento<\/strong><\/td>\n<td>0 \u00b0C a 45 \u00b0C<\/td>\n<\/tr>\n<tr>\n<td><strong>Temperatura de descarga<\/strong><\/td>\n<td>-10 \u00b0C a 50 \u00b0C<\/td>\n<\/tr>\n<tr>\n<td><strong>Altitude m\u00e1xima recomendada<\/strong><\/td>\n<td>2 000 m<\/td>\n<\/tr>\n<tr>\n<td><strong>Ciclos de vida \u00fatil<\/strong><\/td>\n<td>At\u00e9 6 000 ciclos (com 80 % de profundidade de descarga)<\/td>\n<\/tr>\n<tr>\n<td><strong>Garantia<\/strong><\/td>\n<td>10 anos<\/td>\n<\/tr>\n<tr>\n<td><strong>Certifica\u00e7\u00f5es<\/strong><\/td>\n<td>UL1973, CE, UN38.3<\/td>\n<\/tr>\n<tr>\n<td><strong>Aplica\u00e7\u00e3o recomendada<\/strong><\/td>\n<td>Utiliza\u00e7\u00e3o dom\u00e9stica, reserva de energia, auto-consumo solar<\/td>\n<\/tr>\n<\/tbody>\n<\/table>\n<h2>Informa\u00e7\u00f5es t\u00e9cnicas R Pytes Box para bateria E-Box 48100R - 110409100010<\/h2>\n<p><a href=\"https:\/\/fvcomponentes.com\/wp-content\/uploads\/2025\/07\/276ed000422e501b7ea2cb26f5ddce7a.pdf\" target=\"_blank\" rel=\"noopener\">Ver ficha t\u00e9cnica R Caixa Pytes para a bateria E-Box 48100R - 110409100010<\/a><br \/>\n<a href=\"https:\/\/fvcomponentes.com\/wp-content\/uploads\/2025\/07\/530a13594f0b3d7125f31692d06a92d0.pdf\" target=\"_blank\" rel=\"noopener\">Manual do utilizador do R-box<\/a><br \/>\n<a href=\"https:\/\/fvcomponentes.com\/wp-content\/uploads\/2025\/07\/c244d8b77f52724b5215753ff0edb51d.pdf\" target=\"_blank\" rel=\"noopener\">Guia de instala\u00e7\u00e3o da E-Box-48100R<\/a><\/p>\n<h3>Lista de inversores compat\u00edveis com as baterias Pytes<\/h3>\n<p><a href=\"https:\/\/fvcomponentes.com\/wp-content\/uploads\/2025\/10\/c35d7eb1223244cecb336915b57d8a94.pdf\" target=\"_blank\" rel=\"noopener\">Lista de inversores compat\u00edveis com as baterias Pytes<\/a><\/p>","protected":false},"excerpt":{"rendered":"<p>A R-box foi especificamente concebida para a bateria Pytes E-Box 48100R.<br \/>\nDimens\u00f5es (C \u00d7 L \u00d7 A): 27,84 x 51,05 x 69,85 cm<br \/>\nAltura com base: 78,23 cm<br \/>\nPeso: ~30 kg vazio \/ ~120 kg com baterias<br \/>\nAltitude m\u00e1xima recomendada: 2 000 m<br \/>\nFixa\u00e7\u00e3o: na parede ou no ch\u00e3o<br \/>\nMaterial: a\u00e7o laminado a frio<br \/>\nVentila\u00e7\u00e3o: Passiva (sem ventoinhas, funcionamento silencioso)<br \/>\nProte\u00e7\u00e3o ambiental (IP): IP20 (apenas para utiliza\u00e7\u00e3o em interiores)<\/p>","protected":false},"featured_media":28392,"comment_status":"closed","ping_status":"closed","template":"","meta":{"site-sidebar-layout":"default","site-content-layout":"","ast-site-content-layout":"default","site-content-style":"default","site-sidebar-style":"default","ast-global-header-display":"","ast-banner-title-visibility":"","ast-main-header-display":"","ast-hfb-above-header-display":"","ast-hfb-below-header-display":"","ast-hfb-mobile-header-display":"","site-post-title":"","ast-breadcrumbs-content":"","ast-featured-img":"","footer-sml-layout":"","ast-disable-related-posts":"","theme-transparent-header-meta":"default","adv-header-id-meta":"","stick-header-meta":"","header-above-stick-meta":"","header-main-stick-meta":"","header-below-stick-meta":"","astra-migrate-meta-layouts":"set","ast-page-background-enabled":"default","ast-page-background-meta":{"desktop":{"background-color":"var(--ast-global-color-4)","background-image":"","background-repeat":"repeat","background-position":"center center","background-size":"auto","background-attachment":"scroll","background-type":"","background-media":"","overlay-type":"","overlay-color":"","overlay-opacity":"","overlay-gradient":""},"tablet":{"background-color":"","background-image":"","background-repeat":"repeat","background-position":"center center","background-size":"auto","background-attachment":"scroll","background-type":"","background-media":"","overlay-type":"","overlay-color":"","overlay-opacity":"","overlay-gradient":""},"mobile":{"background-color":"","background-image":"","background-repeat":"repeat","background-position":"center center","background-size":"auto","background-attachment":"scroll","background-type":"","background-media":"","overlay-type":"","overlay-color":"","overlay-opacity":"","overlay-gradient":""}},"ast-content-background-meta":{"desktop":{"background-color":"var(--ast-global-color-5)","background-image":"","background-repeat":"repeat","background-position":"center center","background-size":"auto","background-attachment":"scroll","background-type":"","background-media":"","overlay-type":"","overlay-color":"","overlay-opacity":"","overlay-gradient":""},"tablet":{"background-color":"var(--ast-global-color-5)","background-image":"","background-repeat":"repeat","background-position":"center center","background-size":"auto","background-attachment":"scroll","background-type":"","background-media":"","overlay-type":"","overlay-color":"","overlay-opacity":"","overlay-gradient":""},"mobile":{"background-color":"var(--ast-global-color-5)","background-image":"","background-repeat":"repeat","background-position":"center center","background-size":"auto","background-attachment":"scroll","background-type":"","background-media":"","overlay-type":"","overlay-color":"","overlay-opacity":"","overlay-gradient":""}}},"pwb-brand":[1007],"product_brand":[],"product_cat":[414],"product_tag":[],"class_list":{"0":"post-28363","1":"product","2":"type-product","3":"status-publish","4":"has-post-thumbnail","6":"pwb-brand-baterias-pytes","7":"product_cat-armarios-rack-para-baterias","8":"desktop-align-left","9":"tablet-align-left","10":"mobile-align-left","11":"ast-product-gallery-layout-horizontal-slider","12":"ast-product-tabs-layout-horizontal","14":"first","15":"instock","16":"taxable","17":"shipping-taxable","18":"purchasable","19":"product-type-simple"},"wcpa_form_fields":null,"brands":[{"id":1007,"name":"Pilhas Pytes","slug":"pilhas-pytes"}],"_links":{"self":[{"href":"https:\/\/fvcomponentes.com\/pt\/wp-json\/wp\/v2\/product\/28363","targetHints":{"allow":["GET"]}}],"collection":[{"href":"https:\/\/fvcomponentes.com\/pt\/wp-json\/wp\/v2\/product"}],"about":[{"href":"https:\/\/fvcomponentes.com\/pt\/wp-json\/wp\/v2\/types\/product"}],"replies":[{"embeddable":true,"href":"https:\/\/fvcomponentes.com\/pt\/wp-json\/wp\/v2\/comments?post=28363"}],"wp:featuredmedia":[{"embeddable":true,"href":"https:\/\/fvcomponentes.com\/pt\/wp-json\/wp\/v2\/media\/28392"}],"wp:attachment":[{"href":"https:\/\/fvcomponentes.com\/pt\/wp-json\/wp\/v2\/media?parent=28363"}],"wp:term":[{"taxonomy":"pwb-brand","embeddable":true,"href":"https:\/\/fvcomponentes.com\/pt\/wp-json\/wp\/v2\/pwb-brand?post=28363"},{"taxonomy":"product_brand","embeddable":true,"href":"https:\/\/fvcomponentes.com\/pt\/wp-json\/wp\/v2\/product_brand?post=28363"},{"taxonomy":"product_cat","embeddable":true,"href":"https:\/\/fvcomponentes.com\/pt\/wp-json\/wp\/v2\/product_cat?post=28363"},{"taxonomy":"product_tag","embeddable":true,"href":"https:\/\/fvcomponentes.com\/pt\/wp-json\/wp\/v2\/product_tag?post=28363"}],"curies":[{"name":"wp","href":"https:\/\/api.w.org\/{rel}","templated":true}]}}