{"id":28324,"date":"2025-07-30T14:24:34","date_gmt":"2025-07-30T12:24:34","guid":{"rendered":"https:\/\/fvcomponentes.com\/?post_type=product&#038;p=28324"},"modified":"2026-04-08T21:36:24","modified_gmt":"2026-04-08T19:36:24","slug":"carregador-de-inversor-12v-victron-multiplus-compact-12v-1200va-50-16a-cmp122120000","status":"publish","type":"product","link":"https:\/\/fvcomponentes.com\/pt\/producto\/inversor-cargador-12v-victron-multiplus-compact-12v-1200va-50-16a-cmp122120000\/","title":{"rendered":"Carregador de inversor 12V Victron Multiplus Compact 12\/1200 50A-16A - CMP122120000"},"content":{"rendered":"<h2>Carregador de inversor 12V Victron Multiplus Compact 12\/1200 50A-16A - CMP122120000<\/h2>\n<p data-start=\"243\" data-end=\"689\">O carregador inversor Victron 12V Multiplus Compact 1200VA 50-16A \u00e9 uma solu\u00e7\u00e3o de alimenta\u00e7\u00e3o tudo-em-um concebida para aplica\u00e7\u00f5es exigentes em sistemas solares residenciais, mar\u00edtimos, de ve\u00edculos recreativos e aut\u00f3nomos. \u00c9 ideal para quem necessita de uma fonte de alimenta\u00e7\u00e3o fi\u00e1vel, cont\u00ednua e de alta qualidade.<br \/>\nEste equipamento combina <strong data-start=\"462\" data-end=\"537\">inversor de onda sinusoidal pura, carregador de bateria inteligente e interrutor de transfer\u00eancia autom\u00e1tica<\/strong> numa \u00fanica unidade compacta e eficiente, com tecnologia de ponta desenvolvida pela Victron Energy.<\/p>\n<h2 data-start=\"243\" data-end=\"689\">Principais carater\u00edsticas do Carregador Inversor 12V Victron Multiplus Compact 12\/1200 50A-16A - CMP122120000<\/h2>\n<h3>Duas sa\u00eddas AC<\/h3>\n<p>A sa\u00edda principal tem uma fun\u00e7\u00e3o \"no-break\". O MultiPlus assume a alimenta\u00e7\u00e3o das cargas ligadas na eventualidade de um apag\u00e3o ou de um corte da rede el\u00e9ctrica\/gerador. Isto acontece t\u00e3o rapidamente (menos de 20 milissegundos) que os computadores e outros equipamentos electr\u00f3nicos continuam a funcionar sem interrup\u00e7\u00e3o.<br \/>\nA segunda sa\u00edda s\u00f3 est\u00e1 ativa quando uma das entradas do MultiPlus tem alimenta\u00e7\u00e3o CA. Os dispositivos que n\u00e3o devem descarregar a bateria, como um aquecedor de \u00e1gua, por exemplo, podem ser ligados a esta sa\u00edda (segunda sa\u00edda dispon\u00edvel em modelos com uma capacidade nominal de 3kVA ou superior).<\/p>\n<h3 data-start=\"243\" data-end=\"689\">Pot\u00eancia quase ilimitada gra\u00e7as ao funcionamento em paralelo e ao sistema trif\u00e1sico.<\/h3>\n<p>Para <strong data-start=\"6\" data-end=\"20\">6 unidades<\/strong> Os Multis podem ser ligados em paralelo, aumentando a pot\u00eancia de sa\u00edda.<br \/>\nPara al\u00e9m disso, <strong>3 unidades<\/strong> Os Multis do mesmo modelo podem ser configurados em <strong data-start=\"103\" data-end=\"126\">sistemas de sa\u00edda trif\u00e1sicos <\/strong>para instala\u00e7\u00f5es maiores.<br \/>\nNo entanto, isto n\u00e3o \u00e9 tudo: pode at\u00e9 <strong>ligar em paralelo at\u00e9 6 grupos de tr\u00eas unidades<\/strong> para obter um inversor de 75 kW \/ 90 kVA e uma capacidade de carga superior a 2000 amperes.<\/p>\n<h3>Tecnologia PowerControl<\/h3>\n<p>Esta tecnologia lida com uma fonte de alimenta\u00e7\u00e3o limitada porque \u00e9 definida uma corrente m\u00e1xima com o painel de controlo. Assim, a carga da bateria \u00e9 ajustada automaticamente, tendo em conta outras cargas CA, de modo a n\u00e3o exceder a capacidade do gerador ou da liga\u00e7\u00e3o \u00e0 terra.<\/p>\n<h3>Tecnologia PowerAssist - Refor\u00e7o de pot\u00eancia<\/h3>\n<p>Tecnologia <strong data-start=\"2114\" data-end=\"2129\">PowerAssist<\/strong>\u00a0evita a sobrecarga de uma fonte de CA limitada, como um pequeno gerador ou a alimenta\u00e7\u00e3o em terra. O inversor compensa automaticamente a procura de energia adicional, retirando energia das baterias para refor\u00e7ar o fornecimento e recarregando-a quando a procura diminui.<\/p>\n<h3><strong data-start=\"1543\" data-end=\"1570\">Integra\u00e7\u00e3o solar e ESS<\/strong><\/h3>\n<p>Este modelo de Multiplus Compact \u00e9 totalmente compat\u00edvel com <strong data-start=\"2479\" data-end=\"2505\">sistemas fotovoltaicos, redes inteligentes<\/strong> e outras fontes de energia renov\u00e1veis, permitindo uma utiliza\u00e7\u00e3o optimizada da energia produzida e armazenada. Al\u00e9m disso, pode ser integrado em sistemas maiores de <strong data-start=\"2663\" data-end=\"2697\">gest\u00e3o inteligente da energia<\/strong> (ESS, Sistemas de Armazenamento de Energia).<\/p>\n<h3>Monitoriza\u00e7\u00e3o e controlo \u00e0 dist\u00e2ncia<\/h3>\n<p data-start=\"2778\" data-end=\"3012\">Atrav\u00e9s do porto <strong data-start=\"2798\" data-end=\"2808\">VE.Bus<\/strong>O MultiPlus Compact pode ser integrado com o ecossistema de monitoriza\u00e7\u00e3o Victron: <strong data-start=\"2897\" data-end=\"2911\">Portal VRM<\/strong>, <strong data-start=\"2913\" data-end=\"2933\">Controlo de cor GX<\/strong>, <strong data-start=\"2935\" data-end=\"2947\">Cerbo GX<\/strong>e outros dispositivos, o que permite o controlo local e em linha atrav\u00e9s de <strong data-start=\"98\" data-end=\"113\" data-is-last-node=\"\">Victron VRM.\u00a0<\/strong><br \/>\nCom esta ferramenta, pode configurar os par\u00e2metros do inversor\/carregador, monitorizar o estado do sistema em tempo real, programar eventos ou alarmes e aceder remotamente a partir de qualquer parte do mundo.<\/p>\n<h3 data-start=\"2778\" data-end=\"3012\"><strong data-start=\"3212\" data-end=\"3241\">Design compacto e robusto<\/strong><\/h3>\n<p data-start=\"3242\" data-end=\"3496\">O MultiPlus Compact foi concebido com uma caixa met\u00e1lica robusta, ventila\u00e7\u00e3o eficiente e montagem na parede que poupa espa\u00e7o. O seu tamanho reduzido torna-o ideal para instala\u00e7\u00f5es em ve\u00edculos, barcos ou salas t\u00e9cnicas com espa\u00e7o limitado.<\/p>\n<h2 data-start=\"3242\" data-end=\"3496\">Carregador Inversor Inversor 12V Victron Multiplus Compact 12\/1200 50A-16A - CMP12212000000<\/h2>\n<p><a href=\"https:\/\/fvcomponentes.com\/wp-content\/uploads\/2024\/01\/Datasheet-MultiPlus-inverter-charger-800VA-5kVA-ES.pdf\" target=\"_blank\" rel=\"noopener\">Carregador de Inversor 12V Carregador de Inversor Victron Multiplus Compact 12V 1200VA 50-16A folha de dados<\/a><\/p>","protected":false},"excerpt":{"rendered":"<p>Tens\u00e3o nominal de entrada: 12V DC<br \/>\nPot\u00eancia do inversor: 1200 VA \/ 1000 W cont\u00ednuo<br \/>\nPot\u00eancia de pico: 2400 W<br \/>\nTens\u00e3o de sa\u00edda: 230VAC \u00b12%<br \/>\nFrequ\u00eancia de sa\u00edda: 50 Hz \u00b1 0,1 %<br \/>\nCorrente de carga da bateria: 50A<br \/>\nTransfer\u00eancia: 16A<br \/>\nEfic\u00e1cia: 93\/94%<br \/>\nTemperatura de funcionamento: -40 \u00b0C a +65 \u00b0C (incl. arrefecimento por ventoinha)<br \/>\nHumidade (sem condensa\u00e7\u00e3o): m\u00e1x. 95%<br \/>\nProte\u00e7\u00e3o: IP21<\/p>","protected":false},"featured_media":31062,"comment_status":"closed","ping_status":"closed","template":"","meta":{"site-sidebar-layout":"default","site-content-layout":"","ast-site-content-layout":"default","site-content-style":"default","site-sidebar-style":"default","ast-global-header-display":"","ast-banner-title-visibility":"","ast-main-header-display":"","ast-hfb-above-header-display":"","ast-hfb-below-header-display":"","ast-hfb-mobile-header-display":"","site-post-title":"","ast-breadcrumbs-content":"","ast-featured-img":"","footer-sml-layout":"","ast-disable-related-posts":"","theme-transparent-header-meta":"default","adv-header-id-meta":"","stick-header-meta":"","header-above-stick-meta":"","header-main-stick-meta":"","header-below-stick-meta":"","astra-migrate-meta-layouts":"set","ast-page-background-enabled":"default","ast-page-background-meta":{"desktop":{"background-color":"var(--ast-global-color-4)","background-image":"","background-repeat":"repeat","background-position":"center center","background-size":"auto","background-attachment":"scroll","background-type":"","background-media":"","overlay-type":"","overlay-color":"","overlay-opacity":"","overlay-gradient":""},"tablet":{"background-color":"","background-image":"","background-repeat":"repeat","background-position":"center center","background-size":"auto","background-attachment":"scroll","background-type":"","background-media":"","overlay-type":"","overlay-color":"","overlay-opacity":"","overlay-gradient":""},"mobile":{"background-color":"","background-image":"","background-repeat":"repeat","background-position":"center center","background-size":"auto","background-attachment":"scroll","background-type":"","background-media":"","overlay-type":"","overlay-color":"","overlay-opacity":"","overlay-gradient":""}},"ast-content-background-meta":{"desktop":{"background-color":"var(--ast-global-color-5)","background-image":"","background-repeat":"repeat","background-position":"center center","background-size":"auto","background-attachment":"scroll","background-type":"","background-media":"","overlay-type":"","overlay-color":"","overlay-opacity":"","overlay-gradient":""},"tablet":{"background-color":"var(--ast-global-color-5)","background-image":"","background-repeat":"repeat","background-position":"center center","background-size":"auto","background-attachment":"scroll","background-type":"","background-media":"","overlay-type":"","overlay-color":"","overlay-opacity":"","overlay-gradient":""},"mobile":{"background-color":"var(--ast-global-color-5)","background-image":"","background-repeat":"repeat","background-position":"center center","background-size":"auto","background-attachment":"scroll","background-type":"","background-media":"","overlay-type":"","overlay-color":"","overlay-opacity":"","overlay-gradient":""}}},"pwb-brand":[332],"product_brand":[],"product_cat":[333,388],"product_tag":[],"class_list":{"0":"post-28324","1":"product","2":"type-product","3":"status-publish","4":"has-post-thumbnail","6":"pwb-brand-victron","7":"product_cat-inversores","8":"product_cat-inversores-cargadores-12v","9":"desktop-align-left","10":"tablet-align-left","11":"mobile-align-left","12":"ast-product-gallery-layout-horizontal-slider","13":"ast-product-gallery-with-no-image","14":"ast-product-tabs-layout-horizontal","16":"first","17":"instock","18":"taxable","19":"shipping-taxable","20":"purchasable","21":"product-type-simple"},"wcpa_form_fields":null,"brands":[{"id":332,"name":"Victron Energia","slug":"victron"}],"_links":{"self":[{"href":"https:\/\/fvcomponentes.com\/pt\/wp-json\/wp\/v2\/product\/28324","targetHints":{"allow":["GET"]}}],"collection":[{"href":"https:\/\/fvcomponentes.com\/pt\/wp-json\/wp\/v2\/product"}],"about":[{"href":"https:\/\/fvcomponentes.com\/pt\/wp-json\/wp\/v2\/types\/product"}],"replies":[{"embeddable":true,"href":"https:\/\/fvcomponentes.com\/pt\/wp-json\/wp\/v2\/comments?post=28324"}],"wp:featuredmedia":[{"embeddable":true,"href":"https:\/\/fvcomponentes.com\/pt\/wp-json\/wp\/v2\/media\/31062"}],"wp:attachment":[{"href":"https:\/\/fvcomponentes.com\/pt\/wp-json\/wp\/v2\/media?parent=28324"}],"wp:term":[{"taxonomy":"pwb-brand","embeddable":true,"href":"https:\/\/fvcomponentes.com\/pt\/wp-json\/wp\/v2\/pwb-brand?post=28324"},{"taxonomy":"product_brand","embeddable":true,"href":"https:\/\/fvcomponentes.com\/pt\/wp-json\/wp\/v2\/product_brand?post=28324"},{"taxonomy":"product_cat","embeddable":true,"href":"https:\/\/fvcomponentes.com\/pt\/wp-json\/wp\/v2\/product_cat?post=28324"},{"taxonomy":"product_tag","embeddable":true,"href":"https:\/\/fvcomponentes.com\/pt\/wp-json\/wp\/v2\/product_tag?post=28324"}],"curies":[{"name":"wp","href":"https:\/\/api.w.org\/{rel}","templated":true}]}}