{"id":28307,"date":"2025-10-01T14:49:14","date_gmt":"2025-10-01T12:49:14","guid":{"rendered":"https:\/\/fvcomponentes.com\/?post_type=product&#038;p=28307"},"modified":"2026-04-04T12:47:12","modified_gmt":"2026-04-04T10:47:12","slug":"modulo-de-expansao-victron-gx-io-extend-150-bpp900800150","status":"publish","type":"product","link":"https:\/\/fvcomponentes.com\/pt\/producto\/modulo-de-expansion-victron-gx-io-extender-150-bpp900800150\/","title":{"rendered":"M\u00f3dulo de expans\u00e3o Victron GX IO-Extender 150 - BPP900800150"},"content":{"rendered":"<h2>M\u00f3dulo de expans\u00e3o Victron GX IO-Extender 150 - BPP900800150<\/h2>\n<p>O Victron GX IO-Extender 150 \u00e9 um m\u00f3dulo de expans\u00e3o USB concebido para expandir as capacidades de entrada\/sa\u00edda (E\/S) dos centros de controlo GX da Victron, tais como o Cerbo GX ou o Ekrano GX. A sua fun\u00e7\u00e3o principal \u00e9 acrescentar novas op\u00e7\u00f5es de monitoriza\u00e7\u00e3o e controlo para perif\u00e9ricos - tais como sensores, actuadores e rel\u00e9s - integrando-se perfeitamente em aplica\u00e7\u00f5es solares, mar\u00edtimas, industriais, de ve\u00edculos de recreio (RV) e de reserva de energia.<\/p>\n<h2>Principais carater\u00edsticas do Victron GX IO-Extender 150<\/h2>\n<p>8 canais digitais configur\u00e1veis individualmente como entradas ou sa\u00eddas. Aceitam sinais de 3,8 a 5,5 V, com uma corrente de sa\u00edda m\u00e1xima de 4 mA. Est\u00e3o organizados em dois blocos de 4 canais, configur\u00e1veis atrav\u00e9s de interruptores DIP internos.<\/p>\n<p>4 portas PWM com sinal de 0-5 V, resolu\u00e7\u00e3o de 8 bits e frequ\u00eancia fixa de 1,5625 kHz. Permitem controlar o brilho de luzes LED, a velocidade de ventoinhas, motores e outros dispositivos. Al\u00e9m disso, cada canal tem indicadores LED que mostram o n\u00edvel de PWM em tempo real.<\/p>\n<p>2 rel\u00e9s biest\u00e1veis adequados para pequenas cargas, tanto AC (at\u00e9 2 A a 60 V, m\u00e1x. 125 VA) como DC (at\u00e9 3 A a 30 V, m\u00e1x. 90 W).<\/p>\n<p>1 rel\u00e9 de estado s\u00f3lido (SSR) para cargas DC at\u00e9 70 V e 4 A.<\/p>\n<p>\u00c9 alimentado e comunica exclusivamente atrav\u00e9s de USB, eliminando a necessidade de uma fonte de alimenta\u00e7\u00e3o externa. Al\u00e9m disso, tem um consumo de energia muito baixo: tipicamente 100 mW, com um m\u00e1ximo de 1W.<\/p>\n<p>Est\u00e1 totalmente integrado na interface do Venus OS em dispositivos GX e \u00e9 tamb\u00e9m compat\u00edvel com o Venus OS Large, permitindo a sua utiliza\u00e7\u00e3o com o Node-RED para uma automatiza\u00e7\u00e3o avan\u00e7ada.<\/p>\n<p>\u00c9 gerido localmente a partir do sistema GX e remotamente atrav\u00e9s do portal Victron VRM.<\/p>\n<p>Em conjunto, o GX IO-Extender 150 \u00e9 a solu\u00e7\u00e3o ideal para automatizar fun\u00e7\u00f5es como bombas, alarmes, sensores e outros dispositivos em instala\u00e7\u00f5es solares, mar\u00edtimas ou industriais.<\/p>\n<h2>Ficha t\u00e9cnica M\u00f3dulo de expans\u00e3o Victron GX IO-Extender 150 - BPP900800150<\/h2>\n<p><a href=\"https:\/\/fvcomponentes.com\/wp-content\/uploads\/2025\/09\/Datasheet-GX-IO-Extender-150-ES.pdf\" target=\"_blank\" rel=\"noopener\">Ficha t\u00e9cnica M\u00f3dulo de expans\u00e3o Victron GX IO-Extender 150 - BPP900800150<\/a><\/p>\n<h2>Manual do m\u00f3dulo de expans\u00e3o Victron GX IO-Extender 150 - BPP900800150<\/h2>\n<p><a href=\"https:\/\/fvcomponentes.com\/wp-content\/uploads\/2025\/10\/203216-GX_IO-Extender_150-pdf-es.pdf\" target=\"_blank\" rel=\"noopener\">Ver manual do m\u00f3dulo de expans\u00e3o Victron GX IO-Extender 150<\/a><\/p>","protected":false},"excerpt":{"rendered":"<p>Fonte de alimenta\u00e7\u00e3o: USB (5 V)<br \/>\nConsumo de energia &lt;1 W (200 mA)<br \/>\nE\/S digitais: 8 (entradas: 3,8-5,5 V; sa\u00eddas: 5 V) 4 mA m\u00e1x.<br \/>\nPWM: 4 canais, com n\u00edvel de tens\u00e3o de 5V e precis\u00e3o de 8 bits a 1,56 kHz<br \/>\nRel\u00e9s biest\u00e1veis: 2x, DC at\u00e9 3 A@30 V, SSR DC at\u00e9 70 V\/4 A<br \/>\nTemperatura de funcionamento: -20 \u00b0C a +50 \u00b0C<br \/>\nGarantia de 5 anos<\/p>","protected":false},"featured_media":28308,"comment_status":"closed","ping_status":"closed","template":"","meta":{"site-sidebar-layout":"default","site-content-layout":"","ast-site-content-layout":"default","site-content-style":"default","site-sidebar-style":"default","ast-global-header-display":"","ast-banner-title-visibility":"","ast-main-header-display":"","ast-hfb-above-header-display":"","ast-hfb-below-header-display":"","ast-hfb-mobile-header-display":"","site-post-title":"","ast-breadcrumbs-content":"","ast-featured-img":"","footer-sml-layout":"","ast-disable-related-posts":"","theme-transparent-header-meta":"default","adv-header-id-meta":"","stick-header-meta":"","header-above-stick-meta":"","header-main-stick-meta":"","header-below-stick-meta":"","astra-migrate-meta-layouts":"set","ast-page-background-enabled":"default","ast-page-background-meta":{"desktop":{"background-color":"var(--ast-global-color-4)","background-image":"","background-repeat":"repeat","background-position":"center center","background-size":"auto","background-attachment":"scroll","background-type":"","background-media":"","overlay-type":"","overlay-color":"","overlay-opacity":"","overlay-gradient":""},"tablet":{"background-color":"","background-image":"","background-repeat":"repeat","background-position":"center center","background-size":"auto","background-attachment":"scroll","background-type":"","background-media":"","overlay-type":"","overlay-color":"","overlay-opacity":"","overlay-gradient":""},"mobile":{"background-color":"","background-image":"","background-repeat":"repeat","background-position":"center center","background-size":"auto","background-attachment":"scroll","background-type":"","background-media":"","overlay-type":"","overlay-color":"","overlay-opacity":"","overlay-gradient":""}},"ast-content-background-meta":{"desktop":{"background-color":"var(--ast-global-color-5)","background-image":"","background-repeat":"repeat","background-position":"center center","background-size":"auto","background-attachment":"scroll","background-type":"","background-media":"","overlay-type":"","overlay-color":"","overlay-opacity":"","overlay-gradient":""},"tablet":{"background-color":"var(--ast-global-color-5)","background-image":"","background-repeat":"repeat","background-position":"center center","background-size":"auto","background-attachment":"scroll","background-type":"","background-media":"","overlay-type":"","overlay-color":"","overlay-opacity":"","overlay-gradient":""},"mobile":{"background-color":"var(--ast-global-color-5)","background-image":"","background-repeat":"repeat","background-position":"center center","background-size":"auto","background-attachment":"scroll","background-type":"","background-media":"","overlay-type":"","overlay-color":"","overlay-opacity":"","overlay-gradient":""}}},"pwb-brand":[332],"product_brand":[],"product_cat":[333,934],"product_tag":[],"class_list":{"0":"post-28307","1":"product","2":"type-product","3":"status-publish","4":"has-post-thumbnail","6":"pwb-brand-victron","7":"product_cat-inversores","8":"product_cat-monitorizacion","9":"desktop-align-left","10":"tablet-align-left","11":"mobile-align-left","12":"ast-product-gallery-layout-horizontal-slider","13":"ast-product-tabs-layout-horizontal","15":"first","16":"instock","17":"taxable","18":"shipping-taxable","19":"purchasable","20":"product-type-simple"},"wcpa_form_fields":null,"brands":[{"id":332,"name":"Victron Energia","slug":"victron"}],"_links":{"self":[{"href":"https:\/\/fvcomponentes.com\/pt\/wp-json\/wp\/v2\/product\/28307","targetHints":{"allow":["GET"]}}],"collection":[{"href":"https:\/\/fvcomponentes.com\/pt\/wp-json\/wp\/v2\/product"}],"about":[{"href":"https:\/\/fvcomponentes.com\/pt\/wp-json\/wp\/v2\/types\/product"}],"replies":[{"embeddable":true,"href":"https:\/\/fvcomponentes.com\/pt\/wp-json\/wp\/v2\/comments?post=28307"}],"wp:featuredmedia":[{"embeddable":true,"href":"https:\/\/fvcomponentes.com\/pt\/wp-json\/wp\/v2\/media\/28308"}],"wp:attachment":[{"href":"https:\/\/fvcomponentes.com\/pt\/wp-json\/wp\/v2\/media?parent=28307"}],"wp:term":[{"taxonomy":"pwb-brand","embeddable":true,"href":"https:\/\/fvcomponentes.com\/pt\/wp-json\/wp\/v2\/pwb-brand?post=28307"},{"taxonomy":"product_brand","embeddable":true,"href":"https:\/\/fvcomponentes.com\/pt\/wp-json\/wp\/v2\/product_brand?post=28307"},{"taxonomy":"product_cat","embeddable":true,"href":"https:\/\/fvcomponentes.com\/pt\/wp-json\/wp\/v2\/product_cat?post=28307"},{"taxonomy":"product_tag","embeddable":true,"href":"https:\/\/fvcomponentes.com\/pt\/wp-json\/wp\/v2\/product_tag?post=28307"}],"curies":[{"name":"wp","href":"https:\/\/api.w.org\/{rel}","templated":true}]}}