{"id":28292,"date":"2025-07-15T09:26:24","date_gmt":"2025-07-15T07:26:24","guid":{"rendered":"https:\/\/fvcomponentes.com\/?post_type=product&#038;p=28292"},"modified":"2026-04-08T21:32:30","modified_gmt":"2026-04-08T19:32:30","slug":"bms-ng-victron-ve-bus-para-baterias-de-litio-ng-bms300200300","status":"publish","type":"product","link":"https:\/\/fvcomponentes.com\/pt\/producto\/bms-ng-victron-ve-bus-para-baterias-de-litio-ng-bms300200300\/","title":{"rendered":"BMS NG Victron VE.Bus para baterias de l\u00edtio NG - BMS300200300"},"content":{"rendered":"<h2>BMS NG Victron VE.Bus para baterias de l\u00edtio NG - BMS300200300<\/h2>\n<p>O NG VE.Bus BMS da Victron Energy \u00e9 um sistema avan\u00e7ado de gest\u00e3o de baterias concebido especificamente para as baterias de l\u00edtio de nova gera\u00e7\u00e3o (NG) Victron Smart LiFePO\u2084.<br \/>\nA sua principal fun\u00e7\u00e3o \u00e9 proteger, controlar e otimizar a utiliza\u00e7\u00e3o destas baterias em todos os tipos de aplica\u00e7\u00f5es, garantindo um funcionamento seguro e eficiente do sistema energ\u00e9tico.<br \/>\nEste BMS \u00e9 totalmente compat\u00edvel com os inversores\/carregadores Victron MultiPlus e Quattro, gra\u00e7as \u00e0 sua interface VE.Bus integrada, tornando-o numa solu\u00e7\u00e3o completa para sistemas de 12 V, 24 V e 48 V, com capacidade de expans\u00e3o at\u00e9 50 baterias em 12\/24 V ou 25 em 48 V (m\u00e1x. 384 kWh num banco de 24 V).<\/p>\n<h2>Principais carater\u00edsticas do Victron VE.Bus BMS NG para baterias de l\u00edtio NG<\/h2>\n<h3><strong>Conectividade e monitoriza\u00e7\u00e3o<\/strong><\/h3>\n<ul>\n<li><strong data-start=\"0\" data-end=\"19\" data-is-only-node=\"\">Bluetooth inteligente<\/strong> integrado: liga\u00e7\u00e3o sem fios com <strong data-start=\"56\" data-end=\"74\">VictronConnect<\/strong> para configura\u00e7\u00e3o sem fios, defini\u00e7\u00f5es, diagn\u00f3sticos e actualiza\u00e7\u00f5es de firmware. Inclui \"Instant Readout\" (avisos, estado de carga, temperatura e alarmes).<\/li>\n<li><strong style=\"font-size: 16px\" data-start=\"0\" data-end=\"25\" data-is-only-node=\"\">Compatibilidade GX<\/strong><span style=\"font-size: 16px\">: dispositivos de alimenta\u00e7\u00e3o <\/span><strong style=\"font-size: 16px\" data-start=\"49\" data-end=\"61\">Cerbo GX<\/strong><span style=\"font-size: 16px\">gere o DVCC e permite a monitoriza\u00e7\u00e3o remota atrav\u00e9s de <\/span><strong style=\"font-size: 16px\" data-start=\"109\" data-end=\"116\" data-is-last-node=\"\">VRM<\/strong><\/li>\n<li><strong style=\"font-size: 16px\" data-start=\"109\" data-end=\"116\" data-is-last-node=\"\">Indicadores LED: <\/strong><span style=\"font-size: 16px\">luz azul para o estado do Bluetooth, luz vermelha para erros e avisos de alarme e uma luz de estado do VE.Bus.<\/span><\/li>\n<\/ul>\n<h3>Sa\u00eddas de controlo inteligentes<\/h3>\n<ul>\n<li><strong>Sa\u00edda de desconex\u00e3o de carga:<\/strong> Pode gerir o sinal remoto de ligar\/desligar de dispositivos como o BatteryProtect, inversores, conversores CC-CC ou outras cargas que suportem controlo remoto. Gra\u00e7as \u00e0 sua corrente de sa\u00edda de at\u00e9 1 A, tamb\u00e9m pode controlar rel\u00e9s ou contactores de alta corrente.<br \/>\n\u00c9 importante ter em conta que, dependendo do dispositivo ligado, pode ser necess\u00e1rio um cabo on\/off do tipo inversor ou n\u00e3o inversor.<\/li>\n<li><strong style=\"font-size: 16px\">Sa\u00edda de desconex\u00e3o do carregador: <\/strong><span style=\"font-size: 16px\">Permite-lhe ativar ou desativar remotamente carregadores compat\u00edveis, tais como o Carregador Inteligente IP43, rel\u00e9s Cyrix-Li-Charge, combinadores de baterias Cyrix-Li-ct ou dispositivos BatteryProtect.<br \/>\n<\/span>Note-se que esta sa\u00edda (CHARGER) n\u00e3o foi concebida para alimentar cargas indutivas, tais como bobinas de rel\u00e9s.<\/li>\n<li><strong style=\"font-size: 16px\">Sa\u00edda de pr\u00e9-alarme: <\/strong><span style=\"font-size: 16px\">Ativa um sinal visual ou sonoro quando a tens\u00e3o da bateria est\u00e1 abaixo do limiar, activando-se 30 segundos antes da desativa\u00e7\u00e3o da sa\u00edda de corte de carga.<\/span><\/li>\n<li><strong style=\"font-size: 16px\">Terminar o controlo remoto On\/Off:<\/strong><span style=\"font-size: 16px\"> Facilita o controlo remoto das sa\u00eddas de corte de carga e do sistema de carregamento. Quando este terminal est\u00e1 no estado desligado, ambas as sa\u00eddas est\u00e3o livres, fazendo com que as cargas e os carregadores ligados sejam desactivados.<\/span><\/li>\n<\/ul>\n<h3 data-start=\"3613\" data-end=\"3695\"><strong data-start=\"0\" data-end=\"30\" data-is-only-node=\"\">Prote\u00e7\u00e3o c\u00e9lula a c\u00e9lula<br \/>\n<\/strong><\/h3>\n<p data-start=\"3613\" data-end=\"3695\">Monitoriza\u00e7\u00e3o exacta da tens\u00e3o, da temperatura e do estado de cada c\u00e9lula.<\/p>\n<h3 data-start=\"3698\" data-end=\"3762\"><strong>Prote\u00e7\u00e3o total<\/strong><\/h3>\n<p data-start=\"3698\" data-end=\"3762\">Ativa\u00e7\u00e3o de alarmes ou de cortes de carga\/descarga em fun\u00e7\u00e3o de condi\u00e7\u00f5es cr\u00edticas.<\/p>\n<h3 data-start=\"3698\" data-end=\"3762\">Interface com o VE.Bus<\/h3>\n<p data-start=\"3698\" data-end=\"3762\">Comunica com os inversores VE.Bus atrav\u00e9s de RJ45, permitindo desativar o inversor\/carregamento em situa\u00e7\u00f5es de baixa tens\u00e3o, sobretens\u00e3o ou temperatura elevada.<\/p>\n<h3 data-start=\"3828\" data-end=\"3900\">Expans\u00e3o simples<\/h3>\n<p data-start=\"3828\" data-end=\"3900\">O BMS VE.Bus NG da Victron para baterias de l\u00edtio NG \u00e9 compat\u00edvel com v\u00e1rias baterias em s\u00e9rie\/paralelo e unidades BMS adicionais para maior redund\u00e2ncia.<\/p>\n<h2>Ficha t\u00e9cnica Victron VE.Bus BMS NG para baterias de l\u00edtio NG - BMS300200300<\/h2>\n<p><a href=\"https:\/\/fvcomponentes.com\/wp-content\/uploads\/2025\/09\/Datasheet-VE-Bus-BMS-NG-ES.pdf\" target=\"_blank\" rel=\"noopener\">Ver ficha de dados BMS NG Victron VE.Bus para baterias de l\u00edtio NG<\/a><\/p>","protected":false},"excerpt":{"rendered":"<p><span style=\"color: #339966\">Prote\u00e7\u00e3o inteligente e avan\u00e7ada para baterias de l\u00edtio Victron Smart LiFePO\u2084<\/span><\/p>\n<p>Tens\u00e3o de entrada: 9 - 70 V DC<br \/>\nConsumo operacional: 10 mA (inativo), 2 mA (baixa tens\u00e3o), 1,5 mA (desligamento remoto)<br \/>\nSa\u00edda de desconex\u00e3o de carga (LOAD): 1A<br \/>\nSa\u00edda de desconex\u00e3o do carregador: 10mA<br \/>\nCorrente de sa\u00edda do pr\u00e9-alarme: 1A (sem prote\u00e7\u00e3o contra curto-circuito)<br \/>\nProte\u00e7\u00e3o ambiental: Temperatura: -20 \u00b0C a +50 \u00b0C; Humidade: at\u00e9 95 % sem condensa\u00e7\u00e3o<br \/>\nCaixa: ABS preto mate com adesivo azul.<br \/>\nTipo de prote\u00e7\u00e3o: IP20<\/p>","protected":false},"featured_media":28301,"comment_status":"closed","ping_status":"closed","template":"","meta":{"site-sidebar-layout":"default","site-content-layout":"","ast-site-content-layout":"default","site-content-style":"default","site-sidebar-style":"default","ast-global-header-display":"","ast-banner-title-visibility":"","ast-main-header-display":"","ast-hfb-above-header-display":"","ast-hfb-below-header-display":"","ast-hfb-mobile-header-display":"","site-post-title":"","ast-breadcrumbs-content":"","ast-featured-img":"","footer-sml-layout":"","ast-disable-related-posts":"","theme-transparent-header-meta":"default","adv-header-id-meta":"","stick-header-meta":"","header-above-stick-meta":"","header-main-stick-meta":"","header-below-stick-meta":"","astra-migrate-meta-layouts":"set","ast-page-background-enabled":"default","ast-page-background-meta":{"desktop":{"background-color":"var(--ast-global-color-4)","background-image":"","background-repeat":"repeat","background-position":"center center","background-size":"auto","background-attachment":"scroll","background-type":"","background-media":"","overlay-type":"","overlay-color":"","overlay-opacity":"","overlay-gradient":""},"tablet":{"background-color":"","background-image":"","background-repeat":"repeat","background-position":"center center","background-size":"auto","background-attachment":"scroll","background-type":"","background-media":"","overlay-type":"","overlay-color":"","overlay-opacity":"","overlay-gradient":""},"mobile":{"background-color":"","background-image":"","background-repeat":"repeat","background-position":"center center","background-size":"auto","background-attachment":"scroll","background-type":"","background-media":"","overlay-type":"","overlay-color":"","overlay-opacity":"","overlay-gradient":""}},"ast-content-background-meta":{"desktop":{"background-color":"var(--ast-global-color-5)","background-image":"","background-repeat":"repeat","background-position":"center center","background-size":"auto","background-attachment":"scroll","background-type":"","background-media":"","overlay-type":"","overlay-color":"","overlay-opacity":"","overlay-gradient":""},"tablet":{"background-color":"var(--ast-global-color-5)","background-image":"","background-repeat":"repeat","background-position":"center center","background-size":"auto","background-attachment":"scroll","background-type":"","background-media":"","overlay-type":"","overlay-color":"","overlay-opacity":"","overlay-gradient":""},"mobile":{"background-color":"var(--ast-global-color-5)","background-image":"","background-repeat":"repeat","background-position":"center center","background-size":"auto","background-attachment":"scroll","background-type":"","background-media":"","overlay-type":"","overlay-color":"","overlay-opacity":"","overlay-gradient":""}}},"pwb-brand":[332],"product_brand":[],"product_cat":[340,435],"product_tag":[],"class_list":{"0":"post-28292","1":"product","2":"type-product","3":"status-publish","4":"has-post-thumbnail","6":"pwb-brand-victron","7":"product_cat-baterias","8":"product_cat-bms-sistemas-de-supervision-de-baterias","9":"desktop-align-left","10":"tablet-align-left","11":"mobile-align-left","12":"ast-product-gallery-layout-horizontal-slider","13":"ast-product-tabs-layout-horizontal","15":"first","16":"instock","17":"featured","18":"taxable","19":"shipping-taxable","20":"purchasable","21":"product-type-simple"},"wcpa_form_fields":null,"brands":[{"id":332,"name":"Victron Energia","slug":"victron"}],"_links":{"self":[{"href":"https:\/\/fvcomponentes.com\/pt\/wp-json\/wp\/v2\/product\/28292","targetHints":{"allow":["GET"]}}],"collection":[{"href":"https:\/\/fvcomponentes.com\/pt\/wp-json\/wp\/v2\/product"}],"about":[{"href":"https:\/\/fvcomponentes.com\/pt\/wp-json\/wp\/v2\/types\/product"}],"replies":[{"embeddable":true,"href":"https:\/\/fvcomponentes.com\/pt\/wp-json\/wp\/v2\/comments?post=28292"}],"wp:featuredmedia":[{"embeddable":true,"href":"https:\/\/fvcomponentes.com\/pt\/wp-json\/wp\/v2\/media\/28301"}],"wp:attachment":[{"href":"https:\/\/fvcomponentes.com\/pt\/wp-json\/wp\/v2\/media?parent=28292"}],"wp:term":[{"taxonomy":"pwb-brand","embeddable":true,"href":"https:\/\/fvcomponentes.com\/pt\/wp-json\/wp\/v2\/pwb-brand?post=28292"},{"taxonomy":"product_brand","embeddable":true,"href":"https:\/\/fvcomponentes.com\/pt\/wp-json\/wp\/v2\/product_brand?post=28292"},{"taxonomy":"product_cat","embeddable":true,"href":"https:\/\/fvcomponentes.com\/pt\/wp-json\/wp\/v2\/product_cat?post=28292"},{"taxonomy":"product_tag","embeddable":true,"href":"https:\/\/fvcomponentes.com\/pt\/wp-json\/wp\/v2\/product_tag?post=28292"}],"curies":[{"name":"wp","href":"https:\/\/api.w.org\/{rel}","templated":true}]}}