{"id":28269,"date":"2025-10-01T14:49:16","date_gmt":"2025-10-01T12:49:16","guid":{"rendered":"https:\/\/fvcomponentes.com\/?post_type=product&#038;p=28269"},"modified":"2026-04-04T12:47:38","modified_gmt":"2026-04-04T10:47:38","slug":"bmv-712-preto-inteligente-victron-bam030712200-monitor-de-bateria-bam030712200","status":"publish","type":"product","link":"https:\/\/fvcomponentes.com\/pt\/producto\/monitor-de-bateria-bmv-712-black-smart-victron-bam030712200\/","title":{"rendered":"Monitor de bateria BMV-712 Smart Preto Preto Victron - BAM030712200"},"content":{"rendered":"<h3 data-start=\"256\" data-end=\"292\">Conectividade Bluetooth integrada<\/h3>\n<p data-start=\"293\" data-end=\"584\">O Monitor de Bateria Inteligente Victron BMV-712 est\u00e1 pronto para a era da Internet das Coisas, uma vez que incorpora Bluetooth como padr\u00e3o. Isto permite a comunica\u00e7\u00e3o sem fios com smartphones e outros produtos Victron compat\u00edveis, facilitando a instala\u00e7\u00e3o e optimizando o desempenho do sistema.<\/p>\n<h3>F\u00e1cil de instalar<\/h3>\n<p>Todas as liga\u00e7\u00f5es el\u00e9ctricas s\u00e3o feitas \u00e0 placa de circuito impresso de liga\u00e7\u00e3o r\u00e1pida da deriva\u00e7\u00e3o de pot\u00eancia. A deriva\u00e7\u00e3o \u00e9 ligada ao monitor atrav\u00e9s de um cabo telef\u00f3nico RJ12 padr\u00e3o, que est\u00e1 inclu\u00eddo na caixa do equipamento. Tamb\u00e9m est\u00e1 inclu\u00eddo um cabo de bateria com fus\u00edvel (2m). N\u00e3o \u00e9 necess\u00e1ria qualquer instala\u00e7\u00e3o adicional.<br \/>\nInclui tamb\u00e9m uma placa de acabamento do ecr\u00e3 frontal, quadrada ou redonda, um anel de fixa\u00e7\u00e3o traseiro e parafusos para montagem frontal.<\/p>\n<h3>Controlo da tens\u00e3o no ponto m\u00e9dio<\/h3>\n<p data-start=\"199\" data-end=\"464\">A tens\u00e3o de ponto m\u00e9dio \u00e9 a tens\u00e3o medida exatamente a meio de uma s\u00e9rie de baterias ligadas em s\u00e9rie.<br \/>\nA monitoriza\u00e7\u00e3o deste valor \u00e9 de grande interesse em grandes bancos de baterias, mas normalmente envolve custos elevados. No entanto, com o monitor de bateria Victron BMV-712 Smart preto, \u00e9 poss\u00edvel monitorizar este par\u00e2metro de forma f\u00e1cil e muito mais econ\u00f3mica.<br \/>\nDetetar desvios cr\u00edticos na tens\u00e3o de ponto m\u00e9dio em cadeias de baterias ligadas em s\u00e9rie e tomar medidas corretivas em conformidade ajuda a evitar danos graves, prolongando a vida \u00fatil e a fiabilidade do sistema.<\/p>\n<h3>Baixo consumo<\/h3>\n<p>Consumo de energia: 0,7Ah por m\u00eas (1mA) a 12V e 0,6Ah por m\u00eas (0,8mA) a 24V<br \/>\nAs baterias de l\u00edtio quase n\u00e3o t\u00eam capacidade \u00fatil ap\u00f3s a desconex\u00e3o devido \u00e0 baixa tens\u00e3o. Conservam apenas uma pequena reserva (\u2248 1Ah por 100Ah). Se esta reserva se esgotar, a bateria pode ser danificada de forma irrevers\u00edvel.<br data-start=\"374\" data-end=\"377\" \/>Um consumo residual de apenas 10 mA pode arruinar uma bateria de 200 Ah em apenas 8 dias se esta permanecer descarregada.<\/p>\n<h3>Rel\u00e9 de alarme biest\u00e1vel<\/h3>\n<p>Evita que a drenagem de corrente aumente em caso de alarme.<\/p>\n<h2>Outras carater\u00edsticas do monitor de bateria Victron BMV-712 Smart Black BMV-712 Black<\/h2>\n<p>- Tens\u00e3o, corrente, pot\u00eancia, amperes-horas consumidos e estado de carga da bateria<br \/>\n- Autonomia restante \u00e0 taxa de descarga atual.<br \/>\n- Alarme visual e sonoro program\u00e1vel<br \/>\n- Rel\u00e9 program\u00e1vel, para desligar cargas n\u00e3o cr\u00edticas ou para acionar um gerador, se necess\u00e1rio.<br \/>\n- Kit de liga\u00e7\u00e3o e deriva\u00e7\u00e3o de liga\u00e7\u00e3o r\u00e1pida de 500 amp<br \/>\n- Sele\u00e7\u00e3o da capacidade de deriva\u00e7\u00e3o at\u00e9 10.000 amperes<br \/>\n- Porta de comunica\u00e7\u00e3o direta VE<br \/>\n- Armazena uma vasta gama de dados hist\u00f3ricos que podem ser utilizados para avaliar os padr\u00f5es de utiliza\u00e7\u00e3o e o estado da bateria<br \/>\n- Ampla gama de tens\u00e3o de entrada: 6,5 \u021a \"70V<br \/>\n- Alta resolu\u00e7\u00e3o de medi\u00e7\u00e3o de corrente: 10 mA (0,01A)<br \/>\n- Entrada adicional para medir a tens\u00e3o (a partir de uma segunda bateria), a temperatura ou a tens\u00e3o de ponto m\u00e9dio e as correspondentes defini\u00e7\u00f5es de alarme e rel\u00e9.<\/p>\n<h2>Monitor de bateria BMV-712 Smart Preto Preto Victron - BAM030712200<\/h2>\n<p><a href=\"https:\/\/fvcomponentes.com\/wp-content\/uploads\/2021\/03\/Datasheet-BMV-712-Smart-ES.pdf\" target=\"_blank\" rel=\"noopener\">Monitor de bateria BMV-712 Smart Preto Preto Victron - BAM030712200<\/a><\/p>","protected":false},"excerpt":{"rendered":"<p><span style=\"color: #339966;\"><strong>Bluetooth integrado<\/strong><\/span><\/p>\n<p><span style=\"color: #000000;\">Gama de tens\u00e3o da bateria: 6,5 - 70 VDC<br \/>\nCorrente m\u00e1xima (shunt): 500 A \/ 50 mV<br \/>\nCapacidade da bateria: 1 - 9,999 Ah<br \/>\nBluetooth integrado: Sim (com a aplica\u00e7\u00e3o VictronConnect)<br \/>\nPorta de comunica\u00e7\u00e3o: VE.Diret<br \/>\nAlarme program\u00e1vel: Sim (com rel\u00e9 de controlo configur\u00e1vel)<br \/>\nConsumo pr\u00f3prio: &lt; 1 mA<br \/>\nEcr\u00e3: LCD retroiluminado<br \/>\nFixa\u00e7\u00e3o: embutida (\u00d8 63 mm)<br \/>\nCor: preto<br \/>\nTemperatura de funcionamento: -40 \u00b0C a +50 \u00b0C<\/span><\/p>","protected":false},"featured_media":28277,"comment_status":"closed","ping_status":"closed","template":"","meta":{"site-sidebar-layout":"default","site-content-layout":"","ast-site-content-layout":"default","site-content-style":"default","site-sidebar-style":"default","ast-global-header-display":"","ast-banner-title-visibility":"","ast-main-header-display":"","ast-hfb-above-header-display":"","ast-hfb-below-header-display":"","ast-hfb-mobile-header-display":"","site-post-title":"","ast-breadcrumbs-content":"","ast-featured-img":"","footer-sml-layout":"","ast-disable-related-posts":"","theme-transparent-header-meta":"default","adv-header-id-meta":"","stick-header-meta":"","header-above-stick-meta":"","header-main-stick-meta":"","header-below-stick-meta":"","astra-migrate-meta-layouts":"set","ast-page-background-enabled":"default","ast-page-background-meta":{"desktop":{"background-color":"var(--ast-global-color-4)","background-image":"","background-repeat":"repeat","background-position":"center center","background-size":"auto","background-attachment":"scroll","background-type":"","background-media":"","overlay-type":"","overlay-color":"","overlay-opacity":"","overlay-gradient":""},"tablet":{"background-color":"","background-image":"","background-repeat":"repeat","background-position":"center center","background-size":"auto","background-attachment":"scroll","background-type":"","background-media":"","overlay-type":"","overlay-color":"","overlay-opacity":"","overlay-gradient":""},"mobile":{"background-color":"","background-image":"","background-repeat":"repeat","background-position":"center center","background-size":"auto","background-attachment":"scroll","background-type":"","background-media":"","overlay-type":"","overlay-color":"","overlay-opacity":"","overlay-gradient":""}},"ast-content-background-meta":{"desktop":{"background-color":"var(--ast-global-color-5)","background-image":"","background-repeat":"repeat","background-position":"center center","background-size":"auto","background-attachment":"scroll","background-type":"","background-media":"","overlay-type":"","overlay-color":"","overlay-opacity":"","overlay-gradient":""},"tablet":{"background-color":"var(--ast-global-color-5)","background-image":"","background-repeat":"repeat","background-position":"center center","background-size":"auto","background-attachment":"scroll","background-type":"","background-media":"","overlay-type":"","overlay-color":"","overlay-opacity":"","overlay-gradient":""},"mobile":{"background-color":"var(--ast-global-color-5)","background-image":"","background-repeat":"repeat","background-position":"center center","background-size":"auto","background-attachment":"scroll","background-type":"","background-media":"","overlay-type":"","overlay-color":"","overlay-opacity":"","overlay-gradient":""}}},"pwb-brand":[332],"product_brand":[],"product_cat":[933,391,340],"product_tag":[],"class_list":{"0":"post-28269","1":"product","2":"type-product","3":"status-publish","4":"has-post-thumbnail","6":"pwb-brand-victron","7":"product_cat-monitores-de-baterias","8":"product_cat-accesorios-para-baterias","9":"product_cat-baterias","10":"desktop-align-left","11":"tablet-align-left","12":"mobile-align-left","13":"ast-product-gallery-layout-horizontal-slider","14":"ast-product-tabs-layout-horizontal","16":"first","17":"instock","18":"taxable","19":"shipping-taxable","20":"purchasable","21":"product-type-simple"},"wcpa_form_fields":null,"brands":[{"id":332,"name":"Victron Energia","slug":"victron"}],"_links":{"self":[{"href":"https:\/\/fvcomponentes.com\/pt\/wp-json\/wp\/v2\/product\/28269","targetHints":{"allow":["GET"]}}],"collection":[{"href":"https:\/\/fvcomponentes.com\/pt\/wp-json\/wp\/v2\/product"}],"about":[{"href":"https:\/\/fvcomponentes.com\/pt\/wp-json\/wp\/v2\/types\/product"}],"replies":[{"embeddable":true,"href":"https:\/\/fvcomponentes.com\/pt\/wp-json\/wp\/v2\/comments?post=28269"}],"wp:featuredmedia":[{"embeddable":true,"href":"https:\/\/fvcomponentes.com\/pt\/wp-json\/wp\/v2\/media\/28277"}],"wp:attachment":[{"href":"https:\/\/fvcomponentes.com\/pt\/wp-json\/wp\/v2\/media?parent=28269"}],"wp:term":[{"taxonomy":"pwb-brand","embeddable":true,"href":"https:\/\/fvcomponentes.com\/pt\/wp-json\/wp\/v2\/pwb-brand?post=28269"},{"taxonomy":"product_brand","embeddable":true,"href":"https:\/\/fvcomponentes.com\/pt\/wp-json\/wp\/v2\/product_brand?post=28269"},{"taxonomy":"product_cat","embeddable":true,"href":"https:\/\/fvcomponentes.com\/pt\/wp-json\/wp\/v2\/product_cat?post=28269"},{"taxonomy":"product_tag","embeddable":true,"href":"https:\/\/fvcomponentes.com\/pt\/wp-json\/wp\/v2\/product_tag?post=28269"}],"curies":[{"name":"wp","href":"https:\/\/api.w.org\/{rel}","templated":true}]}}