{"id":28236,"date":"2025-07-15T09:01:16","date_gmt":"2025-07-15T07:01:16","guid":{"rendered":"https:\/\/fvcomponentes.com\/?post_type=product&#038;p=28236"},"modified":"2026-04-04T12:45:17","modified_gmt":"2026-04-04T10:45:17","slug":"victron-ant100200200-antena-exterior-lte-m-puck-ant100200200","status":"publish","type":"product","link":"https:\/\/fvcomponentes.com\/pt\/producto\/antena-lte-m-puck-para-exteriores-victron-ant100200200\/","title":{"rendered":"Antena de disco LTE-M exterior Victron - ANT100200200"},"content":{"rendered":"<h2>Antena de disco LTE-M exterior Victron - ANT100200200<\/h2>\n<p>A antena puck LTE-M da Victron Energy \u00e9 uma op\u00e7\u00e3o compacta e robusta concebida para melhorar a conetividade do GlobalLink 520 ou GX LTE 4G-A. \u00c9 especialmente \u00fatil em \u00e1reas com sinal m\u00f3vel fraco, ajudando a manter uma liga\u00e7\u00e3o mais est\u00e1vel.<br \/>\nGra\u00e7as ao seu cabo de 3 metros e ao seu design em forma de disco, esta antena combina bom desempenho e discri\u00e7\u00e3o. Por isso, \u00e9 ideal para instala\u00e7\u00f5es onde o espa\u00e7o \u00e9 limitado ou onde se pretende um design discreto.<br \/>\nAl\u00e9m disso, a sua instala\u00e7\u00e3o r\u00e1pida, a sua constru\u00e7\u00e3o duradoura e a sua compatibilidade fazem dele um acess\u00f3rio essencial para garantir comunica\u00e7\u00f5es cont\u00ednuas e fi\u00e1veis em sistemas de monitoriza\u00e7\u00e3o remota.<\/p>\n<p><strong>Carater\u00edsticas da Antena de disco LTE-M para exterior da Victron - ANT100200200<\/strong><\/p>\n<ul>\n<li><strong>Comprimento do cabo:<\/strong> 3 metros (\u22489 p\u00e9s), permitindo que a antena seja colocada no exterior sem dificuldade.<\/li>\n<li><strong>Conector padr\u00e3o:<\/strong> Inclui um conetor SMA macho, compat\u00edvel com muitos dispositivos LTE-M da Victron e de outros fabricantes.<\/li>\n<li><strong>Design compacto:<\/strong> A sua forma circular e o seu perfil baixo s\u00e3o ideais para montagem em terra\u00e7os, telhados ou postes. Ocupa pouco espa\u00e7o e passa despercebida.<\/li>\n<li><strong>Constru\u00e7\u00e3o robusta:<\/strong> Foi concebido para suportar as condi\u00e7\u00f5es climat\u00e9ricas exteriores, uma vez que \u00e9 resistente \u00e0 chuva, ao sol e a mudan\u00e7as de temperatura extremas.<\/li>\n<li><strong>Montagem simples:<\/strong> Pode ser facilmente fixado com adesivo ou parafusos, sem necessidade de ferramentas especiais. Isto facilita a instala\u00e7\u00e3o r\u00e1pida em qualquer ambiente.<\/li>\n<li><strong>Cobertura melhorada:<\/strong> Amplifica o sinal LTE-M, permitindo liga\u00e7\u00f5es mais est\u00e1veis em \u00e1reas remotas. Por conseguinte, melhora a monitoriza\u00e7\u00e3o atrav\u00e9s da plataforma Victron VRM.<\/li>\n<li><strong>Instala\u00e7\u00e3o plug-and-play:<\/strong> O seu design permite-lhe ser ligado ao GlobalLink 520 e ao GX LTE numa quest\u00e3o de minutos, sem complica\u00e7\u00f5es.<\/li>\n<li><strong>Design discreto:<\/strong> A sua forma e tamanho tornam-no quase invis\u00edvel em muitos ambientes, mantendo uma boa rece\u00e7\u00e3o de sinal.<\/li>\n<li><strong>Elevada durabilidade:<\/strong> Fabricado com materiais resistentes ao p\u00f3, \u00e0 chuva e aos raios UV. Al\u00e9m disso, possui a certifica\u00e7\u00e3o ISO9001, que garante padr\u00f5es de qualidade reconhecidos internacionalmente.<\/li>\n<li><strong style=\"font-size: 16px\">Compatibilidade:<\/strong><span style=\"font-size: 16px\"> Embora se destine a ser utilizado com os modelos GlobalLink 520 e GX LTE 4G-A, tamb\u00e9m pode ser utilizado com outros dispositivos LTE-M que utilizem conectores SMA e estejam expostos ao ar livre.<\/span><\/li>\n<li><strong style=\"font-size: 16px\">Garantia padr\u00e3o:<\/strong><span style=\"font-size: 16px\"> Inclui uma garantia de 5 anos, que pode ser alargada mediante pedido.<\/span><\/li>\n<\/ul>\n<h2>Ficha t\u00e9cnica da antena puck LTE-M de exterior da Victron<\/h2>\n<p><a href=\"https:\/\/fvcomponentes.com\/wp-content\/uploads\/2025\/09\/Datasheet-GlobalLink-520-ES-1.pdf\" target=\"_blank\" rel=\"noopener\">Ver a folha de dados da Antena de disco LTE-M para exterior da Victron - ANT100200200<\/a><\/p>","protected":false},"excerpt":{"rendered":"<p>Tipo de antena: Antena exterior \"puck\" LTE-M<br \/>\nComprimento do cabo: 3 metros (\u22489 p\u00e9s)<br \/>\nConector: SMA macho<br \/>\nProte\u00e7\u00e3o exterior: resistente \u00e0s intemp\u00e9ries e aos raios UV<br \/>\nCertifica\u00e7\u00f5es: ISO9001, Declara\u00e7\u00e3o de Conformidade<br \/>\nGarantia: padr\u00e3o de 5 anos (extens\u00edvel)<\/p>","protected":false},"featured_media":28237,"comment_status":"closed","ping_status":"closed","template":"","meta":{"site-sidebar-layout":"default","site-content-layout":"","ast-site-content-layout":"default","site-content-style":"default","site-sidebar-style":"default","ast-global-header-display":"","ast-banner-title-visibility":"","ast-main-header-display":"","ast-hfb-above-header-display":"","ast-hfb-below-header-display":"","ast-hfb-mobile-header-display":"","site-post-title":"","ast-breadcrumbs-content":"","ast-featured-img":"","footer-sml-layout":"","ast-disable-related-posts":"","theme-transparent-header-meta":"default","adv-header-id-meta":"","stick-header-meta":"","header-above-stick-meta":"","header-main-stick-meta":"","header-below-stick-meta":"","astra-migrate-meta-layouts":"set","ast-page-background-enabled":"default","ast-page-background-meta":{"desktop":{"background-color":"var(--ast-global-color-4)","background-image":"","background-repeat":"repeat","background-position":"center center","background-size":"auto","background-attachment":"scroll","background-type":"","background-media":"","overlay-type":"","overlay-color":"","overlay-opacity":"","overlay-gradient":""},"tablet":{"background-color":"","background-image":"","background-repeat":"repeat","background-position":"center center","background-size":"auto","background-attachment":"scroll","background-type":"","background-media":"","overlay-type":"","overlay-color":"","overlay-opacity":"","overlay-gradient":""},"mobile":{"background-color":"","background-image":"","background-repeat":"repeat","background-position":"center center","background-size":"auto","background-attachment":"scroll","background-type":"","background-media":"","overlay-type":"","overlay-color":"","overlay-opacity":"","overlay-gradient":""}},"ast-content-background-meta":{"desktop":{"background-color":"var(--ast-global-color-5)","background-image":"","background-repeat":"repeat","background-position":"center center","background-size":"auto","background-attachment":"scroll","background-type":"","background-media":"","overlay-type":"","overlay-color":"","overlay-opacity":"","overlay-gradient":""},"tablet":{"background-color":"var(--ast-global-color-5)","background-image":"","background-repeat":"repeat","background-position":"center center","background-size":"auto","background-attachment":"scroll","background-type":"","background-media":"","overlay-type":"","overlay-color":"","overlay-opacity":"","overlay-gradient":""},"mobile":{"background-color":"var(--ast-global-color-5)","background-image":"","background-repeat":"repeat","background-position":"center center","background-size":"auto","background-attachment":"scroll","background-type":"","background-media":"","overlay-type":"","overlay-color":"","overlay-opacity":"","overlay-gradient":""}}},"pwb-brand":[332],"product_brand":[],"product_cat":[333,351],"product_tag":[],"class_list":{"0":"post-28236","1":"product","2":"type-product","3":"status-publish","4":"has-post-thumbnail","6":"pwb-brand-victron","7":"product_cat-inversores","8":"product_cat-accesorios","9":"desktop-align-left","10":"tablet-align-left","11":"mobile-align-left","12":"ast-product-gallery-layout-horizontal-slider","13":"ast-product-tabs-layout-horizontal","15":"first","16":"instock","17":"taxable","18":"shipping-taxable","19":"purchasable","20":"product-type-simple"},"wcpa_form_fields":null,"brands":[{"id":332,"name":"Victron Energia","slug":"victron"}],"_links":{"self":[{"href":"https:\/\/fvcomponentes.com\/pt\/wp-json\/wp\/v2\/product\/28236","targetHints":{"allow":["GET"]}}],"collection":[{"href":"https:\/\/fvcomponentes.com\/pt\/wp-json\/wp\/v2\/product"}],"about":[{"href":"https:\/\/fvcomponentes.com\/pt\/wp-json\/wp\/v2\/types\/product"}],"replies":[{"embeddable":true,"href":"https:\/\/fvcomponentes.com\/pt\/wp-json\/wp\/v2\/comments?post=28236"}],"wp:featuredmedia":[{"embeddable":true,"href":"https:\/\/fvcomponentes.com\/pt\/wp-json\/wp\/v2\/media\/28237"}],"wp:attachment":[{"href":"https:\/\/fvcomponentes.com\/pt\/wp-json\/wp\/v2\/media?parent=28236"}],"wp:term":[{"taxonomy":"pwb-brand","embeddable":true,"href":"https:\/\/fvcomponentes.com\/pt\/wp-json\/wp\/v2\/pwb-brand?post=28236"},{"taxonomy":"product_brand","embeddable":true,"href":"https:\/\/fvcomponentes.com\/pt\/wp-json\/wp\/v2\/product_brand?post=28236"},{"taxonomy":"product_cat","embeddable":true,"href":"https:\/\/fvcomponentes.com\/pt\/wp-json\/wp\/v2\/product_cat?post=28236"},{"taxonomy":"product_tag","embeddable":true,"href":"https:\/\/fvcomponentes.com\/pt\/wp-json\/wp\/v2\/product_tag?post=28236"}],"curies":[{"name":"wp","href":"https:\/\/api.w.org\/{rel}","templated":true}]}}