{"id":28145,"date":"2025-07-09T12:21:53","date_gmt":"2025-07-09T10:21:53","guid":{"rendered":"https:\/\/fvcomponentes.com\/?post_type=product&#038;p=28145"},"modified":"2026-04-08T21:30:33","modified_gmt":"2026-04-08T19:30:33","slug":"smallbms-ng-victron-bms400100300","status":"publish","type":"product","link":"https:\/\/fvcomponentes.com\/pt\/producto\/smallbms-ng-victron-bms400100300\/","title":{"rendered":"SmallBMS NG Victron - BMS400100300"},"content":{"rendered":"<h2>SmallBMS NG Victron - BMS400100300:<\/h2>\n<p data-start=\"298\" data-end=\"522\">O Victron NG SmallBMS - BMS400100300 \u00e9 um sistema de gest\u00e3o de baterias (BMS) tudo-em-um concebido exclusivamente para baterias. <strong data-start=\"430\" data-end=\"444\">L\u00edtio NG<\/strong> de <strong data-start=\"448\" data-end=\"466\">Victron Energia<\/strong>. N\u00e3o compat\u00edvel com outras marcas ou tipos de pilhas.<\/p>\n<p data-start=\"298\" data-end=\"522\">Estas baterias podem ser ligadas <strong data-start=\"558\" data-end=\"570\">em s\u00e9rie<\/strong>, <strong data-start=\"572\" data-end=\"587\">em paralelo<\/strong>ou num <strong data-start=\"598\" data-end=\"628\">combina\u00e7\u00e3o s\u00e9rie\/paralelo<\/strong>. Gra\u00e7as a esta flexibilidade, \u00e9 poss\u00edvel formar bancos de baterias que funcionam com tens\u00f5es de sistema de <strong data-start=\"737\" data-end=\"755\">12V, 24V ou 48V<\/strong>.<\/p>\n<p data-start=\"298\" data-end=\"522\">Num sistema de 12V ou 24V, at\u00e9 <strong data-start=\"811\" data-end=\"826\">50 pilhas<\/strong>. Isto permite um armazenamento m\u00e1ximo de energia de <strong data-start=\"880\" data-end=\"891\">192 kWh<\/strong> a 12V e <strong data-start=\"904\" data-end=\"915\">384 kWh<\/strong> a 24V. Para sistemas de 48V, por outro lado, o limite \u00e9 <strong data-start=\"973\" data-end=\"988\">25 pilhas<\/strong>que fornece at\u00e9 <strong data-start=\"1015\" data-end=\"1026\">128 kWh<\/strong> capacidade.<\/p>\n<p data-start=\"298\" data-end=\"522\">O SmallBMS NG oferece um <strong data-start=\"1068\" data-end=\"1104\">alternativa simples e econ\u00f3mica<\/strong> para o modelo <strong data-start=\"1115\" data-end=\"1132\">VE.Bus BMS NG<\/strong>. Fornece <strong data-start=\"1146\" data-end=\"1167\">prote\u00e7\u00e3o b\u00e1sica<\/strong> para baterias de l\u00edtio sem a necessidade de comunica\u00e7\u00e3o VE.Bus. No entanto, n\u00e3o \u00e9 compat\u00edvel com inversores ou carregadores VE.Bus, como os modelos <strong data-start=\"1316\" data-end=\"1329\">MultiPlus<\/strong> y <strong data-start=\"1332\" data-end=\"1343\">Quattro<\/strong>.<\/p>\n<h2>Carater\u00edsticas do Victron SmallBMS NG - BMS400100300:<\/h2>\n<h3>Bluetooth integrado<\/h3>\n<p>O SmallBMS NG inclui conetividade Bluetooth Smart, permitindo a sua configura\u00e7\u00e3o, monitoriza\u00e7\u00e3o e atualiza\u00e7\u00e3o de firmware sem fios atrav\u00e9s da aplica\u00e7\u00e3o VictronConnect.<\/p>\n<h3><strong>Sa\u00edda de desconex\u00e3o de carga<\/strong><\/h3>\n<p>Esta sa\u00edda permite-lhe controlar a fun\u00e7\u00e3o remota de ligar\/desligar dispositivos como, por exemplo:<br \/>\n<strong>- Prote\u00e7\u00e3o da bateria<\/strong><br \/>\n<strong>- Investidores<\/strong><br \/>\n<strong>- Conversores DC-DC<\/strong><br \/>\n- Cargas com fun\u00e7\u00e3o on\/off<\/p>\n<p>Isto evita a descarga profunda da bateria. Tamb\u00e9m pode ser utilizado para ativar um <strong>rel\u00e9 de alta corrente<\/strong> ou um <strong>contactor<\/strong>embora em alguns casos seja necess\u00e1rio <strong>cabo do inversor\/n\u00e3o inversor.<\/strong> Para mais pormenores, recomenda-se a consulta do manual do produto.<\/p>\n<h3>Sa\u00edda do carregador<\/h3>\n<p>Esta sa\u00edda controla a comuta\u00e7\u00e3o remota de ligar\/desligar:<br \/>\n- Carregadores como o <strong>IP43 inteligente<\/strong><br \/>\n- Rel\u00e9s <strong>Cyrix-Li-Charge<\/strong><br \/>\n- Combinadores de bateria <strong>Cyrix-Li-ct<\/strong><br \/>\n- Dispositivos <strong>Prote\u00e7\u00e3o da bateria<\/strong><\/p>\n<p>N\u00e3o se recomenda a utiliza\u00e7\u00e3o desta sa\u00edda para alimentar cargas indutivas, tais como bobinas de rel\u00e9. A sua fun\u00e7\u00e3o \u00e9 apenas ativar ou desativar a porta de alimenta\u00e7\u00e3o remota.<\/p>\n<h3><strong>Leitura instant\u00e2nea<\/strong><\/h3>\n<p>Fornece dados essenciais, tais como:<br \/>\n- Estado de carga (SoC)<br \/>\n- Temperatura da bateria<br \/>\n- Alertas ou alarmes activos<\/p>\n<p>Esta informa\u00e7\u00e3o \u00e9 apresentada diretamente na lista de dispositivos, sem necessidade de liga\u00e7\u00e3o adicional.<\/p>\n<h3><strong>Sa\u00edda de pr\u00e9-alarme<\/strong><\/h3>\n<p>A sa\u00edda de pr\u00e9-alarme ativa um aviso visual ou sonoro quando o n\u00edvel de tens\u00e3o da bateria \u00e9 baixo. Isto ocorre <strong>pelo menos 30 segundos antes de<\/strong> a sa\u00edda da carga \u00e9 desligada devido a subtens\u00e3o.<br \/>\nPode ser utilizado para operar <strong>um rel\u00e9, um LED ou um alarme sonoro.<\/strong> A corrente m\u00e1xima desta sa\u00edda \u00e9 de 1 A (sem prote\u00e7\u00e3o contra curto-circuitos).<\/p>\n<h3>Entrada remota para ligar\/desligar<\/h3>\n<p>Permite que ambas as sa\u00eddas do sistema sejam controladas remotamente. Quando esta entrada \u00e9 desligada, ambas as sa\u00eddas ficam inactivas. Isto interrompe o funcionamento dos carregadores e cargas ligados.<\/p>\n<h3>Limiar de descarga configur\u00e1vel<\/h3>\n<p>Protege a bateria definindo um n\u00edvel de carga m\u00ednimo (SoC), evitando a descarga profunda e garantindo energia suficiente para manter as fun\u00e7\u00f5es essenciais. Quando o n\u00edvel de carga se aproxima do limite, o VictronConnect apresenta um aviso e acciona um pr\u00e9-alarme. Se o limite cr\u00edtico for atingido, o sistema emite um alarme e desliga automaticamente as cargas ligadas, preservando a sa\u00fade da bateria e prolongando a sua vida \u00fatil.<\/p>\n<h3><strong>Indicadores LED<\/strong><\/h3>\n<p>O Victron smallBMS NG - BMS400100300 possui dois indicadores LED que fornecem informa\u00e7\u00f5es claras e r\u00e1pidas sobre o estado do sistema. Um LED azul assinala a atividade e o estado da liga\u00e7\u00e3o Bluetooth, enquanto um LED vermelho avisa de erros ou situa\u00e7\u00f5es de alarme, facilitando uma monitoriza\u00e7\u00e3o eficiente e em tempo real.<\/p>\n<p><img fetchpriority=\"high\" decoding=\"async\" class=\"size-full wp-image-28178 aligncenter\" src=\"https:\/\/fvcomponentes.com\/wp-content\/uploads\/2025\/07\/Captura-de-pantalla-2025-07-07-080830.jpg\" alt=\"\" width=\"555\" height=\"369\" title=\"\"><\/p>\n<h2><strong>Ficha de dados SmallBMS NG Victron - BMS400100300<br \/>\n<\/strong><\/h2>\n<p><strong><a href=\"https:\/\/fvcomponentes.com\/wp-content\/uploads\/2025\/09\/Datasheet-smallBMS-NG-EN.pdf\" target=\"_blank\" rel=\"noopener\">Ver ficha t\u00e9cnica SmallBMS NG Victron - BMS400100300<\/a><br \/>\n<\/strong><\/p>","protected":false},"excerpt":{"rendered":"<p><strong>Tens\u00e3o de funcionamento (Vbat):<\/strong> 8 - 70 Vdc<br \/>\n<strong>Consumo de corrente, baixa tens\u00e3o da c\u00e9lula:<\/strong>\u00a01,2 mA<br \/>\n<strong>Consumo de energia, desligamento remoto:<\/strong>\u00a01,2 mA<br \/>\n<strong>Consumo de energia, com o controlo remoto ligado:<\/strong> 3 mA (excluindo a corrente utilizada pelo seccionador de carga e pelas sa\u00eddas de seccionador de carga)<br \/>\n<strong>Grau de prote\u00e7\u00e3o IP20<br \/>\nApenas para as baterias Victron Energy Lithium NG <\/strong>(n\u00e3o compat\u00edvel com outras pilhas)<strong><br \/>\n<\/strong><\/p>","protected":false},"featured_media":28184,"comment_status":"closed","ping_status":"closed","template":"","meta":{"site-sidebar-layout":"default","site-content-layout":"","ast-site-content-layout":"default","site-content-style":"default","site-sidebar-style":"default","ast-global-header-display":"","ast-banner-title-visibility":"","ast-main-header-display":"","ast-hfb-above-header-display":"","ast-hfb-below-header-display":"","ast-hfb-mobile-header-display":"","site-post-title":"","ast-breadcrumbs-content":"","ast-featured-img":"","footer-sml-layout":"","ast-disable-related-posts":"","theme-transparent-header-meta":"default","adv-header-id-meta":"","stick-header-meta":"","header-above-stick-meta":"","header-main-stick-meta":"","header-below-stick-meta":"","astra-migrate-meta-layouts":"set","ast-page-background-enabled":"default","ast-page-background-meta":{"desktop":{"background-color":"var(--ast-global-color-4)","background-image":"","background-repeat":"repeat","background-position":"center center","background-size":"auto","background-attachment":"scroll","background-type":"","background-media":"","overlay-type":"","overlay-color":"","overlay-opacity":"","overlay-gradient":""},"tablet":{"background-color":"","background-image":"","background-repeat":"repeat","background-position":"center center","background-size":"auto","background-attachment":"scroll","background-type":"","background-media":"","overlay-type":"","overlay-color":"","overlay-opacity":"","overlay-gradient":""},"mobile":{"background-color":"","background-image":"","background-repeat":"repeat","background-position":"center center","background-size":"auto","background-attachment":"scroll","background-type":"","background-media":"","overlay-type":"","overlay-color":"","overlay-opacity":"","overlay-gradient":""}},"ast-content-background-meta":{"desktop":{"background-color":"var(--ast-global-color-5)","background-image":"","background-repeat":"repeat","background-position":"center center","background-size":"auto","background-attachment":"scroll","background-type":"","background-media":"","overlay-type":"","overlay-color":"","overlay-opacity":"","overlay-gradient":""},"tablet":{"background-color":"var(--ast-global-color-5)","background-image":"","background-repeat":"repeat","background-position":"center center","background-size":"auto","background-attachment":"scroll","background-type":"","background-media":"","overlay-type":"","overlay-color":"","overlay-opacity":"","overlay-gradient":""},"mobile":{"background-color":"var(--ast-global-color-5)","background-image":"","background-repeat":"repeat","background-position":"center center","background-size":"auto","background-attachment":"scroll","background-type":"","background-media":"","overlay-type":"","overlay-color":"","overlay-opacity":"","overlay-gradient":""}}},"pwb-brand":[332],"product_brand":[],"product_cat":[435,340],"product_tag":[],"class_list":{"0":"post-28145","1":"product","2":"type-product","3":"status-publish","4":"has-post-thumbnail","6":"pwb-brand-victron","7":"product_cat-bms-sistemas-de-supervision-de-baterias","8":"product_cat-baterias","9":"desktop-align-left","10":"tablet-align-left","11":"mobile-align-left","12":"ast-product-gallery-layout-horizontal-slider","13":"ast-product-tabs-layout-horizontal","15":"first","16":"instock","17":"taxable","18":"shipping-taxable","19":"purchasable","20":"product-type-simple"},"wcpa_form_fields":null,"brands":[{"id":332,"name":"Victron Energia","slug":"victron"}],"_links":{"self":[{"href":"https:\/\/fvcomponentes.com\/pt\/wp-json\/wp\/v2\/product\/28145","targetHints":{"allow":["GET"]}}],"collection":[{"href":"https:\/\/fvcomponentes.com\/pt\/wp-json\/wp\/v2\/product"}],"about":[{"href":"https:\/\/fvcomponentes.com\/pt\/wp-json\/wp\/v2\/types\/product"}],"replies":[{"embeddable":true,"href":"https:\/\/fvcomponentes.com\/pt\/wp-json\/wp\/v2\/comments?post=28145"}],"wp:featuredmedia":[{"embeddable":true,"href":"https:\/\/fvcomponentes.com\/pt\/wp-json\/wp\/v2\/media\/28184"}],"wp:attachment":[{"href":"https:\/\/fvcomponentes.com\/pt\/wp-json\/wp\/v2\/media?parent=28145"}],"wp:term":[{"taxonomy":"pwb-brand","embeddable":true,"href":"https:\/\/fvcomponentes.com\/pt\/wp-json\/wp\/v2\/pwb-brand?post=28145"},{"taxonomy":"product_brand","embeddable":true,"href":"https:\/\/fvcomponentes.com\/pt\/wp-json\/wp\/v2\/product_brand?post=28145"},{"taxonomy":"product_cat","embeddable":true,"href":"https:\/\/fvcomponentes.com\/pt\/wp-json\/wp\/v2\/product_cat?post=28145"},{"taxonomy":"product_tag","embeddable":true,"href":"https:\/\/fvcomponentes.com\/pt\/wp-json\/wp\/v2\/product_tag?post=28145"}],"curies":[{"name":"wp","href":"https:\/\/api.w.org\/{rel}","templated":true}]}}