{"id":27921,"date":"2025-06-27T15:46:30","date_gmt":"2025-06-27T13:46:30","guid":{"rendered":"https:\/\/fvcomponentes.com\/?post_type=product&#038;p=27921"},"modified":"2026-03-30T12:17:03","modified_gmt":"2026-03-30T10:17:03","slug":"modulo-de-bateria-de-litio-fronius-de-reserva-3-15kwh-4240370","status":"publish","type":"product","link":"https:\/\/fvcomponentes.com\/pt\/producto\/modulo-de-bateria-de-litio-fronius-reserva-3-15kwh-4240370\/","title":{"rendered":"Reserva do m\u00f3dulo de bateria de l\u00edtio da Fronius - 3,15 kWh - 4.240.370"},"content":{"rendered":"<h2>Reserva do m\u00f3dulo de bateria de l\u00edtio da Fronius - 3,15 kWh - 4.240.370<\/h2>\n<p>A Fronius Reserva \u00e9 uma bateria de i\u00f5es de l\u00edtio de alta tens\u00e3o com acoplamento DC, concebida para armazenar energia solar com perdas m\u00ednimas e oferecer a m\u00e1xima efici\u00eancia, fiabilidade e autonomia. O seu design modular permite uma capacidade escal\u00e1vel de 6,3 a 15,8 kWh - atrav\u00e9s da combina\u00e7\u00e3o de dois a cinco m\u00f3dulos por torre - e \u00e9 expans\u00edvel at\u00e9 63 kWh com o funcionamento paralelo de at\u00e9 quatro torres. \u00c9 perfeitamente compat\u00edvel com os inversores h\u00edbridos Fronius, garantindo um desempenho \u00f3timo do sistema. Ideal para aplica\u00e7\u00f5es residenciais e industriais, oferece um elevado grau de autoconsumo, uma gest\u00e3o eficiente das tarifas vari\u00e1veis de eletricidade e uma reserva de energia em caso de falha da rede.<\/p>\n<h2>M\u00e1xima independ\u00eancia<\/h2>\n<p>Experimente a m\u00e1xima independ\u00eancia com o Fronius Standby. Gra\u00e7as ao acoplamento de corrente cont\u00ednua, a energia do seu sistema fotovoltaico \u00e9 carregada na bateria quase sem perdas, garantindo a m\u00e1xima efici\u00eancia e pot\u00eancia. Ao mesmo tempo, a tecnologia de alta tens\u00e3o optimiza a rentabilidade do seu sistema. Em combina\u00e7\u00e3o com o Fronius GEN24 Plus, beneficia de um desempenho de carga e descarga excecional que tira partido mesmo de curtos per\u00edodos de sol. Com c\u00e9lulas de l\u00edtio-ferrofosfato, o Fronius Reserva oferece uma longa vida \u00fatil e uma elevada seguran\u00e7a.<img fetchpriority=\"high\" decoding=\"async\" class=\"aligncenter\" src=\"https:\/\/www.cambioenergetico.com\/wp-content\/uploads\/Reserva-GEN24.webp\" alt=\"\" width=\"600\" height=\"600\" title=\"\"><\/p>\n<h2>Carater\u00edsticas do m\u00f3dulo de bateria de reserva de l\u00edtio da Fronius - 3,15kWh - 4.240.370<\/h2>\n<p><strong>Garantia de desempenho <\/strong>A bateria Fronius mant\u00e9m pelo menos 80 % da sua capacidade original ap\u00f3s dez anos, garantindo um desempenho duradouro.<\/p>\n<p><strong>M\u00e1xima adaptabilidade <\/strong>Os m\u00f3dulos de baterias de l\u00edtio Fronius Reserva s\u00e3o facilmente empilhados para configurar torres com capacidades entre 6,3 e 15,8 kWh. Para aumentar a capacidade de armazenamento, \u00e9 poss\u00edvel ligar at\u00e9 quatro torres em paralelo e atingir at\u00e9 63 kWh, sem necessidade de componentes adicionais, como caixas de interliga\u00e7\u00e3o.<\/p>\n<p><strong>Indica\u00e7\u00e3o do estado <\/strong>Atrav\u00e9s do ecr\u00e3 de estado da bateria \u00e9 poss\u00edvel ver informa\u00e7\u00f5es importantes, como o n\u00edvel de carga ou o estado da bateria, o que facilita a monitoriza\u00e7\u00e3o do sistema.<\/p>\n<p><strong>Design compacto <\/strong>Concebido para se adaptar a qualquer ambiente, o Fronius Reserva combina um tamanho compacto com uma elevada durabilidade (IP65, -20 a +55 \u00b0C), tornando-o ideal para instala\u00e7\u00f5es em espa\u00e7os reduzidos, como garagens ou salas de m\u00e1quinas, sem perda de desempenho.<\/p>\n<p><strong>Ideal para tarifas de eletricidade vari\u00e1veis <\/strong>Com o Fronius Reserve, pode tirar o m\u00e1ximo partido das tarifas de eletricidade vari\u00e1veis. Com o Energy Cost Assistant (ECA) Premium do Solar.web, a bateria carrega-se quando os pre\u00e7os da eletricidade s\u00e3o baixos e fornece energia quando as tarifas voltam a subir - de forma eficiente e econ\u00f3mica.<\/p>\n<p><strong>Energia de emerg\u00eancia <\/strong>A Reserva disp\u00f5e de energia de emerg\u00eancia, pelo que, em caso de falha de energia, pode arrancar, carregar e descarregar. Desta forma, mant\u00e9m a sua autonomia e fiabilidade de abastecimento mesmo em situa\u00e7\u00f5es de emerg\u00eancia.<\/p>\n<h2>Compatibilidade com os inversores Fronius<\/h2>\n<div class=\"_tableContainer_16hzy_1\">\n<div class=\"_tableWrapper_16hzy_14 group flex w-fit flex-col-reverse\">\n<table class=\"w-fit min-w-(--thread-content-width)\" data-start=\"3445\" data-end=\"3729\">\n<thead data-start=\"3445\" data-end=\"3501\">\n<tr data-start=\"3445\" data-end=\"3501\">\n<th data-start=\"3445\" data-end=\"3471\" data-col-size=\"sm\">Inversor h\u00edbrido<\/th>\n<th data-start=\"3471\" data-end=\"3501\" data-col-size=\"sm\">Compatibilidade com a reserva<\/th>\n<\/tr>\n<\/thead>\n<tbody data-start=\"3559\" data-end=\"3729\">\n<tr data-start=\"3559\" data-end=\"3615\">\n<td data-start=\"3559\" data-end=\"3584\" data-col-size=\"sm\">Primo GEN24 Plus<\/td>\n<td data-col-size=\"sm\" data-start=\"3584\" data-end=\"3615\">6,3 \/ 9,5 kWh<\/td>\n<\/tr>\n<tr data-start=\"3616\" data-end=\"3672\">\n<td data-start=\"3616\" data-end=\"3641\" data-col-size=\"sm\">Symo GEN24 Plus<\/td>\n<td data-col-size=\"sm\" data-start=\"3641\" data-end=\"3672\">6,3 \/ 9,5 \/ 12,6 \/ 15,8 kWh<\/td>\n<\/tr>\n<tr data-start=\"3673\" data-end=\"3729\">\n<td data-start=\"3673\" data-end=\"3698\" data-col-size=\"sm\">Verto Plus<\/td>\n<td data-col-size=\"sm\" data-start=\"3698\" data-end=\"3729\">6,3 \/ 9,5 \/ 12,6 \/ 15,8 kWh<\/td>\n<\/tr>\n<\/tbody>\n<\/table>\n<h2 data-start=\"193\" data-end=\"267\"><strong data-start=\"199\" data-end=\"267\">Carater\u00edsticas t\u00e9cnicas do m\u00f3dulo de bateria de l\u00edtio Fronius Reserve - 3,15kWh - 4.240.370<\/strong><\/h2>\n<div class=\"_tableContainer_16hzy_1\">\n<div class=\"_tableWrapper_16hzy_14 group flex w-fit flex-col-reverse\">\n<table class=\"w-fit min-w-(--thread-content-width)\" data-start=\"269\" data-end=\"1555\">\n<thead data-start=\"269\" data-end=\"350\">\n<tr data-start=\"269\" data-end=\"350\">\n<th data-start=\"269\" data-end=\"312\" data-col-size=\"sm\"><strong data-start=\"271\" data-end=\"284\">O que \u00e9 que inclui?<\/strong><\/th>\n<th data-start=\"312\" data-end=\"350\" data-col-size=\"sm\"><strong data-start=\"314\" data-end=\"323\">Detalhes<\/strong><\/th>\n<\/tr>\n<\/thead>\n<tbody data-start=\"432\" data-end=\"1555\">\n<tr data-start=\"432\" data-end=\"512\">\n<td data-start=\"432\" data-end=\"474\" data-col-size=\"sm\"><strong data-start=\"365\" data-end=\"392\">Energia \u00fatil por m\u00f3dulo<\/strong><\/td>\n<td data-col-size=\"sm\" data-start=\"474\" data-end=\"512\">3,15 kWh<\/td>\n<\/tr>\n<tr data-start=\"513\" data-end=\"593\">\n<td data-start=\"513\" data-end=\"555\" data-col-size=\"sm\"><strong data-start=\"515\" data-end=\"534\">Tens\u00e3o nominal<\/strong><\/td>\n<td data-col-size=\"sm\" data-start=\"555\" data-end=\"593\">102,4 V<\/td>\n<\/tr>\n<tr data-start=\"594\" data-end=\"674\">\n<td data-start=\"594\" data-end=\"636\" data-col-size=\"sm\"><strong data-start=\"596\" data-end=\"619\">Qu\u00edmica celular<\/strong><\/td>\n<td data-col-size=\"sm\" data-start=\"636\" data-end=\"674\">L\u00edtio-ferrofosfato (LFP)<\/td>\n<\/tr>\n<tr data-start=\"675\" data-end=\"754\">\n<td data-start=\"675\" data-end=\"716\" data-col-size=\"sm\"><strong data-start=\"677\" data-end=\"715\">Tamanho (altura x largura x profundidade)<\/strong><\/td>\n<td data-col-size=\"sm\" data-start=\"716\" data-end=\"754\">250 x 772 x 176 mm<\/td>\n<\/tr>\n<tr data-start=\"755\" data-end=\"835\">\n<td data-start=\"755\" data-end=\"797\" data-col-size=\"sm\"><strong data-start=\"757\" data-end=\"765\">Peso do m\u00f3dulo<\/strong><\/td>\n<td data-col-size=\"sm\" data-start=\"797\" data-end=\"835\">33,5 kg<\/td>\n<\/tr>\n<tr data-start=\"836\" data-end=\"915\">\n<td data-start=\"836\" data-end=\"877\" data-col-size=\"sm\"><strong data-start=\"838\" data-end=\"866\">Dimens\u00f5es com embalagem<\/strong><\/td>\n<td data-col-size=\"sm\" data-start=\"877\" data-end=\"915\">790 x 372 x 264 mm<\/td>\n<\/tr>\n<tr data-start=\"916\" data-end=\"995\">\n<td data-start=\"916\" data-end=\"957\" data-col-size=\"sm\"><strong data-start=\"918\" data-end=\"939\">Peso com embalagem<\/strong><\/td>\n<td data-col-size=\"sm\" data-start=\"957\" data-end=\"995\">36,5 kg<\/td>\n<\/tr>\n<tr data-start=\"996\" data-end=\"1075\">\n<td data-start=\"996\" data-end=\"1037\" data-col-size=\"sm\"><strong data-start=\"998\" data-end=\"1028\">Interfaces de comunica\u00e7\u00e3o<\/strong><\/td>\n<td data-col-size=\"sm\" data-start=\"1037\" data-end=\"1075\">RS485<\/td>\n<\/tr>\n<tr data-start=\"1076\" data-end=\"1155\">\n<td data-start=\"1076\" data-end=\"1117\" data-col-size=\"sm\"><strong data-start=\"1078\" data-end=\"1101\">Grau de prote\u00e7\u00e3o<\/strong><\/td>\n<td data-col-size=\"sm\" data-start=\"1117\" data-end=\"1155\">IP65<\/td>\n<\/tr>\n<tr data-start=\"1156\" data-end=\"1235\">\n<td data-start=\"1156\" data-end=\"1197\" data-col-size=\"sm\"><strong data-start=\"1158\" data-end=\"1186\">Temperatura de funcionamento<\/strong><\/td>\n<td data-col-size=\"sm\" data-start=\"1197\" data-end=\"1235\">-20 a +55 \u00b0C<\/td>\n<\/tr>\n<tr data-start=\"1236\" data-end=\"1315\">\n<td data-start=\"1236\" data-end=\"1277\" data-col-size=\"sm\"><strong data-start=\"1238\" data-end=\"1256\">Altitude m\u00e1xima<\/strong><\/td>\n<td data-col-size=\"sm\" data-start=\"1277\" data-end=\"1315\">2.000 m<\/td>\n<\/tr>\n<tr data-start=\"1316\" data-end=\"1395\">\n<td data-start=\"1316\" data-end=\"1357\" data-col-size=\"sm\"><strong data-start=\"1318\" data-end=\"1333\">Instala\u00e7\u00e3o<\/strong><\/td>\n<td data-col-size=\"sm\" data-start=\"1357\" data-end=\"1395\">No interior ou no exterior, protegido da luz solar direta<\/td>\n<\/tr>\n<tr data-start=\"1396\" data-end=\"1475\">\n<td data-start=\"1396\" data-end=\"1437\" data-col-size=\"sm\"><strong data-start=\"1398\" data-end=\"1417\">Certifica\u00e7\u00f5es<\/strong><\/td>\n<td data-col-size=\"sm\" data-start=\"1437\" data-end=\"1475\">IEC62619, CE, VDE 2510-50, UN38.3<\/td>\n<\/tr>\n<tr data-start=\"1476\" data-end=\"1555\">\n<td data-start=\"1476\" data-end=\"1517\" data-col-size=\"sm\"><strong data-start=\"1478\" data-end=\"1490\">Garantia<\/strong><\/td>\n<td data-col-size=\"sm\" data-start=\"1517\" data-end=\"1555\">10 anos (como parte do sistema)<\/td>\n<\/tr>\n<\/tbody>\n<\/table>\n<\/div>\n<\/div>\n<p data-start=\"1562\" data-end=\"1839\" data-is-last-node=\"\" data-is-only-node=\"\">Este m\u00f3dulo \u00e9 utilizado em combina\u00e7\u00f5es de 2 a 5 unidades por torre para atingir capacidades de 6,3 a 15,8 kWh e \u00e9 compat\u00edvel com os inversores h\u00edbridos da Fronius (GEN24 Plus e Verto Plus).<\/p>\n<p><img decoding=\"async\" class=\"size-full wp-image-27927\" src=\"https:\/\/fvcomponentes.com\/wp-content\/uploads\/2025\/06\/Captura-de-pantalla-2025-06-27-151437.png\" alt=\"Bateria de l\u00edtio de reserva Fronius - 3,15kWh - 4.240.370\" width=\"1351\" height=\"715\" title=\"\"><\/p>\n<h2 data-start=\"1562\" data-end=\"1839\">Porqu\u00ea escolher a bateria de l\u00edtio Fronius Reserve?<\/h2>\n<p>Pela sua total integra\u00e7\u00e3o no ecossistema Fronius. A bateria Fronius Reserva foi especialmente concebida para se integrar na perfei\u00e7\u00e3o com os inversores h\u00edbridos Fronius GEN24 Plus e Verto Plus, bem como com o Smart Meter e a plataforma Solar.web. Isto oferece:<\/p>\n<ul>\n<li>Configura\u00e7\u00e3o simples e r\u00e1pida<\/li>\n<li>Monitoriza\u00e7\u00e3o nativa a partir de uma \u00fanica aplica\u00e7\u00e3o (sem solu\u00e7\u00f5es de terceiros)<\/li>\n<li>Menos incompatibilidades, erros ou necessidade de adaptadores externos<\/li>\n<\/ul>\n<h3 class=\"block-paso-tab__title h4\">Um fornecedor para todo o seu sistema energ\u00e9tico<\/h3>\n<div class=\"block-paso-tab__accordion c_tab__accordion\">\n<div class=\"c_tab__content-wrap\">\n<div class=\"block-paso-tab__content\">\n<div class=\"block-paso-tab__content prose\">\n<p>A bateria Fronius alarga a gama de produtos concebidos para trabalhar em conjunto numa solu\u00e7\u00e3o energ\u00e9tica sem precedentes. Para al\u00e9m do seu sistema solar e da bateria, est\u00e3o tamb\u00e9m dispon\u00edveis outros equipamentos, como o regulador de \u00e1gua quente Fronius Ohmpilot e o carregador de ve\u00edculos el\u00e9ctricos Wattpilot. Se j\u00e1 tem um inversor Fronius, esta bateria \u00e9 o complemento perfeito.<\/p>\n<\/div>\n<\/div>\n<\/div>\n<\/div>\n<h3 class=\"block-paso-tab__title h4\">Especifica\u00e7\u00f5es t\u00e9cnicas <strong data-start=\"199\" data-end=\"267\">Reserva do m\u00f3dulo de bateria de l\u00edtio da Fronius - 3,15 kWh - 4.240.370<\/strong><\/h3>\n<p><a href=\"https:\/\/fvcomponentes.com\/wp-content\/uploads\/2025\/06\/SE_DS_Fronius_Reserva_ES.pdf\" target=\"_blank\" rel=\"noopener\">Ver ficha de dados para M\u00f3dulo de bateria de l\u00edtio Fronius Reserva - 3,15kWh - 4.240.370<\/a><\/p>\n<\/div>\n<\/div>","protected":false},"excerpt":{"rendered":"<div>\n<p><strong>Requer <a href=\"https:\/\/fvcomponentes.com\/pt\/produto\/bms-e-base-para-bateria-de-litio-fronius-reserva-4240371\/\" target=\"_blank\" rel=\"noopener\">M\u00f3dulo BMS<\/a>. M\u00ednimo de 2 m\u00f3dulos de bateria por torre.<\/strong><\/p>\n<\/div>\n<div class=\"baywa-details-fields\"><strong><span class=\"baywa-details-label\">Tipo de bateria:<\/span><\/strong><span class=\"baywa-details-values\">\u00a0DC Alta tens\u00e3o<br \/>\n<\/span><strong><span class=\"baywa-details-label\">Prote\u00e7\u00e3o IP:<\/span><\/strong><span class=\"baywa-details-values\">\u00a0IP65<\/span><\/div>\n<div class=\"baywa-details-fields\"><strong><span class=\"baywa-details-label\">Comunica\u00e7\u00e3o: <\/span><\/strong><span class=\"baywa-details-values\">RS485 (Inv)<\/span><\/div>\n<div class=\"baywa-details-fields\"><strong><span class=\"baywa-details-label\">Energia nominal total (KWH)\u00a0<\/span><\/strong><span class=\"baywa-details-values\"> 3,15 kWh<br \/>\n<\/span><span class=\"baywa-details-label\"><strong>Energia \u00fatil (KWH)<\/strong>\u00a0<\/span><span class=\"baywa-details-values\"> 3,15 kWh<\/span><\/div>\n<div class=\"baywa-details-fields\"><strong><span class=\"baywa-details-label\">Escalabilidade\u00a0<\/span><\/strong><span class=\"baywa-details-values\"> Modular, paraleliz\u00e1vel<\/span><\/div>\n<div><\/div>\n<p>&nbsp;<\/p>\n<div class=\"baywa-details-fields\"><a href=\"https:\/\/fvcomponentes.com\/wp-content\/uploads\/2025\/06\/SE_DS_Fronius_Reserva_ES.pdf\" target=\"_blank\" rel=\"noopener\">Ficha t\u00e9cnica M\u00f3dulo de bateria de l\u00edtio Fronius Reserva - 3,15kWh - 4.240.370\u00a0<\/a><\/div>","protected":false},"featured_media":27934,"comment_status":"closed","ping_status":"closed","template":"","meta":{"site-sidebar-layout":"default","site-content-layout":"","ast-site-content-layout":"default","site-content-style":"default","site-sidebar-style":"default","ast-global-header-display":"","ast-banner-title-visibility":"","ast-main-header-display":"","ast-hfb-above-header-display":"","ast-hfb-below-header-display":"","ast-hfb-mobile-header-display":"","site-post-title":"","ast-breadcrumbs-content":"","ast-featured-img":"","footer-sml-layout":"","ast-disable-related-posts":"","theme-transparent-header-meta":"default","adv-header-id-meta":"","stick-header-meta":"","header-above-stick-meta":"","header-main-stick-meta":"","header-below-stick-meta":"","astra-migrate-meta-layouts":"set","ast-page-background-enabled":"default","ast-page-background-meta":{"desktop":{"background-color":"var(--ast-global-color-4)","background-image":"","background-repeat":"repeat","background-position":"center center","background-size":"auto","background-attachment":"scroll","background-type":"","background-media":"","overlay-type":"","overlay-color":"","overlay-opacity":"","overlay-gradient":""},"tablet":{"background-color":"","background-image":"","background-repeat":"repeat","background-position":"center center","background-size":"auto","background-attachment":"scroll","background-type":"","background-media":"","overlay-type":"","overlay-color":"","overlay-opacity":"","overlay-gradient":""},"mobile":{"background-color":"","background-image":"","background-repeat":"repeat","background-position":"center center","background-size":"auto","background-attachment":"scroll","background-type":"","background-media":"","overlay-type":"","overlay-color":"","overlay-opacity":"","overlay-gradient":""}},"ast-content-background-meta":{"desktop":{"background-color":"var(--ast-global-color-5)","background-image":"","background-repeat":"repeat","background-position":"center center","background-size":"auto","background-attachment":"scroll","background-type":"","background-media":"","overlay-type":"","overlay-color":"","overlay-opacity":"","overlay-gradient":""},"tablet":{"background-color":"var(--ast-global-color-5)","background-image":"","background-repeat":"repeat","background-position":"center center","background-size":"auto","background-attachment":"scroll","background-type":"","background-media":"","overlay-type":"","overlay-color":"","overlay-opacity":"","overlay-gradient":""},"mobile":{"background-color":"var(--ast-global-color-5)","background-image":"","background-repeat":"repeat","background-position":"center center","background-size":"auto","background-attachment":"scroll","background-type":"","background-media":"","overlay-type":"","overlay-color":"","overlay-opacity":"","overlay-gradient":""}}},"pwb-brand":[344],"product_brand":[],"product_cat":[340,379],"product_tag":[],"class_list":{"0":"post-27921","1":"product","2":"type-product","3":"status-publish","4":"has-post-thumbnail","6":"pwb-brand-fronius","7":"product_cat-baterias","8":"product_cat-baterias-de-litio-de-alto-voltaje","9":"desktop-align-left","10":"tablet-align-left","11":"mobile-align-left","12":"ast-product-gallery-layout-horizontal-slider","13":"ast-product-tabs-layout-horizontal","15":"first","16":"instock","17":"taxable","18":"shipping-taxable","19":"purchasable","20":"product-type-simple"},"wcpa_form_fields":null,"brands":[{"id":344,"name":"Inversores Fronius","slug":"frontais"}],"_links":{"self":[{"href":"https:\/\/fvcomponentes.com\/pt\/wp-json\/wp\/v2\/product\/27921","targetHints":{"allow":["GET"]}}],"collection":[{"href":"https:\/\/fvcomponentes.com\/pt\/wp-json\/wp\/v2\/product"}],"about":[{"href":"https:\/\/fvcomponentes.com\/pt\/wp-json\/wp\/v2\/types\/product"}],"replies":[{"embeddable":true,"href":"https:\/\/fvcomponentes.com\/pt\/wp-json\/wp\/v2\/comments?post=27921"}],"wp:featuredmedia":[{"embeddable":true,"href":"https:\/\/fvcomponentes.com\/pt\/wp-json\/wp\/v2\/media\/27934"}],"wp:attachment":[{"href":"https:\/\/fvcomponentes.com\/pt\/wp-json\/wp\/v2\/media?parent=27921"}],"wp:term":[{"taxonomy":"pwb-brand","embeddable":true,"href":"https:\/\/fvcomponentes.com\/pt\/wp-json\/wp\/v2\/pwb-brand?post=27921"},{"taxonomy":"product_brand","embeddable":true,"href":"https:\/\/fvcomponentes.com\/pt\/wp-json\/wp\/v2\/product_brand?post=27921"},{"taxonomy":"product_cat","embeddable":true,"href":"https:\/\/fvcomponentes.com\/pt\/wp-json\/wp\/v2\/product_cat?post=27921"},{"taxonomy":"product_tag","embeddable":true,"href":"https:\/\/fvcomponentes.com\/pt\/wp-json\/wp\/v2\/product_tag?post=27921"}],"curies":[{"name":"wp","href":"https:\/\/api.w.org\/{rel}","templated":true}]}}