{"id":27633,"date":"2025-07-08T08:17:10","date_gmt":"2025-07-08T06:17:10","guid":{"rendered":"https:\/\/fvcomponentes.com\/?post_type=product&#038;p=27633"},"modified":"2026-01-15T10:04:18","modified_gmt":"2026-01-15T09:04:18","slug":"victron-mega-fuse-500a-80v-cip138500020-victron-mega-fuse-500a-80v-ceramic-fuse-cip138500020","status":"publish","type":"product","link":"https:\/\/fvcomponentes.com\/pt\/producto\/fusible-ceramico-victron-mega-fuse-500a-80v-cip138500020\/","title":{"rendered":"Fus\u00edvel cer\u00e2mico MEGA-fus\u00edvel Victron 500A\/80V (5 unidades) - CIP138500020"},"content":{"rendered":"<h2>Fus\u00edvel de cer\u00e2mica Victron MEGA-fuse 500A\/80V<\/h2>\n<ul>\n<li>O fus\u00edvel cer\u00e2mico Victron MEGA-fuse 500A\/80V - CIP138500020 \u00e9 um fus\u00edvel cer\u00e2mico com terminais M8, concebido para sistemas fotovoltaicos com uma tens\u00e3o at\u00e9 48V e uma corrente m\u00e1xima de 500A.<\/li>\n<li>\u00c9 um fus\u00edvel de cer\u00e2mica de qualidade, essencial numa instala\u00e7\u00e3o el\u00e9ctrica segura.<\/li>\n<li>Para garantir um funcionamento seguro, \u00e9 importante respeitar o intervalo de tens\u00e3o especificado.<\/li>\n<li>Para utiliza\u00e7\u00e3o <a href=\"https:\/\/fvcomponentes.com\/pt\/produto\/suporte-de-fusiveis-suporte-de-fusiveis-de-6-vias-para-mega-fusivel-cip050060000\/\" target=\"_blank\" rel=\"noopener\">Porta-fus\u00edveis Victron Porta-fus\u00edveis de 6 vias para Mega Fus\u00edvel - CIP050060000<\/a><\/li>\n<li>Compat\u00edvel com <a href=\"https:\/\/fvcomponentes.com\/pt\/produto\/suporte-de-fusivel-para-mega-fusivel-victron-cip000100001\/\" target=\"_blank\" rel=\"noopener\">Porta-fus\u00edveis Porta-fus\u00edveis para MEGA-fus\u00edveis Victron - CIP000100001<\/a><\/li>\n<li>O pacote inclui <strong>5 unidades<\/strong>.<\/li>\n<\/ul>\n<h2>Victron MEGA-fuse Fus\u00edvel cer\u00e2mico 500A\/80V CIP138500020 Ficha t\u00e9cnica<\/h2>\n<p><a href=\"https:\/\/fvcomponentes.com\/wp-content\/uploads\/2025\/06\/Datasheet-Midi-Mega-and-ANL-fuses-and-fuse-holders-EN-.pdf\" target=\"_blank\" rel=\"noopener\">Ver ficha t\u00e9cnica do fus\u00edvel cer\u00e2mico MEGA-fuse 500A\/80V da Victron<\/a><\/p>","protected":false},"excerpt":{"rendered":"<ul>\n<li class=\"ai-optimize-30\"><strong>O pacote inclui<\/strong>: 5 unidades<\/li>\n<li class=\"ai-optimize-28\"><strong>Amperagem<\/strong> : 200A<\/li>\n<li class=\"ai-optimize-29\"><strong>Tens\u00e3o<\/strong> : 80V<\/li>\n<li class=\"ai-optimize-30\"><strong>Queda de tens\u00e3o<\/strong>: 80mV<\/li>\n<li class=\"ai-optimize-31\"><strong>Imped\u00e2ncia<\/strong>: 0,106m\u03a9<\/li>\n<\/ul>\n<p class=\"ai-optimize-32\">A fotografia do produto tem um car\u00e1cter meramente ilustrativo e pode n\u00e3o corresponder ao produto real.<\/p>","protected":false},"featured_media":27634,"comment_status":"closed","ping_status":"closed","template":"","meta":{"site-sidebar-layout":"default","site-content-layout":"","ast-site-content-layout":"default","site-content-style":"default","site-sidebar-style":"default","ast-global-header-display":"","ast-banner-title-visibility":"","ast-main-header-display":"","ast-hfb-above-header-display":"","ast-hfb-below-header-display":"","ast-hfb-mobile-header-display":"","site-post-title":"","ast-breadcrumbs-content":"","ast-featured-img":"","footer-sml-layout":"","ast-disable-related-posts":"","theme-transparent-header-meta":"default","adv-header-id-meta":"","stick-header-meta":"","header-above-stick-meta":"","header-main-stick-meta":"","header-below-stick-meta":"","astra-migrate-meta-layouts":"set","ast-page-background-enabled":"default","ast-page-background-meta":{"desktop":{"background-color":"var(--ast-global-color-4)","background-image":"","background-repeat":"repeat","background-position":"center center","background-size":"auto","background-attachment":"scroll","background-type":"","background-media":"","overlay-type":"","overlay-color":"","overlay-opacity":"","overlay-gradient":""},"tablet":{"background-color":"","background-image":"","background-repeat":"repeat","background-position":"center center","background-size":"auto","background-attachment":"scroll","background-type":"","background-media":"","overlay-type":"","overlay-color":"","overlay-opacity":"","overlay-gradient":""},"mobile":{"background-color":"","background-image":"","background-repeat":"repeat","background-position":"center center","background-size":"auto","background-attachment":"scroll","background-type":"","background-media":"","overlay-type":"","overlay-color":"","overlay-opacity":"","overlay-gradient":""}},"ast-content-background-meta":{"desktop":{"background-color":"var(--ast-global-color-5)","background-image":"","background-repeat":"repeat","background-position":"center center","background-size":"auto","background-attachment":"scroll","background-type":"","background-media":"","overlay-type":"","overlay-color":"","overlay-opacity":"","overlay-gradient":""},"tablet":{"background-color":"var(--ast-global-color-5)","background-image":"","background-repeat":"repeat","background-position":"center center","background-size":"auto","background-attachment":"scroll","background-type":"","background-media":"","overlay-type":"","overlay-color":"","overlay-opacity":"","overlay-gradient":""},"mobile":{"background-color":"var(--ast-global-color-5)","background-image":"","background-repeat":"repeat","background-position":"center center","background-size":"auto","background-attachment":"scroll","background-type":"","background-media":"","overlay-type":"","overlay-color":"","overlay-opacity":"","overlay-gradient":""}}},"pwb-brand":[332],"product_brand":[],"product_cat":[862,992,410],"product_tag":[],"class_list":{"0":"post-27633","1":"product","2":"type-product","3":"status-publish","4":"has-post-thumbnail","6":"pwb-brand-victron","7":"product_cat-fusibles","8":"product_cat-fusibles-mega","9":"product_cat-material-electrico","10":"desktop-align-left","11":"tablet-align-left","12":"mobile-align-left","13":"ast-product-gallery-layout-horizontal-slider","14":"ast-product-tabs-layout-horizontal","16":"first","17":"instock","18":"taxable","19":"shipping-taxable","20":"purchasable","21":"product-type-simple"},"wcpa_form_fields":null,"brands":[{"id":332,"name":"Victron Energia","slug":"victron"}],"_links":{"self":[{"href":"https:\/\/fvcomponentes.com\/pt\/wp-json\/wp\/v2\/product\/27633","targetHints":{"allow":["GET"]}}],"collection":[{"href":"https:\/\/fvcomponentes.com\/pt\/wp-json\/wp\/v2\/product"}],"about":[{"href":"https:\/\/fvcomponentes.com\/pt\/wp-json\/wp\/v2\/types\/product"}],"replies":[{"embeddable":true,"href":"https:\/\/fvcomponentes.com\/pt\/wp-json\/wp\/v2\/comments?post=27633"}],"wp:featuredmedia":[{"embeddable":true,"href":"https:\/\/fvcomponentes.com\/pt\/wp-json\/wp\/v2\/media\/27634"}],"wp:attachment":[{"href":"https:\/\/fvcomponentes.com\/pt\/wp-json\/wp\/v2\/media?parent=27633"}],"wp:term":[{"taxonomy":"pwb-brand","embeddable":true,"href":"https:\/\/fvcomponentes.com\/pt\/wp-json\/wp\/v2\/pwb-brand?post=27633"},{"taxonomy":"product_brand","embeddable":true,"href":"https:\/\/fvcomponentes.com\/pt\/wp-json\/wp\/v2\/product_brand?post=27633"},{"taxonomy":"product_cat","embeddable":true,"href":"https:\/\/fvcomponentes.com\/pt\/wp-json\/wp\/v2\/product_cat?post=27633"},{"taxonomy":"product_tag","embeddable":true,"href":"https:\/\/fvcomponentes.com\/pt\/wp-json\/wp\/v2\/product_tag?post=27633"}],"curies":[{"name":"wp","href":"https:\/\/api.w.org\/{rel}","templated":true}]}}