{"id":27598,"date":"2025-07-08T08:19:21","date_gmt":"2025-07-08T06:19:21","guid":{"rendered":"https:\/\/fvcomponentes.com\/?post_type=product&#038;p=27598"},"modified":"2026-01-21T09:03:27","modified_gmt":"2026-01-21T08:03:27","slug":"fusivel-victron-midi-fusivel-60a-58v-m6-cip134060020","status":"publish","type":"product","link":"https:\/\/fvcomponentes.com\/pt\/producto\/fusible-victron-midi-fuse-60a-58v-m6-cip134060020\/","title":{"rendered":"Fus\u00edvel Victron MIDI-fus\u00edvel 60A\/58V M6 - CIP134060020"},"content":{"rendered":"<h2>Fus\u00edvel Victron MIDI-fus\u00edvel 60A\/58V M6 - CIP134060020<\/h2>\n<ul>\n<li>O fus\u00edvel Victron MIDI 60A\/58V M6 - CIP134060020 foi concebido para sistemas fotovoltaicos com uma tens\u00e3o at\u00e9 48V e uma corrente m\u00e1xima de 60A.<\/li>\n<li>Trata-se de um fus\u00edvel de qualidade, essencial para uma instala\u00e7\u00e3o el\u00e9ctrica segura.<\/li>\n<li>Para garantir um funcionamento seguro, \u00e9 importante respeitar o intervalo de tens\u00e3o especificado.<\/li>\n<li>Para utiliza\u00e7\u00e3o em conjunto com<a href=\"https:\/\/fvcomponentes.com\/pt\/produto\/suporte-de-fusiveis-victron-suporte-de-fusiveis-midi-cip000050001\/\" target=\"_blank\" rel=\"noopener\">\u00a0Suporte de fus\u00edveis MIDI Suporte de fus\u00edveis Victron - CIP000050001<\/a>.<\/li>\n<li>O pacote inclui <strong>5 unidades<\/strong><\/li>\n<\/ul>\n<h2>Ficha t\u00e9cnica Victron MIDI-fuse 60A\/58V M6 Fus\u00edvel - CIP134060020<\/h2>\n<p><a href=\"https:\/\/fvcomponentes.com\/wp-content\/uploads\/2025\/06\/Datasheet-Midi-Mega-and-ANL-fuses-and-fuse-holders-EN-.pdf\" target=\"_blank\" rel=\"noopener\">Ver ficha t\u00e9cnica Victron MIDI-fuse 60A\/58V M6 - CIP134060020<\/a><\/p>","protected":false},"excerpt":{"rendered":"<ul>\n<li><strong>O pacote inclui<\/strong>: 5 unidades<\/li>\n<li class=\"ai-optimize-28\"><strong>Amperagem<\/strong> : 60A<\/li>\n<li class=\"ai-optimize-29\"><strong>Tens\u00e3o<\/strong> : 58V<\/li>\n<li class=\"ai-optimize-30\"><strong>Queda de tens\u00e3o<\/strong>: 70 mV<\/li>\n<li class=\"ai-optimize-31\"><strong>Resist\u00eancia ao frio<\/strong>: 0,9 m\u03a9<\/li>\n<\/ul>\n<p class=\"ai-optimize-32\">A fotografia do produto tem um car\u00e1cter meramente ilustrativo e pode n\u00e3o corresponder ao produto real.<\/p>","protected":false},"featured_media":27599,"comment_status":"closed","ping_status":"closed","template":"","meta":{"site-sidebar-layout":"default","site-content-layout":"","ast-site-content-layout":"default","site-content-style":"default","site-sidebar-style":"default","ast-global-header-display":"","ast-banner-title-visibility":"","ast-main-header-display":"","ast-hfb-above-header-display":"","ast-hfb-below-header-display":"","ast-hfb-mobile-header-display":"","site-post-title":"","ast-breadcrumbs-content":"","ast-featured-img":"","footer-sml-layout":"","ast-disable-related-posts":"","theme-transparent-header-meta":"default","adv-header-id-meta":"","stick-header-meta":"","header-above-stick-meta":"","header-main-stick-meta":"","header-below-stick-meta":"","astra-migrate-meta-layouts":"set","ast-page-background-enabled":"default","ast-page-background-meta":{"desktop":{"background-color":"var(--ast-global-color-4)","background-image":"","background-repeat":"repeat","background-position":"center center","background-size":"auto","background-attachment":"scroll","background-type":"","background-media":"","overlay-type":"","overlay-color":"","overlay-opacity":"","overlay-gradient":""},"tablet":{"background-color":"","background-image":"","background-repeat":"repeat","background-position":"center center","background-size":"auto","background-attachment":"scroll","background-type":"","background-media":"","overlay-type":"","overlay-color":"","overlay-opacity":"","overlay-gradient":""},"mobile":{"background-color":"","background-image":"","background-repeat":"repeat","background-position":"center center","background-size":"auto","background-attachment":"scroll","background-type":"","background-media":"","overlay-type":"","overlay-color":"","overlay-opacity":"","overlay-gradient":""}},"ast-content-background-meta":{"desktop":{"background-color":"var(--ast-global-color-5)","background-image":"","background-repeat":"repeat","background-position":"center center","background-size":"auto","background-attachment":"scroll","background-type":"","background-media":"","overlay-type":"","overlay-color":"","overlay-opacity":"","overlay-gradient":""},"tablet":{"background-color":"var(--ast-global-color-5)","background-image":"","background-repeat":"repeat","background-position":"center center","background-size":"auto","background-attachment":"scroll","background-type":"","background-media":"","overlay-type":"","overlay-color":"","overlay-opacity":"","overlay-gradient":""},"mobile":{"background-color":"var(--ast-global-color-5)","background-image":"","background-repeat":"repeat","background-position":"center center","background-size":"auto","background-attachment":"scroll","background-type":"","background-media":"","overlay-type":"","overlay-color":"","overlay-opacity":"","overlay-gradient":""}}},"pwb-brand":[332],"product_brand":[],"product_cat":[862,994],"product_tag":[],"class_list":{"0":"post-27598","1":"product","2":"type-product","3":"status-publish","4":"has-post-thumbnail","6":"pwb-brand-victron","7":"product_cat-fusibles","8":"product_cat-fusibles-midi","9":"desktop-align-left","10":"tablet-align-left","11":"mobile-align-left","12":"ast-product-gallery-layout-horizontal-slider","13":"ast-product-tabs-layout-horizontal","15":"first","16":"instock","17":"taxable","18":"shipping-taxable","19":"purchasable","20":"product-type-simple"},"wcpa_form_fields":null,"brands":[{"id":332,"name":"Victron Energia","slug":"victron"}],"_links":{"self":[{"href":"https:\/\/fvcomponentes.com\/pt\/wp-json\/wp\/v2\/product\/27598","targetHints":{"allow":["GET"]}}],"collection":[{"href":"https:\/\/fvcomponentes.com\/pt\/wp-json\/wp\/v2\/product"}],"about":[{"href":"https:\/\/fvcomponentes.com\/pt\/wp-json\/wp\/v2\/types\/product"}],"replies":[{"embeddable":true,"href":"https:\/\/fvcomponentes.com\/pt\/wp-json\/wp\/v2\/comments?post=27598"}],"wp:featuredmedia":[{"embeddable":true,"href":"https:\/\/fvcomponentes.com\/pt\/wp-json\/wp\/v2\/media\/27599"}],"wp:attachment":[{"href":"https:\/\/fvcomponentes.com\/pt\/wp-json\/wp\/v2\/media?parent=27598"}],"wp:term":[{"taxonomy":"pwb-brand","embeddable":true,"href":"https:\/\/fvcomponentes.com\/pt\/wp-json\/wp\/v2\/pwb-brand?post=27598"},{"taxonomy":"product_brand","embeddable":true,"href":"https:\/\/fvcomponentes.com\/pt\/wp-json\/wp\/v2\/product_brand?post=27598"},{"taxonomy":"product_cat","embeddable":true,"href":"https:\/\/fvcomponentes.com\/pt\/wp-json\/wp\/v2\/product_cat?post=27598"},{"taxonomy":"product_tag","embeddable":true,"href":"https:\/\/fvcomponentes.com\/pt\/wp-json\/wp\/v2\/product_tag?post=27598"}],"curies":[{"name":"wp","href":"https:\/\/api.w.org\/{rel}","templated":true}]}}