{"id":23358,"date":"2025-02-20T13:43:38","date_gmt":"2025-02-20T12:43:38","guid":{"rendered":"https:\/\/fvcomponentes.com\/?post_type=product&#038;p=23358"},"modified":"2026-04-04T12:52:14","modified_gmt":"2026-04-04T10:52:14","slug":"inversor-24v-victron-phoenix-24v-5000va-smart-pin242501000","status":"publish","type":"product","link":"https:\/\/fvcomponentes.com\/pt\/producto\/inversor-24v-victron-phoenix-24v-5000va-smart-pin242501000\/","title":{"rendered":"Inversor 24V Victron Phoenix 24V 5000VA Inteligente - PIN242501000"},"content":{"rendered":"<h2>Carater\u00edsticas do Inversor 24V Phoenix 24V 5000VA Smart da Victron - PIN242501000<\/h2>\n<p><strong>Controlo a partir de um smartphone ou tablet<\/strong><br \/>\nGra\u00e7as ao Bluetooth integrado no inversor Victron Phoenix 24V 5000VA Smart 24V, pode facilmente configurar e monitorizar o inversor a partir do seu dispositivo m\u00f3vel.<\/p>\n<p><strong>Destaques das fun\u00e7\u00f5es<\/strong><\/p>\n<ul>\n<li>Alarme de baixa tens\u00e3o para proteger a bateria.<\/li>\n<li>A desconex\u00e3o e o rein\u00edcio da baixa tens\u00e3o podem ser ajustados de acordo com a carga.<\/li>\n<li>Tens\u00e3o de sa\u00edda: 210 - 245 V<\/li>\n<li>Frequ\u00eancia: 50\/60 Hz.<\/li>\n<li>Modo ECO inteligente, que optimiza o consumo reduzindo a carga.<\/li>\n<li>Rel\u00e9 de alarme para uma monitoriza\u00e7\u00e3o mais precisa.<\/li>\n<li>Monitoriza\u00e7\u00e3o em tempo real: entrada, sa\u00edda, carregamento e alarmes.<\/li>\n<\/ul>\n<p><strong>Conectividade e controlo avan\u00e7ado<\/strong><\/p>\n<ul>\n<li>Porta VE.Diret: liga o inversor a um computador para configura\u00e7\u00e3o e monitoriza\u00e7\u00e3o (requer um cabo de interface VE.Diret).<\/li>\n<li>Este inversor victron 5000w 24v incorpora um interrutor remoto On\/Off, compat\u00edvel com rel\u00e9s ou liga\u00e7\u00f5es diretas \u00e0 bateria.<\/li>\n<\/ul>\n<p><strong>Fiabilidade e elevado desempenho<\/strong><\/p>\n<ul>\n<li>Este inversor victron 24v 5000w tem uma pot\u00eancia de arranque elevada, ideal para l\u00e2mpadas LED, ferramentas el\u00e9ctricas e muito mais.<\/li>\n<li>Prote\u00e7\u00e3o total: \u00e9 resistente aos curto-circuitos e ao sobreaquecimento.<\/li>\n<li>Diagn\u00f3stico por LED para uma r\u00e1pida identifica\u00e7\u00e3o do estado e de poss\u00edveis alertas.<\/li>\n<\/ul>\n<p><strong>Comuta\u00e7\u00e3o sem falhas<\/strong><\/p>\n<p>Para uma transi\u00e7\u00e3o suave entre fontes de energia, pode ser integrado o interrutor de transfer\u00eancia autom\u00e1tica Filax (tempo de resposta inferior a 20 ms) ou um MultiPlus com interrutor incorporado, assegurando que o equipamento sens\u00edvel, como os computadores, continua a funcionar sem interrup\u00e7\u00f5es.<\/p>\n<p>Fiabilidade comprovada: tecnologia com transformador toroidal e ponte completa, garantindo anos de funcionamento seguro.<\/p>\n<h2>Especifica\u00e7\u00f5es Victron Phoenix 24V 5000VA Smart<\/h2>\n<ul>\n<li><strong>Gama de tens\u00e3o de entrada:<\/strong> 18.6 - 34 V<\/li>\n<li><strong>Sa\u00edda Tens\u00e3o de sa\u00edda:<\/strong> 230 VAC \u00b1 2 % 50 Hz ou 60 Hz \u00b1 0,1 % (1 )<\/li>\n<li><strong>Pot\u00eancia cont. de sa\u00edda a 25 \u00baC:<\/strong> 5000 VA<\/li>\n<li><strong>Pot\u00eancia cont. de sa\u00edda a 25 \u00baC:<\/strong> 4000 W<\/li>\n<li><strong>Pot\u00eancia cont. de sa\u00edda a 40 \u00baC:<\/strong> 3700 W<\/li>\n<li><strong>Pot\u00eancia cont. de sa\u00edda a 65 \u00baC:<\/strong> 2800 W<\/li>\n<li><strong>Pot\u00eancia de pico:<\/strong> 10000 W<\/li>\n<li><strong>Efici\u00eancia m\u00e1xima<\/strong> 95%<\/li>\n<li><strong>Consumo em vazio:<\/strong> 18W<\/li>\n<li><strong>Consumo em vazio no modo ECO:<\/strong> 2,2W<\/li>\n<li><strong>Rel\u00e9 program\u00e1vel<\/strong><\/li>\n<li><strong>Pot\u00eancia de arranque\/paragem do modo ECO:<\/strong> ajust\u00e1vel<\/li>\n<li><strong>Prote\u00e7\u00e3o:<\/strong> a-g<\/li>\n<li><strong>Comunica\u00e7\u00e3o sem fios atrav\u00e9s de Bluetooth:<\/strong> Para monitoriza\u00e7\u00e3o remota e integra\u00e7\u00e3o de sistemas<\/li>\n<li><strong>Porta de comunica\u00e7\u00e3o direta VE:<\/strong> Para monitoriza\u00e7\u00e3o remota e integra\u00e7\u00e3o de sistemas<\/li>\n<li><strong>Ligar\/desligar remotamente:<\/strong> Sim<\/li>\n<li><strong>Temperatura de funcionamento:<\/strong> -40 a +65\u00baC (arrefecimento por ventoinha)<\/li>\n<li><strong>Humidade (sem condensa\u00e7\u00e3o) m\u00e1x:<\/strong> 95%<\/li>\n<li><strong>Material e cor:<\/strong> a\u00e7o (azul RAL 5012; e preto RAL 9017)<\/li>\n<li><strong>Categoria de prote\u00e7\u00e3o:<\/strong> IP 21<\/li>\n<li><strong>Liga\u00e7\u00e3o da bateria:<\/strong> 2+2 parafusos M8<\/li>\n<li><strong>Liga\u00e7\u00e3o de 230 VAC:<\/strong> Terminais de parafuso<\/li>\n<li><strong>Peso:<\/strong> 29Kg<\/li>\n<li><strong>Dimens\u00f5es:<\/strong> 595 x 295 x 160 mm<\/li>\n<li>N\u00e3o \u00e9 permitida a liga\u00e7\u00e3o em paralelo ou trif\u00e1sica.<\/li>\n<\/ul>\n<h2>Instala\u00e7\u00e3o do Inversor Victron 24v 5000w<\/h2>\n<p><strong>Localiza\u00e7\u00e3o do inversor 24v 220v<\/strong><\/p>\n<ul>\n<li>Evitar o contacto com a \u00e1gua. N\u00e3o exponha o inversor \u00e0 chuva ou \u00e0 humidade.<\/li>\n<li>A instala\u00e7\u00e3o deve ser efectuada num local seco e bem ventilado.<\/li>\n<li>O inversor victron 5000w 24v deve ser colocado numa superf\u00edcie plana.<\/li>\n<li>Instale o mais pr\u00f3ximo poss\u00edvel das baterias, mas nunca diretamente sobre elas.\n<ul>\n<li>A dist\u00e2ncia entre o produto e a bateria deve ser t\u00e3o curta quanto poss\u00edvel para minimizar a perda de tens\u00e3o nos cabos.<\/li>\n<\/ul>\n<\/li>\n<li>Deve ser deixado um espa\u00e7o de pelo menos 10 cm \u00e0 volta do aparelho para o arrefecimento.<\/li>\n<li>Se o inversor victron 24v 5000w ficar demasiado quente, desliga-se. Quando o inversor atingir um n\u00edvel de temperatura seguro, a unidade reiniciar-se-\u00e1 automaticamente.<\/li>\n<li>N\u00e3o colocar a unidade sob a luz solar direta. A temperatura ambiente deve estar entre -20\u00b0C e 40\u00b0C (humidade &lt; 95 % sem condensa\u00e7\u00e3o).<\/li>\n<\/ul>\n<p><strong>Liga\u00e7\u00e3o da bateria<\/strong><\/p>\n<p>Devem ser utilizadas baterias com capacidade suficiente e cabos de bateria com uma sec\u00e7\u00e3o transversal adequada. N\u00e3o existe um fus\u00edvel de seguran\u00e7a no interior do inversor, pelo que deve ser instalado um fus\u00edvel de seguran\u00e7a externo.<\/p>\n<ul>\n<li>Sec\u00e7\u00e3o transversal do cabo recomendada em fun\u00e7\u00e3o do comprimento:\n<ul>\n<li>0-5 m: 1 x 90 mm\u00b2 0-5 m: 1 x 90 mm\u00b2 0-5 m: 1 x 90 mm\u00b2 0-5 m: 1 x 90 mm<\/li>\n<li>5-10 m: 2 x 95 mm\u00b2 (2 x 95 mm\u00b2)\n<ul>\n<li>Um cabo deve ser dimensionado para suportar a corrente nominal do fus\u00edvel sem sobreaquecimento.<\/li>\n<\/ul>\n<\/li>\n<li>Classifica\u00e7\u00e3o do fus\u00edvel necess\u00e1ria para o inversor victron 5000w 24v: 400A<\/li>\n<li>Capacidade da bateria: 300 - 1500 Ah<\/li>\n<\/ul>\n<\/li>\n<\/ul>\n<p>Ligue os cabos da bateria da seguinte forma:<\/p>\n<ul>\n<li>Tenha em aten\u00e7\u00e3o que uma liga\u00e7\u00e3o de polaridade inversa (+ para - e - para +) pode danificar o inversor.<\/li>\n<li>Ligue os cabos da bateria aos p\u00f3los + (vermelho) e - (preto) da bateria.<\/li>\n<li>Aperte bem as liga\u00e7\u00f5es da bateria, sendo recomendado um bin\u00e1rio m\u00e1ximo de 11 Nm.<\/li>\n<\/ul>\n<p><strong>Liga\u00e7\u00e3o do painel solar<\/strong><\/p>\n<ul>\n<li>Tenha em aten\u00e7\u00e3o que a liga\u00e7\u00e3o de polaridade inversa dos cabos do painel solar pode danificar o inversor.<\/li>\n<li>Ligue os fios do painel solar aos terminais PV positivo (vermelho) e negativo (preto).<\/li>\n<li>Fixe bem as liga\u00e7\u00f5es PV. Uma liga\u00e7\u00e3o apertada reduzir\u00e1 a resist\u00eancia de contacto tanto quanto poss\u00edvel.<\/li>\n<\/ul>\n<h2>Ficha t\u00e9cnica e manual Inversor 24V Victron Phoenix 24V 5000VA Smart - PIN242501000<\/h2>\n<p><a href=\"https:\/\/fvcomponentes.com\/wp-content\/uploads\/2021\/08\/Datasheet-Phoenix-Inverter-Smart-1600VA-5000VA-ES.pdf\" target=\"_blank\" rel=\"noopener\">Ver a ficha t\u00e9cnica do Inversor 24V Phoenix 24V 5000VA Smart da Victron - PIN242501000<\/a><\/p>\n<p><a href=\"https:\/\/fvcomponentes.com\/wp-content\/uploads\/2025\/02\/Manual-inversor-smart-Victron.pdf\" target=\"_blank\" rel=\"noopener\">Veja o manual do inversor Victron Phoenix 24V 24V 5000VA Smart - PIN242501000<\/a><\/p>","protected":false},"excerpt":{"rendered":"<ul class=\"specification\">\n<li><strong>Tens\u00e3o:<\/strong> 24V<\/li>\n<li><strong>Pot\u00eancia de sa\u00edda cont\u00ednua:<\/strong> 5000VA<\/li>\n<li><strong>Pot\u00eancia de pico:<\/strong> 10000W<\/li>\n<li><strong>Peso: <\/strong>29 kg<\/li>\n<li><strong>Dimens\u00f5es: <\/strong>595 x 295 x 160 mm<\/li>\n<\/ul>\n<p>&nbsp;<\/p>","protected":false},"featured_media":23360,"comment_status":"open","ping_status":"closed","template":"","meta":{"site-sidebar-layout":"default","site-content-layout":"","ast-site-content-layout":"default","site-content-style":"default","site-sidebar-style":"default","ast-global-header-display":"","ast-banner-title-visibility":"","ast-main-header-display":"","ast-hfb-above-header-display":"","ast-hfb-below-header-display":"","ast-hfb-mobile-header-display":"","site-post-title":"","ast-breadcrumbs-content":"","ast-featured-img":"","footer-sml-layout":"","ast-disable-related-posts":"","theme-transparent-header-meta":"default","adv-header-id-meta":"","stick-header-meta":"","header-above-stick-meta":"","header-main-stick-meta":"","header-below-stick-meta":"","astra-migrate-meta-layouts":"set","ast-page-background-enabled":"default","ast-page-background-meta":{"desktop":{"background-color":"var(--ast-global-color-4)","background-image":"","background-repeat":"repeat","background-position":"center center","background-size":"auto","background-attachment":"scroll","background-type":"","background-media":"","overlay-type":"","overlay-color":"","overlay-opacity":"","overlay-gradient":""},"tablet":{"background-color":"","background-image":"","background-repeat":"repeat","background-position":"center center","background-size":"auto","background-attachment":"scroll","background-type":"","background-media":"","overlay-type":"","overlay-color":"","overlay-opacity":"","overlay-gradient":""},"mobile":{"background-color":"","background-image":"","background-repeat":"repeat","background-position":"center center","background-size":"auto","background-attachment":"scroll","background-type":"","background-media":"","overlay-type":"","overlay-color":"","overlay-opacity":"","overlay-gradient":""}},"ast-content-background-meta":{"desktop":{"background-color":"var(--ast-global-color-5)","background-image":"","background-repeat":"repeat","background-position":"center center","background-size":"auto","background-attachment":"scroll","background-type":"","background-media":"","overlay-type":"","overlay-color":"","overlay-opacity":"","overlay-gradient":""},"tablet":{"background-color":"var(--ast-global-color-5)","background-image":"","background-repeat":"repeat","background-position":"center center","background-size":"auto","background-attachment":"scroll","background-type":"","background-media":"","overlay-type":"","overlay-color":"","overlay-opacity":"","overlay-gradient":""},"mobile":{"background-color":"var(--ast-global-color-5)","background-image":"","background-repeat":"repeat","background-position":"center center","background-size":"auto","background-attachment":"scroll","background-type":"","background-media":"","overlay-type":"","overlay-color":"","overlay-opacity":"","overlay-gradient":""}}},"pwb-brand":[332],"product_brand":[],"product_cat":[367,333],"product_tag":[],"class_list":{"0":"post-23358","1":"product","2":"type-product","3":"status-publish","4":"has-post-thumbnail","6":"pwb-brand-victron","7":"product_cat-inversores-24-v","8":"product_cat-inversores","9":"desktop-align-left","10":"tablet-align-left","11":"mobile-align-left","12":"ast-product-gallery-layout-horizontal-slider","13":"ast-product-tabs-layout-horizontal","15":"first","16":"instock","17":"taxable","18":"shipping-taxable","19":"purchasable","20":"product-type-simple"},"wcpa_form_fields":null,"brands":[{"id":332,"name":"Victron Energia","slug":"victron"}],"_links":{"self":[{"href":"https:\/\/fvcomponentes.com\/pt\/wp-json\/wp\/v2\/product\/23358","targetHints":{"allow":["GET"]}}],"collection":[{"href":"https:\/\/fvcomponentes.com\/pt\/wp-json\/wp\/v2\/product"}],"about":[{"href":"https:\/\/fvcomponentes.com\/pt\/wp-json\/wp\/v2\/types\/product"}],"replies":[{"embeddable":true,"href":"https:\/\/fvcomponentes.com\/pt\/wp-json\/wp\/v2\/comments?post=23358"}],"wp:featuredmedia":[{"embeddable":true,"href":"https:\/\/fvcomponentes.com\/pt\/wp-json\/wp\/v2\/media\/23360"}],"wp:attachment":[{"href":"https:\/\/fvcomponentes.com\/pt\/wp-json\/wp\/v2\/media?parent=23358"}],"wp:term":[{"taxonomy":"pwb-brand","embeddable":true,"href":"https:\/\/fvcomponentes.com\/pt\/wp-json\/wp\/v2\/pwb-brand?post=23358"},{"taxonomy":"product_brand","embeddable":true,"href":"https:\/\/fvcomponentes.com\/pt\/wp-json\/wp\/v2\/product_brand?post=23358"},{"taxonomy":"product_cat","embeddable":true,"href":"https:\/\/fvcomponentes.com\/pt\/wp-json\/wp\/v2\/product_cat?post=23358"},{"taxonomy":"product_tag","embeddable":true,"href":"https:\/\/fvcomponentes.com\/pt\/wp-json\/wp\/v2\/product_tag?post=23358"}],"curies":[{"name":"wp","href":"https:\/\/api.w.org\/{rel}","templated":true}]}}