{"id":23313,"date":"2025-02-18T17:49:44","date_gmt":"2025-02-18T16:49:44","guid":{"rendered":"https:\/\/fvcomponentes.com\/?post_type=product&#038;p=23313"},"modified":"2025-10-13T15:26:00","modified_gmt":"2025-10-13T13:26:00","slug":"carregador-de-inversor-24v-victron-multiplus-compact-24-1200-25-16-cmp242120000","status":"publish","type":"product","link":"https:\/\/fvcomponentes.com\/pt\/producto\/inversor-cargador-24v-victron-multiplus-compact-24-1200-25-16-cmp242120000\/","title":{"rendered":"Carregador de inversor 24V Victron MultiPlus Compact 24\/1200 25A-16A - CMP242120000"},"content":{"rendered":"<h2>Carater\u00edsticas do carregador inversor 24V Victron MultiPlus Compact 24\/1200 25-16 - CMP242120000<\/h2>\n<p><strong>Duas tomadas AC<\/strong><br \/>\nO Victron MultiPlus tem uma sa\u00edda principal com fun\u00e7\u00e3o \"no-break\", que assegura a alimenta\u00e7\u00e3o cont\u00ednua das cargas ligadas em caso de apag\u00e3o ou de corte da rede el\u00e9ctrica ou do gerador. A comuta\u00e7\u00e3o \u00e9 t\u00e3o r\u00e1pida (menos de 20 milissegundos) que os computadores e outros dispositivos electr\u00f3nicos continuam a funcionar sem interrup\u00e7\u00e3o.<\/p>\n<p>A segunda sa\u00edda s\u00f3 \u00e9 activada quando uma das entradas Victron MultiPlus est\u00e1 a receber alimenta\u00e7\u00e3o CA. \u00c9 ideal para ligar dispositivos que n\u00e3o devem descarregar a bateria, como um aquecedor de \u00e1gua. Esta segunda sa\u00edda est\u00e1 dispon\u00edvel em modelos com uma pot\u00eancia nominal de 3000VA ou superior.<\/p>\n<p><strong>Pot\u00eancia escal\u00e1vel atrav\u00e9s de liga\u00e7\u00e3o paralela<\/strong><br \/>\nPara aumentar a pot\u00eancia de sa\u00edda, at\u00e9 seis unidades MultiPlus do mesmo modelo podem funcionar em paralelo. Por exemplo, seis dispositivos inversores Victron MultiPlus 24\/5000\/120 combinados fornecem uma sa\u00edda de 25 kW\/30 kVA e uma capacidade de carga de 720A.<\/p>\n<p><strong>Capacidade de funcionamento trif\u00e1sico<\/strong><br \/>\nPara al\u00e9m da liga\u00e7\u00e3o em paralelo, \u00e9 poss\u00edvel configurar tr\u00eas unidades do mesmo modelo multiplus compact para gerar uma sa\u00edda trif\u00e1sica. Podem ser ligados at\u00e9 seis grupos de tr\u00eas unidades, obtendo-se uma pot\u00eancia de sa\u00edda de 75 kW\/90 kVA e mais de 2000A de capacidade de carga.<\/p>\n<p><strong>PowerControl - Gest\u00e3o da energia do gerador ou da rede<\/strong><br \/>\nO Victron MultiPlus \u00e9 um potente carregador de bateria e pode consumir uma quantidade significativa de corrente do gerador ou da rede el\u00e9ctrica do pont\u00e3o. Gra\u00e7as ao painel de controlo Multi, pode ser definido um limite de corrente do gerador ou da alimenta\u00e7\u00e3o em terra. O inversor MultiPlus ajustar\u00e1 automaticamente a sua utiliza\u00e7\u00e3o de energia para evitar sobrecarregar a fonte de alimenta\u00e7\u00e3o.<\/p>\n<p><strong>PowerAssist - Refor\u00e7o da capacidade el\u00e9ctrica<\/strong><br \/>\nA fun\u00e7\u00e3o PowerAssist permite que o Victron MultiPlus complemente a capacidade da fonte de alimenta\u00e7\u00e3o. Se ocorrer um pico de procura, o Victron MultiPlus compensar\u00e1 automaticamente a diferen\u00e7a a partir da energia armazenada na bateria. Quando a procura diminui, a energia em excesso \u00e9 redireccionada para recarregar a bateria.<\/p>\n<p><strong>Energia solar: energia dispon\u00edvel mesmo em caso de apag\u00f5es<\/strong><br \/>\nO inversor Victron MultiPlus pode ser instalado tanto em sistemas fotovoltaicos ligados \u00e0 rede como fora da rede, bem como noutros sistemas el\u00e9ctricos alternativos. Tamb\u00e9m est\u00e1 dispon\u00edvel software de dete\u00e7\u00e3o de falhas de energia.<\/p>\n<p><strong>Configura\u00e7\u00e3o do sistema<\/strong><\/p>\n<ul>\n<li>Em aplica\u00e7\u00f5es aut\u00f3nomas, a configura\u00e7\u00e3o pode ser alterada em minutos utilizando interruptores DIP.<\/li>\n<li>Para aplica\u00e7\u00f5es em paralelo ou trif\u00e1sicas, \u00e9 utilizado o software VE.Bus Quick Configure e VE.Bus System Configurator.<\/li>\n<li>Em sistemas fora da rede, interactivos \u00e0 rede ou de autoconsumo, incluindo inversores de rede ou carregadores solares MPPT, a configura\u00e7\u00e3o \u00e9 feita atrav\u00e9s de assistentes (software especializado).<\/li>\n<\/ul>\n<p><strong>Monitoriza\u00e7\u00e3o e controlo no local<\/strong><br \/>\nExistem v\u00e1rias op\u00e7\u00f5es de monitoriza\u00e7\u00e3o e controlo do sistema, como o Monitor de bateria, o Painel de controlo m\u00faltiplo, o Color Control GX e outros dispositivos. Tamb\u00e9m \u00e9 poss\u00edvel aceder a partir de dispositivos como smartphones ou tablets atrav\u00e9s de Bluetooth, bem como a partir de computadores port\u00e1teis ou computadores atrav\u00e9s de USB ou RS232.<\/p>\n<p><strong>Monitoriza\u00e7\u00e3o e controlo \u00e0 dist\u00e2ncia<\/strong><br \/>\nO sistema permite a monitoriza\u00e7\u00e3o remota atrav\u00e9s do Color Control GX e de outros dispositivos, com armazenamento de dados gratuito baseado na Web VRM (Victron Remote Management).<\/p>\n<p><strong>Configura\u00e7\u00e3o remota<\/strong><br \/>\nSe o sistema estiver ligado \u00e0 Ethernet, os dados podem ser acedidos e as defini\u00e7\u00f5es podem ser alteradas remotamente atrav\u00e9s do Victron MultiPlus com Color Control GX e outros dispositivos compat\u00edveis.<\/p>\n<h2>Carregador do inversor 24V Victron MultiPlus Compact 24\/1200 25-16 Especifica\u00e7\u00f5es do carregador do inversor<\/h2>\n<p><strong>Investidor<\/strong><\/p>\n<ul>\n<li><strong>Gama de tens\u00e3o de entrada (VDC):<\/strong> 9,5 - 17V 19 - 33V 38 - 66V<\/li>\n<li><strong>Tens\u00e3o de sa\u00edda:<\/strong> 230 VAC \u00b1 2%<\/li>\n<li><strong>Frequ\u00eancia:<\/strong> 50 Hz \u00b1 0,1% (1 )<\/li>\n<li><strong>Pot\u00eancia cont. de sa\u00edda a 25\u00b0C:<\/strong> 1200VA<\/li>\n<li><strong>Pot\u00eancia cont. de sa\u00edda a 25\u00baC:<\/strong> 1000W<\/li>\n<li><strong>Pot\u00eancia de sa\u00edda cont. a 40\u00baC (W):<\/strong> 900W<\/li>\n<li><strong>Pot\u00eancia de sa\u00edda cont. a 65\u00baC (W):<\/strong> 600W<\/li>\n<li><strong>Pot\u00eancia de pico:<\/strong> 2400W<\/li>\n<li><strong>Efici\u00eancia m\u00e1xima:<\/strong> 94%<\/li>\n<li><strong>Consumo em vazio:<\/strong> 10W<\/li>\n<li><strong>Consumo em vazio no modo econ\u00f3mico:<\/strong> 8W<\/li>\n<li><strong>Consumo em vazio no modo de pesquisa:<\/strong> 3W<\/li>\n<\/ul>\n<p><strong>Carregador<\/strong><\/p>\n<ul>\n<li><strong>Gama de tens\u00e3o de entrada:<\/strong> 187-265 VAC<\/li>\n<li><strong>Frequ\u00eancia de entrada:<\/strong> 45 - 65 Hz<\/li>\n<li><strong>Fator de pot\u00eancia:<\/strong> 1<\/li>\n<li><strong>Tens\u00e3o de carga de \"absor\u00e7\u00e3o\" (V DC):<\/strong> 28,8<\/li>\n<li><strong>Tens\u00e3o de carga \"flutuante\" (V DC):<\/strong> 27,6<\/li>\n<li><strong>Modo de armazenamento (VCC): <\/strong>26,4<\/li>\n<li><strong>Corrente de carga da bateria auxiliar:<\/strong> 25A<\/li>\n<li><strong>Corrente de carga da bateria de arranque:<\/strong> 4A<\/li>\n<li><strong>Sensor de temperatura da bateria<\/strong><\/li>\n<\/ul>\n<h2>Carregador inversor 24V Victron MultiPlus Compact 24\/1200 25-16 - CMP242120000 - Manual e ficha t\u00e9cnica<\/h2>\n<p><a href=\"https:\/\/fvcomponentes.com\/wp-content\/uploads\/2024\/01\/Datasheet-MultiPlus-inverter-charger-800VA-5kVA-ES.pdf\" target=\"_blank\" rel=\"noopener\">Veja a ficha t\u00e9cnica do Carregador Inversor 24V Victron MultiPlus Compact 24\/1200 25-16 - CMP242120000<\/a><\/p>\n<p><a href=\"https:\/\/fvcomponentes.com\/wp-content\/uploads\/2025\/02\/Manual-Victron-Multiplus-Compact-12V-24V-800-1600VA.pdf\" target=\"_blank\" rel=\"noopener\">Veja o manual do carregador inversor 24V Victron MultiPlus Compact 24\/1200 25-16 - CMP242120000<\/a><\/p>","protected":false},"excerpt":{"rendered":"<ul class=\"specification\">\n<li><strong>Tens\u00e3o de funcionamento:<\/strong> 24V<\/li>\n<li><strong>Pot\u00eancia de sa\u00edda cont\u00ednua a 25\u00ba: <\/strong>1200VA<\/li>\n<li><strong>Pot\u00eancia de pico: <\/strong>2400W<\/li>\n<li><strong>Corrente de carga: <\/strong>25A<\/li>\n<\/ul>\n<p>A fotografia do produto tem um car\u00e1cter meramente ilustrativo e pode n\u00e3o corresponder ao produto real.<\/p>","protected":false},"featured_media":23316,"comment_status":"open","ping_status":"closed","template":"","meta":{"site-sidebar-layout":"default","site-content-layout":"","ast-site-content-layout":"default","site-content-style":"default","site-sidebar-style":"default","ast-global-header-display":"","ast-banner-title-visibility":"","ast-main-header-display":"","ast-hfb-above-header-display":"","ast-hfb-below-header-display":"","ast-hfb-mobile-header-display":"","site-post-title":"","ast-breadcrumbs-content":"","ast-featured-img":"","footer-sml-layout":"","ast-disable-related-posts":"","theme-transparent-header-meta":"default","adv-header-id-meta":"","stick-header-meta":"","header-above-stick-meta":"","header-main-stick-meta":"","header-below-stick-meta":"","astra-migrate-meta-layouts":"set","ast-page-background-enabled":"default","ast-page-background-meta":{"desktop":{"background-color":"var(--ast-global-color-4)","background-image":"","background-repeat":"repeat","background-position":"center center","background-size":"auto","background-attachment":"scroll","background-type":"","background-media":"","overlay-type":"","overlay-color":"","overlay-opacity":"","overlay-gradient":""},"tablet":{"background-color":"","background-image":"","background-repeat":"repeat","background-position":"center center","background-size":"auto","background-attachment":"scroll","background-type":"","background-media":"","overlay-type":"","overlay-color":"","overlay-opacity":"","overlay-gradient":""},"mobile":{"background-color":"","background-image":"","background-repeat":"repeat","background-position":"center center","background-size":"auto","background-attachment":"scroll","background-type":"","background-media":"","overlay-type":"","overlay-color":"","overlay-opacity":"","overlay-gradient":""}},"ast-content-background-meta":{"desktop":{"background-color":"var(--ast-global-color-5)","background-image":"","background-repeat":"repeat","background-position":"center center","background-size":"auto","background-attachment":"scroll","background-type":"","background-media":"","overlay-type":"","overlay-color":"","overlay-opacity":"","overlay-gradient":""},"tablet":{"background-color":"var(--ast-global-color-5)","background-image":"","background-repeat":"repeat","background-position":"center center","background-size":"auto","background-attachment":"scroll","background-type":"","background-media":"","overlay-type":"","overlay-color":"","overlay-opacity":"","overlay-gradient":""},"mobile":{"background-color":"var(--ast-global-color-5)","background-image":"","background-repeat":"repeat","background-position":"center center","background-size":"auto","background-attachment":"scroll","background-type":"","background-media":"","overlay-type":"","overlay-color":"","overlay-opacity":"","overlay-gradient":""}}},"pwb-brand":[332],"product_brand":[],"product_cat":[390,333],"product_tag":[],"class_list":{"0":"post-23313","1":"product","2":"type-product","3":"status-publish","4":"has-post-thumbnail","6":"pwb-brand-victron","7":"product_cat-inversores-cargadores-24v","8":"product_cat-inversores","9":"desktop-align-left","10":"tablet-align-left","11":"mobile-align-left","12":"ast-product-gallery-layout-horizontal-slider","13":"ast-product-tabs-layout-horizontal","15":"first","16":"instock","17":"taxable","18":"shipping-taxable","19":"purchasable","20":"product-type-simple"},"wcpa_form_fields":null,"brands":[{"id":332,"name":"Victron Energia","slug":"victron"}],"_links":{"self":[{"href":"https:\/\/fvcomponentes.com\/pt\/wp-json\/wp\/v2\/product\/23313","targetHints":{"allow":["GET"]}}],"collection":[{"href":"https:\/\/fvcomponentes.com\/pt\/wp-json\/wp\/v2\/product"}],"about":[{"href":"https:\/\/fvcomponentes.com\/pt\/wp-json\/wp\/v2\/types\/product"}],"replies":[{"embeddable":true,"href":"https:\/\/fvcomponentes.com\/pt\/wp-json\/wp\/v2\/comments?post=23313"}],"wp:featuredmedia":[{"embeddable":true,"href":"https:\/\/fvcomponentes.com\/pt\/wp-json\/wp\/v2\/media\/23316"}],"wp:attachment":[{"href":"https:\/\/fvcomponentes.com\/pt\/wp-json\/wp\/v2\/media?parent=23313"}],"wp:term":[{"taxonomy":"pwb-brand","embeddable":true,"href":"https:\/\/fvcomponentes.com\/pt\/wp-json\/wp\/v2\/pwb-brand?post=23313"},{"taxonomy":"product_brand","embeddable":true,"href":"https:\/\/fvcomponentes.com\/pt\/wp-json\/wp\/v2\/product_brand?post=23313"},{"taxonomy":"product_cat","embeddable":true,"href":"https:\/\/fvcomponentes.com\/pt\/wp-json\/wp\/v2\/product_cat?post=23313"},{"taxonomy":"product_tag","embeddable":true,"href":"https:\/\/fvcomponentes.com\/pt\/wp-json\/wp\/v2\/product_tag?post=23313"}],"curies":[{"name":"wp","href":"https:\/\/api.w.org\/{rel}","templated":true}]}}