{"id":23280,"date":"2025-02-18T16:39:57","date_gmt":"2025-02-18T15:39:57","guid":{"rendered":"https:\/\/fvcomponentes.com\/?post_type=product&#038;p=23280"},"modified":"2026-04-08T21:36:38","modified_gmt":"2026-04-08T19:36:38","slug":"inversor-12v-victron-multiplus-compact-12v-1600va-70-16a-cmp122160000","status":"publish","type":"product","link":"https:\/\/fvcomponentes.com\/pt\/producto\/inversor-12v-victron-multiplus-compact-12v-1600va-70-16a-cmp122160000\/","title":{"rendered":"Carregador de inversor 12V Victron Multiplus Compact 12V 1600VA 70A-16A - CMP122160000"},"content":{"rendered":"<h2>Carater\u00edsticas do Inversor de 12V Victron Multiplus Compact 12V 1600VA 70-16A - CMP122160000<\/h2>\n<p><strong>Duas sa\u00eddas AC<\/strong><br \/>\nO MultiPlus tem duas sa\u00eddas de corrente alternada (CA):<\/p>\n<ul>\n<li>Sa\u00edda principal com fun\u00e7\u00e3o \"no-break\": Em caso de falha de energia ou de desconex\u00e3o da rede el\u00e9ctrica ou do gerador, o multiplus garante uma alimenta\u00e7\u00e3o ininterrupta das cargas ligadas. A comuta\u00e7\u00e3o ocorre em menos de 20 milissegundos, pelo que os computadores e os equipamentos electr\u00f3nicos continuam a funcionar sem interrup\u00e7\u00f5es.<\/li>\n<li>Segunda sa\u00edda: Dispon\u00edvel em modelos com uma capacidade nominal de 3 kVA ou superior, esta sa\u00edda s\u00f3 est\u00e1 ativa quando o victron multiplus est\u00e1 a receber energia CA. Ideal para ligar aparelhos que n\u00e3o devem descarregar a bateria, como por exemplo um esquentador.<\/li>\n<\/ul>\n<p><strong>Pot\u00eancia escal\u00e1vel gra\u00e7as ao funcionamento em paralelo<\/strong><br \/>\nPara aplica\u00e7\u00f5es de maior procura, podem funcionar em paralelo at\u00e9 6 unidades victron multiplus, conseguindo:<\/p>\n<ul>\n<li>Uma pot\u00eancia de sa\u00edda at\u00e9 25 kW\/30 kVA.<\/li>\n<li>Uma capacidade de carga de 720 amperes nos modelos 24\/5000\/120.<\/li>\n<\/ul>\n<p><strong>Capacidade de funcionamento trif\u00e1sico<\/strong><br \/>\nPara al\u00e9m da liga\u00e7\u00e3o em paralelo, tr\u00eas unidades do mesmo modelo de inversor victron multiplus podem ser configuradas para sa\u00edda trif\u00e1sica. Para requisitos ainda mais elevados, at\u00e9 6 grupos de tr\u00eas unidades podem ser ligados em paralelo, alcan\u00e7ando uma pot\u00eancia de sa\u00edda de 75 kW \/ 90 kVA e uma capacidade de carga superior a 2000A.<\/p>\n<p><strong>PowerControl - Gest\u00e3o inteligente da energia<\/strong><br \/>\nO inversor\/carregador multiplus 12v 1600va victron energy \u00e9 um potente carregador de baterias, o que pode significar um elevado consumo de corrente do gerador ou da rede do pont\u00e3o (at\u00e9 10A por 5 kVA Multi a 230VAC). O painel de controlo Multi permite definir uma corrente m\u00e1xima, assegurando que o inversor multiplus gere de forma inteligente a pot\u00eancia dispon\u00edvel.<\/p>\n<p><strong>PowerAssist - Aumentar a capacidade el\u00e9ctrica<\/strong><br \/>\nEsta fun\u00e7\u00e3o expande as capacidades do PowerControl, de modo a que o victron multiplus compense a falta de energia da fonte alternativa.<\/p>\n<ul>\n<li>Em alturas de grande procura, o Victron multiplus complementa o fornecimento fornecido pelos pain\u00e9is solares com energia da bateria.<\/li>\n<li>Quando a carga diminui, a energia excedente \u00e9 utilizada para recarregar a bateria.<\/li>\n<\/ul>\n<p><strong>Energia solar: garantia de abastecimento mesmo em caso de falha de energia<\/strong><br \/>\nO inversor victron multiplus pode ser integrado em sistemas fotovoltaicos ligados \u00e0 rede ou fora da rede, assegurando assim um fornecimento de energia cont\u00ednuo. Al\u00e9m disso, est\u00e1 equipado com software de dete\u00e7\u00e3o de falhas de energia.<\/p>\n<p><strong>Configura\u00e7\u00e3o do sistema<\/strong><br \/>\nO inversor multiplus permite uma configura\u00e7\u00e3o r\u00e1pida e adapt\u00e1vel a diferentes aplica\u00e7\u00f5es:<\/p>\n<ul>\n<li><strong>Aplica\u00e7\u00f5es aut\u00f3nomas:<\/strong> Configura\u00e7\u00e3o simples atrav\u00e9s de interruptores DIP.<\/li>\n<li><strong>Aplica\u00e7\u00f5es em paralelo ou trif\u00e1sicas:<\/strong> Utiliza\u00e7\u00e3o do software VE.Bus Quick Configure e VE.Bus System Configurator.<\/li>\n<li><strong>Autoconsumo ou sistemas interactivos de rede:<\/strong> Configura\u00e7\u00e3o atrav\u00e9s de assistentes (software espec\u00edfico da aplica\u00e7\u00e3o).<\/li>\n<\/ul>\n<p><strong>Monitoriza\u00e7\u00e3o e controlo no local<\/strong><br \/>\nO multiplus suporta v\u00e1rias op\u00e7\u00f5es de monitoriza\u00e7\u00e3o e controlo locais:<\/p>\n<ul>\n<li>Monitor da bateria<\/li>\n<li>Painel de controlo m\u00faltiplo<\/li>\n<li>Controlo de cor GX<\/li>\n<li>Dispositivos m\u00f3veis atrav\u00e9s de Bluetooth Smart<\/li>\n<li>Computadores port\u00e1teis via USB ou RS232<\/li>\n<\/ul>\n<p><strong>Controlo remoto e configura\u00e7\u00e3o<\/strong><br \/>\nAtrav\u00e9s do Color Control GX e de outros dispositivos, os dados podem ser acedidos e as defini\u00e7\u00f5es do sistema podem ser alteradas remotamente, e os dados podem ser armazenados e visualizados no portal Victron Remote Management (VRM), uma plataforma de monitoriza\u00e7\u00e3o em nuvem gratuita da Victron.<\/p>\n<h2>Especifica\u00e7\u00f5es Victron multiplus<\/h2>\n<p><strong>Investidor<\/strong><\/p>\n<ul>\n<li><strong>Gama de tens\u00e3o de entrada (VDC):<\/strong> 9,5 - 17V 19 - 33V 38 - 66V<\/li>\n<li><strong>Tens\u00e3o de sa\u00edda:<\/strong> 230 VAC \u00b1 2%<\/li>\n<li><strong>Frequ\u00eancia:<\/strong> 50 Hz \u00b1 0,1% (1 )<\/li>\n<li><strong>Pot\u00eancia cont. de sa\u00edda a 25\u00b0C:<\/strong> 1600VA<\/li>\n<li><strong>Pot\u00eancia cont. de sa\u00edda a 25\u00baC:<\/strong> 1300W<\/li>\n<li><strong>Pot\u00eancia de sa\u00edda cont. a 40\u00baC (W):<\/strong> 1200W<\/li>\n<li><strong>Pot\u00eancia de sa\u00edda cont. a 65\u00baC (W):<\/strong> 800W<\/li>\n<li><strong>Pot\u00eancia de pico:<\/strong> 3000W<\/li>\n<li><strong>Efici\u00eancia m\u00e1xima:<\/strong> 93%<\/li>\n<li><strong>Consumo em vazio:<\/strong> 8W<\/li>\n<li><strong>Consumo em vazio no modo econ\u00f3mico:<\/strong> 5W<\/li>\n<li><strong>Consumo em vazio no modo de pesquisa:<\/strong> 3W<\/li>\n<\/ul>\n<p><strong>Carregador<\/strong><\/p>\n<ul>\n<li><strong>Gama de tens\u00e3o de entrada:<\/strong> 187-265 VAC<\/li>\n<li><strong>Frequ\u00eancia de entrada:<\/strong> 45 - 65 Hz<\/li>\n<li><strong>Fator de pot\u00eancia:<\/strong> 1<\/li>\n<li><strong>Tens\u00e3o de carga de \"absor\u00e7\u00e3o\" (V DC):<\/strong> 14,4<\/li>\n<li><strong>Tens\u00e3o de carga \"flutuante\" (V DC):<\/strong> 13,8<\/li>\n<li><strong>Modo de armazenamento (VCC):<\/strong> 13,2<\/li>\n<li><strong>Corrente de carga da bateria auxiliar:<\/strong> 70A<\/li>\n<li><strong>Corrente de carga da bateria de arranque:<\/strong> 4A<\/li>\n<li><strong>Sensor de temperatura da bateria<\/strong><\/li>\n<\/ul>\n<h2>Inversor 12V Victron Multiplus Compact 12V 1600VA 70-16A - CMP122160000 - Manual e ficha t\u00e9cnica<\/h2>\n<p><a href=\"https:\/\/fvcomponentes.com\/wp-content\/uploads\/2021\/10\/Datasheet-MultiPlus-inverter-charger-800VA-5kVA-ES.pdf\" target=\"_blank\" rel=\"noopener\">Ver ficha t\u00e9cnica do inversor\/carregador victron energy 12v 1600va multiplus <\/a><\/p>\n<p><a href=\"https:\/\/fvcomponentes.com\/wp-content\/uploads\/2025\/02\/Manual-Victron-Multiplus-Compact-12V-24V-800-1600VA.pdf\" target=\"_blank\" rel=\"noopener\">Manual do inversor compacto Victron Multiplus 12V 1600VA 70-16A<\/a><\/p>","protected":false},"excerpt":{"rendered":"<ul class=\"specification\">\n<li><strong>Tens\u00e3o:<\/strong> 12V<\/li>\n<li><strong>Pot\u00eancia de sa\u00edda cont\u00ednua: <\/strong>1600VA<\/li>\n<li><strong>Pot\u00eancia de pico:<\/strong> 3000W<\/li>\n<li><b>Corrente de carga: <\/b>70A<\/li>\n<li><strong>Peso: <\/strong>10 kg<\/li>\n<li><strong>Dimens\u00f5es:<\/strong> 375 x 214 x 110 mm<\/li>\n<\/ul>","protected":false},"featured_media":23296,"comment_status":"open","ping_status":"closed","template":"","meta":{"site-sidebar-layout":"default","site-content-layout":"","ast-site-content-layout":"default","site-content-style":"default","site-sidebar-style":"default","ast-global-header-display":"","ast-banner-title-visibility":"","ast-main-header-display":"","ast-hfb-above-header-display":"","ast-hfb-below-header-display":"","ast-hfb-mobile-header-display":"","site-post-title":"","ast-breadcrumbs-content":"","ast-featured-img":"","footer-sml-layout":"","ast-disable-related-posts":"","theme-transparent-header-meta":"default","adv-header-id-meta":"","stick-header-meta":"","header-above-stick-meta":"","header-main-stick-meta":"","header-below-stick-meta":"","astra-migrate-meta-layouts":"set","ast-page-background-enabled":"default","ast-page-background-meta":{"desktop":{"background-color":"var(--ast-global-color-4)","background-image":"","background-repeat":"repeat","background-position":"center center","background-size":"auto","background-attachment":"scroll","background-type":"","background-media":"","overlay-type":"","overlay-color":"","overlay-opacity":"","overlay-gradient":""},"tablet":{"background-color":"","background-image":"","background-repeat":"repeat","background-position":"center center","background-size":"auto","background-attachment":"scroll","background-type":"","background-media":"","overlay-type":"","overlay-color":"","overlay-opacity":"","overlay-gradient":""},"mobile":{"background-color":"","background-image":"","background-repeat":"repeat","background-position":"center center","background-size":"auto","background-attachment":"scroll","background-type":"","background-media":"","overlay-type":"","overlay-color":"","overlay-opacity":"","overlay-gradient":""}},"ast-content-background-meta":{"desktop":{"background-color":"var(--ast-global-color-5)","background-image":"","background-repeat":"repeat","background-position":"center center","background-size":"auto","background-attachment":"scroll","background-type":"","background-media":"","overlay-type":"","overlay-color":"","overlay-opacity":"","overlay-gradient":""},"tablet":{"background-color":"var(--ast-global-color-5)","background-image":"","background-repeat":"repeat","background-position":"center center","background-size":"auto","background-attachment":"scroll","background-type":"","background-media":"","overlay-type":"","overlay-color":"","overlay-opacity":"","overlay-gradient":""},"mobile":{"background-color":"var(--ast-global-color-5)","background-image":"","background-repeat":"repeat","background-position":"center center","background-size":"auto","background-attachment":"scroll","background-type":"","background-media":"","overlay-type":"","overlay-color":"","overlay-opacity":"","overlay-gradient":""}}},"pwb-brand":[332],"product_brand":[],"product_cat":[388,333],"product_tag":[],"class_list":{"0":"post-23280","1":"product","2":"type-product","3":"status-publish","4":"has-post-thumbnail","6":"pwb-brand-victron","7":"product_cat-inversores-cargadores-12v","8":"product_cat-inversores","9":"desktop-align-left","10":"tablet-align-left","11":"mobile-align-left","12":"ast-product-gallery-layout-horizontal-slider","13":"ast-product-tabs-layout-horizontal","15":"first","16":"instock","17":"taxable","18":"shipping-taxable","19":"purchasable","20":"product-type-simple"},"wcpa_form_fields":null,"brands":[{"id":332,"name":"Victron Energia","slug":"victron"}],"_links":{"self":[{"href":"https:\/\/fvcomponentes.com\/pt\/wp-json\/wp\/v2\/product\/23280","targetHints":{"allow":["GET"]}}],"collection":[{"href":"https:\/\/fvcomponentes.com\/pt\/wp-json\/wp\/v2\/product"}],"about":[{"href":"https:\/\/fvcomponentes.com\/pt\/wp-json\/wp\/v2\/types\/product"}],"replies":[{"embeddable":true,"href":"https:\/\/fvcomponentes.com\/pt\/wp-json\/wp\/v2\/comments?post=23280"}],"wp:featuredmedia":[{"embeddable":true,"href":"https:\/\/fvcomponentes.com\/pt\/wp-json\/wp\/v2\/media\/23296"}],"wp:attachment":[{"href":"https:\/\/fvcomponentes.com\/pt\/wp-json\/wp\/v2\/media?parent=23280"}],"wp:term":[{"taxonomy":"pwb-brand","embeddable":true,"href":"https:\/\/fvcomponentes.com\/pt\/wp-json\/wp\/v2\/pwb-brand?post=23280"},{"taxonomy":"product_brand","embeddable":true,"href":"https:\/\/fvcomponentes.com\/pt\/wp-json\/wp\/v2\/product_brand?post=23280"},{"taxonomy":"product_cat","embeddable":true,"href":"https:\/\/fvcomponentes.com\/pt\/wp-json\/wp\/v2\/product_cat?post=23280"},{"taxonomy":"product_tag","embeddable":true,"href":"https:\/\/fvcomponentes.com\/pt\/wp-json\/wp\/v2\/product_tag?post=23280"}],"curies":[{"name":"wp","href":"https:\/\/api.w.org\/{rel}","templated":true}]}}