{"id":23270,"date":"2025-02-18T08:32:55","date_gmt":"2025-02-18T07:32:55","guid":{"rendered":"https:\/\/fvcomponentes.com\/?post_type=product&#038;p=23270"},"modified":"2026-04-04T12:50:39","modified_gmt":"2026-04-04T10:50:39","slug":"inversor-12v-victron-victron-phoenix-compact-12v-1600va-cin122160000","status":"publish","type":"product","link":"https:\/\/fvcomponentes.com\/pt\/producto\/inversor-12v-victron-phoenix-compact-12v-1600va-cin122160000\/","title":{"rendered":"Inversor 12V Victron Phoenix Compacto 12V 1600VA - CIN122160000"},"content":{"rendered":"<h2>Carater\u00edsticas Inversor 12V Victron Phoenix Compact 12V 1600VA - CIN122160000<\/h2>\n<p>O Inversor Victron Phoenix Compact 12V 1600VA - CIN122160000 foi desenvolvido para aplica\u00e7\u00f5es profissionais, oferecendo uma onda sinusoidal pura e uma elevada efici\u00eancia sem comprometer o desempenho. A sua tecnologia h\u00edbrida de alta frequ\u00eancia garante uma unidade compacta e leve com a capacidade de alimentar qualquer carga sem inconvenientes.<\/p>\n<p><strong>Elevada pot\u00eancia de arranque<\/strong><\/p>\n<p>Gra\u00e7as \u00e0 tecnologia SinusMax, o inversor Phoenix 12V 1600VA proporciona uma pot\u00eancia de arranque excecional, ideal para cargas exigentes como frigor\u00edficos, compressores e motores el\u00e9ctricos.<\/p>\n<p><strong>Escalabilidade: Funcionamento paralelo e trif\u00e1sico<\/strong><\/p>\n<ul>\n<li>At\u00e9 6 unidades deste inversor Phoenix podem ser ligadas em paralelo para aumentar a pot\u00eancia.<\/li>\n<li>Tamb\u00e9m pode ser configurado em modo trif\u00e1sico.<\/li>\n<li>Exemplo: Seis unidades 24\/5000 geram 24 kW \/ 30 kVA de pot\u00eancia de sa\u00edda.<\/li>\n<\/ul>\n<p><strong> Interface de comunica\u00e7\u00e3o inteligente<\/strong><\/p>\n<ul>\n<li>Inclui uma porta VE.Bus para liga\u00e7\u00e3o ao PC atrav\u00e9s do adaptador MK3-USB VE.Bus para USB.<\/li>\n<li>Compat\u00edvel com o software VictronConnect e VEConfigure.<\/li>\n<li>Permite a personaliza\u00e7\u00e3o de par\u00e2metros como a tens\u00e3o, a frequ\u00eancia e as defini\u00e7\u00f5es de prote\u00e7\u00e3o.<\/li>\n<li>Compat\u00edvel com dispositivos GX (Cerbo GX, entre outros) para monitoriza\u00e7\u00e3o e controlo remoto.<\/li>\n<\/ul>\n<p><strong>Aplica\u00e7\u00f5es recomendadas<\/strong><\/p>\n<ul>\n<li>Sistemas de energia solar<\/li>\n<li>Instala\u00e7\u00f5es industriais<\/li>\n<li>Ve\u00edculos e embarca\u00e7\u00f5es<\/li>\n<li>Equipamentos electr\u00f3nicos sens\u00edveis<\/li>\n<\/ul>\n<h2>Especifica\u00e7\u00f5es do inversor Victron Phoenix Compact 12V Inverter 12V 1600VA<\/h2>\n<ul>\n<li>Permite o funcionamento em paralelo e trif\u00e1sico.<\/li>\n<li><strong>Gama de tens\u00e3o de entrada (V DC):<\/strong> 9,5 - 17V 19 - 33V 38 - 66V<\/li>\n<li><strong>Sair:<\/strong> 230V \u00b1 2% \/ 50\/60Hz \u00b1 0,1% (1)<\/li>\n<li><strong>Pot\u00eancia cont. sa\u00edda 25\u00baC:<\/strong> 1600VA<\/li>\n<li><strong>Pot\u00eancia cont. sa\u00edda 25\u00baC:<\/strong> 1300W<\/li>\n<li><strong>Pot\u00eancia de sa\u00edda cont. 40\u00baC:<\/strong> 1200W<\/li>\n<li><strong>Pot\u00eancia cont. sa\u00edda 65\u00baC:<\/strong> 800W<\/li>\n<li><strong>Pot\u00eancia de pico:<\/strong> 3000W<\/li>\n<li><strong>Efici\u00eancia m\u00e1xima<\/strong> 92%<\/li>\n<li><strong>Consumo em vazio:<\/strong> 8W<\/li>\n<li><strong>Sem consumo de carga no modo AES:<\/strong> 5W<\/li>\n<li><strong>Consumo em vazio Modo de pesquisa:<\/strong> 2W<\/li>\n<li><strong>Rel\u00e9 program\u00e1vel<\/strong><\/li>\n<li><strong>Prote\u00e7\u00e3o:<\/strong> a - g<\/li>\n<li><strong>Porta de comunica\u00e7\u00e3o do barramento VE:<\/strong> Para funcionamento em paralelo e trif\u00e1sico, monitoriza\u00e7\u00e3o remota e integra\u00e7\u00e3o de sistemas<\/li>\n<li><strong>Controlo remoto On\/Off<\/strong><\/li>\n<li><strong>Temperatura de funcionamento:<\/strong> -40 a +65\u00b0C (arrefecimento por ventoinha)<\/li>\n<li><strong>Humidade (sem condensa\u00e7\u00e3o):<\/strong> M\u00e1x. 95%<\/li>\n<li><strong>Tipo de prote\u00e7\u00e3o:<\/strong> IP21<\/li>\n<li><strong>Liga\u00e7\u00f5es da bateria:<\/strong> Cabos de bateria de 1,5 metros<\/li>\n<li><strong>Liga\u00e7\u00f5es de 230 V CA:<\/strong> Ficha G-ST18i<\/li>\n<li><strong>Peso:<\/strong> 10Kg<\/li>\n<li><strong>Dimens\u00f5es:<\/strong> 375 x 214 x 110 mm<\/li>\n<\/ul>\n<h2>Liga\u00e7\u00e3o em paralelo<\/h2>\n<ul>\n<li>Podem ser ligadas at\u00e9 6 unidades Phoenix Compact 12V 1600VA, sendo utilizado um cabo UTP RJ45 standard para as ligar.<\/li>\n<li>S\u00f3 podem ser ligados em paralelo aparelhos id\u00eanticos.<\/li>\n<li>Os cabos de liga\u00e7\u00e3o CC dos aparelhos devem ter o mesmo comprimento e a mesma sec\u00e7\u00e3o transversal.<\/li>\n<li>Se for utilizado um ponto de distribui\u00e7\u00e3o CC negativo e positivo, a sec\u00e7\u00e3o transversal dos cabos que ligam as baterias e o ponto de distribui\u00e7\u00e3o CC deve ser, no m\u00ednimo, igual \u00e0 soma das sec\u00e7\u00f5es transversais dos cabos necess\u00e1rios para as liga\u00e7\u00f5es entre o ponto de distribui\u00e7\u00e3o e os inversores.<\/li>\n<li>Colocar os inversores juntos, deixando pelo menos 10 cm para ventila\u00e7\u00e3o por baixo, por cima e ao lado das unidades.<\/li>\n<li>Os cabos UTP devem ser ligados diretamente de uma unidade \u00e0 outra (e ao painel remoto). N\u00e3o s\u00e3o permitidas caixas de jun\u00e7\u00e3o\/separa\u00e7\u00e3o.<\/li>\n<li>Apenas um controlo remoto (painel ou interrutor) pode ser ligado ao sistema.<\/li>\n<\/ul>\n<h2>Funcionamento trif\u00e1sico<\/h2>\n<p>Este inversor permite uma configura\u00e7\u00e3o trif\u00e1sica em estrela (Y). O Phoenix Compact 12V 1600VA n\u00e3o \u00e9 adequado para uma configura\u00e7\u00e3o trif\u00e1sica delta (\u0394), mas \u00e9 ligado entre aparelhos atrav\u00e9s de cabos RJ45 UTP normais (como no funcionamento em paralelo).<\/p>\n<h2>Ficha t\u00e9cnica Inversor 12V Victron Phoenix Compact 12V 1600VA - CIN122160000<\/h2>\n<p><a href=\"https:\/\/fvcomponentes.com\/wp-content\/uploads\/2021\/08\/inversor-compact.pdf\" target=\"_blank\" rel=\"noopener\">Ver a ficha de dados do inversor Victron Phoenix Compact 12V 1600VA<\/a><\/p>\n<p><a href=\"https:\/\/fvcomponentes.com\/wp-content\/uploads\/2025\/02\/Manual-Phoenix-Compact-12V-24V-1200-1600.pdf\" target=\"_blank\" rel=\"noopener\">Ver o manual do inversor Victron Phoenix Compact 12V 12V 1600VA<\/a><\/p>","protected":false},"excerpt":{"rendered":"<ul class=\"specification\">\n<li><strong>Tens\u00e3o:<\/strong> 12V<\/li>\n<li><strong>Pot\u00eancia de sa\u00edda cont\u00ednua: <\/strong>1600VA<\/li>\n<li><strong>Pot\u00eancia de pico:<\/strong> 3000W<\/li>\n<li><strong>Funcionamento em paralelo <\/strong><\/li>\n<li><strong>Funcionamento trif\u00e1sico.\u00a0<\/strong><\/li>\n<\/ul>","protected":false},"featured_media":23274,"comment_status":"open","ping_status":"closed","template":"","meta":{"site-sidebar-layout":"default","site-content-layout":"","ast-site-content-layout":"default","site-content-style":"default","site-sidebar-style":"default","ast-global-header-display":"","ast-banner-title-visibility":"","ast-main-header-display":"","ast-hfb-above-header-display":"","ast-hfb-below-header-display":"","ast-hfb-mobile-header-display":"","site-post-title":"","ast-breadcrumbs-content":"","ast-featured-img":"","footer-sml-layout":"","ast-disable-related-posts":"","theme-transparent-header-meta":"default","adv-header-id-meta":"","stick-header-meta":"","header-above-stick-meta":"","header-main-stick-meta":"","header-below-stick-meta":"","astra-migrate-meta-layouts":"set","ast-page-background-enabled":"default","ast-page-background-meta":{"desktop":{"background-color":"var(--ast-global-color-4)","background-image":"","background-repeat":"repeat","background-position":"center center","background-size":"auto","background-attachment":"scroll","background-type":"","background-media":"","overlay-type":"","overlay-color":"","overlay-opacity":"","overlay-gradient":""},"tablet":{"background-color":"","background-image":"","background-repeat":"repeat","background-position":"center center","background-size":"auto","background-attachment":"scroll","background-type":"","background-media":"","overlay-type":"","overlay-color":"","overlay-opacity":"","overlay-gradient":""},"mobile":{"background-color":"","background-image":"","background-repeat":"repeat","background-position":"center center","background-size":"auto","background-attachment":"scroll","background-type":"","background-media":"","overlay-type":"","overlay-color":"","overlay-opacity":"","overlay-gradient":""}},"ast-content-background-meta":{"desktop":{"background-color":"var(--ast-global-color-5)","background-image":"","background-repeat":"repeat","background-position":"center center","background-size":"auto","background-attachment":"scroll","background-type":"","background-media":"","overlay-type":"","overlay-color":"","overlay-opacity":"","overlay-gradient":""},"tablet":{"background-color":"var(--ast-global-color-5)","background-image":"","background-repeat":"repeat","background-position":"center center","background-size":"auto","background-attachment":"scroll","background-type":"","background-media":"","overlay-type":"","overlay-color":"","overlay-opacity":"","overlay-gradient":""},"mobile":{"background-color":"var(--ast-global-color-5)","background-image":"","background-repeat":"repeat","background-position":"center center","background-size":"auto","background-attachment":"scroll","background-type":"","background-media":"","overlay-type":"","overlay-color":"","overlay-opacity":"","overlay-gradient":""}}},"pwb-brand":[332],"product_brand":[],"product_cat":[364,333],"product_tag":[],"class_list":{"0":"post-23270","1":"product","2":"type-product","3":"status-publish","4":"has-post-thumbnail","6":"pwb-brand-victron","7":"product_cat-inversores-12-v","8":"product_cat-inversores","9":"desktop-align-left","10":"tablet-align-left","11":"mobile-align-left","12":"ast-product-gallery-layout-horizontal-slider","13":"ast-product-tabs-layout-horizontal","15":"first","16":"instock","17":"taxable","18":"shipping-taxable","19":"purchasable","20":"product-type-simple"},"wcpa_form_fields":null,"brands":[{"id":332,"name":"Victron Energia","slug":"victron"}],"_links":{"self":[{"href":"https:\/\/fvcomponentes.com\/pt\/wp-json\/wp\/v2\/product\/23270","targetHints":{"allow":["GET"]}}],"collection":[{"href":"https:\/\/fvcomponentes.com\/pt\/wp-json\/wp\/v2\/product"}],"about":[{"href":"https:\/\/fvcomponentes.com\/pt\/wp-json\/wp\/v2\/types\/product"}],"replies":[{"embeddable":true,"href":"https:\/\/fvcomponentes.com\/pt\/wp-json\/wp\/v2\/comments?post=23270"}],"wp:featuredmedia":[{"embeddable":true,"href":"https:\/\/fvcomponentes.com\/pt\/wp-json\/wp\/v2\/media\/23274"}],"wp:attachment":[{"href":"https:\/\/fvcomponentes.com\/pt\/wp-json\/wp\/v2\/media?parent=23270"}],"wp:term":[{"taxonomy":"pwb-brand","embeddable":true,"href":"https:\/\/fvcomponentes.com\/pt\/wp-json\/wp\/v2\/pwb-brand?post=23270"},{"taxonomy":"product_brand","embeddable":true,"href":"https:\/\/fvcomponentes.com\/pt\/wp-json\/wp\/v2\/product_brand?post=23270"},{"taxonomy":"product_cat","embeddable":true,"href":"https:\/\/fvcomponentes.com\/pt\/wp-json\/wp\/v2\/product_cat?post=23270"},{"taxonomy":"product_tag","embeddable":true,"href":"https:\/\/fvcomponentes.com\/pt\/wp-json\/wp\/v2\/product_tag?post=23270"}],"curies":[{"name":"wp","href":"https:\/\/api.w.org\/{rel}","templated":true}]}}