{"id":22965,"date":"2025-02-06T13:02:04","date_gmt":"2025-02-06T12:02:04","guid":{"rendered":"https:\/\/fvcomponentes.com\/?post_type=product&#038;p=22965"},"modified":"2026-04-08T21:28:02","modified_gmt":"2026-04-08T19:28:02","slug":"regulador-bluesolar-victron-pwm-lcd-e-usb-12-24v-10a-scc010010050","status":"publish","type":"product","link":"https:\/\/fvcomponentes.com\/pt\/producto\/regulador-bluesolar-victron-pwm-lcd-y-usb-12-24v-10a-scc010010050\/","title":{"rendered":"Controlador BlueSolar Victron PWM-LCD e USB 12\/24V-10A - SCC010010050"},"content":{"rendered":"<h2>Controlador BlueSolar Victron PWM-LCD e USB 12\/24V-10A - SCC010010050<\/h2>\n<ul>\n<li><strong>Ecr\u00e3 de cristais l\u00edquidos: <\/strong>Permite a monitoriza\u00e7\u00e3o e a configura\u00e7\u00e3o do equipamento.<\/li>\n<li><strong>Sa\u00edda de carregamento: <\/strong>Para evitar a descarga excessiva da bateria, ligue todas as cargas \u00e0 sa\u00edda de carga. Esta sa\u00edda desliga a carga quando a bateria tiver sido descarregada at\u00e9 uma tens\u00e3o predefinida. Algumas cargas (especialmente inversores) s\u00e3o melhor ligadas diretamente \u00e0 bateria, e o controlo remoto do inversor \u00e0 sa\u00edda de carga. As tens\u00f5es de liga\u00e7\u00e3o e de desligamento s\u00e3o ajust\u00e1veis.<\/li>\n<li><strong>Programa\u00e7\u00e3o dia\/noite da sa\u00edda de carga: <\/strong>Esta op\u00e7\u00e3o permite-lhe predefinir o tempo de funcionamento ap\u00f3s o crep\u00fasculo.<\/li>\n<li><strong>Algoritmo de carregamento da bateria program\u00e1vel: <\/strong>Algoritmos pr\u00e9-programados para baterias AGM, GEL, inundadas ou LiFePO4 (apenas as que t\u00eam BMS interno).<\/li>\n<li><strong>Duas sa\u00eddas USB de 5 volts:<\/strong> Corrente m\u00e1xima (ambas as sa\u00eddas juntas): 2A<\/li>\n<\/ul>\n<h2>Especifica\u00e7\u00f5es do controlador BlueSolar Victron PWM-LCD e USB 12\/24V-10A BlueSolar PWM-LCD<\/h2>\n<ul>\n<li><strong>Tens\u00e3o da bateria:<\/strong>\u00a0 12\/24 V com dete\u00e7\u00e3o autom\u00e1tica da tens\u00e3o de entrada<\/li>\n<li><strong>Corrente de carga nominal:<\/strong> 10A<\/li>\n<li><strong>Desligamento autom\u00e1tico de cargas:<\/strong> Sim<\/li>\n<li><strong>Tens\u00e3o solar m\u00e1xima:<\/strong> 28V \/ 55V<\/li>\n<li><strong>Auto-consumo:<\/strong> &lt; 10 mA<\/li>\n<li><strong>Sa\u00edda de carregamento:<\/strong> Controlo manual + corte por subtens\u00e3o + temporizador<\/li>\n<li><strong>Prote\u00e7\u00e3o:<\/strong>\n<ul>\n<li>Invers\u00e3o da polaridade da bateria (fus\u00edvel)<\/li>\n<li>Curto-circuito de sa\u00edda<\/li>\n<li>Sobretemperatura<\/li>\n<\/ul>\n<\/li>\n<li><strong>Prote\u00e7\u00e3o contra sobrecarga:<\/strong>\n<ul>\n<li>Desligar ap\u00f3s 60 s em caso de atingir a carga 130%<\/li>\n<li>Desativa\u00e7\u00e3o ap\u00f3s 5 s se for atingida a carga de 160%<\/li>\n<li>Desconex\u00e3o imediata em caso de curto-circuito<\/li>\n<\/ul>\n<\/li>\n<li><strong>Liga\u00e7\u00e3o \u00e0 terra:<\/strong> Comum positivo<\/li>\n<li><strong>Gama de temperaturas de funcionamento:<\/strong> -35 a +60\u00b0C (carga total)<\/li>\n<li><strong>Humidade (sem condensa\u00e7\u00e3o):<\/strong> M\u00e1x. 95%<\/li>\n<\/ul>\n<h3>Bateria<\/h3>\n<ul>\n<li><strong>Tens\u00e3o de carga \"absor\u00e7\u00e3o\":<\/strong> Defini\u00e7\u00e3o de f\u00e1brica: 14,4V \/ 28,8V<\/li>\n<li><strong>Tens\u00e3o de carga \"flutuante\":<\/strong> Defini\u00e7\u00e3o de f\u00e1brica: 13,7V \/ 27,4V<\/li>\n<li><strong>Desligamento da carga devido a baixa tens\u00e3o:<\/strong> Defini\u00e7\u00e3o de f\u00e1brica: 11,2V \/ 22,4V<\/li>\n<li><strong>Recoloca\u00e7\u00e3o da carga devido a baixa tens\u00e3o:<\/strong> Defini\u00e7\u00e3o de f\u00e1brica: 12,6V \/ 25,2<\/li>\n<\/ul>\n<h2>Instala\u00e7\u00e3o do controlador BlueSolar Victron PWM-LCD e USB 12\/24V-10A<\/h2>\n<p>Antes de mais, as baterias devem ser ligadas de modo a que o controlador reconhe\u00e7a a tens\u00e3o do sistema. Utilize pain\u00e9is solares de 12V (36 c\u00e9lulas) para sistemas de 12V e pain\u00e9is solares de 24V (72 c\u00e9lulas) para sistemas de 24V.<\/p>\n<p><strong>Medidas a adotar:<\/strong><\/p>\n<ol>\n<li>Ligar a bateria - positivo e negativo.<\/li>\n<li>Ligar os pain\u00e9is solares - positivo e negativo.<\/li>\n<li>Ligar a carga de consumo - positiva e negativa.<\/li>\n<\/ol>\n<p>Ao desinstalar, os mesmos passos devem ser seguidos na ordem inversa. Se forem efectuados numa ordem diferente, o controlador de carga PWM BlueSolar pode ficar danificado.<\/p>\n<p><strong>H\u00e1 que ter em conta este facto:<\/strong><\/p>\n<ul>\n<li>A bateria tem de estar carregada para que o controlador de carga PWM BlueSolar reconhe\u00e7a o tipo de bateria.<\/li>\n<li>O cabo da bateria deve ser t\u00e3o curto quanto poss\u00edvel para reduzir as perdas.<\/li>\n<li>Este regulador s\u00f3 \u00e9 adequado para baterias de chumbo-\u00e1cido e LiFePO4.<\/li>\n<li>O controlador de carga PWM BlueSolar s\u00f3 \u00e9 adequado para regular os pain\u00e9is solares. N\u00e3o pode ser ligada qualquer outra fonte de carga.<\/li>\n<\/ul>\n<p><strong>A imagem seguinte mostra os elementos do ecr\u00e3:<\/strong><\/p>\n<p><img fetchpriority=\"high\" decoding=\"async\" class=\"size-full wp-image-22981\" src=\"https:\/\/fvcomponentes.com\/wp-content\/uploads\/2025\/02\/Imagen-pantalla-Regulador-BlueSolar-Victron-PWM-LCD-y-USB.png\" alt=\"Imagem do ecr\u00e3 do controlador BlueSolar Victron PWM-LCD e USB BlueSolar Victron PWM-LCD e USB\" width=\"697\" height=\"339\" title=\"\"><\/p>\n<p><strong>Monitoriza\u00e7\u00e3o e configura\u00e7\u00e3o<\/strong><\/p>\n<ul>\n<li>Ecr\u00e3 de arranque: Quando a bateria est\u00e1 ligada, o ecr\u00e3 mostra o modelo do carregador solar e a tens\u00e3o do sistema reconhecida pelo carregador solar.\n<ul>\n<li>O c\u00f3digo 110 corresponde ao controlador de carga PWM BlueSolar - LCD - USB 12V|10A<\/li>\n<li>O c\u00f3digo 210 corresponde ao controlador de carga PWM BlueSolar - LCD - USB 24V|10A<\/li>\n<\/ul>\n<\/li>\n<li>Ecr\u00e3 principal: tens\u00e3o da bateria, estado de carga da bateria e quantidade de carga e descarga.\n<ul>\n<li>Prima o bot\u00e3o MENU durante alguns segundos at\u00e9 o visor piscar e aceder a diferentes ecr\u00e3s para efetuar modifica\u00e7\u00f5es:\n<ul>\n<li>Tipo de bateria.<\/li>\n<li>Desconex\u00e3o de baixa tens\u00e3o.\n<ul>\n<li>A defini\u00e7\u00e3o de f\u00e1brica \u00e9 11,2V<\/li>\n<\/ul>\n<\/li>\n<li>Reconex\u00e3o de baixa tens\u00e3o\n<ul>\n<li>A defini\u00e7\u00e3o de f\u00e1brica \u00e9 de uma bateria de 12,6 V.<\/li>\n<\/ul>\n<\/li>\n<li>Indica\u00e7\u00e3o da corrente de carga: corrente PV para a bateria e estado de carga da bateria.<\/li>\n<li>Regula\u00e7\u00e3o da pot\u00eancia dos consumidores de carga.\n<ul>\n<li>A defini\u00e7\u00e3o de f\u00e1brica \u00e9 24h (sa\u00edda de carga sempre ligada).<\/li>\n<\/ul>\n<\/li>\n<li>Regula\u00e7\u00e3o da pot\u00eancia dos consumidores de carga.<\/li>\n<li>N\u00edvel de ativa\u00e7\u00e3o.<\/li>\n<li>Ativa\u00e7\u00e3o retardada.<\/li>\n<li>Regula\u00e7\u00e3o da prote\u00e7\u00e3o contra curto-circuitos.<\/li>\n<li>Indica\u00e7\u00e3o da corrente de descarga.<\/li>\n<li>Indica\u00e7\u00e3o da tens\u00e3o USB.<\/li>\n<li>Temperatura interna do controlador.<\/li>\n<\/ul>\n<\/li>\n<\/ul>\n<\/li>\n<\/ul>\n<h2>Ficha de dados e manual para Controlador BlueSolar Victron PWM-LCD e USB 12\/24V-10A - SCC010010050<\/h2>\n<p><a href=\"https:\/\/fvcomponentes.com\/wp-content\/uploads\/2023\/03\/BlueSolar-LCD-12-24V-LCDUSB-ES.pdf\" target=\"_blank\" rel=\"noopener\">Ver a ficha de dados do Controlador BlueSolar Victron PWM-LCD e USB 12\/24V-10A - SCC010010050<\/a><\/p>\n<p><a href=\"https:\/\/fvcomponentes.com\/wp-content\/uploads\/2025\/02\/Manual-Regulador-BlueSolar-Victron-PWM-LCD-y-USB.pdf\" target=\"_blank\" rel=\"noopener\">Veja o manual do controlador BlueSolar Victron PWM-LCD e USB 12\/24V-10A - SCC010010050<\/a><\/p>","protected":false},"excerpt":{"rendered":"<p><strong>Tens\u00e3o da bateria:<\/strong> 12\/24V com dete\u00e7\u00e3o autom\u00e1tica da tens\u00e3o de entrada<br \/>\n<strong>Corrente de carga nominal:<\/strong> 10A<br \/>\n<strong>Desligamento autom\u00e1tico da carga:<\/strong> Sim<br \/>\n<strong>Peso (kg):<\/strong> 0,15<br \/>\n<strong>Dimens\u00f5es (mm):<\/strong> 96 x 169 x 36 mm<\/p>","protected":false},"featured_media":22967,"comment_status":"open","ping_status":"closed","template":"","meta":{"site-sidebar-layout":"default","site-content-layout":"","ast-site-content-layout":"default","site-content-style":"default","site-sidebar-style":"default","ast-global-header-display":"","ast-banner-title-visibility":"","ast-main-header-display":"","ast-hfb-above-header-display":"","ast-hfb-below-header-display":"","ast-hfb-mobile-header-display":"","site-post-title":"","ast-breadcrumbs-content":"","ast-featured-img":"","footer-sml-layout":"","ast-disable-related-posts":"","theme-transparent-header-meta":"default","adv-header-id-meta":"","stick-header-meta":"","header-above-stick-meta":"","header-main-stick-meta":"","header-below-stick-meta":"","astra-migrate-meta-layouts":"set","ast-page-background-enabled":"default","ast-page-background-meta":{"desktop":{"background-color":"var(--ast-global-color-4)","background-image":"","background-repeat":"repeat","background-position":"center center","background-size":"auto","background-attachment":"scroll","background-type":"","background-media":"","overlay-type":"","overlay-color":"","overlay-opacity":"","overlay-gradient":""},"tablet":{"background-color":"","background-image":"","background-repeat":"repeat","background-position":"center center","background-size":"auto","background-attachment":"scroll","background-type":"","background-media":"","overlay-type":"","overlay-color":"","overlay-opacity":"","overlay-gradient":""},"mobile":{"background-color":"","background-image":"","background-repeat":"repeat","background-position":"center center","background-size":"auto","background-attachment":"scroll","background-type":"","background-media":"","overlay-type":"","overlay-color":"","overlay-opacity":"","overlay-gradient":""}},"ast-content-background-meta":{"desktop":{"background-color":"var(--ast-global-color-5)","background-image":"","background-repeat":"repeat","background-position":"center center","background-size":"auto","background-attachment":"scroll","background-type":"","background-media":"","overlay-type":"","overlay-color":"","overlay-opacity":"","overlay-gradient":""},"tablet":{"background-color":"var(--ast-global-color-5)","background-image":"","background-repeat":"repeat","background-position":"center center","background-size":"auto","background-attachment":"scroll","background-type":"","background-media":"","overlay-type":"","overlay-color":"","overlay-opacity":"","overlay-gradient":""},"mobile":{"background-color":"var(--ast-global-color-5)","background-image":"","background-repeat":"repeat","background-position":"center center","background-size":"auto","background-attachment":"scroll","background-type":"","background-media":"","overlay-type":"","overlay-color":"","overlay-opacity":"","overlay-gradient":""}}},"pwb-brand":[332],"product_brand":[],"product_cat":[354,353],"product_tag":[],"class_list":{"0":"post-22965","1":"product","2":"type-product","3":"status-publish","4":"has-post-thumbnail","6":"pwb-brand-victron","7":"product_cat-reguladores-pwm","8":"product_cat-reguladores-de-carga-solares","9":"desktop-align-left","10":"tablet-align-left","11":"mobile-align-left","12":"ast-product-gallery-layout-horizontal-slider","13":"ast-product-tabs-layout-horizontal","15":"first","16":"instock","17":"taxable","18":"shipping-taxable","19":"purchasable","20":"product-type-simple"},"wcpa_form_fields":null,"brands":[{"id":332,"name":"Victron Energia","slug":"victron"}],"_links":{"self":[{"href":"https:\/\/fvcomponentes.com\/pt\/wp-json\/wp\/v2\/product\/22965","targetHints":{"allow":["GET"]}}],"collection":[{"href":"https:\/\/fvcomponentes.com\/pt\/wp-json\/wp\/v2\/product"}],"about":[{"href":"https:\/\/fvcomponentes.com\/pt\/wp-json\/wp\/v2\/types\/product"}],"replies":[{"embeddable":true,"href":"https:\/\/fvcomponentes.com\/pt\/wp-json\/wp\/v2\/comments?post=22965"}],"wp:featuredmedia":[{"embeddable":true,"href":"https:\/\/fvcomponentes.com\/pt\/wp-json\/wp\/v2\/media\/22967"}],"wp:attachment":[{"href":"https:\/\/fvcomponentes.com\/pt\/wp-json\/wp\/v2\/media?parent=22965"}],"wp:term":[{"taxonomy":"pwb-brand","embeddable":true,"href":"https:\/\/fvcomponentes.com\/pt\/wp-json\/wp\/v2\/pwb-brand?post=22965"},{"taxonomy":"product_brand","embeddable":true,"href":"https:\/\/fvcomponentes.com\/pt\/wp-json\/wp\/v2\/product_brand?post=22965"},{"taxonomy":"product_cat","embeddable":true,"href":"https:\/\/fvcomponentes.com\/pt\/wp-json\/wp\/v2\/product_cat?post=22965"},{"taxonomy":"product_tag","embeddable":true,"href":"https:\/\/fvcomponentes.com\/pt\/wp-json\/wp\/v2\/product_tag?post=22965"}],"curies":[{"name":"wp","href":"https:\/\/api.w.org\/{rel}","templated":true}]}}