{"id":22720,"date":"2025-01-30T09:28:07","date_gmt":"2025-01-30T08:28:07","guid":{"rendered":"https:\/\/fvcomponentes.com\/?post_type=product&#038;p=22720"},"modified":"2026-04-08T21:34:03","modified_gmt":"2026-04-08T19:34:03","slug":"conversor-victron-orion-tr-smart-48-48-8a-isolado-ori484838120","status":"publish","type":"product","link":"https:\/\/fvcomponentes.com\/pt\/producto\/convertidor-victron-orion-tr-smart-48-48-8a-aislado-ori484838120\/","title":{"rendered":"Conversor de refor\u00e7o isolado Victron Orion-Tr Smart 48\/48 8A - ORI48484838120"},"content":{"rendered":"<h2>Conversor de refor\u00e7o isolado Victron Orion-Tr Smart 48\/48 8A - ORI48484838120<\/h2>\n<p>O conversor Booster isolado Victron Orion-Tr Smart 48\/48 8A - ORI48484838120 \u00e9 um conversor de corrente cont\u00ednua (DC-DC), que pode funcionar como um carregador de bateria ou como uma fonte de alimenta\u00e7\u00e3o. Ideal para prolongar a vida \u00fatil da bateria gra\u00e7as ao seu algoritmo de carregamento optimizado. Tamb\u00e9m \u00e9 adequado para utiliza\u00e7\u00e3o em ve\u00edculos com alternadores inteligentes, como os motores Euro 5 e Euro 6.<\/p>\n<h2>Especifica\u00e7\u00f5es do Orion-Tr Smart 48\/48 8A com isolamento<\/h2>\n<ul>\n<li><strong>Gama de tens\u00e3o de entrada: <\/strong>32-70 V<\/li>\n<li><strong>Subtens\u00e3o de desconex\u00e3o:<\/strong> 28 V<\/li>\n<li><strong>Reposi\u00e7\u00e3o da subtens\u00e3o:<\/strong> 30 V<\/li>\n<li><strong>Tens\u00e3o nominal de sa\u00edda: <\/strong>48.2 V<\/li>\n<li><strong>Gama de ajuste da tens\u00e3o de sa\u00edda:<\/strong> 40-60 V<\/li>\n<li><strong>Toler\u00e2ncia da tens\u00e3o de sa\u00edda:<\/strong> +\/- 0,2 V<\/li>\n<li><strong>N\u00edvel de ru\u00eddo:<\/strong> 2 mV rms<\/li>\n<li><strong>Corrente de sa\u00edda cont. \u00e0 tens\u00e3o de sa\u00edda nominal e 40\u00baC:<\/strong> 8 A<\/li>\n<li><strong>Corrente m\u00e1xima de sa\u00edda (10 s) \u00e0 tens\u00e3o nominal de sa\u00edda menos 20 %:<\/strong> 15 A<\/li>\n<li><strong>Corrente de curto-circuito: <\/strong>25 A<\/li>\n<li><strong>Pot\u00eancia cont. de sa\u00edda a 25 \u00b0C:<\/strong> 430 W<\/li>\n<li><strong>Pot\u00eancia cont. de sa\u00edda a 40 \u00b0C:<\/strong> 380 W<\/li>\n<li><strong>Efici\u00eancia:<\/strong> 89%<\/li>\n<li><strong>Corrente de carga de entrada sem carga: <\/strong>&lt; 80mA<\/li>\n<li><strong>Corrente em repouso:<\/strong> &lt; 1 mA<\/li>\n<li><strong>Utilizar como fonte de alimenta\u00e7\u00e3o:<\/strong> Sim, a tens\u00e3o de sa\u00edda pode ser configurada atrav\u00e9s de Bluetooth<\/li>\n<li><strong>Isolamento galv\u00e2nico:<\/strong> 200 V entre a entrada, a sa\u00edda e a caixa<\/li>\n<li><strong>Gama de temperaturas de funcionamento:<\/strong> -20 a +55 \u00b0C (redu\u00e7\u00e3o de pot\u00eancia de 3 % por cada \u00b0C acima de 40 \u00b0C)<\/li>\n<li><strong>Humidade:<\/strong> M\u00e1x. 95 % sem condensa\u00e7\u00e3o<\/li>\n<li><strong>Liga\u00e7\u00e3o DC:<\/strong> Terminais de parafuso<\/li>\n<li><strong>Sec\u00e7\u00e3o transversal m\u00e1xima do cabo:<\/strong> 16 mm\u00b2 (AWG6)<\/li>\n<li><strong>Peso:<\/strong> 1,6 kg<\/li>\n<li><strong>Dimens\u00f5es:<\/strong> 130 x 186 x 70 mm<\/li>\n<li><strong>Grau de prote\u00e7\u00e3o:<\/strong>\n<ul>\n<li>Componentes electr\u00f3nicos: IP43<\/li>\n<li>\u00c1rea de liga\u00e7\u00e3o: IP22<\/li>\n<\/ul>\n<\/li>\n<\/ul>\n<h2>Carater\u00edsticas do Orion-Tr Smart 48\/48 8A isolado<\/h2>\n<p><strong>Configura\u00e7\u00e3o flex\u00edvel e adapt\u00e1vel<\/strong><\/p>\n<ul>\n<li>O algoritmo de carga\/descarga deste booster permite que uma sa\u00edda de tens\u00e3o fixa seja programada ou selecionada conforme necess\u00e1rio.<\/li>\n<li>\u00c9 compat\u00edvel com alternadores inteligentes, detecta automaticamente quando o motor est\u00e1 a funcionar.<\/li>\n<\/ul>\n<p><strong>Conectividade Bluetooth Smart<\/strong><\/p>\n<ul>\n<li>O Bluetooth isolado do Orion-Tr Smart 48\/48 8A permite-lhe ser configurado, monitorizado e atualizado a partir de qualquer smartphone ou dispositivo compat\u00edvel com a aplica\u00e7\u00e3o VictronConnect.<\/li>\n<li>Proporciona uma visualiza\u00e7\u00e3o r\u00e1pida dos dados, alarmes e notifica\u00e7\u00f5es sem necessidade de liga\u00e7\u00e3o f\u00edsica ao equipamento.<\/li>\n<\/ul>\n<p><strong>Prote\u00e7\u00e3o eletr\u00f3nica avan\u00e7ada<\/strong><\/p>\n<ul>\n<li>Inclui prote\u00e7\u00e3o contra sobreaquecimento, sobrecarga e curto-circuito.<\/li>\n<li>Se a temperatura ambiente for elevada, o booster isolado 48\/48 8A reduz automaticamente a pot\u00eancia para evitar danos.<\/li>\n<\/ul>\n<p><strong>Algoritmo de carregamento em 3 fases<\/strong><\/p>\n<ul>\n<li>Para as baterias de chumbo-\u00e1cido, o tempo de absor\u00e7\u00e3o \u00e9 ajustado de acordo com a profundidade da descarga: as descargas ligeiras requerem menos tempo e as descargas profundas necessitam de mais tempo para garantir a carga completa.<\/li>\n<li>Para as pilhas de l\u00edtio, o tempo de absor\u00e7\u00e3o \u00e9 fixo e deve ser definido para 2 horas.<\/li>\n<\/ul>\n<p><strong>Controlo remoto de ligar\/desligar<\/strong><\/p>\n<ul>\n<li>Um interrutor remoto pode ser ligado atrav\u00e9s dos conectores bif\u00e1sicos ou pode tamb\u00e9m ser configurado manualmente, utilizando os terminais para ligar ao positivo ou negativo da bateria.<\/li>\n<\/ul>\n<p><strong>Constru\u00e7\u00e3o segura e robusta<\/strong><\/p>\n<ul>\n<li>Tem prote\u00e7\u00e3o IP43, \u00e9 resistente a salpicos e poeiras se for instalado com os terminais virados para baixo.<\/li>\n<li>Proporciona uma separa\u00e7\u00e3o autom\u00e1tica entre a bateria principal e a bateria auxiliar quando o motor n\u00e3o est\u00e1 a funcionar.<\/li>\n<\/ul>\n<h2>Vantagens do Victron Orion-Tr Smart<\/h2>\n<ul>\n<li>Se v\u00e1rios aparelhos forem ligados em paralelo, a corrente de sa\u00edda pode ser aumentada. Ideal para grandes instala\u00e7\u00f5es ou instala\u00e7\u00f5es com elevada procura de energia.<\/li>\n<li>Prote\u00e7\u00e3o inteligente: O Booster isolado Orion 48\/48 8A desliga-se automaticamente se a tens\u00e3o de entrada descer abaixo do limiar m\u00ednimo e reinicia quando a tens\u00e3o volta aos n\u00edveis normais.<\/li>\n<li>Os boosters isolados Orion s\u00e3o especialmente concebidos para alternadores inteligentes em ve\u00edculos com motores Euro 5 e Euro 6.<\/li>\n<li>Separa\u00e7\u00e3o autom\u00e1tica da bateria: Desliga automaticamente a bateria de arranque e a bateria auxiliar se o motor n\u00e3o estiver a funcionar, evitando assim que a bateria principal se descarregue.<\/li>\n<\/ul>\n<h2>Instala\u00e7\u00e3o do Booster Isolado Victron Orion-Tr Smart 12\/48 8A<\/h2>\n<p>A instala\u00e7\u00e3o deste amplificador victron requer uma aten\u00e7\u00e3o especial \u00e0s liga\u00e7\u00f5es e ao ambiente para garantir um desempenho \u00f3timo e um funcionamento seguro. Estes s\u00e3o os passos e aspectos chave para uma instala\u00e7\u00e3o correta:<\/p>\n<p><strong>1. Local de instala\u00e7\u00e3o<\/strong><\/p>\n<ul>\n<li>O aparelho deve ser instalado numa superf\u00edcie s\u00f3lida e est\u00e1vel.<\/li>\n<li>Deve haver ventila\u00e7\u00e3o suficiente para evitar a acumula\u00e7\u00e3o de calor, por isso deixe espa\u00e7o \u00e0 volta do equipamento quando o instalar.<\/li>\n<li>Se pretender manter a prote\u00e7\u00e3o IP43 contra poeiras e salpicos de \u00e1gua, o conversor deve ser instalado com os terminais de parafuso virados para baixo.<\/li>\n<\/ul>\n<p><strong>Pr\u00e9-requisitos<\/strong><\/p>\n<ul>\n<li>\u00c9 necess\u00e1ria uma chave de fendas normal para os terminais de parafuso.<\/li>\n<li>Utilize cabos com sec\u00e7\u00e3o transversal suficiente para suportar a corrente de entrada e sa\u00edda do dispositivo. Consulte o manual para determinar o tamanho correto com base na dist\u00e2ncia entre o conversor e as baterias ou a carga.<\/li>\n<li>Recomenda-se a inclus\u00e3o de um fus\u00edvel ou disjuntor nas liga\u00e7\u00f5es para proteger o amplificador e as baterias.<\/li>\n<\/ul>\n<p><strong>3. Liga\u00e7\u00e3o de entrada e sa\u00edda<\/strong><\/p>\n<ul>\n<li>Entrada: Ligue os cabos de alimenta\u00e7\u00e3o de entrada ao conversor, certifique-se de que a tens\u00e3o de entrada est\u00e1 dentro do intervalo de 10-17 VDC. Verifique a polaridade antes de efetuar a liga\u00e7\u00e3o para evitar danos no equipamento, uma vez que a garantia n\u00e3o cobre danos provocados por invers\u00e3o de polaridade.<\/li>\n<li>Sa\u00edda: Ligar os cabos de sa\u00edda ao sistema de baterias de 48 V ou \u00e0 carga correspondente. Respeitar sempre a polaridade indicada para garantir um funcionamento correto.<\/li>\n<\/ul>\n<p><strong>4. Ligar o controlo remoto On\/Off<\/strong><\/p>\n<ul>\n<li>O dispositivo inclui um conetor bif\u00e1sico para controlar a liga\u00e7\u00e3o e a desativa\u00e7\u00e3o atrav\u00e9s de um interrutor remoto.<\/li>\n<li>Opcionalmente, o terminal H (positivo) ou L (negativo) pode ser utilizado para controlar a igni\u00e7\u00e3o, ligando-os diretamente ao positivo ou negativo da bateria ou ao chassis do ve\u00edculo.<\/li>\n<\/ul>\n<p><strong>5. Configura\u00e7\u00e3o inicial com o VictronConnect<\/strong><\/p>\n<p>O dispositivo deve ser configurado de acordo com as necessidades espec\u00edficas do sistema. Isto \u00e9 feito atrav\u00e9s da aplica\u00e7\u00e3o VictronConnect, que est\u00e1 dispon\u00edvel para dispositivos Bluetooth.<\/p>\n<ul>\n<li>Descarregue a aplica\u00e7\u00e3o a partir da loja de aplica\u00e7\u00f5es do seu smartphone ou tablet.<\/li>\n<li>Com o conversor orion ligado, utilize o Bluetooth para o emparelhar com o seu dispositivo m\u00f3vel.<\/li>\n<li>Configurar o algoritmo de carregamento em fun\u00e7\u00e3o do tipo de bateria utilizado (chumbo-\u00e1cido ou l\u00edtio) e selecionar o modo de funcionamento: carregador de bateria ou fonte de alimenta\u00e7\u00e3o.<\/li>\n<li>Monitoriza\u00e7\u00e3o: A aplica\u00e7\u00e3o permite a monitoriza\u00e7\u00e3o em tempo real de par\u00e2metros como a tens\u00e3o, a corrente, o estado de carga e os alarmes.<\/li>\n<\/ul>\n<p><strong>6. Montagem final<\/strong><\/p>\n<p>Uma vez efectuadas todas as liga\u00e7\u00f5es, verificar se os cabos est\u00e3o bem fixados e sem tens\u00f5es mec\u00e2nicas. Por fim, proteger as liga\u00e7\u00f5es expostas com terminais isolantes ou protectores de borracha.<\/p>\n<h2>Ficha de dados e manual do conversor isolado Victron Orion-Tr Smart 48\/48 8A - ORI48484838120<\/h2>\n<p><a href=\"https:\/\/fvcomponentes.com\/wp-content\/uploads\/2025\/01\/Manual-Convertidor-Victron-Orion-Tr-Smart.pdf\" target=\"_blank\" rel=\"noopener\">Veja o manual do conversor Victron Orion-Tr Smart 48\/48 8A isolado Victron - ORI48484838120<\/a><\/p>\n<p><a href=\"https:\/\/fvcomponentes.com\/wp-content\/uploads\/2025\/01\/Ficha-tecnica-Convertidor-Victron-Orion-Tr-Smart.pdf\" target=\"_blank\" rel=\"noopener\">Consulte a ficha de dados t\u00e9cnicos para o conversor isolado Victron Orion-Tr Smart 48\/48 8A - ORI48484838120<\/a><\/p>","protected":false},"excerpt":{"rendered":"<p><span style=\"color: #ff0000\"><strong>Novo lan\u00e7amento.<\/strong><\/span><\/p>\n<p><strong>Tens\u00e3o de entrada:<\/strong>\u00a032-70 V<br \/>\n<strong>Tens\u00e3o de sa\u00edda:<\/strong> 48,2V<br \/>\n<strong>Corrente de sa\u00edda cont\u00ednua:<\/strong> 8A<br \/>\n<strong>Corrente m\u00e1xima de sa\u00edda:<\/strong> 15A<br \/>\n<strong>Isolamento galv\u00e2nico:<\/strong>\u00a0200V DC entre a entrada, a sa\u00edda e o inv\u00f3lucro<\/p>\n<p>A fotografia do produto tem um car\u00e1cter meramente ilustrativo e pode n\u00e3o corresponder ao produto real.<\/p>","protected":false},"featured_media":22722,"comment_status":"open","ping_status":"closed","template":"","meta":{"site-sidebar-layout":"default","site-content-layout":"","ast-site-content-layout":"default","site-content-style":"default","site-sidebar-style":"default","ast-global-header-display":"","ast-banner-title-visibility":"","ast-main-header-display":"","ast-hfb-above-header-display":"","ast-hfb-below-header-display":"","ast-hfb-mobile-header-display":"","site-post-title":"","ast-breadcrumbs-content":"","ast-featured-img":"","footer-sml-layout":"","ast-disable-related-posts":"","theme-transparent-header-meta":"default","adv-header-id-meta":"","stick-header-meta":"","header-above-stick-meta":"","header-main-stick-meta":"","header-below-stick-meta":"","astra-migrate-meta-layouts":"set","ast-page-background-enabled":"default","ast-page-background-meta":{"desktop":{"background-color":"var(--ast-global-color-4)","background-image":"","background-repeat":"repeat","background-position":"center center","background-size":"auto","background-attachment":"scroll","background-type":"","background-media":"","overlay-type":"","overlay-color":"","overlay-opacity":"","overlay-gradient":""},"tablet":{"background-color":"","background-image":"","background-repeat":"repeat","background-position":"center center","background-size":"auto","background-attachment":"scroll","background-type":"","background-media":"","overlay-type":"","overlay-color":"","overlay-opacity":"","overlay-gradient":""},"mobile":{"background-color":"","background-image":"","background-repeat":"repeat","background-position":"center center","background-size":"auto","background-attachment":"scroll","background-type":"","background-media":"","overlay-type":"","overlay-color":"","overlay-opacity":"","overlay-gradient":""}},"ast-content-background-meta":{"desktop":{"background-color":"var(--ast-global-color-5)","background-image":"","background-repeat":"repeat","background-position":"center center","background-size":"auto","background-attachment":"scroll","background-type":"","background-media":"","overlay-type":"","overlay-color":"","overlay-opacity":"","overlay-gradient":""},"tablet":{"background-color":"var(--ast-global-color-5)","background-image":"","background-repeat":"repeat","background-position":"center center","background-size":"auto","background-attachment":"scroll","background-type":"","background-media":"","overlay-type":"","overlay-color":"","overlay-opacity":"","overlay-gradient":""},"mobile":{"background-color":"var(--ast-global-color-5)","background-image":"","background-repeat":"repeat","background-position":"center center","background-size":"auto","background-attachment":"scroll","background-type":"","background-media":"","overlay-type":"","overlay-color":"","overlay-opacity":"","overlay-gradient":""}}},"pwb-brand":[332],"product_brand":[],"product_cat":[965,419,865],"product_tag":[],"class_list":{"0":"post-22720","1":"product","2":"type-product","3":"status-publish","4":"has-post-thumbnail","6":"pwb-brand-victron","7":"product_cat-48v-48v","8":"product_cat-cargadores-de-baterias","9":"product_cat-convertidores","10":"desktop-align-left","11":"tablet-align-left","12":"mobile-align-left","13":"ast-product-gallery-layout-horizontal-slider","14":"ast-product-tabs-layout-horizontal","16":"first","17":"instock","18":"taxable","19":"shipping-taxable","20":"purchasable","21":"product-type-simple"},"wcpa_form_fields":null,"brands":[{"id":332,"name":"Victron Energia","slug":"victron"}],"_links":{"self":[{"href":"https:\/\/fvcomponentes.com\/pt\/wp-json\/wp\/v2\/product\/22720","targetHints":{"allow":["GET"]}}],"collection":[{"href":"https:\/\/fvcomponentes.com\/pt\/wp-json\/wp\/v2\/product"}],"about":[{"href":"https:\/\/fvcomponentes.com\/pt\/wp-json\/wp\/v2\/types\/product"}],"replies":[{"embeddable":true,"href":"https:\/\/fvcomponentes.com\/pt\/wp-json\/wp\/v2\/comments?post=22720"}],"wp:featuredmedia":[{"embeddable":true,"href":"https:\/\/fvcomponentes.com\/pt\/wp-json\/wp\/v2\/media\/22722"}],"wp:attachment":[{"href":"https:\/\/fvcomponentes.com\/pt\/wp-json\/wp\/v2\/media?parent=22720"}],"wp:term":[{"taxonomy":"pwb-brand","embeddable":true,"href":"https:\/\/fvcomponentes.com\/pt\/wp-json\/wp\/v2\/pwb-brand?post=22720"},{"taxonomy":"product_brand","embeddable":true,"href":"https:\/\/fvcomponentes.com\/pt\/wp-json\/wp\/v2\/product_brand?post=22720"},{"taxonomy":"product_cat","embeddable":true,"href":"https:\/\/fvcomponentes.com\/pt\/wp-json\/wp\/v2\/product_cat?post=22720"},{"taxonomy":"product_tag","embeddable":true,"href":"https:\/\/fvcomponentes.com\/pt\/wp-json\/wp\/v2\/product_tag?post=22720"}],"curies":[{"name":"wp","href":"https:\/\/api.w.org\/{rel}","templated":true}]}}