{"id":22699,"date":"2025-01-29T11:38:28","date_gmt":"2025-01-29T10:38:28","guid":{"rendered":"https:\/\/fvcomponentes.com\/?post_type=product&#038;p=22699"},"modified":"2026-01-15T10:08:42","modified_gmt":"2026-01-15T09:08:42","slug":"conversor-victron-orion-tr-smart-48-12-30a-isolado-ori481238120","status":"publish","type":"product","link":"https:\/\/fvcomponentes.com\/pt\/producto\/convertidor-victron-orion-tr-smart-48-12-30a-aislado-ori481238120\/","title":{"rendered":"Conversor de refor\u00e7o isolado Victron Orion-Tr Smart 48\/12 30A - ORI481238120"},"content":{"rendered":"<p><span style=\"color: #ff0000\"><strong>Novo lan\u00e7amento.\u00a0<\/strong><\/span><\/p>\n<h2>Carater\u00edsticas do conversor isolado Victron Orion-Tr Smart 48\/12 30A - ORI481238120<\/h2>\n<p><strong>Liga\u00e7\u00e3o Bluetooth Smart<\/strong><\/p>\n<ul>\n<li>Assuma o controlo a partir do seu dispositivo m\u00f3vel: Com a aplica\u00e7\u00e3o VictronConnect, pode configurar, monitorizar e atualizar o equipamento a partir de qualquer smartphone, sem que haja uma liga\u00e7\u00e3o f\u00edsica ao equipamento.<\/li>\n<li>Acesso a informa\u00e7\u00f5es em tempo real: os dados do sistema podem ser revistos, as notifica\u00e7\u00f5es e os alarmes podem ser recebidos sem fios.<\/li>\n<\/ul>\n<p><strong>Orion-Tr Smart 48\/12 30A isolado: Configura\u00e7\u00e3o flex\u00edvel e adapt\u00e1vel<\/strong><\/p>\n<ul>\n<li>Algoritmo program\u00e1vel: O Orion-Tr Smart Booster permite-lhe ajustar o algoritmo de carregamento ou definir uma tens\u00e3o de sa\u00edda fixa, adaptando-se a diferentes requisitos do sistema.<\/li>\n<li>Compatibilidade com alternadores inteligentes (ve\u00edculos Euro 5 e Euro 6): Detecta automaticamente se o motor est\u00e1 a funcionar, optimizando o funcionamento de acordo com as condi\u00e7\u00f5es de funcionamento.<\/li>\n<\/ul>\n<p><strong>Algoritmo de carregamento em 3 fases<\/strong><\/p>\n<ul>\n<li>Baterias de chumbo-\u00e1cido: Ajustar o tempo de absor\u00e7\u00e3o de acordo com a profundidade da descarga: as cargas superficiais requerem menos tempo, enquanto as descargas profundas requerem mais tempo para garantir uma carga completa.<\/li>\n<li>Baterias de l\u00edtio: Mant\u00e9m um tempo de absor\u00e7\u00e3o fixo de 2 horas, garantindo assim um desempenho consistente.<\/li>\n<\/ul>\n<p><strong>Prote\u00e7\u00e3o eletr\u00f3nica avan\u00e7ada do Orion 48\/12 30A com isolamento<\/strong><\/p>\n<ul>\n<li>Prote\u00e7\u00e3o abrangente: Oferece seguran\u00e7a contra sobreaquecimento, sobrecarga e curto-circuitos.<\/li>\n<li>Gest\u00e3o t\u00e9rmica: reduz automaticamente a pot\u00eancia em condi\u00e7\u00f5es de temperatura elevada para evitar danos.<\/li>\n<\/ul>\n<p><strong>Controlo remoto de ligar\/desligar<\/strong><\/p>\n<ul>\n<li>Permite a liga\u00e7\u00e3o de um interrutor remoto atrav\u00e9s de conectores bif\u00e1sicos.<\/li>\n<li>Tamb\u00e9m pode ser configurado manualmente utilizando os terminais, ligados ao positivo ou negativo da bateria.<\/li>\n<\/ul>\n<p><strong>Constru\u00e7\u00e3o robusta e segura<\/strong><\/p>\n<ul>\n<li>Certifica\u00e7\u00e3o IP43: Oferece prote\u00e7\u00e3o contra salpicos e poeiras quando instalado com os terminais virados para baixo.<\/li>\n<li>Gest\u00e3o da bateria: Assegura a separa\u00e7\u00e3o autom\u00e1tica entre as baterias principal e auxiliar quando o motor n\u00e3o est\u00e1 a funcionar, evitando descargas desnecess\u00e1rias.<\/li>\n<\/ul>\n<h2>Especifica\u00e7\u00f5es do conversor isolado Orion-Tr Smart 48\/12 30A<\/h2>\n<ul>\n<li><strong>Gama de tens\u00e3o de entrada: <\/strong>32-70 V<\/li>\n<li><strong>Subtens\u00e3o de desconex\u00e3o:<\/strong> 28 V<\/li>\n<li><strong>Reposi\u00e7\u00e3o da subtens\u00e3o:<\/strong> 30 V<\/li>\n<li><strong>Tens\u00e3o nominal de sa\u00edda: <\/strong>12.2 V<\/li>\n<li><strong>Gama de ajuste da tens\u00e3o de sa\u00edda:<\/strong> 10-15 V<\/li>\n<li><strong>Toler\u00e2ncia da tens\u00e3o de sa\u00edda:<\/strong> +\/- 0,2 V<\/li>\n<li><strong>N\u00edvel de ru\u00eddo:<\/strong> 2 mV rms<\/li>\n<li><strong>Corrente de sa\u00edda cont. \u00e0 tens\u00e3o de sa\u00edda nominal e 40\u00baC:<\/strong> 30 A<\/li>\n<li><strong>Corrente m\u00e1xima de sa\u00edda (10 s) \u00e0 tens\u00e3o nominal de sa\u00edda menos 20 %:<\/strong> 40 A<\/li>\n<li><strong>Corrente de curto-circuito: <\/strong>60 A<\/li>\n<li><strong>Pot\u00eancia cont. de sa\u00edda a 25 \u00b0C:<\/strong> 430 W<\/li>\n<li><strong>Pot\u00eancia cont. de sa\u00edda a 40 \u00b0C:<\/strong> 360 W<\/li>\n<li><strong>Efici\u00eancia:<\/strong> 87%<\/li>\n<li><strong>Corrente de carga de entrada sem carga: <\/strong>&lt; 80mA<\/li>\n<li><strong>Corrente em repouso:<\/strong> &lt; 1 mA<\/li>\n<li><strong>Utilizar como fonte de alimenta\u00e7\u00e3o:<\/strong> Sim, a tens\u00e3o de sa\u00edda pode ser configurada atrav\u00e9s de Bluetooth<\/li>\n<li><strong>Isolamento galv\u00e2nico:<\/strong> 200 V entre a entrada, a sa\u00edda e a caixa<\/li>\n<li><strong>Gama de temperaturas de funcionamento:<\/strong> -20 a +55 \u00b0C (redu\u00e7\u00e3o de pot\u00eancia de 3 % por cada \u00b0C acima de 40 \u00b0C)<\/li>\n<li><strong>Humidade:<\/strong> M\u00e1x. 95 % sem condensa\u00e7\u00e3o<\/li>\n<li><strong>Liga\u00e7\u00e3o DC:<\/strong> Terminais de parafuso<\/li>\n<li><strong>Sec\u00e7\u00e3o transversal m\u00e1xima do cabo:<\/strong> 16 mm\u00b2 (AWG6)<\/li>\n<li><strong>Peso:<\/strong> 1,8 kg<\/li>\n<li><strong>Dimens\u00f5es:<\/strong> 130 x 186 x 80 mm<\/li>\n<li><strong>Grau de prote\u00e7\u00e3o:<\/strong>\n<ul>\n<li>Componentes electr\u00f3nicos: IP43<\/li>\n<li>\u00c1rea de liga\u00e7\u00e3o: IP22<\/li>\n<\/ul>\n<\/li>\n<\/ul>\n<h2>Orion-Tr Smart 48\/12 30A instala\u00e7\u00e3o isolada<\/h2>\n<h3>Conjunto de refor\u00e7o<\/h3>\n<p>Para uma instala\u00e7\u00e3o segura e eficaz, recomenda-se a sua utiliza\u00e7\u00e3o:<\/p>\n<ul>\n<li>Monte o conversor verticalmente numa superf\u00edcie n\u00e3o inflam\u00e1vel.<\/li>\n<li>Respeitar uma dist\u00e2ncia de 10 cm acima e abaixo do aparelho para assegurar uma ventila\u00e7\u00e3o adequada.<\/li>\n<li>Coloque-o perto da bateria, mas n\u00e3o diretamente em cima dela.<\/li>\n<\/ul>\n<h3>Liga\u00e7\u00e3o e cablagem<\/h3>\n<ul>\n<li>Utilizar cabos de cobre flex\u00edveis e multifilares, recomendados pelo fabricante.<\/li>\n<li>Verifique a polaridade antes de ligar a bateria, uma vez que uma liga\u00e7\u00e3o invertida pode danificar o equipamento e n\u00e3o est\u00e1 coberta pela garantia.<\/li>\n<li>Certifique-se de que os cabos est\u00e3o corretamente fixados para que n\u00e3o haja contactos falsos e sobreaquecimento.<\/li>\n<\/ul>\n<h3>Modos de funcionamento<\/h3>\n<p>O Victron Orion-Tr Smart tem dois modos principais:<\/p>\n<ul>\n<li>Modo de alimenta\u00e7\u00e3o: Mant\u00e9m uma sa\u00edda est\u00e1vel independentemente das varia\u00e7\u00f5es de entrada.<\/li>\n<li>Modo de carregamento: Implementa um processo de carregamento em tr\u00eas fases (massa, absor\u00e7\u00e3o e flutua\u00e7\u00e3o), optimizando assim o desempenho da bateria.<\/li>\n<\/ul>\n<h3>Controlo remoto de ligar\/desligar<\/h3>\n<p>O conversor pode ser ligado ou desligado \u00e0 dist\u00e2ncia atrav\u00e9s de:<\/p>\n<ul>\n<li>Um interrutor externo entre os pinos L e H.<\/li>\n<li>Liga\u00e7\u00e3o a um sistema de gest\u00e3o de baterias (BMS).<\/li>\n<\/ul>\n<h3>Dete\u00e7\u00e3o de paragem do motor<\/h3>\n<p>O Orion-Tr Smart inclui um sistema de dete\u00e7\u00e3o de paragem do motor para que a bateria de servi\u00e7o n\u00e3o seja descarregada quando o motor est\u00e1 desligado. O seu funcionamento baseia-se em:<\/p>\n<ul>\n<li>Monitoriza\u00e7\u00e3o da tens\u00e3o do alternador: Detecta se o motor est\u00e1 a funcionar atrav\u00e9s da medi\u00e7\u00e3o da flutua\u00e7\u00e3o da tens\u00e3o.<\/li>\n<li>Atraso de tempo configurado: O in\u00edcio do carregamento pode ser atrasado ap\u00f3s o arranque do motor.<\/li>\n<li>Histerese de desativa\u00e7\u00e3o: Evita a ativa\u00e7\u00e3o e desativa\u00e7\u00e3o constantes quando a tens\u00e3o flutua.<\/li>\n<\/ul>\n<h3>Resolu\u00e7\u00e3o de problemas<\/h3>\n<p>Alguns problemas comuns que podem surgir incluem:<\/p>\n<p><strong>1. O carregador n\u00e3o liga<\/strong><\/p>\n<ul>\n<li>Verificar os fus\u00edveis e as liga\u00e7\u00f5es da bateria.<\/li>\n<li>A tens\u00e3o de entrada deve estar dentro do intervalo recomendado.<\/li>\n<li>Verifique se a liga\u00e7\u00e3o remota de ligar\/desligar funciona.<\/li>\n<li>Se o aparelho tiver sido ligado com a polaridade invertida, pode ter sido danificado.<\/li>\n<\/ul>\n<p><strong>2. A bateria n\u00e3o carrega<\/strong><\/p>\n<ul>\n<li>Verifique se o modo de carregador est\u00e1 ativado no VictronConnect.<\/li>\n<li>Verificar as defini\u00e7\u00f5es de tens\u00e3o de absor\u00e7\u00e3o e de flutua\u00e7\u00e3o.<\/li>\n<li>Verificar se a carga n\u00e3o est\u00e1 a ser bloqueada:\n<ul>\n<li>Por dete\u00e7\u00e3o de paragem do motor.<\/li>\n<li>O BMS pode estar a bloque\u00e1-lo.<\/li>\n<\/ul>\n<\/li>\n<\/ul>\n<p><strong>3. Problemas com a liga\u00e7\u00e3o Bluetooth<\/strong><\/p>\n<ul>\n<li>Certifique-se de que o Bluetooth est\u00e1 ativado no conversor.<\/li>\n<li>Se o LED azul piscar a cada 0,8 segundos, j\u00e1 foi emparelhado outro dispositivo.<\/li>\n<li>Reinicie o conversor, desligando-o da bateria durante alguns segundos.<\/li>\n<\/ul>\n<h2>Ficha de dados e manual do conversor isolado Victron Orion-Tr Smart 48\/12 30A - ORI481238120<\/h2>\n<p><a href=\"https:\/\/fvcomponentes.com\/wp-content\/uploads\/2025\/01\/Ficha-tecnica-Convertidor-Victron-Orion-Tr-Smart.pdf\" target=\"_blank\" rel=\"noopener\">Consulte a ficha de dados t\u00e9cnicos para o conversor isolado Victron Orion-Tr Smart 48\/12 30A - ORI481238120<\/a><\/p>\n<p><a href=\"https:\/\/fvcomponentes.com\/wp-content\/uploads\/2025\/01\/Manual-Convertidor-Victron-Orion-Tr-Smart.pdf\" target=\"_blank\" rel=\"noopener\">Veja o manual do conversor isolado Victron Orion-Tr Smart 48\/12 30A - ORI481238120<\/a><\/p>","protected":false},"excerpt":{"rendered":"<p><span style=\"color: #ff0000\"><strong>Novo lan\u00e7amento.<\/strong><\/span><\/p>\n<p><strong>Tens\u00e3o de entrada:<\/strong> 32-70 V<br \/>\n<strong>Tens\u00e3o de sa\u00edda:<\/strong> 12,2V<br \/>\n<strong>Corrente de sa\u00edda cont\u00ednua:<\/strong> 30A<br \/>\n<strong>Corrente m\u00e1xima de sa\u00edda:<\/strong> 40A<br \/>\n<strong>Isolamento galv\u00e2nico:<\/strong> 200V DC entre a entrada, a sa\u00edda e o inv\u00f3lucro<\/p>\n<p>A fotografia do produto tem um car\u00e1cter meramente ilustrativo e pode n\u00e3o corresponder ao produto real.<\/p>","protected":false},"featured_media":32271,"comment_status":"open","ping_status":"closed","template":"","meta":{"site-sidebar-layout":"default","site-content-layout":"","ast-site-content-layout":"default","site-content-style":"default","site-sidebar-style":"default","ast-global-header-display":"","ast-banner-title-visibility":"","ast-main-header-display":"","ast-hfb-above-header-display":"","ast-hfb-below-header-display":"","ast-hfb-mobile-header-display":"","site-post-title":"","ast-breadcrumbs-content":"","ast-featured-img":"","footer-sml-layout":"","ast-disable-related-posts":"","theme-transparent-header-meta":"default","adv-header-id-meta":"","stick-header-meta":"","header-above-stick-meta":"","header-main-stick-meta":"","header-below-stick-meta":"","astra-migrate-meta-layouts":"set","ast-page-background-enabled":"default","ast-page-background-meta":{"desktop":{"background-color":"var(--ast-global-color-4)","background-image":"","background-repeat":"repeat","background-position":"center center","background-size":"auto","background-attachment":"scroll","background-type":"","background-media":"","overlay-type":"","overlay-color":"","overlay-opacity":"","overlay-gradient":""},"tablet":{"background-color":"","background-image":"","background-repeat":"repeat","background-position":"center center","background-size":"auto","background-attachment":"scroll","background-type":"","background-media":"","overlay-type":"","overlay-color":"","overlay-opacity":"","overlay-gradient":""},"mobile":{"background-color":"","background-image":"","background-repeat":"repeat","background-position":"center center","background-size":"auto","background-attachment":"scroll","background-type":"","background-media":"","overlay-type":"","overlay-color":"","overlay-opacity":"","overlay-gradient":""}},"ast-content-background-meta":{"desktop":{"background-color":"var(--ast-global-color-5)","background-image":"","background-repeat":"repeat","background-position":"center center","background-size":"auto","background-attachment":"scroll","background-type":"","background-media":"","overlay-type":"","overlay-color":"","overlay-opacity":"","overlay-gradient":""},"tablet":{"background-color":"var(--ast-global-color-5)","background-image":"","background-repeat":"repeat","background-position":"center center","background-size":"auto","background-attachment":"scroll","background-type":"","background-media":"","overlay-type":"","overlay-color":"","overlay-opacity":"","overlay-gradient":""},"mobile":{"background-color":"var(--ast-global-color-5)","background-image":"","background-repeat":"repeat","background-position":"center center","background-size":"auto","background-attachment":"scroll","background-type":"","background-media":"","overlay-type":"","overlay-color":"","overlay-opacity":"","overlay-gradient":""}}},"pwb-brand":[332],"product_brand":[],"product_cat":[963,419,865],"product_tag":[],"class_list":{"0":"post-22699","1":"product","2":"type-product","3":"status-publish","4":"has-post-thumbnail","6":"pwb-brand-victron","7":"product_cat-48v-12v","8":"product_cat-cargadores-de-baterias","9":"product_cat-convertidores","10":"desktop-align-left","11":"tablet-align-left","12":"mobile-align-left","13":"ast-product-gallery-layout-horizontal-slider","14":"ast-product-tabs-layout-horizontal","16":"first","17":"instock","18":"taxable","19":"shipping-taxable","20":"purchasable","21":"product-type-simple"},"wcpa_form_fields":null,"brands":[{"id":332,"name":"Victron Energia","slug":"victron"}],"_links":{"self":[{"href":"https:\/\/fvcomponentes.com\/pt\/wp-json\/wp\/v2\/product\/22699","targetHints":{"allow":["GET"]}}],"collection":[{"href":"https:\/\/fvcomponentes.com\/pt\/wp-json\/wp\/v2\/product"}],"about":[{"href":"https:\/\/fvcomponentes.com\/pt\/wp-json\/wp\/v2\/types\/product"}],"replies":[{"embeddable":true,"href":"https:\/\/fvcomponentes.com\/pt\/wp-json\/wp\/v2\/comments?post=22699"}],"wp:featuredmedia":[{"embeddable":true,"href":"https:\/\/fvcomponentes.com\/pt\/wp-json\/wp\/v2\/media\/32271"}],"wp:attachment":[{"href":"https:\/\/fvcomponentes.com\/pt\/wp-json\/wp\/v2\/media?parent=22699"}],"wp:term":[{"taxonomy":"pwb-brand","embeddable":true,"href":"https:\/\/fvcomponentes.com\/pt\/wp-json\/wp\/v2\/pwb-brand?post=22699"},{"taxonomy":"product_brand","embeddable":true,"href":"https:\/\/fvcomponentes.com\/pt\/wp-json\/wp\/v2\/product_brand?post=22699"},{"taxonomy":"product_cat","embeddable":true,"href":"https:\/\/fvcomponentes.com\/pt\/wp-json\/wp\/v2\/product_cat?post=22699"},{"taxonomy":"product_tag","embeddable":true,"href":"https:\/\/fvcomponentes.com\/pt\/wp-json\/wp\/v2\/product_tag?post=22699"}],"curies":[{"name":"wp","href":"https:\/\/api.w.org\/{rel}","templated":true}]}}