{"id":22351,"date":"2025-01-23T17:00:47","date_gmt":"2025-01-23T16:00:47","guid":{"rendered":"https:\/\/fvcomponentes.com\/?post_type=product&#038;p=22351"},"modified":"2026-04-08T21:36:28","modified_gmt":"2026-04-08T19:36:28","slug":"lynx-victron-smart-bms-500-m10-lyn034160210","status":"publish","type":"product","link":"https:\/\/fvcomponentes.com\/pt\/producto\/lynx-victron-smart-bms-500-m10-lyn034160210\/","title":{"rendered":"Lynx Victron Victron Smart BMS 500 M10 - LYN034160210"},"content":{"rendered":"<h2>Lynx Victron Victron Smart BMS 500 M10 - LYN034160210<\/h2>\n<p>Lynx Victron Smart BMS 500 M10 - LYN034160210 \u00e9 a solu\u00e7\u00e3o avan\u00e7ada para a gest\u00e3o e prote\u00e7\u00e3o das baterias de l\u00edtio LiFePO4 da Victron. Ideal para aplica\u00e7\u00f5es de armazenamento de energia e instala\u00e7\u00f5es fotovoltaicas, este BMS garante um desempenho seguro e eficiente das baterias no sistema. Possui fun\u00e7\u00f5es de monitoriza\u00e7\u00e3o, controlo e prote\u00e7\u00e3o de \u00faltima gera\u00e7\u00e3o.<\/p>\n<h2>Carater\u00edsticas do Smart BMS 500 M10<\/h2>\n<ul>\n<li><strong>Contactor integrado de 500 A:<\/strong>\n<ul>\n<li>O contactor integrado \u00e9 uma medida de seguran\u00e7a secund\u00e1ria, protegendo a bateria no caso de os controlos principais n\u00e3o terem desativado corretamente as cargas ou os carregadores. Este contactor funciona tamb\u00e9m como interrutor principal do sistema e pode ser controlado \u00e0 dist\u00e2ncia.<\/li>\n<\/ul>\n<\/li>\n<li><strong>Circuito de pr\u00e9-carga:<\/strong>\n<ul>\n<li>Evita correntes de arranque elevadas aquando da liga\u00e7\u00e3o de cargas capacitivas, tais como inversores (MultiPlus, Quattro); a necessidade de um sistema de pr\u00e9-carregamento externo \u00e9 eliminada. Isto assegura um arranque suave do sistema.<\/li>\n<\/ul>\n<\/li>\n<li><strong>Monitoriza\u00e7\u00e3o remota por Bluetooth:<\/strong>\n<ul>\n<li>O Lynx Smart BMS pode ser controlado e monitorizado remotamente atrav\u00e9s da aplica\u00e7\u00e3o VictronConnect ou de um dispositivo GX, como o Cerbo GX MK2. Aceda a dados em tempo real sobre o estado de carga, tens\u00e3o, corrente, ... E com a fun\u00e7\u00e3o Instant Readout, obt\u00e9m diagn\u00f3sticos r\u00e1pidos sem a necessidade de se ligar diretamente ao BMS.<\/li>\n<\/ul>\n<\/li>\n<li><strong>Controlo autom\u00e1tico de carregadores e inversores:<\/strong>\n<ul>\n<li>O sistema gere automaticamente os inversores e carregadores Victron compat\u00edveis atrav\u00e9s do DVCC, utilizando os contactos ATC (permite carregar) e ATD (permite descarregar) para controlar outros dispositivos que tenham uma porta remota.<\/li>\n<\/ul>\n<\/li>\n<li><strong>Rel\u00e9 program\u00e1vel:<\/strong>\n<ul>\n<li>O rel\u00e9 integrado no Lynx Victron Victron Smart BMS 500 M10 \u00e9 program\u00e1vel para v\u00e1rias fun\u00e7\u00f5es, como a ativa\u00e7\u00e3o de alarmes ou o controlo de um alternador atrav\u00e9s de um regulador externo. O sistema assegura que o alternador \u00e9 desligado antes de a bateria ser desligada, protegendo assim todos os componentes.<\/li>\n<\/ul>\n<\/li>\n<li><strong>Terminal de alimenta\u00e7\u00e3o AUX (1,1 A):<\/strong>\n<ul>\n<li>A sa\u00edda AUX fornece 1,1 A de pot\u00eancia para alimentar dispositivos como um dispositivo GX, mesmo quando o BMS desliga as cargas devido \u00e0 baixa tens\u00e3o das c\u00e9lulas. Se passarem 5 minutos sem que seja detectada tens\u00e3o de carga, o BMS desliga-se automaticamente, incluindo a sa\u00edda AUX.<\/li>\n<\/ul>\n<\/li>\n<li><strong>Comunica\u00e7\u00e3o de dados VE.Can e NMEA 2000:<\/strong>\n<ul>\n<li>Gra\u00e7as \u00e0 tecnologia VE.Can, a liga\u00e7\u00e3o aos aparelhos GX faz-se atrav\u00e9s de um cabo de rede RJ45 standard. Al\u00e9m disso, o protocolo NMEA 2000 permite integrar o BMS nas redes n\u00e1uticas, enviando informa\u00e7\u00f5es diretamente para os ecr\u00e3s multifun\u00e7\u00f5es a bordo.<\/li>\n<\/ul>\n<\/li>\n<li><strong>Monitoriza\u00e7\u00e3o do fus\u00edvel do distribuidor Lynx:<\/strong>\n<ul>\n<li>O Lynx Victron Smart BMS 500 M10 - LYN034160210 pode monitorizar at\u00e9 quatro distribuidores Lynx e os seus fus\u00edveis. Atrav\u00e9s do VictronConnect ou de um dispositivo GX, pode ler o estado dos fus\u00edveis e receber alertas se algum deles rebentar, evitando assim poss\u00edveis falhas no sistema.<\/li>\n<\/ul>\n<\/li>\n<li><strong>Redund\u00e2ncia paralela<\/strong>\n<ul>\n<li>A s\u00e9rie Lynx Smart BMS e Lynx Smart BMS NG permite m\u00faltiplas Lynx BMS numa instala\u00e7\u00e3o. Cada Smart BMS 500 M10 tem o seu pr\u00f3prio banco de baterias e juntos formam um \u00fanico sistema de baterias redundante. Podem ser ligados em paralelo at\u00e9 cinco BMS<\/li>\n<\/ul>\n<\/li>\n<\/ul>\n<h2>Especifica\u00e7\u00f5es Lynx Victron Victron Smart BMS 500 M10<\/h2>\n<ul>\n<li><strong>Gama de tens\u00e3o da bateria:<\/strong> 9 - 60 VDC<\/li>\n<li><strong>Tens\u00e3o m\u00e1xima de entrada:<\/strong> 75 VDC<\/li>\n<li><strong>Tens\u00f5es do sistema aceites:<\/strong> 12, 24 ou 48 V<\/li>\n<li><strong>Prote\u00e7\u00e3o contra a invers\u00e3o de polaridade:<\/strong> N\u00e3o<\/li>\n<li><strong>Corrente cont\u00ednua nominal do contactor de seguran\u00e7a principal:<\/strong> 500 ACC cont\u00ednuos<\/li>\n<li><strong>Corrente de pico nominal do contactor de seguran\u00e7a principal:<\/strong> 600 A durante 5 minutos<\/li>\n<li><strong>Consumo de energia no modo OFF:<\/strong> 0,3 mA para todas as tens\u00f5es do sistema<\/li>\n<li><strong>Consumo de energia em modo de espera:<\/strong> Aproximadamente 0,6 W (50 mA a 12 V)<\/li>\n<li><strong>Consumo de energia no modo ON: <\/strong>Aprox. 2,6 W (217 mA a 12 V) dependendo do estado do rel\u00e9<\/li>\n<li><strong>Resist\u00eancia m\u00ednima \u00e0 carga para pr\u00e9-carregamento: <\/strong>10 \u03a9 e superior para sistemas de 12 V 20 \u03a9 e superior para sistemas de 24 V e 48 V<\/li>\n<li><strong>Corrente nominal m\u00e1xima da sa\u00edda AUX: <\/strong>1,1 A cont\u00ednuo, protegido por um fus\u00edvel rearm\u00e1vel<\/li>\n<li><strong>Porta ATC (permitir o carregamento) Corrente nominal m\u00e1xima:<\/strong> 0,5 A a 60 VDC, protegido por um fus\u00edvel rearm\u00e1vel<\/li>\n<li><strong>Porta ATD (permitir descarga) Corrente nominal m\u00e1xima:<\/strong> 0,5 A a 60 VDC, protegido por um fus\u00edvel rearm\u00e1vel<\/li>\n<li><strong>Rel\u00e9 de alarme de toque duplo unipolar (SPDT) Corrente nominal m\u00e1xima:<\/strong> 2 A a 60 VDC<\/li>\n<\/ul>\n<h2>Integra\u00e7\u00e3o no sistema de distribui\u00e7\u00e3o Lynx<\/h2>\n<p>O Lynx Smart BMS integra-se facilmente com o sistema de distribui\u00e7\u00e3o Lynx. A bateria deve ser sempre ligada ao lado esquerdo do Lynx Smart BMS (na posi\u00e7\u00e3o normal), enquanto todas as cargas e carregadores devem ser ligados \u00e0 direita.<br \/>\nA imagem abaixo mostra o Lynx Smart BMS num sistema com dois distribuidores Lynx. Juntos formam um barramento cont\u00ednuo com liga\u00e7\u00f5es de bateria com fus\u00edveis, monitor de bateria, sistema BMS, contactor e liga\u00e7\u00f5es de carga com fus\u00edveis.<\/p>\n<p><img fetchpriority=\"high\" decoding=\"async\" class=\"size-full wp-image-22386\" src=\"https:\/\/fvcomponentes.com\/wp-content\/uploads\/2025\/01\/Integracion-BMS-en-sistema-Lynx.png\" alt=\"Integra\u00e7\u00e3o do BMS no sistema Lynx\" width=\"727\" height=\"522\" title=\"\"><\/p>\n<p>Os m\u00f3dulos Lynx podem ser montados em qualquer orienta\u00e7\u00e3o, as unidades est\u00e3o equipadas com adesivos especiais para que possam ser instaladas de cabe\u00e7a para baixo.<\/p>\n<p><img decoding=\"async\" class=\"size-full wp-image-22387\" src=\"https:\/\/fvcomponentes.com\/wp-content\/uploads\/2025\/01\/Sistema-Lynx-cambio-de-orientacion.png\" alt=\"Mudan\u00e7a de orienta\u00e7\u00e3o do sistema Lynx\" width=\"741\" height=\"323\" title=\"\"><\/p>\n<h2>Dimensionamento do sistema BMS<\/h2>\n<p><strong>Corrente nominal do Lynx Smart BMS<\/strong><\/p>\n<p>O contactor de seguran\u00e7a principal do Lynx Smart BMS tem uma corrente nominal cont\u00ednua de 500A e uma corrente nominal de pico de 600A durante 5 minutos. Se o limite de corrente de pico ou o intervalo de 5 minutos for ultrapassado: ser\u00e1 gerado um alarme de sobreintensidade e o ATC ou ATD (permitir a carga ou permitir a descarga) ser\u00e1 desativado ap\u00f3s 30 segundos.<\/p>\n<p>Pot\u00eancia nominal do Lynx Smart BMS a diferentes tens\u00f5es:<\/p>\n<ul>\n<li>12V: 6kW<\/li>\n<li>24V: 12kW<\/li>\n<li>48V: 24kW<\/li>\n<\/ul>\n<p><strong>Fus\u00edveis e cablagem<\/strong><\/p>\n<p>O BMS n\u00e3o funciona como um fus\u00edvel, apenas avisa se a corrente for demasiado elevada. A fun\u00e7\u00e3o de fus\u00edvel deve ser efectuada externamente. Utilize sempre fus\u00edveis com a corrente e tens\u00e3o nominais corretas e cabos com uma sec\u00e7\u00e3o transversal suficiente para a corrente nominal m\u00e1xima do sistema.<\/p>\n<p>Para mais informa\u00e7\u00f5es, consulte o manual Victron. <a href=\"https:\/\/fvcomponentes.com\/wp-content\/uploads\/2024\/09\/Cableado-sin-limites-Victron.pdf\" target=\"_blank\" rel=\"noopener\">Cabos sem limites<\/a>.<\/p>\n<h2>Montagem dos m\u00f3dulos Lynx<\/h2>\n<ul>\n<li>Se o sistema Lynx tiver de ser ligado do lado direito e o m\u00f3dulo Lynx tiver uma barreira de pl\u00e1stico do lado direito, retire-a. Se o m\u00f3dulo Lynx for o que se encontra na extremidade direita, deixar a barreira de pl\u00e1stico no s\u00edtio.\n<ul>\n<li>Se os m\u00f3dulos Lynx forem ligados \u00e0 esquerda, retire as mangas de borracha vermelha e preta. Se o m\u00f3dulo Lynx for o m\u00f3dulo mais \u00e0 esquerda, deixe as mangas de borracha vermelha e preta no s\u00edtio.<\/li>\n<\/ul>\n<\/li>\n<li>Lembre-se que num Lynx Smart BMS, a bateria est\u00e1 ligada no lado esquerdo e o sistema DC no lado direito.<\/li>\n<li>Ligar todos os m\u00f3dulos Lynx com os orif\u00edcios e parafusos \u00e0 esquerda e \u00e0 direita. Tenha o cuidado de encaixar corretamente os m\u00f3dulos nas ranhuras de liga\u00e7\u00e3o de borracha.<\/li>\n<li>Colocar a anilha, a anilha de press\u00e3o e a porca nos parafusos pela ordem correta e apertar as porcas com um bin\u00e1rio de 14 Nm para os modelos M8 e com um bin\u00e1rio de 33 Nm para os modelos M10 (17 Nm para as unidades com um n\u00famero de s\u00e9rie anterior a HQ2340XXXX).<\/li>\n<\/ul>\n<p><strong>Liga\u00e7\u00e3o do cabo RJ10<\/strong><\/p>\n<p>Esta \u00e9 a sequ\u00eancia de passos para conectar os cabos RJ10 entre o Lynx Smart BMS e o distribuidor Lynx:<\/p>\n<ul>\n<li>Ligue uma extremidade do cabo RJ10 ao conetor RJ10 no distribuidor Lynx, com o clipe de reten\u00e7\u00e3o no conetor RJ10 virado para longe de si.<\/li>\n<li>Passe o cabo RJ10 pela ranhura na parte inferior do distribuidor Lynx.<\/li>\n<li>Ligue o cabo RJ10 no conetor RJ10 na parte inferior do Lynx Smart BMS.<\/li>\n<\/ul>\n<p><img decoding=\"async\" class=\"wp-image-22451\" src=\"https:\/\/fvcomponentes.com\/wp-content\/uploads\/2025\/01\/Conectar-Lynx-RJ10.png\" alt=\"Liga\u00e7\u00e3o Lynx RJ10\" width=\"1019\" height=\"219\" title=\"\"><\/p>\n<p><strong>Liga\u00e7\u00e3o dos cabos BMS<\/strong><\/p>\n<p>Podem ser ligadas at\u00e9 26 baterias ao BMS. Se forem utilizadas v\u00e1rias baterias, comece por interligar os cabos BMS da bateria e, em seguida, ligue o cabo BMS da primeira e da \u00faltima bateria aos conectores BMS do Lynx Smart BMS.<\/p>\n<p><img loading=\"lazy\" decoding=\"async\" class=\"wp-image-22452\" src=\"https:\/\/fvcomponentes.com\/wp-content\/uploads\/2025\/01\/Conectar-cables-BMS.png\" alt=\"Liga\u00e7\u00e3o dos cabos BMS\" width=\"1078\" height=\"321\" title=\"\"><\/p>\n<h2><\/h2>\n<p><strong>Ligar o dispositivo GX<\/strong><\/p>\n<p>Ligue a porta VE.Can do Lynx Smart BMS \u00e0 porta VE.Can do dispositivo GX utilizando um cabo RJ45. V\u00e1rios dispositivos VE.Can podem ser ligados em cadeia, mas certifique-se de que o primeiro e o \u00faltimo dispositivo t\u00eam um terminador VE.Can RJ45 instalado. Alimentar o dispositivo GX a partir dos terminais AUX + e AUX - no Lynx Smart BMS.<\/p>\n<p><img loading=\"lazy\" decoding=\"async\" class=\"wp-image-22559\" src=\"https:\/\/fvcomponentes.com\/wp-content\/uploads\/2025\/01\/Conectar-dispositivo-GX-a-Lynx-Smart-BMS.png\" alt=\"Liga\u00e7\u00e3o do dispositivo GX ao Lynx Smart BMS\" width=\"591\" height=\"547\" title=\"\"><\/p>\n<h2>Exemplos de instala\u00e7\u00e3o do Lynx Victron Smart BMS 500 M10<\/h2>\n<p>A imagem seguinte mostra um sistema composto por um Lynx Victron Smart BMS, dois distribuidores Lynx e baterias de l\u00edtio:<\/p>\n<p><img loading=\"lazy\" decoding=\"async\" class=\"size-full wp-image-22558\" src=\"https:\/\/fvcomponentes.com\/wp-content\/uploads\/2025\/01\/ejemplo-de-sistema-Lynx.png\" alt=\"exemplo do sistema Lynx\" width=\"855\" height=\"475\" title=\"\"><\/p>\n<p>A imagem a seguir \u00e9 de um sistema que consiste em um Lynx Smart BMS, nenhum dispositivo GX e nenhum distribuidor Lynx:<\/p>\n<p><img loading=\"lazy\" decoding=\"async\" class=\"size-full wp-image-22560\" src=\"https:\/\/fvcomponentes.com\/wp-content\/uploads\/2025\/01\/ejemplo-sistema-Lynx-Smart-BMS.png\" alt=\"exemplo de sistema Lynx Smart BMS\" width=\"796\" height=\"426\" title=\"\"><\/p>\n<h2>Lynx Victron Smart BMS 500 M10 Manual e ficha de dados - LYN034160210<\/h2>\n<p><a href=\"https:\/\/fvcomponentes.com\/wp-content\/uploads\/2025\/01\/Manual-del-Lynx-Smart-BMS-Victron.pdf\" target=\"_blank\" rel=\"noopener\">Ver o manual do Smart BMS 500 M10<\/a><\/p>\n<p><a href=\"https:\/\/fvcomponentes.com\/wp-content\/uploads\/2023\/03\/Datasheet-Lynx-Smart-BMS-ES.pdf\" target=\"_blank\" rel=\"noopener\">Ver a ficha t\u00e9cnica do Lynx Smart BMS 500 M10 - LYN034160210<\/a><\/p>","protected":false},"excerpt":{"rendered":"<p><strong>Gama de tens\u00e3o da bateria:<\/strong> 9 - 58 VDC<br \/>\n<strong>Tens\u00e3o m\u00e1xima de entrada:<\/strong> 75 VDC<br \/>\n<strong>Tens\u00f5es do sistema aceites:<\/strong> 12, 24 ou 48 V<\/p>","protected":false},"featured_media":22355,"comment_status":"open","ping_status":"closed","template":"","meta":{"site-sidebar-layout":"default","site-content-layout":"","ast-site-content-layout":"default","site-content-style":"default","site-sidebar-style":"default","ast-global-header-display":"","ast-banner-title-visibility":"","ast-main-header-display":"","ast-hfb-above-header-display":"","ast-hfb-below-header-display":"","ast-hfb-mobile-header-display":"","site-post-title":"","ast-breadcrumbs-content":"","ast-featured-img":"","footer-sml-layout":"","ast-disable-related-posts":"","theme-transparent-header-meta":"default","adv-header-id-meta":"","stick-header-meta":"","header-above-stick-meta":"","header-main-stick-meta":"","header-below-stick-meta":"","astra-migrate-meta-layouts":"set","ast-page-background-enabled":"default","ast-page-background-meta":{"desktop":{"background-color":"var(--ast-global-color-4)","background-image":"","background-repeat":"repeat","background-position":"center center","background-size":"auto","background-attachment":"scroll","background-type":"","background-media":"","overlay-type":"","overlay-color":"","overlay-opacity":"","overlay-gradient":""},"tablet":{"background-color":"","background-image":"","background-repeat":"repeat","background-position":"center center","background-size":"auto","background-attachment":"scroll","background-type":"","background-media":"","overlay-type":"","overlay-color":"","overlay-opacity":"","overlay-gradient":""},"mobile":{"background-color":"","background-image":"","background-repeat":"repeat","background-position":"center center","background-size":"auto","background-attachment":"scroll","background-type":"","background-media":"","overlay-type":"","overlay-color":"","overlay-opacity":"","overlay-gradient":""}},"ast-content-background-meta":{"desktop":{"background-color":"var(--ast-global-color-5)","background-image":"","background-repeat":"repeat","background-position":"center center","background-size":"auto","background-attachment":"scroll","background-type":"","background-media":"","overlay-type":"","overlay-color":"","overlay-opacity":"","overlay-gradient":""},"tablet":{"background-color":"var(--ast-global-color-5)","background-image":"","background-repeat":"repeat","background-position":"center center","background-size":"auto","background-attachment":"scroll","background-type":"","background-media":"","overlay-type":"","overlay-color":"","overlay-opacity":"","overlay-gradient":""},"mobile":{"background-color":"var(--ast-global-color-5)","background-image":"","background-repeat":"repeat","background-position":"center center","background-size":"auto","background-attachment":"scroll","background-type":"","background-media":"","overlay-type":"","overlay-color":"","overlay-opacity":"","overlay-gradient":""}}},"pwb-brand":[332],"product_brand":[],"product_cat":[435,391,340],"product_tag":[],"class_list":{"0":"post-22351","1":"product","2":"type-product","3":"status-publish","4":"has-post-thumbnail","6":"pwb-brand-victron","7":"product_cat-bms-sistemas-de-supervision-de-baterias","8":"product_cat-accesorios-para-baterias","9":"product_cat-baterias","10":"desktop-align-left","11":"tablet-align-left","12":"mobile-align-left","13":"ast-product-gallery-layout-horizontal-slider","14":"ast-product-tabs-layout-horizontal","16":"first","17":"instock","18":"taxable","19":"shipping-taxable","20":"purchasable","21":"product-type-simple"},"wcpa_form_fields":null,"brands":[{"id":332,"name":"Victron Energia","slug":"victron"}],"_links":{"self":[{"href":"https:\/\/fvcomponentes.com\/pt\/wp-json\/wp\/v2\/product\/22351","targetHints":{"allow":["GET"]}}],"collection":[{"href":"https:\/\/fvcomponentes.com\/pt\/wp-json\/wp\/v2\/product"}],"about":[{"href":"https:\/\/fvcomponentes.com\/pt\/wp-json\/wp\/v2\/types\/product"}],"replies":[{"embeddable":true,"href":"https:\/\/fvcomponentes.com\/pt\/wp-json\/wp\/v2\/comments?post=22351"}],"wp:featuredmedia":[{"embeddable":true,"href":"https:\/\/fvcomponentes.com\/pt\/wp-json\/wp\/v2\/media\/22355"}],"wp:attachment":[{"href":"https:\/\/fvcomponentes.com\/pt\/wp-json\/wp\/v2\/media?parent=22351"}],"wp:term":[{"taxonomy":"pwb-brand","embeddable":true,"href":"https:\/\/fvcomponentes.com\/pt\/wp-json\/wp\/v2\/pwb-brand?post=22351"},{"taxonomy":"product_brand","embeddable":true,"href":"https:\/\/fvcomponentes.com\/pt\/wp-json\/wp\/v2\/product_brand?post=22351"},{"taxonomy":"product_cat","embeddable":true,"href":"https:\/\/fvcomponentes.com\/pt\/wp-json\/wp\/v2\/product_cat?post=22351"},{"taxonomy":"product_tag","embeddable":true,"href":"https:\/\/fvcomponentes.com\/pt\/wp-json\/wp\/v2\/product_tag?post=22351"}],"curies":[{"name":"wp","href":"https:\/\/api.w.org\/{rel}","templated":true}]}}