{"id":22291,"date":"2025-01-16T10:17:05","date_gmt":"2025-01-16T09:17:05","guid":{"rendered":"https:\/\/fvcomponentes.com\/?post_type=product&#038;p=22291"},"modified":"2026-01-15T10:08:36","modified_gmt":"2026-01-15T09:08:36","slug":"conversor-victron-orion-tr-smart-12-48-8a-isolado-ori124838120","status":"publish","type":"product","link":"https:\/\/fvcomponentes.com\/pt\/producto\/convertidor-victron-orion-tr-smart-12-48-8a-aislado-ori124838120\/","title":{"rendered":"Conversor de refor\u00e7o inteligente Victron Orion-Tr 12\/48 8A isolado - ORI124838120"},"content":{"rendered":"<h2><strong>Conversor Victron Orion-Tr Smart 12\/48 8A isolado - ORI124838120<\/strong><\/h2>\n<p>O conversor Victron Orion-Tr Smart 12\/48 8A isolado - ORI124838120 serve como carregador de bateria DC-DC ou como fonte de alimenta\u00e7\u00e3o. O victron orion Smart s\u00f3 pode ser configurado para fornecer energia quando o motor est\u00e1 a funcionar. No modo de carregador, o algoritmo de carregamento de tr\u00eas fases prolongar\u00e1 a vida \u00fatil da bateria.<\/p>\n<h2>Carater\u00edsticas do Victron Orion-Tr Smart 12\/48 8A isolado<\/h2>\n<p><strong>Bluetooth Smart ativado<\/strong><\/p>\n<ul>\n<li>Qualquer smartphone, tablet ou outro dispositivo com Bluetooth pode ser utilizado para monitorizar o victron orion tr smart, alterar as defini\u00e7\u00f5es e atualizar o carregador quando estiverem dispon\u00edveis novas funcionalidades de software.<\/li>\n<li>Leitura instant\u00e2nea: A aplica\u00e7\u00e3o VictronConnect pode apresentar os dados mais importantes, bem como avisos e alarmes, na p\u00e1gina da lista de dispositivos sem necessidade de liga\u00e7\u00e3o ao produto.<\/li>\n<\/ul>\n<p><strong>Totalmente program\u00e1vel<\/strong><\/p>\n<ul>\n<li>Algoritmo de carregamento da bateria (configur\u00e1vel) ou sa\u00edda fixa.<\/li>\n<li>Compatibilidade inteligente do alternador: mecanismo de dete\u00e7\u00e3o do funcionamento do motor.<\/li>\n<\/ul>\n<p><strong>Algoritmo de carregamento adaptativo em 3 fases: carregamento inicial - absor\u00e7\u00e3o - flutua\u00e7\u00e3o<\/strong><\/p>\n<ul>\n<li>No caso das baterias de chumbo-\u00e1cido, o tempo de absor\u00e7\u00e3o deve ser curto se as descargas a efetuar forem ligeiras. Ap\u00f3s uma descarga profunda, o tempo de carga de absor\u00e7\u00e3o \u00e9 automaticamente aumentado para assegurar uma recarga completa da bateria.<\/li>\n<li>Para as pilhas de l\u00edtio, o tempo de absor\u00e7\u00e3o \u00e9 fixo: 2 horas.<\/li>\n<\/ul>\n<p><strong>Victron orion tr: Adequado para utiliza\u00e7\u00e3o em ve\u00edculos com um alternador inteligente (motores Euro 5 e Euro 6).<\/strong><\/p>\n<ul>\n<li>A dete\u00e7\u00e3o integrada de desligamento do motor ir\u00e1 parar o inversor quando o motor n\u00e3o estiver a funcionar. Isto evita que a bateria de arranque se descarregue (consulte o manual para mais pormenores).<\/li>\n<\/ul>\n<p><strong>Controlo remoto On\/Off<\/strong><\/p>\n<ul>\n<li>Um interrutor On\/Off remoto pode ser ligado a um conetor bif\u00e1sico. Em alternativa, o terminal H (direito) do conetor bif\u00e1sico pode ser comutado para o positivo da bateria, ou o terminal L (esquerdo) do conetor bif\u00e1sico pode ser comutado para o negativo da bateria (ou para o chassis do ve\u00edculo, por exemplo).<\/li>\n<\/ul>\n<p><strong>Prote\u00e7\u00e3o eletr\u00f3nica extensiva deste orion victron<\/strong><\/p>\n<p>Prote\u00e7\u00e3o contra sobreaquecimento e redu\u00e7\u00e3o da pot\u00eancia em caso de temperatura elevada.<\/p>\n<ul>\n<li>\u00c0 prova de sobrecarga.<\/li>\n<li>\u00c0 prova de curto-circuito.<\/li>\n<li>Prote\u00e7\u00e3o contra sobreaquecimento do conetor.<\/li>\n<\/ul>\n<p><strong>Outras fun\u00e7\u00f5es do victron orion tr smart<\/strong><\/p>\n<ul>\n<li>Todos os modelos s\u00e3o \u00e0 prova de curto-circuito e podem ser ligados em paralelo (n\u00famero ilimitado) para aumentar a corrente de sa\u00edda.<\/li>\n<li>Bloqueio da tens\u00e3o de entrada: Desliga-se se a tens\u00e3o de entrada descer abaixo do valor de bloqueio e reinicia se a tens\u00e3o de entrada subir acima do valor.<br \/>\nreiniciar.<\/li>\n<li>Separa\u00e7\u00e3o da bateria de arranque e da bateria auxiliar: O booster victron orion 12\/48 8A separa a bateria de arranque e a bateria auxiliar quando o motor n\u00e3o est\u00e1 a funcionar.<\/li>\n<li>Prote\u00e7\u00e3o contra temperaturas elevadas: A corrente de sa\u00edda ser\u00e1 reduzida quando a temperatura ambiente for elevada.<\/li>\n<li>Prote\u00e7\u00e3o IP43: Se instalado com os terminais de parafuso virados para baixo.<\/li>\n<li>Terminais de parafuso: n\u00e3o s\u00e3o necess\u00e1rias ferramentas especiais para a instala\u00e7\u00e3o<\/li>\n<\/ul>\n<h2>Especifica\u00e7\u00f5es do amplificador orion Tr Smart 12\/48 8A<\/h2>\n<ul>\n<li><strong>Gama de tens\u00e3o de entrada: <\/strong>8-17 V<\/li>\n<li><strong>Subtens\u00e3o de desconex\u00e3o:<\/strong> 7 V<\/li>\n<li><strong>Reposi\u00e7\u00e3o da subtens\u00e3o:<\/strong> 7,5 V<\/li>\n<li><strong>Tens\u00e3o nominal de sa\u00edda: <\/strong>48.2 V<\/li>\n<li><strong>Gama de ajuste da tens\u00e3o de sa\u00edda:<\/strong> 40-60 V<\/li>\n<li><strong>Toler\u00e2ncia da tens\u00e3o de sa\u00edda:<\/strong> +\/- 0,2 V<\/li>\n<li><strong>N\u00edvel de ru\u00eddo:<\/strong> 2 mV rms<\/li>\n<li><strong>Corrente de sa\u00edda cont. \u00e0 tens\u00e3o de sa\u00edda nominal e 40\u00baC:<\/strong> 8 A<\/li>\n<li><strong>Corrente m\u00e1xima de sa\u00edda (10 s) \u00e0 tens\u00e3o nominal de sa\u00edda menos 20 %:<\/strong> 15 A<\/li>\n<li><strong>Corrente de curto-circuito: <\/strong>25 A<\/li>\n<li><strong>Pot\u00eancia cont. de sa\u00edda a 25 \u00b0C:<\/strong> 430 W<\/li>\n<li><strong>Pot\u00eancia cont. de sa\u00edda a 40 \u00b0C:<\/strong> 360 W<\/li>\n<li><strong>Efici\u00eancia:<\/strong> 89%<\/li>\n<li><strong>Corrente de carga de entrada sem carga: <\/strong>&lt; 220mA<\/li>\n<li><strong>Corrente em repouso:<\/strong> &lt; 1 mA<\/li>\n<li><strong>Utilizar como fonte de alimenta\u00e7\u00e3o:<\/strong> Sim, a tens\u00e3o de sa\u00edda pode ser configurada atrav\u00e9s de Bluetooth<\/li>\n<li><strong>Isolamento galv\u00e2nico:<\/strong> 200 V entre a entrada, a sa\u00edda e a caixa<\/li>\n<li><strong>Gama de temperaturas de funcionamento:<\/strong> -20 a +55 \u00b0C (redu\u00e7\u00e3o de pot\u00eancia de 3 % por cada \u00b0C acima de 40 \u00b0C)<\/li>\n<li><strong>Humidade:<\/strong> M\u00e1x. 95 % sem condensa\u00e7\u00e3o<\/li>\n<li><strong>Liga\u00e7\u00e3o DC:<\/strong> Terminais de parafuso<\/li>\n<li><strong>Sec\u00e7\u00e3o transversal m\u00e1xima do cabo:<\/strong> 16 mm\u00b2 (AWG6)<\/li>\n<li><strong>Peso:<\/strong> 1,8 kg<\/li>\n<li><strong>Dimens\u00f5es:<\/strong> 130 x 186 x 80 mm<\/li>\n<li><strong>Grau de prote\u00e7\u00e3o:<\/strong>\n<ul>\n<li>Componentes electr\u00f3nicos: IP43<\/li>\n<li>\u00c1rea de liga\u00e7\u00e3o: IP22<\/li>\n<\/ul>\n<\/li>\n<\/ul>\n<h2>Instala\u00e7\u00e3o de um amplificador isolado victron Smart 12\/48 8A<\/h2>\n<h3>Montagem<\/h3>\n<ul>\n<li>Deve ser instalado verticalmente sobre uma superf\u00edcie n\u00e3o inflam\u00e1vel, com os terminais de alimenta\u00e7\u00e3o virados para baixo.<\/li>\n<li>Para um arrefecimento \u00f3timo, deve ser deixada uma dist\u00e2ncia de seguran\u00e7a m\u00ednima de 10 cm \u00e0 volta do produto.<\/li>\n<li>Coloque-o perto da bateria, mas n\u00e3o diretamente em cima dela, para evitar danos causados pela gaseifica\u00e7\u00e3o da bateria.<\/li>\n<\/ul>\n<h3>Cablagem e fus\u00edveis<\/h3>\n<ul>\n<li>Utilize cabos flex\u00edveis de cobre multifilares para as liga\u00e7\u00f5es da bateria.<\/li>\n<li>Cada fio deve ter um di\u00e2metro inferior a 0,4 mm (0,016 polegadas) ou uma sec\u00e7\u00e3o transversal inferior a 0,125 mm\u00b2 (AWG26).<\/li>\n<li>A temperatura m\u00e1xima de funcionamento \u00e9 de 90 \u00b0C (194 \u00b0F).<\/li>\n<li>Por exemplo, um cabo de 16 mm\u00b2 deve ter pelo menos 122 fios (classe de fios 5 ou superior, de acordo com VDE 0295, IEC 60228 e BS6360).<\/li>\n<li>Se forem utilizados filamentos mais grossos, a \u00e1rea de contacto ser\u00e1 demasiado pequena e a elevada resist\u00eancia de contacto resultante conduzir\u00e1 a um sobreaquecimento grave que poder\u00e1 provocar um inc\u00eandio.<\/li>\n<\/ul>\n<p><strong>Tipo de cabo recomendado<\/strong><\/p>\n<p>Para ligar corretamente um cabo aos terminais de parafuso de entrada e sa\u00edda, podem ser utilizados cabos de fios flex\u00edveis e muito flex\u00edveis:<\/p>\n<ul>\n<li>IEC 60228 - Classe 2 (condutor de fio), Classe 5 (flex\u00edvel), Classe 6 (muito flex\u00edvel)<\/li>\n<li>UL486A-B - Classe B\/C (condutor entran\u00e7ado), Classe I (flex\u00edvel), Classe K (muito flex\u00edvel)<\/li>\n<li>Os cabos com alma entran\u00e7ada s\u00e3o muito r\u00edgidos, pelo que s\u00e3o pouco utilizados na pr\u00e1tica.<\/li>\n<li>Recomenda-se um bin\u00e1rio de 1,6 Nm.<\/li>\n<\/ul>\n<p>A tabela seguinte apresenta as dimens\u00f5es m\u00ednimas dos cabos:<\/p>\n<p><img fetchpriority=\"high\" decoding=\"async\" class=\"wp-image-22320\" src=\"https:\/\/fvcomponentes.com\/wp-content\/uploads\/2025\/01\/tabla-dimensiones-minimas-cable.png\" alt=\"tabela dimens\u00f5es m\u00ednimas dos cabos\" width=\"846\" height=\"175\" title=\"\"><\/p>\n<h2><strong>Verificar a polaridade<\/strong><\/h2>\n<ul>\n<li>O conversor Victron Orion-Tr Smart 12\/48 8A isolado Victron n\u00e3o est\u00e1 protegido contra a polaridade inversa da bateria. Os poss\u00edveis danos causados pela invers\u00e3o de polaridade n\u00e3o est\u00e3o cobertos pela garantia. Para al\u00e9m disso, os dispositivos danificados por polaridade inversa n\u00e3o podem ser reparados.<\/li>\n<li>Verifique sempre a polaridade da bateria antes de ligar ou voltar a ligar os cabos ao victron orion tr.<\/li>\n<li>N\u00e3o tente ligar os cabos da bateria ao amplificador victron, apenas se os terminais de entrada e sa\u00edda estiverem acess\u00edveis em seguran\u00e7a.<\/li>\n<li>Tenha cuidado para n\u00e3o dobrar nenhum fio ao inserir os fios nos terminais de entrada e sa\u00edda.<\/li>\n<li>Ligue primeiro os cabos da bateria ao amplificador Victron, verifique mais uma vez a polaridade da bateria e ligue a bateria.<\/li>\n<\/ul>\n<p>A imagem seguinte mostra a forma correta de fazer a liga\u00e7\u00e3o:<\/p>\n<p><img decoding=\"async\" class=\"wp-image-22321 aligncenter\" src=\"https:\/\/fvcomponentes.com\/wp-content\/uploads\/2025\/01\/Esquema-polaridad-convertidor-victron-orion-tr-smart.png\" alt=\"Diagrama de polaridade do conversor inteligente victron orion tr\" width=\"441\" height=\"501\" title=\"\"><\/p>\n<h2>Configura\u00e7\u00e3o do modo de alimenta\u00e7\u00e3o DC-DC<\/h2>\n<ul>\n<li>Desligar o controlo remoto on\/off, retirar o jumper ou desligar o bloco de terminais.<\/li>\n<li>Ligar os cabos de alimenta\u00e7\u00e3o de entrada.<\/li>\n<li>Abra a aplica\u00e7\u00e3o VictronConnect para configurar o produto.<\/li>\n<li>Ligar a carga. O amplificador victron est\u00e1 agora pronto para ser utilizado como fonte de alimenta\u00e7\u00e3o.<\/li>\n<li>Volte a ligar o controlo remoto on\/off para ativar o produto.<\/li>\n<\/ul>\n<p><img decoding=\"async\" class=\"wp-image-22323 aligncenter\" src=\"https:\/\/fvcomponentes.com\/wp-content\/uploads\/2025\/01\/Conexion-fuente-de-alimentacion-del-orion-tr-smart-.png\" alt=\"Liga\u00e7\u00e3o da alimenta\u00e7\u00e3o el\u00e9ctrica do orion tr smart\" width=\"521\" height=\"377\" title=\"\"><\/p>\n<h3>Configura\u00e7\u00e3o do modo de carregamento<\/h3>\n<ul>\n<li>Desligar o controlo remoto on\/off, retirar o jumper ou desligar o bloco de terminais.<\/li>\n<li>Ligar os cabos de alimenta\u00e7\u00e3o de entrada.<\/li>\n<li>Configurar a partir da aplica\u00e7\u00e3o VictronConnect.<\/li>\n<li>Ligar a bateria a carregar.<\/li>\n<li>Ligue\/desligue novamente o telecomando para ativar o produto.<\/li>\n<\/ul>\n<p><img loading=\"lazy\" decoding=\"async\" class=\"wp-image-22322 aligncenter\" src=\"https:\/\/fvcomponentes.com\/wp-content\/uploads\/2025\/01\/Conexion-modo-cargador-del-orion-tr-smart-.png\" alt=\"Modo de liga\u00e7\u00e3o do carregador do orion tr smart\" width=\"506\" height=\"369\" title=\"\"><\/p>\n<h2>Manual e ficha de dados Victron Orion-Tr Smart Inverter 12\/48 8A isolado - ORI124838120<\/h2>\n<p>Se quiser saber mais sobre este victron orion, consulte a folha de dados e o manual:<\/p>\n<p><a href=\"https:\/\/fvcomponentes.com\/wp-content\/uploads\/2025\/01\/Ficha-tecnica-Convertidor-Victron-Orion-Tr-Smart.pdf\" target=\"_blank\" rel=\"noopener\">Ficha t\u00e9cnica Victron Orion-Tr Smart 12\/48 8A isolado<\/a><\/p>\n<p><a href=\"https:\/\/fvcomponentes.com\/wp-content\/uploads\/2025\/01\/Manual-Convertidor-Victron-Orion-Tr-Smart.pdf\" target=\"_blank\" rel=\"noopener\">Orion-Tr Smart 12\/48 8A Isolado Orion-Tr Converter Manual<\/a><\/p>","protected":false},"excerpt":{"rendered":"<p><strong>Tens\u00e3o de entrada:<\/strong> 8 - 17V<br \/>\n<strong>Tens\u00e3o de sa\u00edda:<\/strong> 48,2V<br \/>\n<strong>Corrente de sa\u00edda cont\u00ednua:<\/strong> 8A<br \/>\n<strong>Corrente m\u00e1xima de sa\u00edda:<\/strong> 15A<br \/>\n<strong>Isolamento galv\u00e2nico:<\/strong> 200V DC entre a entrada, a sa\u00edda e o inv\u00f3lucro<\/p>","protected":false},"featured_media":22319,"comment_status":"open","ping_status":"closed","template":"","meta":{"site-sidebar-layout":"default","site-content-layout":"","ast-site-content-layout":"default","site-content-style":"default","site-sidebar-style":"default","ast-global-header-display":"","ast-banner-title-visibility":"","ast-main-header-display":"","ast-hfb-above-header-display":"","ast-hfb-below-header-display":"","ast-hfb-mobile-header-display":"","site-post-title":"","ast-breadcrumbs-content":"","ast-featured-img":"","footer-sml-layout":"","ast-disable-related-posts":"","theme-transparent-header-meta":"default","adv-header-id-meta":"","stick-header-meta":"","header-above-stick-meta":"","header-main-stick-meta":"","header-below-stick-meta":"","astra-migrate-meta-layouts":"set","ast-page-background-enabled":"default","ast-page-background-meta":{"desktop":{"background-color":"var(--ast-global-color-4)","background-image":"","background-repeat":"repeat","background-position":"center center","background-size":"auto","background-attachment":"scroll","background-type":"","background-media":"","overlay-type":"","overlay-color":"","overlay-opacity":"","overlay-gradient":""},"tablet":{"background-color":"","background-image":"","background-repeat":"repeat","background-position":"center center","background-size":"auto","background-attachment":"scroll","background-type":"","background-media":"","overlay-type":"","overlay-color":"","overlay-opacity":"","overlay-gradient":""},"mobile":{"background-color":"","background-image":"","background-repeat":"repeat","background-position":"center center","background-size":"auto","background-attachment":"scroll","background-type":"","background-media":"","overlay-type":"","overlay-color":"","overlay-opacity":"","overlay-gradient":""}},"ast-content-background-meta":{"desktop":{"background-color":"var(--ast-global-color-5)","background-image":"","background-repeat":"repeat","background-position":"center center","background-size":"auto","background-attachment":"scroll","background-type":"","background-media":"","overlay-type":"","overlay-color":"","overlay-opacity":"","overlay-gradient":""},"tablet":{"background-color":"var(--ast-global-color-5)","background-image":"","background-repeat":"repeat","background-position":"center center","background-size":"auto","background-attachment":"scroll","background-type":"","background-media":"","overlay-type":"","overlay-color":"","overlay-opacity":"","overlay-gradient":""},"mobile":{"background-color":"var(--ast-global-color-5)","background-image":"","background-repeat":"repeat","background-position":"center center","background-size":"auto","background-attachment":"scroll","background-type":"","background-media":"","overlay-type":"","overlay-color":"","overlay-opacity":"","overlay-gradient":""}}},"pwb-brand":[332],"product_brand":[],"product_cat":[970,419,865],"product_tag":[],"class_list":{"0":"post-22291","1":"product","2":"type-product","3":"status-publish","4":"has-post-thumbnail","6":"pwb-brand-victron","7":"product_cat-12v-48v","8":"product_cat-cargadores-de-baterias","9":"product_cat-convertidores","10":"desktop-align-left","11":"tablet-align-left","12":"mobile-align-left","13":"ast-product-gallery-layout-horizontal-slider","14":"ast-product-gallery-with-no-image","15":"ast-product-tabs-layout-horizontal","17":"first","18":"instock","19":"taxable","20":"shipping-taxable","21":"purchasable","22":"product-type-simple"},"wcpa_form_fields":null,"brands":[{"id":332,"name":"Victron Energia","slug":"victron"}],"_links":{"self":[{"href":"https:\/\/fvcomponentes.com\/pt\/wp-json\/wp\/v2\/product\/22291","targetHints":{"allow":["GET"]}}],"collection":[{"href":"https:\/\/fvcomponentes.com\/pt\/wp-json\/wp\/v2\/product"}],"about":[{"href":"https:\/\/fvcomponentes.com\/pt\/wp-json\/wp\/v2\/types\/product"}],"replies":[{"embeddable":true,"href":"https:\/\/fvcomponentes.com\/pt\/wp-json\/wp\/v2\/comments?post=22291"}],"wp:featuredmedia":[{"embeddable":true,"href":"https:\/\/fvcomponentes.com\/pt\/wp-json\/wp\/v2\/media\/22319"}],"wp:attachment":[{"href":"https:\/\/fvcomponentes.com\/pt\/wp-json\/wp\/v2\/media?parent=22291"}],"wp:term":[{"taxonomy":"pwb-brand","embeddable":true,"href":"https:\/\/fvcomponentes.com\/pt\/wp-json\/wp\/v2\/pwb-brand?post=22291"},{"taxonomy":"product_brand","embeddable":true,"href":"https:\/\/fvcomponentes.com\/pt\/wp-json\/wp\/v2\/product_brand?post=22291"},{"taxonomy":"product_cat","embeddable":true,"href":"https:\/\/fvcomponentes.com\/pt\/wp-json\/wp\/v2\/product_cat?post=22291"},{"taxonomy":"product_tag","embeddable":true,"href":"https:\/\/fvcomponentes.com\/pt\/wp-json\/wp\/v2\/product_tag?post=22291"}],"curies":[{"name":"wp","href":"https:\/\/api.w.org\/{rel}","templated":true}]}}