{"id":21741,"date":"2024-12-20T10:32:55","date_gmt":"2024-12-20T09:32:55","guid":{"rendered":"https:\/\/fvcomponentes.com\/?post_type=product&#038;p=21741"},"modified":"2025-10-02T15:44:12","modified_gmt":"2025-10-02T13:44:12","slug":"kit-solar-camper-inversor-carregador-12v-easyplus-1600va-litio-200ah","status":"publish","type":"product","link":"https:\/\/fvcomponentes.com\/pt\/producto\/kit-solar-camper-inversor-cargador-12v-easyplus-1600va-litio-200ah\/","title":{"rendered":"Kit Solar Carregador Inversor de Camper 12V EasyPlus 1600VA - L\u00edtio 200Ah"},"content":{"rendered":"<h2>Apresentamos o Kit Carregador Inversor Solar para Campismo 12V EasyPlus 1600VA - L\u00edtio 200Ah<\/h2>\n<p>Conte\u00fado do kit:<\/p>\n<ul>\n<li>Carregador Inversor 12V Victron EasyPlus C 12V 1600VA 70-16A, com o qual pode alimentar qualquer equipamento el\u00e9trico que tenha na sua carrinha ou caravana. Al\u00e9m disso, como \u00e9 um carregador, pode chegar a um parque de campismo ou a uma garagem e lig\u00e1-lo para carregar a bateria de l\u00edtio at\u00e9 ao m\u00e1ximo.<\/li>\n<li>30A\/h Victron Orion SMART DC\/DC Booster Converter para carregar a bateria durante a condu\u00e7\u00e3o.<\/li>\n<li>Controlador Victron SmartSolar MPPT 100\/30.<\/li>\n<li>Monitoriza\u00e7\u00e3o Victron Cerbo GX MK2 - BPP900451100 para controlar todo o sistema.<\/li>\n<li>Cablagem e fus\u00edveis necess\u00e1rios para montar o seu kit com todas as garantias.<\/li>\n<\/ul>\n<h2>Como instalar o kit de campismo solar Victron EasyPlus 1600W - Lithium 200Ah<\/h2>\n<p>Se quiser saber como instalar este kit solar para autocaravanas, leia estas publica\u00e7\u00f5es no blogue:<\/p>\n<ul>\n<li><a href=\"https:\/\/fvcomponentes.com\/pt\/esquema-victron-multiplus\/\" target=\"_blank\" rel=\"noopener\">\"Esquema Victron Multiplus para caravana PDF\".<\/a><\/li>\n<li><a href=\"https:\/\/fvcomponentes.com\/pt\/instalacao-electrica-carrinha-de-campismo\/\" target=\"_blank\" rel=\"noopener\">Como ter eletricidade na sua autocaravana? Tudo sobre a instala\u00e7\u00e3o el\u00e9ctrica numa carrinha de campismo<\/a><\/li>\n<\/ul>","protected":false},"excerpt":{"rendered":"<p>Presentamos el Kit Solar Camper Inversor Cargador 12V EasyPlus 1600VA &#8211; Litio 200Ah Contenido del kit: Inversor Cargador 12V Victron EasyPlus C 12V 1600VA 70-16A, con el que podr\u00e1s alimentar cualquier equipo el\u00e9ctrico que tengas en tu furgoneta o caravana. Adem\u00e1s al ser cargador, puedes llegar a un camping o en un garaje y enchufar [&hellip;]<\/p>\n","protected":false},"featured_media":22111,"comment_status":"open","ping_status":"closed","template":"","meta":{"site-sidebar-layout":"default","site-content-layout":"","ast-site-content-layout":"default","site-content-style":"default","site-sidebar-style":"default","ast-global-header-display":"","ast-banner-title-visibility":"","ast-main-header-display":"","ast-hfb-above-header-display":"","ast-hfb-below-header-display":"","ast-hfb-mobile-header-display":"","site-post-title":"","ast-breadcrumbs-content":"","ast-featured-img":"","footer-sml-layout":"","ast-disable-related-posts":"","theme-transparent-header-meta":"default","adv-header-id-meta":"","stick-header-meta":"","header-above-stick-meta":"","header-main-stick-meta":"","header-below-stick-meta":"","astra-migrate-meta-layouts":"set","ast-page-background-enabled":"default","ast-page-background-meta":{"desktop":{"background-color":"var(--ast-global-color-4)","background-image":"","background-repeat":"repeat","background-position":"center center","background-size":"auto","background-attachment":"scroll","background-type":"","background-media":"","overlay-type":"","overlay-color":"","overlay-opacity":"","overlay-gradient":""},"tablet":{"background-color":"","background-image":"","background-repeat":"repeat","background-position":"center center","background-size":"auto","background-attachment":"scroll","background-type":"","background-media":"","overlay-type":"","overlay-color":"","overlay-opacity":"","overlay-gradient":""},"mobile":{"background-color":"","background-image":"","background-repeat":"repeat","background-position":"center center","background-size":"auto","background-attachment":"scroll","background-type":"","background-media":"","overlay-type":"","overlay-color":"","overlay-opacity":"","overlay-gradient":""}},"ast-content-background-meta":{"desktop":{"background-color":"var(--ast-global-color-5)","background-image":"","background-repeat":"repeat","background-position":"center center","background-size":"auto","background-attachment":"scroll","background-type":"","background-media":"","overlay-type":"","overlay-color":"","overlay-opacity":"","overlay-gradient":""},"tablet":{"background-color":"var(--ast-global-color-5)","background-image":"","background-repeat":"repeat","background-position":"center center","background-size":"auto","background-attachment":"scroll","background-type":"","background-media":"","overlay-type":"","overlay-color":"","overlay-opacity":"","overlay-gradient":""},"mobile":{"background-color":"var(--ast-global-color-5)","background-image":"","background-repeat":"repeat","background-position":"center center","background-size":"auto","background-attachment":"scroll","background-type":"","background-media":"","overlay-type":"","overlay-color":"","overlay-opacity":"","overlay-gradient":""}}},"pwb-brand":[332],"product_brand":[],"product_cat":[910,928,464],"product_tag":[],"class_list":{"0":"post-21741","1":"product","2":"type-product","3":"status-publish","4":"has-post-thumbnail","6":"pwb-brand-victron","7":"product_cat-kit-solar-camper","8":"product_cat-kit-solar-velero","9":"product_cat-kits-solares","10":"desktop-align-left","11":"tablet-align-left","12":"mobile-align-left","13":"ast-product-gallery-layout-horizontal-slider","14":"ast-product-gallery-with-no-image","15":"ast-product-tabs-layout-horizontal","17":"first","18":"instock","19":"taxable","20":"shipping-taxable","21":"purchasable","22":"product-type-yith_bundle"},"wcpa_form_fields":null,"brands":[{"id":332,"name":"Victron Energia","slug":"victron"}],"_links":{"self":[{"href":"https:\/\/fvcomponentes.com\/pt\/wp-json\/wp\/v2\/product\/21741","targetHints":{"allow":["GET"]}}],"collection":[{"href":"https:\/\/fvcomponentes.com\/pt\/wp-json\/wp\/v2\/product"}],"about":[{"href":"https:\/\/fvcomponentes.com\/pt\/wp-json\/wp\/v2\/types\/product"}],"replies":[{"embeddable":true,"href":"https:\/\/fvcomponentes.com\/pt\/wp-json\/wp\/v2\/comments?post=21741"}],"wp:featuredmedia":[{"embeddable":true,"href":"https:\/\/fvcomponentes.com\/pt\/wp-json\/wp\/v2\/media\/22111"}],"wp:attachment":[{"href":"https:\/\/fvcomponentes.com\/pt\/wp-json\/wp\/v2\/media?parent=21741"}],"wp:term":[{"taxonomy":"pwb-brand","embeddable":true,"href":"https:\/\/fvcomponentes.com\/pt\/wp-json\/wp\/v2\/pwb-brand?post=21741"},{"taxonomy":"product_brand","embeddable":true,"href":"https:\/\/fvcomponentes.com\/pt\/wp-json\/wp\/v2\/product_brand?post=21741"},{"taxonomy":"product_cat","embeddable":true,"href":"https:\/\/fvcomponentes.com\/pt\/wp-json\/wp\/v2\/product_cat?post=21741"},{"taxonomy":"product_tag","embeddable":true,"href":"https:\/\/fvcomponentes.com\/pt\/wp-json\/wp\/v2\/product_tag?post=21741"}],"curies":[{"name":"wp","href":"https:\/\/api.w.org\/{rel}","templated":true}]}}