{"id":21039,"date":"2024-11-21T18:06:37","date_gmt":"2024-11-21T17:06:37","guid":{"rendered":"https:\/\/fvcomponentes.com\/?post_type=product&#038;p=21039"},"modified":"2026-01-15T10:09:28","modified_gmt":"2026-01-15T09:09:28","slug":"victron-orion-xs-1400-12-24-dc-conversor-de-carregador-dc","status":"publish","type":"product","link":"https:\/\/fvcomponentes.com\/pt\/producto\/convertidor-cargador-victron-orion-xs-1400-12-24-dc-dc\/","title":{"rendered":"Conversor Carregador Booster Victron Orion Orion XS 1400 50A 12\/24 - 24\/12 revers\u00edvel - ORI242417040"},"content":{"rendered":"<h2>Carater\u00edsticas do conversor de refor\u00e7o do carregador Victron Orion XS 1400 DC-DC<\/h2>\n<ul>\n<li>O conversor de refor\u00e7o do carregador Victron Orion XS 1400 DC-DC - ORI242417040 destina-se ao carregamento de baterias DC-DC em sistemas de bateria dupla, incluindo os que possuem alternadores \"inteligentes\".<\/li>\n<li>Carrega com seguran\u00e7a qualquer bateria de 12 ou 24 V a partir de qualquer alternador de 12 ou 24 V.<\/li>\n<li>Prote\u00e7\u00e3o integrada contra sobrecarga do alternador.<\/li>\n<li>Efici\u00eancia de 98,5%.<\/li>\n<li>O Orion XS 1400 tem uma corrente de entrada\/sa\u00edda configur\u00e1vel pelo utilizador.<\/li>\n<li>Dete\u00e7\u00e3o de ligar\/desligar o motor para proteger a bateria de arranque.<\/li>\n<li>Pode ser ligado em paralelo para aumentar a corrente de sa\u00edda.<\/li>\n<li>Proporciona um carregamento seguro e optimizado da bateria gra\u00e7as a m\u00faltiplas protec\u00e7\u00f5es electr\u00f3nicas e de temperatura e a um algoritmo de carregamento adapt\u00e1vel.<\/li>\n<li>O Orion XS 1400 \u00e9 o mais recente membro da fam\u00edlia Orion XS.<\/li>\n<\/ul>\n<p><strong>Veja o manual de instru\u00e7\u00f5es do novo Victron Orion XS 1400 DC-DC Charger Booster Converter Victron Orion XS 1400 DC-DC<\/strong><br \/>\n<a href=\"https:\/\/fvcomponentes.com\/wp-content\/uploads\/2025\/09\/124067-Orion_XS_DC-DC_battery_charger-pdf-es.pdf\" target=\"_blank\" rel=\"noopener\">Conversor manual Carregador de refor\u00e7o Conversor CC-CC Victron Orion Orion XS 1400<\/a><\/p>\n<h2>Ficha t\u00e9cnica Victron Orion Orion XS 1400 Conversor de refor\u00e7o de carregador DC-DC - ORI242417040<\/h2>\n<p><a href=\"https:\/\/fvcomponentes.com\/wp-content\/uploads\/2025\/09\/Datasheet-Orion-XS-DC-DC-battery-charger-ES.pdf\" target=\"_blank\" rel=\"noopener\">Ver a folha de dados do conversor de refor\u00e7o do carregador Victron Orion Orion XS 1400 DC-DC<\/a><\/p>\n<p><img fetchpriority=\"high\" decoding=\"async\" class=\"alignnone size-full wp-image-24831\" src=\"https:\/\/fvcomponentes.com\/wp-content\/uploads\/2024\/11\/recomendaciones-cableado-booster-orion-xs-1400.jpg\" alt=\"\" width=\"970\" height=\"676\" title=\"\"><\/p>","protected":false},"excerpt":{"rendered":"<ul>\n<li><strong><span style=\"color: #ff0000\">Novo lan\u00e7amento\u00a0<\/span><\/strong><\/li>\n<li><span style=\"color: #99cc00\"><strong>Equipamento Bluetooth<\/strong><\/span><\/li>\n<li><strong>Carregador conversor<\/strong><\/li>\n<li><strong>Corrente de carga nominal:<\/strong>\u00a050 A<\/li>\n<li><strong>Tens\u00e3o de entrada ajust\u00e1vel:<\/strong> 9-35 V<\/li>\n<li><strong>Tens\u00e3o de sa\u00edda ajust\u00e1vel:<\/strong> 10-35 V<\/li>\n<li><strong>Classe de prote\u00e7\u00e3o:<\/strong>\u00a0 IP65<\/li>\n<\/ul>\n<p>&nbsp;<\/p>","protected":false},"featured_media":21040,"comment_status":"open","ping_status":"closed","template":"","meta":{"site-sidebar-layout":"default","site-content-layout":"","ast-site-content-layout":"default","site-content-style":"default","site-sidebar-style":"default","ast-global-header-display":"","ast-banner-title-visibility":"","ast-main-header-display":"","ast-hfb-above-header-display":"","ast-hfb-below-header-display":"","ast-hfb-mobile-header-display":"","site-post-title":"","ast-breadcrumbs-content":"","ast-featured-img":"","footer-sml-layout":"","ast-disable-related-posts":"","theme-transparent-header-meta":"default","adv-header-id-meta":"","stick-header-meta":"","header-above-stick-meta":"","header-main-stick-meta":"","header-below-stick-meta":"","astra-migrate-meta-layouts":"set","ast-page-background-enabled":"default","ast-page-background-meta":{"desktop":{"background-color":"var(--ast-global-color-4)","background-image":"","background-repeat":"repeat","background-position":"center center","background-size":"auto","background-attachment":"scroll","background-type":"","background-media":"","overlay-type":"","overlay-color":"","overlay-opacity":"","overlay-gradient":""},"tablet":{"background-color":"","background-image":"","background-repeat":"repeat","background-position":"center center","background-size":"auto","background-attachment":"scroll","background-type":"","background-media":"","overlay-type":"","overlay-color":"","overlay-opacity":"","overlay-gradient":""},"mobile":{"background-color":"","background-image":"","background-repeat":"repeat","background-position":"center center","background-size":"auto","background-attachment":"scroll","background-type":"","background-media":"","overlay-type":"","overlay-color":"","overlay-opacity":"","overlay-gradient":""}},"ast-content-background-meta":{"desktop":{"background-color":"var(--ast-global-color-5)","background-image":"","background-repeat":"repeat","background-position":"center center","background-size":"auto","background-attachment":"scroll","background-type":"","background-media":"","overlay-type":"","overlay-color":"","overlay-opacity":"","overlay-gradient":""},"tablet":{"background-color":"var(--ast-global-color-5)","background-image":"","background-repeat":"repeat","background-position":"center center","background-size":"auto","background-attachment":"scroll","background-type":"","background-media":"","overlay-type":"","overlay-color":"","overlay-opacity":"","overlay-gradient":""},"mobile":{"background-color":"var(--ast-global-color-5)","background-image":"","background-repeat":"repeat","background-position":"center center","background-size":"auto","background-attachment":"scroll","background-type":"","background-media":"","overlay-type":"","overlay-color":"","overlay-opacity":"","overlay-gradient":""}}},"pwb-brand":[332],"product_brand":[],"product_cat":[865,898,899,901,900],"product_tag":[],"class_list":{"0":"post-21039","1":"product","2":"type-product","3":"status-publish","4":"has-post-thumbnail","6":"pwb-brand-victron","7":"product_cat-convertidores","8":"product_cat-12v-12v","9":"product_cat-12v-24v","10":"product_cat-24v-12v","11":"product_cat-24v-24v","12":"desktop-align-left","13":"tablet-align-left","14":"mobile-align-left","15":"ast-product-gallery-layout-horizontal-slider","16":"ast-product-gallery-with-no-image","17":"ast-product-tabs-layout-horizontal","19":"first","20":"instock","21":"featured","22":"taxable","23":"shipping-taxable","24":"purchasable","25":"product-type-simple"},"wcpa_form_fields":null,"brands":[{"id":332,"name":"Victron Energia","slug":"victron"}],"_links":{"self":[{"href":"https:\/\/fvcomponentes.com\/pt\/wp-json\/wp\/v2\/product\/21039","targetHints":{"allow":["GET"]}}],"collection":[{"href":"https:\/\/fvcomponentes.com\/pt\/wp-json\/wp\/v2\/product"}],"about":[{"href":"https:\/\/fvcomponentes.com\/pt\/wp-json\/wp\/v2\/types\/product"}],"replies":[{"embeddable":true,"href":"https:\/\/fvcomponentes.com\/pt\/wp-json\/wp\/v2\/comments?post=21039"}],"wp:featuredmedia":[{"embeddable":true,"href":"https:\/\/fvcomponentes.com\/pt\/wp-json\/wp\/v2\/media\/21040"}],"wp:attachment":[{"href":"https:\/\/fvcomponentes.com\/pt\/wp-json\/wp\/v2\/media?parent=21039"}],"wp:term":[{"taxonomy":"pwb-brand","embeddable":true,"href":"https:\/\/fvcomponentes.com\/pt\/wp-json\/wp\/v2\/pwb-brand?post=21039"},{"taxonomy":"product_brand","embeddable":true,"href":"https:\/\/fvcomponentes.com\/pt\/wp-json\/wp\/v2\/product_brand?post=21039"},{"taxonomy":"product_cat","embeddable":true,"href":"https:\/\/fvcomponentes.com\/pt\/wp-json\/wp\/v2\/product_cat?post=21039"},{"taxonomy":"product_tag","embeddable":true,"href":"https:\/\/fvcomponentes.com\/pt\/wp-json\/wp\/v2\/product_tag?post=21039"}],"curies":[{"name":"wp","href":"https:\/\/api.w.org\/{rel}","templated":true}]}}