{"id":20175,"date":"2024-10-23T17:02:49","date_gmt":"2024-10-23T15:02:49","guid":{"rendered":"https:\/\/fvcomponentes.com\/?post_type=product&#038;p=20175"},"modified":"2026-04-10T18:25:27","modified_gmt":"2026-04-10T16:25:27","slug":"contador-sma-contador-de-energia-emeter-20","status":"publish","type":"product","link":"https:\/\/fvcomponentes.com\/pt\/producto\/meter-sma-energy-meter-emeter-20\/","title":{"rendered":"Contador de energia SMA - EMETER-20"},"content":{"rendered":"<h2>Contador de energia SMA - EMETER-20<\/h2>\n<h3>Registo universal dos valores medidos para uma gest\u00e3o inteligente da energia<\/h3>\n<p>O SMA Energy Meter - EMETER-20 \u00e9 a solu\u00e7\u00e3o de contagem de alto desempenho concebida para a gest\u00e3o inteligente da energia em sistemas fotovoltaicos com dispositivos SMA. O Energy Meter da SMA calcula valores el\u00e9ctricos precisos por fase e de forma equilibrada e transmite-os via Ethernet na rede local. Desta forma, todos os dados sobre a alimenta\u00e7\u00e3o da rede, a eletricidade comprada e a produ\u00e7\u00e3o fotovoltaica de outros inversores s\u00e3o comunicados frequentemente e com elevada precis\u00e3o.<\/p>\n<p>A integra\u00e7\u00e3o do contador de energia da SMA assegura uma configura\u00e7\u00e3o coordenada de forma ideal em todos os sistemas, garantindo o m\u00e1ximo desempenho e estabilidade, juntamente com poupan\u00e7as de custos significativas e um aumento do autoconsumo.<\/p>\n<h3>Alto desempenho<\/h3>\n<ul>\n<li>Leitura bidirecional r\u00e1pida em tr\u00eas fases para uma gest\u00e3o eficaz da energia.<\/li>\n<li>Coordena\u00e7\u00e3o ideal com os aparelhos SMA para assegurar que as tarefas de controlo s\u00e3o realizadas de forma est\u00e1vel.<\/li>\n<\/ul>\n<h2>F\u00e1cil de utilizar<\/h2>\n<ul>\n<li>Instala\u00e7\u00e3o r\u00e1pida e f\u00e1cil com a tecnologia plug-and-play.<\/li>\n<li>Visualiza\u00e7\u00e3o gr\u00e1fica dos valores de medi\u00e7\u00e3o em tempo real no Sunny Portal e na interface Web local.<\/li>\n<\/ul>\n<h2>Medidor de energia SMA - EMETER-20 Manual e ficha de dados<\/h2>\n<p><a href=\"https:\/\/fvcomponentes.com\/wp-content\/uploads\/2024\/10\/Manual-Meter-SMA-Energy-Meter-EMETER-20.pdf\" target=\"_blank\" rel=\"noopener\">Ver o manual do medidor de energia SMA - EMETER-20<\/a><\/p>\n<p><a href=\"https:\/\/fvcomponentes.com\/wp-content\/uploads\/2024\/10\/Ficha-tecnica-Meter-SMA-Energy-Meter-EMETER-20.pdf\" target=\"_blank\" rel=\"noopener\">Ver a folha de dados do medidor de energia SMA - EMETER-20<\/a><\/p>","protected":false},"excerpt":{"rendered":"<ul>\n<li>Gest\u00e3o inteligente da energia em sistemas fotovoltaicos com dispositivos SMA.<\/li>\n<li><strong>Tens\u00e3o nominal:<\/strong> 230 V\/400 V<\/li>\n<li><strong>Frequ\u00eancia:<\/strong> 50 Hz\/\u00b15%<\/li>\n<li><strong>Corrente nominal:<\/strong> 5A<\/li>\n<\/ul>","protected":false},"featured_media":20178,"comment_status":"open","ping_status":"closed","template":"","meta":{"site-sidebar-layout":"default","site-content-layout":"","ast-site-content-layout":"default","site-content-style":"default","site-sidebar-style":"default","ast-global-header-display":"","ast-banner-title-visibility":"","ast-main-header-display":"","ast-hfb-above-header-display":"","ast-hfb-below-header-display":"","ast-hfb-mobile-header-display":"","site-post-title":"","ast-breadcrumbs-content":"","ast-featured-img":"","footer-sml-layout":"","ast-disable-related-posts":"","theme-transparent-header-meta":"default","adv-header-id-meta":"","stick-header-meta":"","header-above-stick-meta":"","header-main-stick-meta":"","header-below-stick-meta":"","astra-migrate-meta-layouts":"set","ast-page-background-enabled":"default","ast-page-background-meta":{"desktop":{"background-color":"var(--ast-global-color-4)","background-image":"","background-repeat":"repeat","background-position":"center center","background-size":"auto","background-attachment":"scroll","background-type":"","background-media":"","overlay-type":"","overlay-color":"","overlay-opacity":"","overlay-gradient":""},"tablet":{"background-color":"","background-image":"","background-repeat":"repeat","background-position":"center center","background-size":"auto","background-attachment":"scroll","background-type":"","background-media":"","overlay-type":"","overlay-color":"","overlay-opacity":"","overlay-gradient":""},"mobile":{"background-color":"","background-image":"","background-repeat":"repeat","background-position":"center center","background-size":"auto","background-attachment":"scroll","background-type":"","background-media":"","overlay-type":"","overlay-color":"","overlay-opacity":"","overlay-gradient":""}},"ast-content-background-meta":{"desktop":{"background-color":"var(--ast-global-color-5)","background-image":"","background-repeat":"repeat","background-position":"center center","background-size":"auto","background-attachment":"scroll","background-type":"","background-media":"","overlay-type":"","overlay-color":"","overlay-opacity":"","overlay-gradient":""},"tablet":{"background-color":"var(--ast-global-color-5)","background-image":"","background-repeat":"repeat","background-position":"center center","background-size":"auto","background-attachment":"scroll","background-type":"","background-media":"","overlay-type":"","overlay-color":"","overlay-opacity":"","overlay-gradient":""},"mobile":{"background-color":"var(--ast-global-color-5)","background-image":"","background-repeat":"repeat","background-position":"center center","background-size":"auto","background-attachment":"scroll","background-type":"","background-media":"","overlay-type":"","overlay-color":"","overlay-opacity":"","overlay-gradient":""}}},"pwb-brand":[998],"product_brand":[],"product_cat":[349,333],"product_tag":[],"class_list":{"0":"post-20175","1":"product","2":"type-product","3":"status-publish","4":"has-post-thumbnail","6":"pwb-brand-sma","7":"product_cat-meters","8":"product_cat-inversores","9":"desktop-align-left","10":"tablet-align-left","11":"mobile-align-left","12":"ast-product-gallery-layout-horizontal-slider","13":"ast-product-gallery-with-no-image","14":"ast-product-tabs-layout-horizontal","16":"first","17":"outofstock","18":"taxable","19":"shipping-taxable","20":"purchasable","21":"product-type-simple"},"wcpa_form_fields":null,"brands":[{"id":998,"name":"Inversores SMA","slug":"sma"}],"_links":{"self":[{"href":"https:\/\/fvcomponentes.com\/pt\/wp-json\/wp\/v2\/product\/20175","targetHints":{"allow":["GET"]}}],"collection":[{"href":"https:\/\/fvcomponentes.com\/pt\/wp-json\/wp\/v2\/product"}],"about":[{"href":"https:\/\/fvcomponentes.com\/pt\/wp-json\/wp\/v2\/types\/product"}],"replies":[{"embeddable":true,"href":"https:\/\/fvcomponentes.com\/pt\/wp-json\/wp\/v2\/comments?post=20175"}],"wp:featuredmedia":[{"embeddable":true,"href":"https:\/\/fvcomponentes.com\/pt\/wp-json\/wp\/v2\/media\/20178"}],"wp:attachment":[{"href":"https:\/\/fvcomponentes.com\/pt\/wp-json\/wp\/v2\/media?parent=20175"}],"wp:term":[{"taxonomy":"pwb-brand","embeddable":true,"href":"https:\/\/fvcomponentes.com\/pt\/wp-json\/wp\/v2\/pwb-brand?post=20175"},{"taxonomy":"product_brand","embeddable":true,"href":"https:\/\/fvcomponentes.com\/pt\/wp-json\/wp\/v2\/product_brand?post=20175"},{"taxonomy":"product_cat","embeddable":true,"href":"https:\/\/fvcomponentes.com\/pt\/wp-json\/wp\/v2\/product_cat?post=20175"},{"taxonomy":"product_tag","embeddable":true,"href":"https:\/\/fvcomponentes.com\/pt\/wp-json\/wp\/v2\/product_tag?post=20175"}],"curies":[{"name":"wp","href":"https:\/\/api.w.org\/{rel}","templated":true}]}}