{"id":20170,"date":"2024-10-23T16:41:54","date_gmt":"2024-10-23T14:41:54","guid":{"rendered":"https:\/\/fvcomponentes.com\/?post_type=product&#038;p=20170"},"modified":"2026-03-30T12:17:35","modified_gmt":"2026-03-30T10:17:35","slug":"sma-energy-manager-sunny-home-manager-2-0-hm-20","status":"publish","type":"product","link":"https:\/\/fvcomponentes.com\/pt\/producto\/gestor-de-energia-sma-sunny-home-manager-2-0-hm-20\/","title":{"rendered":"Energy Manager SMA Sunny Home Manager 2.0 - HM-20"},"content":{"rendered":"<h2>Energy Manager SMA Sunny Home Manager 2.0 - HM-20<\/h2>\n<p>O Sunny Home Manager 2.0 - HM-20 da SMA foi concebido para maximizar a utiliza\u00e7\u00e3o eficiente da energia solar em casa. Este dispositivo optimiza o autoconsumo fotovoltaico e reduz significativamente os custos de eletricidade. Para tal, mede a produ\u00e7\u00e3o de energia solar, a eletricidade comprada e a alimenta\u00e7\u00e3o da rede, fornecendo uma vis\u00e3o geral de todos os fluxos de energia relevantes na casa.<\/p>\n<p>Com base nas previs\u00f5es locais de produ\u00e7\u00e3o solar e no perfil de consumo do agregado familiar, este dispositivo de auto-aprendizagem fornece recomenda\u00e7\u00f5es ao utilizador para otimizar a utiliza\u00e7\u00e3o da energia. Coordena o funcionamento dos aparelhos controlados para aproveitar ao m\u00e1ximo a energia solar gerada pelo sistema.<\/p>\n<p>A gest\u00e3o inteligente da energia \u00e9 muito simples. Basta instalar o Sunny Home Manager 2.0 no ponto de liga\u00e7\u00e3o \u00e0 rede, lig\u00e1-lo ao router atrav\u00e9s de um cabo Ethernet e registar gratuitamente o sistema fotovoltaico no Sunny Portal ou no Sunny Places. Junte-se aos mais de 30.000 sistemas j\u00e1 instalados em todo o mundo e desfrute de uma maior efici\u00eancia energ\u00e9tica.<\/p>\n<h3>Inovador<\/h3>\n<ul>\n<li>Gestor de energia com dispositivo de medi\u00e7\u00e3o integrado.<\/li>\n<li>An\u00e1lise do consumo de cargas individuais.<\/li>\n<li>Carregamento optimizado de baterias em sistemas de armazenamento SMA.<\/li>\n<\/ul>\n<h3>F\u00e1cil de utilizar<\/h3>\n<ul>\n<li>Instala\u00e7\u00e3o r\u00e1pida plug-and-play.<\/li>\n<li>Vis\u00e3o geral de todos os aparelhos relevantes, gera\u00e7\u00e3o fotovoltaica e sistemas de baterias.<\/li>\n<li>Utiliza a energia de forma mais eficiente e reduz os custos de eletricidade.<\/li>\n<\/ul>\n<h3>Transpar\u00eancia do Energy Manager SMA Sunny Home Manager 2.0<\/h3>\n<ul>\n<li>Balan\u00e7o energ\u00e9tico e dados de carga apresentados em diagramas interactivos.<\/li>\n<li>Dados meteorol\u00f3gicos integrados e previs\u00e3o fotovoltaica.<\/li>\n<li>Monitoriza\u00e7\u00e3o do sistema fotovoltaico atrav\u00e9s do Sunny Portal e do Sunny Places.<\/li>\n<\/ul>\n<h3>Flex\u00edvel<\/h3>\n<ul>\n<li>Liga\u00e7\u00e3o de electrodom\u00e9sticos atrav\u00e9s de protocolos normalizados e de tomadas radiocomandadas compat\u00edveis.<\/li>\n<li>Para dispositivos compat\u00edveis, como bombas de calor, ve\u00edculos el\u00e9ctricos e outros aparelhos dom\u00e9sticos.<\/li>\n<\/ul>\n<h2>SMA Sunny Home Manager 2.0 - Manual e ficha t\u00e9cnica do HM-20<\/h2>\n<p><a href=\"https:\/\/fvcomponentes.com\/wp-content\/uploads\/2024\/10\/Manual-Gestor-de-energia-SMA-Sunny-Home-Manager-2.0-HM-20.pdf\" target=\"_blank\" rel=\"noopener\">Ver o manual do SMA Sunny Home Manager 2.0 - HM-20<\/a><\/p>\n<p><a href=\"https:\/\/fvcomponentes.com\/wp-content\/uploads\/2024\/10\/Ficha-tecnica-Gestor-de-energia-SMA-Sunny-Home-Manager-2.0-HM-20.pdf\" target=\"_blank\" rel=\"noopener\">Ver a ficha de dados do SMA Sunny Home Manager 2.0 - HM-20\u00a0<\/a><\/p>","protected":false},"excerpt":{"rendered":"<ul>\n<li>Optimiza o autoconsumo fotovoltaico e reduz significativamente o custo da eletricidade.<\/li>\n<li><strong>Tens\u00e3o nominal:<\/strong> 230 V\/400 V<\/li>\n<li><strong>Corrente nominal:<\/strong> 5A<\/li>\n<li>\n<div class=\"flex-shrink-0 flex flex-col relative items-end\">\n<div class=\"pt-0\">\n<div class=\"gizmo-bot-avatar flex h-8 w-8 items-center justify-center overflow-hidden rounded-full\">\n<div class=\"relative p-1 rounded-sm flex items-center justify-center bg-token-main-surface-primary text-token-text-primary h-8 w-8\"><strong>N\u00famero total de dispositivos no sistema:<\/strong> at\u00e9 24<\/div>\n<\/div>\n<\/div>\n<\/div>\n<\/li>\n<\/ul>\n<p>&nbsp;<\/p>","protected":false},"featured_media":20173,"comment_status":"open","ping_status":"closed","template":"","meta":{"site-sidebar-layout":"default","site-content-layout":"","ast-site-content-layout":"default","site-content-style":"default","site-sidebar-style":"default","ast-global-header-display":"","ast-banner-title-visibility":"","ast-main-header-display":"","ast-hfb-above-header-display":"","ast-hfb-below-header-display":"","ast-hfb-mobile-header-display":"","site-post-title":"","ast-breadcrumbs-content":"","ast-featured-img":"","footer-sml-layout":"","ast-disable-related-posts":"","theme-transparent-header-meta":"default","adv-header-id-meta":"","stick-header-meta":"","header-above-stick-meta":"","header-main-stick-meta":"","header-below-stick-meta":"","astra-migrate-meta-layouts":"set","ast-page-background-enabled":"default","ast-page-background-meta":{"desktop":{"background-color":"var(--ast-global-color-4)","background-image":"","background-repeat":"repeat","background-position":"center center","background-size":"auto","background-attachment":"scroll","background-type":"","background-media":"","overlay-type":"","overlay-color":"","overlay-opacity":"","overlay-gradient":""},"tablet":{"background-color":"","background-image":"","background-repeat":"repeat","background-position":"center center","background-size":"auto","background-attachment":"scroll","background-type":"","background-media":"","overlay-type":"","overlay-color":"","overlay-opacity":"","overlay-gradient":""},"mobile":{"background-color":"","background-image":"","background-repeat":"repeat","background-position":"center center","background-size":"auto","background-attachment":"scroll","background-type":"","background-media":"","overlay-type":"","overlay-color":"","overlay-opacity":"","overlay-gradient":""}},"ast-content-background-meta":{"desktop":{"background-color":"var(--ast-global-color-5)","background-image":"","background-repeat":"repeat","background-position":"center center","background-size":"auto","background-attachment":"scroll","background-type":"","background-media":"","overlay-type":"","overlay-color":"","overlay-opacity":"","overlay-gradient":""},"tablet":{"background-color":"var(--ast-global-color-5)","background-image":"","background-repeat":"repeat","background-position":"center center","background-size":"auto","background-attachment":"scroll","background-type":"","background-media":"","overlay-type":"","overlay-color":"","overlay-opacity":"","overlay-gradient":""},"mobile":{"background-color":"var(--ast-global-color-5)","background-image":"","background-repeat":"repeat","background-position":"center center","background-size":"auto","background-attachment":"scroll","background-type":"","background-media":"","overlay-type":"","overlay-color":"","overlay-opacity":"","overlay-gradient":""}}},"pwb-brand":[998],"product_brand":[],"product_cat":[351,333],"product_tag":[],"class_list":{"0":"post-20170","1":"product","2":"type-product","3":"status-publish","4":"has-post-thumbnail","6":"pwb-brand-sma","7":"product_cat-accesorios","8":"product_cat-inversores","9":"desktop-align-left","10":"tablet-align-left","11":"mobile-align-left","12":"ast-product-gallery-layout-horizontal-slider","13":"ast-product-gallery-with-no-image","14":"ast-product-tabs-layout-horizontal","16":"first","17":"outofstock","18":"taxable","19":"shipping-taxable","20":"purchasable","21":"product-type-simple"},"wcpa_form_fields":null,"brands":[{"id":998,"name":"Inversores SMA","slug":"sma"}],"_links":{"self":[{"href":"https:\/\/fvcomponentes.com\/pt\/wp-json\/wp\/v2\/product\/20170","targetHints":{"allow":["GET"]}}],"collection":[{"href":"https:\/\/fvcomponentes.com\/pt\/wp-json\/wp\/v2\/product"}],"about":[{"href":"https:\/\/fvcomponentes.com\/pt\/wp-json\/wp\/v2\/types\/product"}],"replies":[{"embeddable":true,"href":"https:\/\/fvcomponentes.com\/pt\/wp-json\/wp\/v2\/comments?post=20170"}],"wp:featuredmedia":[{"embeddable":true,"href":"https:\/\/fvcomponentes.com\/pt\/wp-json\/wp\/v2\/media\/20173"}],"wp:attachment":[{"href":"https:\/\/fvcomponentes.com\/pt\/wp-json\/wp\/v2\/media?parent=20170"}],"wp:term":[{"taxonomy":"pwb-brand","embeddable":true,"href":"https:\/\/fvcomponentes.com\/pt\/wp-json\/wp\/v2\/pwb-brand?post=20170"},{"taxonomy":"product_brand","embeddable":true,"href":"https:\/\/fvcomponentes.com\/pt\/wp-json\/wp\/v2\/product_brand?post=20170"},{"taxonomy":"product_cat","embeddable":true,"href":"https:\/\/fvcomponentes.com\/pt\/wp-json\/wp\/v2\/product_cat?post=20170"},{"taxonomy":"product_tag","embeddable":true,"href":"https:\/\/fvcomponentes.com\/pt\/wp-json\/wp\/v2\/product_tag?post=20170"}],"curies":[{"name":"wp","href":"https:\/\/api.w.org\/{rel}","templated":true}]}}