{"id":20057,"date":"2024-10-22T09:44:55","date_gmt":"2024-10-22T07:44:55","guid":{"rendered":"https:\/\/fvcomponentes.com\/?post_type=product&#038;p=20057"},"modified":"2026-04-08T21:32:29","modified_gmt":"2026-04-08T19:32:29","slug":"painel-solar-victron-bluesolar-215w-24v-monocristalino-serie-4b-spm042152402","status":"publish","type":"product","link":"https:\/\/fvcomponentes.com\/pt\/producto\/panel-solar-victron-bluesolar-215w-24v-monocristalino-series-4b-spm042152402\/","title":{"rendered":"Painel solar 24V Victron BlueSolar 215W-24V monocristalino s\u00e9rie 4b - SPM042152402"},"content":{"rendered":"<h2>Painel solar 24V Victron BlueSolar 215W-24V monocristalino s\u00e9rie 4b - SPM042152402<\/h2>\n<h2>Pain\u00e9is monocristalinos<\/h2>\n<p dir=\"ltr\">As c\u00e9lulas de sil\u00edcio monocristalino do painel solar de 24V Victron BlueSolar 215W-24V monocristalino da s\u00e9rie 4b s\u00e3o fabricadas a partir de lingotes (blocos cil\u00edndricos de sil\u00edcio). Os quatro lados do cilindro s\u00e3o cortados e transformados em folhas com arestas arredondadas. Os cristais t\u00eam uma elevada pureza e, por conseguinte, a efici\u00eancia das c\u00e9lulas \u00e9 aumentada. As placas deste material s\u00e3o normalmente mais escuras, maioritariamente de cor preta.<\/p>\n<p style=\"font-weight: 400\"><span style=\"font-style: inherit\">Este painel solar 215w 24v monocristalino<\/span><span style=\"font-style: inherit\"> \u00e9 capaz de produzir consideravelmente mais energia em menos espa\u00e7o, pelo que s\u00e3o mais eficientes. Por esta raz\u00e3o, um painel solar de 24v \u00e9 uma escolha a considerar se tiver uma pequena \u00e1rea de superf\u00edcie para a instala\u00e7\u00e3o dos pain\u00e9is. Ao produzir mais energia numa \u00e1rea mais pequena, \u00e9 poss\u00edvel obter maiores poupan\u00e7as do que com os pain\u00e9is policristalinos.\u00a0<\/span><\/p>\n<h2>Carater\u00edsticas do painel solar Victron BlueSolar 24V 215W-24V monocristalino s\u00e9rie 4b<\/h2>\n<ul>\n<li>Este painel solar de 24v oferece um desempenho excecional com baixo brilho e elevada sensibilidade \u00e0 luz em todo o espetro solar.<\/li>\n<li>O avan\u00e7ado sistema de encapsulamento em EVA (etileno acetato de vinilo) com folhas traseiras de camada tripla cumpre os mais elevados requisitos para funcionamento a alta tens\u00e3o.<\/li>\n<li>O vidro temperado deste painel solar de 24 V \u00e9 de alta transmiss\u00e3o e de alta qualidade, proporcionando maior dureza e resist\u00eancia ao impacto.<\/li>\n<li>Uma estrutura robusta de alum\u00ednio galvanizado permite que os m\u00f3dulos sejam instalados no telhado utilizando v\u00e1rios sistemas de montagem padr\u00e3o.<\/li>\n<li>A caixa de jun\u00e7\u00e3o deste painel solar 215w 24v \u00e9 selada, estanque e multifuncional. Desta forma, proporciona um elevado n\u00edvel de seguran\u00e7a.<\/li>\n<li>Os d\u00edodos de bypass de elevado desempenho minimizam as quedas de pot\u00eancia causadas pelo sombreamento.<\/li>\n<li>Pr\u00e9-cablagem com conectores de liga\u00e7\u00e3o r\u00e1pida PV-ST01.<\/li>\n<\/ul>\n<h2>Especifica\u00e7\u00f5es do Painel Solar Victron BlueSolar 215W-24V Monocristalino 24V s\u00e9rie 4b<\/h2>\n<ul>\n<li><strong>Peso:<\/strong> 11,7 kg<\/li>\n<li><strong>Dimens\u00f5es:<\/strong> 1580x705x35 mm<\/li>\n<li><strong>Pot\u00eancia nominal:<\/strong> 215W<\/li>\n<li><strong>Tens\u00e3o de alimenta\u00e7\u00e3o m\u00e1xima<\/strong> 40,1V<\/li>\n<li><strong>Corrente de pot\u00eancia m\u00e1xima<\/strong> 5,36A<\/li>\n<li><strong>Tens\u00e3o de circuito aberto:<\/strong> 46,01V<\/li>\n<li><strong>Corrente de curto-circuito:<\/strong> 5,65V<\/li>\n<\/ul>\n<h2>Garantias para este painel solar de 24V<\/h2>\n<p>Para os pain\u00e9is solares BlueSolar, esta garantia estende-se por um per\u00edodo limitado de 25 anos no que respeita ao fornecimento de energia e ao desempenho. A BlueSolar garante igualmente a qualidade dos materiais e o profissionalismo dos seus instaladores, oferecendo uma garantia limitada de 5 anos para os materiais e a m\u00e3o de obra.<\/p>\n<h2>Instala\u00e7\u00e3o do painel solar Victron BlueSolar 215W-24V 24V<\/h2>\n<ul>\n<li>Siga sempre as instru\u00e7\u00f5es e as precau\u00e7\u00f5es de seguran\u00e7a.<\/li>\n<li>A superf\u00edcie de vidro dos m\u00f3dulos n\u00e3o pode ser perfurada ou qualquer perfura\u00e7\u00e3o adicional, uma vez que tal anular\u00e1 a garantia.<\/li>\n<li>Para uma instala\u00e7\u00e3o standard, os m\u00f3dulos devem ser fixados de forma segura \u00e0 estrutura de montagem atrav\u00e9s de quatro pontos de ancoragem.<\/li>\n<li>Em zonas ventosas ou com neve, recomenda-se a utiliza\u00e7\u00e3o de pontos de fixa\u00e7\u00e3o adicionais.<\/li>\n<li>O c\u00e1lculo da carga estrutural \u00e9 da responsabilidade do projetista ou instalador do sistema.<\/li>\n<\/ul>\n<p><strong>Instru\u00e7\u00f5es de montagem<\/strong><\/p>\n<ul>\n<li>Utilize apenas os orif\u00edcios de montagem pr\u00e9-perfurados na estrutura do m\u00f3dulo.<\/li>\n<li>A instala\u00e7\u00e3o mais comum \u00e9 efectuada atrav\u00e9s da fixa\u00e7\u00e3o do m\u00f3dulo nos quatro pontos sim\u00e9tricos no interior do quadro.<\/li>\n<li>Se for instalado em zonas com muito vento ou neve, \u00e9 obrigat\u00f3rio utilizar os oito orif\u00edcios de montagem dispon\u00edveis.<\/li>\n<li>N\u00e3o levante o m\u00f3dulo pela caixa de jun\u00e7\u00e3o ou pelos cabos el\u00e9ctricos.<\/li>\n<li>N\u00e3o pise ou fique em cima do m\u00f3dulo.<\/li>\n<li>N\u00e3o deixar cair o m\u00f3dulo nem deixar cair objectos sobre ele.<\/li>\n<li>Para evitar a quebra do vidro, n\u00e3o coloque objectos pesados sobre o m\u00f3dulo.<\/li>\n<li>N\u00e3o pousar o m\u00f3dulo de forma brusca sobre qualquer superf\u00edcie.<\/li>\n<li>O transporte ou a instala\u00e7\u00e3o incorrectos podem danificar o m\u00f3dulo.<\/li>\n<\/ul>\n<h2>Ficha t\u00e9cnica Painel solar 24V Victron BlueSolar 215W-24V monocristalino s\u00e9rie 4b - SPM042152402<\/h2>\n<p><a href=\"https:\/\/fvcomponentes.com\/wp-content\/uploads\/2024\/10\/Ficha-tecnica-Panel-solar-Victron-BlueSolar-monocristalino.pdf\" target=\"_blank\" rel=\"noopener\">Ver ficha de dados do painel solar Victron BlueSolar 215W-24V monocristalino s\u00e9rie 4b - SPM042152402 24V<\/a><\/p>\n<h2>Manual Painel solar 24V Victron BlueSolar 215W-24V monocristalino s\u00e9rie 4b - SPM042152402<\/h2>\n<p><a href=\"https:\/\/fvcomponentes.com\/wp-content\/uploads\/2025\/02\/Manual-paneles-BlueSolar-Victron.pdf\" target=\"_blank\" rel=\"noopener\">Ver manual do painel solar Victron BlueSolar 215W-24V Monocristalino 24V s\u00e9rie 4b<\/a><\/p>","protected":false},"excerpt":{"rendered":"<ul>\n<li><strong>Pot\u00eancia nominal:<\/strong> 215W<\/li>\n<li><strong>C\u00e9lulas:<\/strong> 72<\/li>\n<li><strong>Tens\u00e3o:<\/strong> 24V<\/li>\n<li><strong>Medidas<\/strong>: 1580x705x35mm<\/li>\n<\/ul>","protected":false},"featured_media":20060,"comment_status":"open","ping_status":"closed","template":"","meta":{"site-sidebar-layout":"default","site-content-layout":"default","ast-site-content-layout":"default","site-content-style":"default","site-sidebar-style":"default","ast-global-header-display":"","ast-banner-title-visibility":"","ast-main-header-display":"","ast-hfb-above-header-display":"","ast-hfb-below-header-display":"","ast-hfb-mobile-header-display":"","site-post-title":"","ast-breadcrumbs-content":"","ast-featured-img":"","footer-sml-layout":"","ast-disable-related-posts":"","theme-transparent-header-meta":"default","adv-header-id-meta":"","stick-header-meta":"","header-above-stick-meta":"","header-main-stick-meta":"","header-below-stick-meta":"","astra-migrate-meta-layouts":"set","ast-page-background-enabled":"default","ast-page-background-meta":{"desktop":{"background-color":"var(--ast-global-color-4)","background-image":"","background-repeat":"repeat","background-position":"center center","background-size":"auto","background-attachment":"scroll","background-type":"","background-media":"","overlay-type":"","overlay-color":"","overlay-opacity":"","overlay-gradient":""},"tablet":{"background-color":"","background-image":"","background-repeat":"repeat","background-position":"center center","background-size":"auto","background-attachment":"scroll","background-type":"","background-media":"","overlay-type":"","overlay-color":"","overlay-opacity":"","overlay-gradient":""},"mobile":{"background-color":"","background-image":"","background-repeat":"repeat","background-position":"center center","background-size":"auto","background-attachment":"scroll","background-type":"","background-media":"","overlay-type":"","overlay-color":"","overlay-opacity":"","overlay-gradient":""}},"ast-content-background-meta":{"desktop":{"background-color":"var(--ast-global-color-5)","background-image":"","background-repeat":"repeat","background-position":"center center","background-size":"auto","background-attachment":"scroll","background-type":"","background-media":"","overlay-type":"","overlay-color":"","overlay-opacity":"","overlay-gradient":""},"tablet":{"background-color":"var(--ast-global-color-5)","background-image":"","background-repeat":"repeat","background-position":"center center","background-size":"auto","background-attachment":"scroll","background-type":"","background-media":"","overlay-type":"","overlay-color":"","overlay-opacity":"","overlay-gradient":""},"mobile":{"background-color":"var(--ast-global-color-5)","background-image":"","background-repeat":"repeat","background-position":"center center","background-size":"auto","background-attachment":"scroll","background-type":"","background-media":"","overlay-type":"","overlay-color":"","overlay-opacity":"","overlay-gradient":""}}},"pwb-brand":[332],"product_brand":[],"product_cat":[457,395],"product_tag":[],"class_list":{"0":"post-20057","1":"product","2":"type-product","3":"status-publish","4":"has-post-thumbnail","6":"pwb-brand-victron","7":"product_cat-placas-solares-24-v","8":"product_cat-placas-solares","9":"product_shipping_class-paneles","10":"desktop-align-left","11":"tablet-align-left","12":"mobile-align-left","13":"ast-product-gallery-layout-horizontal-slider","14":"ast-product-tabs-layout-horizontal","16":"first","17":"instock","18":"taxable","19":"shipping-taxable","20":"purchasable","21":"product-type-simple"},"wcpa_form_fields":null,"brands":[{"id":332,"name":"Victron Energia","slug":"victron"}],"_links":{"self":[{"href":"https:\/\/fvcomponentes.com\/pt\/wp-json\/wp\/v2\/product\/20057","targetHints":{"allow":["GET"]}}],"collection":[{"href":"https:\/\/fvcomponentes.com\/pt\/wp-json\/wp\/v2\/product"}],"about":[{"href":"https:\/\/fvcomponentes.com\/pt\/wp-json\/wp\/v2\/types\/product"}],"replies":[{"embeddable":true,"href":"https:\/\/fvcomponentes.com\/pt\/wp-json\/wp\/v2\/comments?post=20057"}],"wp:featuredmedia":[{"embeddable":true,"href":"https:\/\/fvcomponentes.com\/pt\/wp-json\/wp\/v2\/media\/20060"}],"wp:attachment":[{"href":"https:\/\/fvcomponentes.com\/pt\/wp-json\/wp\/v2\/media?parent=20057"}],"wp:term":[{"taxonomy":"pwb-brand","embeddable":true,"href":"https:\/\/fvcomponentes.com\/pt\/wp-json\/wp\/v2\/pwb-brand?post=20057"},{"taxonomy":"product_brand","embeddable":true,"href":"https:\/\/fvcomponentes.com\/pt\/wp-json\/wp\/v2\/product_brand?post=20057"},{"taxonomy":"product_cat","embeddable":true,"href":"https:\/\/fvcomponentes.com\/pt\/wp-json\/wp\/v2\/product_cat?post=20057"},{"taxonomy":"product_tag","embeddable":true,"href":"https:\/\/fvcomponentes.com\/pt\/wp-json\/wp\/v2\/product_tag?post=20057"}],"curies":[{"name":"wp","href":"https:\/\/api.w.org\/{rel}","templated":true}]}}