{"id":20038,"date":"2024-10-21T17:56:12","date_gmt":"2024-10-21T15:56:12","guid":{"rendered":"https:\/\/fvcomponentes.com\/?post_type=product&#038;p=20038"},"modified":"2026-01-15T10:07:30","modified_gmt":"2026-01-15T09:07:30","slug":"bateria-victron-12v-60ah-agm-super-cycle-m6-bat412060082","status":"publish","type":"product","link":"https:\/\/fvcomponentes.com\/pt\/producto\/bateria-victron-12v-60ah-agm-super-cycle-m6-bat412060082\/","title":{"rendered":"Bateria AGM 12V 60Ah Victron AGM Super Cycle M6 - BAT412060082"},"content":{"rendered":"<h2>Carater\u00edsticas Bateria AGM 12V 60Ah Victron AGM Super Cycle M6 - BAT412060082<\/h2>\n<p>A bateria AGM 12V 60Ah Victron AGM Super Cycle M6 - BAT412060082 \u00e9 o resultado de desenvolvimentos recentes em eletroqu\u00edmica no campo das baterias AGM. A pasta nas placas positivas \u00e9 menos sens\u00edvel ao amolecimento, mesmo em caso de descargas completas repetidas da bateria, e os novos aditivos no eletr\u00f3lito reduzem a sulfata\u00e7\u00e3o em caso de descarga profunda.<\/p>\n<p>Os testes mostram que esta bateria Super Cycle de 60Ah da agm pode suportar at\u00e9 trezentos ciclos DoD do 100%. Estes testes consistem numa descarga di\u00e1ria a 10,8V com I = 0,2C\u2082\u2080, seguida de aproximadamente duas horas de espera no estado descarregado e, em seguida, uma recarga com I = 0,2C\u2082\u2080. Esta bateria de chumbo-\u00e1cido \u00e9 recomendada para uso em aplica\u00e7\u00f5es onde se espera DoD de 100%, ou DoD frequente de 60-80%.<\/p>\n<p>Uma vantagem adicional da nova eletroqu\u00edmica \u00e9 que permite um tamanho mais pequeno e um peso inferior em compara\u00e7\u00e3o com as baterias AGM de ciclo profundo padr\u00e3o. A resist\u00eancia interna tamb\u00e9m \u00e9 ligeiramente inferior em compara\u00e7\u00e3o com outras baterias AGM de ciclo profundo padr\u00e3o.<\/p>\n<p>Tens\u00f5es de carga recomendadas para a bateria agm:<\/p>\n<h2><img fetchpriority=\"high\" decoding=\"async\" class=\"alignnone wp-image-8268 size-full\" src=\"https:\/\/fvcomponentes.com\/wp-content\/uploads\/2022\/11\/Captura.png\" alt=\"Tens\u00f5es de carga recomendadas\" width=\"579\" height=\"120\" title=\"\"><\/h2>\n<p>&nbsp;<\/p>\n<h2>Especifica\u00e7\u00f5es da bateria Victron AGM 12V 60Ah<\/h2>\n<ul>\n<li><strong>Pot\u00eancia:<\/strong> 12V<\/li>\n<li><strong>Ah C5 (10,8V):<\/strong> 52<\/li>\n<li><strong>Ah C10 (10,8V):<\/strong> 56<\/li>\n<li><strong>Ah C20 (10,8V):<\/strong> 60<\/li>\n<li><strong>Dimens\u00f5es:<\/strong> 224 x 135 x 178 mm<\/li>\n<li><strong>Peso:<\/strong> 14<\/li>\n<li><strong>CCA @0\u00b0F:<\/strong> 300<\/li>\n<li><strong>RES CAP @80\u00b0F:<\/strong> 90<\/li>\n<li><strong>Terminais:<\/strong> Inserir M6<\/li>\n<\/ul>\n<h2>O que \u00e9 uma bateria AGM<\/h2>\n<p>Uma bateria AGM (Absorbent Glass Mat) \u00e9 um tipo de bateria de chumbo-\u00e1cido em que o eletr\u00f3lito \u00e9 absorvido por uma malha de fibra de vidro. As baterias AGM s\u00e3o mais seguras e mais eficientes.<\/p>\n<p>Uma pilha agm \u00e9 constitu\u00edda por:<\/p>\n<ul>\n<li>Placas de chumbo: s\u00e3o os el\u00e9ctrodos da pilha agm. S\u00e3o feitas de uma liga de chumbo e outros metais, como o c\u00e1lcio ou o estanho, para melhorar a resist\u00eancia e a durabilidade.<\/li>\n<li>Eletr\u00f3lito absorvido: Uma mistura de \u00e1cido sulf\u00farico e \u00e1gua que est\u00e1 impregnada numa malha de fibra de vidro em vez de estar no estado l\u00edquido.<\/li>\n<li>Separadores de fibra de vidro: Funcionam como esponjas para manter o eletr\u00f3lito em contacto com as placas, melhorando assim a efici\u00eancia e evitando derrames.<\/li>\n<li>Caixa de pl\u00e1stico: Fabricada com materiais resistentes ao impacto e \u00e0 corros\u00e3o, como o polipropileno, para proteger os componentes internos.<\/li>\n<li>V\u00e1lvula reguladora de press\u00e3o: Permite a liberta\u00e7\u00e3o do g\u00e1s em caso de sobrepress\u00e3o, evitando danos e garantindo um funcionamento seguro.<\/li>\n<\/ul>\n<p>Uma agm \u00e9 uma bateria do tipo VRLA (Valve-Regulated Lead-Acid); \u00e9 selada, n\u00e3o necessita de manuten\u00e7\u00e3o e \u00e9 resistente a vibra\u00e7\u00f5es. As baterias agm s\u00e3o ideais para aplica\u00e7\u00f5es em autom\u00f3veis, motociclos, sistemas de energia solar (baterias de pain\u00e9is solares) e equipamento de reserva. Existem muitos modelos de baterias agm, como a bateria agm 100ah, a bateria de painel solar, a bateria agm 80ah ou esta, a bateria agm 60ah.<\/p>\n<h2>Carregar uma bateria agm<\/h2>\n<p>\u00c9 necess\u00e1rio adquirir um carregador de bateria agm, que deve ser um carregador espec\u00edfico para este tipo de bateria, uma vez que a tens\u00e3o e a corrente t\u00eam de ser controladas com precis\u00e3o, para evitar sobrecargas que possam danificar a bateria agm.<\/p>\n<p><strong>Processo de carregamento da bateria agm em 3 fases<\/strong><\/p>\n<p>O carregamento de uma bateria agm \u00e9 efectuado em tr\u00eas fases:<\/p>\n<ul>\n<li><strong>A granel:<\/strong>\n<ul>\n<li>\u00c9 aplicada uma corrente constante, que se situa entre 10% e 20% da capacidade nominal da bateria agm (C20).<\/li>\n<li>Aumento da tens\u00e3o: A tens\u00e3o do agm \u00e9 progressivamente aumentada para um valor entre 14,4 e 14,8V.<\/li>\n<\/ul>\n<\/li>\n<li><strong>Absor\u00e7\u00e3o:<\/strong>\n<ul>\n<li>Uma vez atingida a tens\u00e3o m\u00e1xima, esta mant\u00e9m-se constante enquanto a corrente diminui gradualmente.<\/li>\n<li>Esta fase continua at\u00e9 que a corrente de carga seja reduzida para 1% da capacidade nominal das baterias agm.<\/li>\n<\/ul>\n<\/li>\n<li><strong>Flota\u00e7\u00e3o:<\/strong>\n<ul>\n<li>A tens\u00e3o \u00e9 reduzida para um n\u00edvel de manuten\u00e7\u00e3o, normalmente entre 13,65 e 13,8 V, para compensar a auto-descarga sem sobrecarregar a bateria agm.<\/li>\n<\/ul>\n<\/li>\n<\/ul>\n<p><strong>Recomenda\u00e7\u00f5es<\/strong><\/p>\n<ul>\n<li>Evitar a sobrecarga: A sobrecarga pode provocar a liberta\u00e7\u00e3o de gases e danos internos no agm.<\/li>\n<li>Ambiente ventilado: Carregue a bateria numa \u00e1rea bem ventilada para dissipar qualquer g\u00e1s residual da bateria agm e para evitar acumula\u00e7\u00f5es prejudiciais.<\/li>\n<li>Seguir as instru\u00e7\u00f5es do fabricante: \u00c9 sempre essencial consultar as recomenda\u00e7\u00f5es espec\u00edficas do fabricante do carregador de baterias agm e agm para garantir um carregamento seguro e eficiente.<\/li>\n<\/ul>\n<h2>Ficha t\u00e9cnica Bateria AGM 12V 60Ah Victron AGM Super Cycle M6 - BAT412060082<\/h2>\n<p><a href=\"https:\/\/fvcomponentes.com\/wp-content\/uploads\/2024\/10\/Ficha-tecnica-Bateria-Victron-AGM-Super-Cycle.pdf\" target=\"_blank\" rel=\"noopener\">Ver a ficha de dados da bateria Victron 12V\/60Ah AGM Super Cycle (M6)- BAT41206008<\/a><\/p>","protected":false},"excerpt":{"rendered":"<ul>\n<li><strong>Tens\u00e3o:<\/strong>\u00a012V<\/li>\n<li><strong>Ampere horas:<\/strong> 60Ah (C20)<\/li>\n<li><strong>Ciclos:<\/strong> \u2265 300 ciclos para um DoD do 100%, \u2265 700 ciclos para um DoD do 60%, \u2265 1000 ciclos para um DoD do 40%<\/li>\n<li><strong>Terminais:<\/strong> Inserir M6<\/li>\n<\/ul>","protected":false},"featured_media":20039,"comment_status":"open","ping_status":"closed","template":"","meta":{"site-sidebar-layout":"default","site-content-layout":"","ast-site-content-layout":"default","site-content-style":"default","site-sidebar-style":"default","ast-global-header-display":"","ast-banner-title-visibility":"","ast-main-header-display":"","ast-hfb-above-header-display":"","ast-hfb-below-header-display":"","ast-hfb-mobile-header-display":"","site-post-title":"","ast-breadcrumbs-content":"","ast-featured-img":"","footer-sml-layout":"","ast-disable-related-posts":"","theme-transparent-header-meta":"default","adv-header-id-meta":"","stick-header-meta":"","header-above-stick-meta":"","header-main-stick-meta":"","header-below-stick-meta":"","astra-migrate-meta-layouts":"set","ast-page-background-enabled":"default","ast-page-background-meta":{"desktop":{"background-color":"var(--ast-global-color-4)","background-image":"","background-repeat":"repeat","background-position":"center center","background-size":"auto","background-attachment":"scroll","background-type":"","background-media":"","overlay-type":"","overlay-color":"","overlay-opacity":"","overlay-gradient":""},"tablet":{"background-color":"","background-image":"","background-repeat":"repeat","background-position":"center center","background-size":"auto","background-attachment":"scroll","background-type":"","background-media":"","overlay-type":"","overlay-color":"","overlay-opacity":"","overlay-gradient":""},"mobile":{"background-color":"","background-image":"","background-repeat":"repeat","background-position":"center center","background-size":"auto","background-attachment":"scroll","background-type":"","background-media":"","overlay-type":"","overlay-color":"","overlay-opacity":"","overlay-gradient":""}},"ast-content-background-meta":{"desktop":{"background-color":"var(--ast-global-color-5)","background-image":"","background-repeat":"repeat","background-position":"center center","background-size":"auto","background-attachment":"scroll","background-type":"","background-media":"","overlay-type":"","overlay-color":"","overlay-opacity":"","overlay-gradient":""},"tablet":{"background-color":"var(--ast-global-color-5)","background-image":"","background-repeat":"repeat","background-position":"center center","background-size":"auto","background-attachment":"scroll","background-type":"","background-media":"","overlay-type":"","overlay-color":"","overlay-opacity":"","overlay-gradient":""},"mobile":{"background-color":"var(--ast-global-color-5)","background-image":"","background-repeat":"repeat","background-position":"center center","background-size":"auto","background-attachment":"scroll","background-type":"","background-media":"","overlay-type":"","overlay-color":"","overlay-opacity":"","overlay-gradient":""}}},"pwb-brand":[332],"product_brand":[],"product_cat":[375,340],"product_tag":[],"class_list":{"0":"post-20038","1":"product","2":"type-product","3":"status-publish","4":"has-post-thumbnail","6":"pwb-brand-victron","7":"product_cat-baterias-agm","8":"product_cat-baterias","9":"product_shipping_class-baterias","10":"desktop-align-left","11":"tablet-align-left","12":"mobile-align-left","13":"ast-product-gallery-layout-horizontal-slider","14":"ast-product-tabs-layout-horizontal","16":"first","17":"instock","18":"taxable","19":"shipping-taxable","20":"purchasable","21":"product-type-simple"},"wcpa_form_fields":null,"brands":[{"id":332,"name":"Victron Energia","slug":"victron"}],"_links":{"self":[{"href":"https:\/\/fvcomponentes.com\/pt\/wp-json\/wp\/v2\/product\/20038","targetHints":{"allow":["GET"]}}],"collection":[{"href":"https:\/\/fvcomponentes.com\/pt\/wp-json\/wp\/v2\/product"}],"about":[{"href":"https:\/\/fvcomponentes.com\/pt\/wp-json\/wp\/v2\/types\/product"}],"replies":[{"embeddable":true,"href":"https:\/\/fvcomponentes.com\/pt\/wp-json\/wp\/v2\/comments?post=20038"}],"wp:featuredmedia":[{"embeddable":true,"href":"https:\/\/fvcomponentes.com\/pt\/wp-json\/wp\/v2\/media\/20039"}],"wp:attachment":[{"href":"https:\/\/fvcomponentes.com\/pt\/wp-json\/wp\/v2\/media?parent=20038"}],"wp:term":[{"taxonomy":"pwb-brand","embeddable":true,"href":"https:\/\/fvcomponentes.com\/pt\/wp-json\/wp\/v2\/pwb-brand?post=20038"},{"taxonomy":"product_brand","embeddable":true,"href":"https:\/\/fvcomponentes.com\/pt\/wp-json\/wp\/v2\/product_brand?post=20038"},{"taxonomy":"product_cat","embeddable":true,"href":"https:\/\/fvcomponentes.com\/pt\/wp-json\/wp\/v2\/product_cat?post=20038"},{"taxonomy":"product_tag","embeddable":true,"href":"https:\/\/fvcomponentes.com\/pt\/wp-json\/wp\/v2\/product_tag?post=20038"}],"curies":[{"name":"wp","href":"https:\/\/api.w.org\/{rel}","templated":true}]}}