{"id":20032,"date":"2024-10-21T17:00:04","date_gmt":"2024-10-21T15:00:04","guid":{"rendered":"https:\/\/fvcomponentes.com\/?post_type=product&#038;p=20032"},"modified":"2026-04-08T21:30:16","modified_gmt":"2026-04-08T19:30:16","slug":"victron-smartshunt-300a-50mv-ip65-shu065130050-monitor-de-bateria-victron-shu065130050","status":"publish","type":"product","link":"https:\/\/fvcomponentes.com\/pt\/producto\/monitor-de-baterias-victron-smartshunt-300a-50mv-ip65-shu065130050\/","title":{"rendered":"Monitor de bateria Victron Smartshunt 300A\/50mV IP65 - SHU065130050"},"content":{"rendered":"<h2>Carater\u00edsticas Monitor de bateria Victron Smartshunt 300A\/50mV IP65 - SHU065130050<\/h2>\n<p>O Victron Smartshunt 300A\/50mV IP65 - SHU065130050 \u00e9 um monitor de bateria tudo-em-um, mas sem um ecr\u00e3. Utiliza a aplica\u00e7\u00e3o VictronConnect para ler convenientemente todos os par\u00e2metros da bateria, como o estado de carga, autonomia restante, dados hist\u00f3ricos e muito mais. O SmartShunt IP65 tamb\u00e9m pode ser ligado e lido com um dispositivo GX. A liga\u00e7\u00e3o ao SmartShunt \u00e9 feita com um cabo VE.Diret.<\/p>\n<p>O SmartShunt \u00e9 uma boa alternativa ao monitor de bateria BMV, especialmente em sistemas onde \u00e9 necess\u00e1rio controlar a bateria mas n\u00e3o se pretende ter<br \/>\ntantos cabos.<\/p>\n<p>O SmartShunt disp\u00f5e de Bluetooth, uma porta VE.Diret e uma liga\u00e7\u00e3o auxiliar que pode ser utilizada para controlar uma segunda bateria, para o seguimento do ponto m\u00e9dio ou para<br \/>\nligar um sensor de temperatura.<\/p>\n<h2>Especifica\u00e7\u00f5es do SmartShunt 300A\/50mV IP65<\/h2>\n<ul>\n<li><strong>Tens\u00e3o de alimenta\u00e7\u00e3o:\u00a0<\/strong>6,5 - 70V DC<\/li>\n<li><strong>Consumo atual:<\/strong>\u00a0&lt; 1mA<\/li>\n<li><strong>Gama de tens\u00e3o de entrada, bateria auxiliar:<\/strong>\u00a06,5 - 70V DC<\/li>\n<li><strong>Capacidade da bateria (Ah):<\/strong>\u00a01 - 9999Ah<\/li>\n<li><strong>Gama de temperaturas de funcionamento:<\/strong>\u00a0-40 +50\u00b0C (-40 - 120\u00b0F)<\/li>\n<li><strong>Gama de medi\u00e7\u00e3o da temperatura:<\/strong>\u00a0-20 +50\u00b0C<\/li>\n<li><strong>Porta de comunica\u00e7\u00e3o direta VE<\/strong><\/li>\n<\/ul>\n<h2>Resolu\u00e7\u00e3o e precis\u00e3o<\/h2>\n<ul>\n<li><strong>Atual:<\/strong>\u00a0\u00b1 0.01A<\/li>\n<li><strong>Tens\u00e3o:<\/strong>\u00a0\u00b1 0.01V<\/li>\n<li><strong>Ampere horas:\u00a0<\/strong>\u00b1 0,1 Ah<\/li>\n<li><strong>Estado de carga<\/strong>\u00a0(0 - 100%): \u00b1 0,1%<\/li>\n<li><strong>Autonomia remanescente:<\/strong>\u00a0\u00b1 1 min<\/li>\n<li><strong>Temperatura (com sensor de temperatura opcional ligado):<\/strong>\u00a0\u00b1 1\u00b0C\/\u00b0F (0 - 50\u00b0C ou 30 - 120\u00b0F)<\/li>\n<li><strong>Precis\u00e3o da medi\u00e7\u00e3o da corrente:<\/strong>\u00a0\u00b1 0,4%<\/li>\n<li><strong>Remunera\u00e7\u00e3o:<\/strong> Menos de 10 \/ 20 \/ 40 mA<\/li>\n<li><strong>Precis\u00e3o da medi\u00e7\u00e3o da tens\u00e3o:<\/strong>\u00a0\u00b1 0,3%<\/li>\n<\/ul>\n<p><strong>Inclui dois cabos com fus\u00edvel para liga\u00e7\u00e3o \"+\" e liga\u00e7\u00e3o a uma bateria de arranque ou ao ponto interm\u00e9dio.<\/strong><\/p>\n<h2>Ficha t\u00e9cnica Monitor de bateria Victron Smartshunt 300A\/50mV IP65 - SHU065130050<\/h2>\n<p><a href=\"https:\/\/fvcomponentes.com\/wp-content\/uploads\/2024\/10\/Ficha-tecnica-Monitor-de-baterias-Victron-Smartshunt-IP65.pdf\" target=\"_blank\" rel=\"noopener\">Veja a folha de dados do Monitor de Bateria Victron Smartshunt 300A\/50mV IP65 - SHU065130050<\/a><\/p>","protected":false},"excerpt":{"rendered":"<ul>\n<li><strong>Gama de tens\u00e3o de alimenta\u00e7\u00e3o:<\/strong>\u00a06,5 - 70 VDC<\/li>\n<li><strong>Consumo atual:<\/strong>\u00a0&lt; 1 mA<\/li>\n<li><strong>Gama de tens\u00e3o de entrada, bateria auxiliar:<\/strong>\u00a06,5 - 70 VDC<\/li>\n<li><strong>Terminais:<\/strong>\u00a0M8<\/li>\n<li><strong>Dimens\u00f5es:<\/strong>\u00a044 x 120 x 44 mm<\/li>\n<\/ul>","protected":false},"featured_media":20036,"comment_status":"open","ping_status":"closed","template":"","meta":{"site-sidebar-layout":"default","site-content-layout":"","ast-site-content-layout":"default","site-content-style":"default","site-sidebar-style":"default","ast-global-header-display":"","ast-banner-title-visibility":"","ast-main-header-display":"","ast-hfb-above-header-display":"","ast-hfb-below-header-display":"","ast-hfb-mobile-header-display":"","site-post-title":"","ast-breadcrumbs-content":"","ast-featured-img":"","footer-sml-layout":"","ast-disable-related-posts":"","theme-transparent-header-meta":"default","adv-header-id-meta":"","stick-header-meta":"","header-above-stick-meta":"","header-main-stick-meta":"","header-below-stick-meta":"","astra-migrate-meta-layouts":"set","ast-page-background-enabled":"default","ast-page-background-meta":{"desktop":{"background-color":"var(--ast-global-color-4)","background-image":"","background-repeat":"repeat","background-position":"center center","background-size":"auto","background-attachment":"scroll","background-type":"","background-media":"","overlay-type":"","overlay-color":"","overlay-opacity":"","overlay-gradient":""},"tablet":{"background-color":"","background-image":"","background-repeat":"repeat","background-position":"center center","background-size":"auto","background-attachment":"scroll","background-type":"","background-media":"","overlay-type":"","overlay-color":"","overlay-opacity":"","overlay-gradient":""},"mobile":{"background-color":"","background-image":"","background-repeat":"repeat","background-position":"center center","background-size":"auto","background-attachment":"scroll","background-type":"","background-media":"","overlay-type":"","overlay-color":"","overlay-opacity":"","overlay-gradient":""}},"ast-content-background-meta":{"desktop":{"background-color":"var(--ast-global-color-5)","background-image":"","background-repeat":"repeat","background-position":"center center","background-size":"auto","background-attachment":"scroll","background-type":"","background-media":"","overlay-type":"","overlay-color":"","overlay-opacity":"","overlay-gradient":""},"tablet":{"background-color":"var(--ast-global-color-5)","background-image":"","background-repeat":"repeat","background-position":"center center","background-size":"auto","background-attachment":"scroll","background-type":"","background-media":"","overlay-type":"","overlay-color":"","overlay-opacity":"","overlay-gradient":""},"mobile":{"background-color":"var(--ast-global-color-5)","background-image":"","background-repeat":"repeat","background-position":"center center","background-size":"auto","background-attachment":"scroll","background-type":"","background-media":"","overlay-type":"","overlay-color":"","overlay-opacity":"","overlay-gradient":""}}},"pwb-brand":[332],"product_brand":[],"product_cat":[933,391,340],"product_tag":[],"class_list":{"0":"post-20032","1":"product","2":"type-product","3":"status-publish","4":"has-post-thumbnail","6":"pwb-brand-victron","7":"product_cat-monitores-de-baterias","8":"product_cat-accesorios-para-baterias","9":"product_cat-baterias","10":"desktop-align-left","11":"tablet-align-left","12":"mobile-align-left","13":"ast-product-gallery-layout-horizontal-slider","14":"ast-product-tabs-layout-horizontal","16":"first","17":"instock","18":"taxable","19":"shipping-taxable","20":"purchasable","21":"product-type-simple"},"wcpa_form_fields":null,"brands":[{"id":332,"name":"Victron Energia","slug":"victron"}],"_links":{"self":[{"href":"https:\/\/fvcomponentes.com\/pt\/wp-json\/wp\/v2\/product\/20032","targetHints":{"allow":["GET"]}}],"collection":[{"href":"https:\/\/fvcomponentes.com\/pt\/wp-json\/wp\/v2\/product"}],"about":[{"href":"https:\/\/fvcomponentes.com\/pt\/wp-json\/wp\/v2\/types\/product"}],"replies":[{"embeddable":true,"href":"https:\/\/fvcomponentes.com\/pt\/wp-json\/wp\/v2\/comments?post=20032"}],"wp:featuredmedia":[{"embeddable":true,"href":"https:\/\/fvcomponentes.com\/pt\/wp-json\/wp\/v2\/media\/20036"}],"wp:attachment":[{"href":"https:\/\/fvcomponentes.com\/pt\/wp-json\/wp\/v2\/media?parent=20032"}],"wp:term":[{"taxonomy":"pwb-brand","embeddable":true,"href":"https:\/\/fvcomponentes.com\/pt\/wp-json\/wp\/v2\/pwb-brand?post=20032"},{"taxonomy":"product_brand","embeddable":true,"href":"https:\/\/fvcomponentes.com\/pt\/wp-json\/wp\/v2\/product_brand?post=20032"},{"taxonomy":"product_cat","embeddable":true,"href":"https:\/\/fvcomponentes.com\/pt\/wp-json\/wp\/v2\/product_cat?post=20032"},{"taxonomy":"product_tag","embeddable":true,"href":"https:\/\/fvcomponentes.com\/pt\/wp-json\/wp\/v2\/product_tag?post=20032"}],"curies":[{"name":"wp","href":"https:\/\/api.w.org\/{rel}","templated":true}]}}