{"id":20018,"date":"2024-10-21T13:19:41","date_gmt":"2024-10-21T11:19:41","guid":{"rendered":"https:\/\/fvcomponentes.com\/?post_type=product&#038;p=20018"},"modified":"2026-01-15T10:04:09","modified_gmt":"2026-01-15T09:04:09","slug":"mega-fusivel-victron-mega-fusivel-victron-100a-80v-cip138100020","status":"publish","type":"product","link":"https:\/\/fvcomponentes.com\/pt\/producto\/fusible-mega-victron-mega-fuse-100a-80v-cip138100020\/","title":{"rendered":"Fus\u00edvel cer\u00e2mico MEGA-fus\u00edvel Victron 100A\/80V (5 unidades) - CIP138100020"},"content":{"rendered":"<h2>Carater\u00edsticas do Victron Mega Fuse Mega-fuse 100A\/80V<\/h2>\n<p>O Mega-fus\u00edvel Victron 100A\/80V - CIP138100020 \u00e9 um fus\u00edvel de cer\u00e2mica com terminais M8. Os fus\u00edveis s\u00e3o indispens\u00e1veis para uma instala\u00e7\u00e3o el\u00e9ctrica segura. Este fus\u00edvel MEGA de 100A\/80V foi especialmente concebido para sistemas fotovoltaicos com uma tens\u00e3o de sistema de 48V.<\/p>\n<p>Os fus\u00edveis para 48V n\u00e3o podem ser utilizados com sistemas de 12\/24V e vice-versa. O intervalo de tens\u00e3o especificado no fus\u00edvel \u00e9 importante para garantir um funcionamento seguro.<\/p>\n<p>Esta embalagem cont\u00e9m 5 fus\u00edveis.<\/p>\n<p>Para os porta-fus\u00edveis do tipo Mega, como o\u00a0<a href=\"https:\/\/fvcomponentes.com\/pt\/produto\/suporte-de-fusiveis-suporte-de-fusiveis-de-6-vias-para-mega-fusivel-cip050060000\/\" target=\"_blank\" rel=\"noopener\">Suporte de fus\u00edveis de 6 vias para Mega Fuse - CIP050060000<\/a><\/p>\n<h2>Ficha t\u00e9cnica Mega-fus\u00edvel Victron Mega-fus\u00edvel 100A\/80V - CIP138100020<\/h2>\n<p><a href=\"https:\/\/fvcomponentes.com\/wp-content\/uploads\/2024\/10\/Ficha-tecnica-fusibles-Victron-MEGA-Midi-y-ANL.pdf\" target=\"_blank\" rel=\"noopener\">Ver a folha de dados do Mega-fus\u00edvel 100A\/80V da Victron <\/a><\/p>","protected":false},"excerpt":{"rendered":"<ul>\n<li><strong>Embalagem de 5 fus\u00edveis<\/strong><\/li>\n<li><strong>Amperagem:<\/strong> 100A<\/li>\n<li><strong>Tens\u00e3o: <\/strong>80V<\/li>\n<li><strong>Queda de tens\u00e3o:<\/strong> 110 mV<\/li>\n<li><strong>Resist\u00eancia ao frio:<\/strong> 0,868 m\u03a9<\/li>\n<\/ul>","protected":false},"featured_media":27615,"comment_status":"open","ping_status":"closed","template":"","meta":{"site-sidebar-layout":"default","site-content-layout":"","ast-site-content-layout":"default","site-content-style":"default","site-sidebar-style":"default","ast-global-header-display":"","ast-banner-title-visibility":"","ast-main-header-display":"","ast-hfb-above-header-display":"","ast-hfb-below-header-display":"","ast-hfb-mobile-header-display":"","site-post-title":"","ast-breadcrumbs-content":"","ast-featured-img":"","footer-sml-layout":"","ast-disable-related-posts":"","theme-transparent-header-meta":"default","adv-header-id-meta":"","stick-header-meta":"","header-above-stick-meta":"","header-main-stick-meta":"","header-below-stick-meta":"","astra-migrate-meta-layouts":"set","ast-page-background-enabled":"default","ast-page-background-meta":{"desktop":{"background-color":"var(--ast-global-color-4)","background-image":"","background-repeat":"repeat","background-position":"center center","background-size":"auto","background-attachment":"scroll","background-type":"","background-media":"","overlay-type":"","overlay-color":"","overlay-opacity":"","overlay-gradient":""},"tablet":{"background-color":"","background-image":"","background-repeat":"repeat","background-position":"center center","background-size":"auto","background-attachment":"scroll","background-type":"","background-media":"","overlay-type":"","overlay-color":"","overlay-opacity":"","overlay-gradient":""},"mobile":{"background-color":"","background-image":"","background-repeat":"repeat","background-position":"center center","background-size":"auto","background-attachment":"scroll","background-type":"","background-media":"","overlay-type":"","overlay-color":"","overlay-opacity":"","overlay-gradient":""}},"ast-content-background-meta":{"desktop":{"background-color":"var(--ast-global-color-5)","background-image":"","background-repeat":"repeat","background-position":"center center","background-size":"auto","background-attachment":"scroll","background-type":"","background-media":"","overlay-type":"","overlay-color":"","overlay-opacity":"","overlay-gradient":""},"tablet":{"background-color":"var(--ast-global-color-5)","background-image":"","background-repeat":"repeat","background-position":"center center","background-size":"auto","background-attachment":"scroll","background-type":"","background-media":"","overlay-type":"","overlay-color":"","overlay-opacity":"","overlay-gradient":""},"mobile":{"background-color":"var(--ast-global-color-5)","background-image":"","background-repeat":"repeat","background-position":"center center","background-size":"auto","background-attachment":"scroll","background-type":"","background-media":"","overlay-type":"","overlay-color":"","overlay-opacity":"","overlay-gradient":""}}},"pwb-brand":[332],"product_brand":[],"product_cat":[992,862,410],"product_tag":[],"class_list":{"0":"post-20018","1":"product","2":"type-product","3":"status-publish","4":"has-post-thumbnail","6":"pwb-brand-victron","7":"product_cat-fusibles-mega","8":"product_cat-fusibles","9":"product_cat-material-electrico","10":"desktop-align-left","11":"tablet-align-left","12":"mobile-align-left","13":"ast-product-gallery-layout-horizontal-slider","14":"ast-product-gallery-with-no-image","15":"ast-product-tabs-layout-horizontal","17":"first","18":"instock","19":"taxable","20":"shipping-taxable","21":"purchasable","22":"product-type-simple"},"wcpa_form_fields":null,"brands":[{"id":332,"name":"Victron Energia","slug":"victron"}],"_links":{"self":[{"href":"https:\/\/fvcomponentes.com\/pt\/wp-json\/wp\/v2\/product\/20018","targetHints":{"allow":["GET"]}}],"collection":[{"href":"https:\/\/fvcomponentes.com\/pt\/wp-json\/wp\/v2\/product"}],"about":[{"href":"https:\/\/fvcomponentes.com\/pt\/wp-json\/wp\/v2\/types\/product"}],"replies":[{"embeddable":true,"href":"https:\/\/fvcomponentes.com\/pt\/wp-json\/wp\/v2\/comments?post=20018"}],"wp:featuredmedia":[{"embeddable":true,"href":"https:\/\/fvcomponentes.com\/pt\/wp-json\/wp\/v2\/media\/27615"}],"wp:attachment":[{"href":"https:\/\/fvcomponentes.com\/pt\/wp-json\/wp\/v2\/media?parent=20018"}],"wp:term":[{"taxonomy":"pwb-brand","embeddable":true,"href":"https:\/\/fvcomponentes.com\/pt\/wp-json\/wp\/v2\/pwb-brand?post=20018"},{"taxonomy":"product_brand","embeddable":true,"href":"https:\/\/fvcomponentes.com\/pt\/wp-json\/wp\/v2\/product_brand?post=20018"},{"taxonomy":"product_cat","embeddable":true,"href":"https:\/\/fvcomponentes.com\/pt\/wp-json\/wp\/v2\/product_cat?post=20018"},{"taxonomy":"product_tag","embeddable":true,"href":"https:\/\/fvcomponentes.com\/pt\/wp-json\/wp\/v2\/product_tag?post=20018"}],"curies":[{"name":"wp","href":"https:\/\/api.w.org\/{rel}","templated":true}]}}