{"id":19815,"date":"2024-10-23T12:34:17","date_gmt":"2024-10-23T10:34:17","guid":{"rendered":"https:\/\/fvcomponentes.com\/?post_type=product&#038;p=19815"},"modified":"2025-05-21T07:46:04","modified_gmt":"2025-05-21T05:46:04","slug":"kit-de-monitorizacao-cerbo-gx-e-touch-50","status":"publish","type":"product","link":"https:\/\/fvcomponentes.com\/pt\/producto\/kit-monitorizacion-cerbo-gx-y-touch-50\/","title":{"rendered":"Kit de monitoriza\u00e7\u00e3o Cerbo GX e Touch 50"},"content":{"rendered":"<h2>Kit de monitoriza\u00e7\u00e3o Cerbo GX e Touch 50<\/h2>\n<p>Tudo o que \u00e9 necess\u00e1rio para monitorizar facilmente o seu sistema. Este kit \u00e9 composto por:<\/p>\n<ul>\n<li><a href=\"https:\/\/fvcomponentes.com\/pt\/produto\/monitorizacao-victron-cerbo-gx\/\" target=\"_blank\" rel=\"noopener\">Monitoriza\u00e7\u00e3o Victron Cerbo GX MK2 - BPP900451100<\/a><\/li>\n<li><a href=\"https:\/\/fvcomponentes.com\/pt\/produto\/monitorizacao-victron-gx-touch-50\/\" target=\"_blank\" rel=\"noopener\">Monitoriza\u00e7\u00e3o Victron GX Touch 50 - BPP900455050<\/a><\/li>\n<li><a href=\"https:\/\/fvcomponentes.com\/pt\/produto\/victron-smartshunt-500a-50mv\/\" target=\"_blank\" rel=\"noopener\">Victron SmartShunt 500A\/50mV - SHU050150050<\/a><\/li>\n<li><a href=\"https:\/\/fvcomponentes.com\/pt\/produto\/cabo-direto-victron-ve-3m\/\" target=\"_blank\" rel=\"noopener\">Cabo Victron VE.Direct 3m - ASS030530230<\/a><\/li>\n<\/ul>","protected":false},"excerpt":{"rendered":"<p>Kit de monitoriza\u00e7\u00e3o Cerbo GX e Touch 50 Tudo o que \u00e9 necess\u00e1rio para monitorizar facilmente o seu sistema. Este kit \u00e9 composto por: Monitoriza\u00e7\u00e3o Victron Cerbo GX MK2 - BPP900451100 Monitoriza\u00e7\u00e3o Victron GX Touch 50 - BPP90045505050 Victron SmartShunt 500A\/50mV - SHU050150050 Cabo Victron VE.Diret 3m - ASS030530230<\/p>","protected":false},"featured_media":20159,"comment_status":"open","ping_status":"closed","template":"","meta":{"site-sidebar-layout":"default","site-content-layout":"","ast-site-content-layout":"default","site-content-style":"default","site-sidebar-style":"default","ast-global-header-display":"","ast-banner-title-visibility":"","ast-main-header-display":"","ast-hfb-above-header-display":"","ast-hfb-below-header-display":"","ast-hfb-mobile-header-display":"","site-post-title":"","ast-breadcrumbs-content":"","ast-featured-img":"","footer-sml-layout":"","ast-disable-related-posts":"","theme-transparent-header-meta":"default","adv-header-id-meta":"","stick-header-meta":"","header-above-stick-meta":"","header-main-stick-meta":"","header-below-stick-meta":"","astra-migrate-meta-layouts":"set","ast-page-background-enabled":"default","ast-page-background-meta":{"desktop":{"background-color":"var(--ast-global-color-4)","background-image":"","background-repeat":"repeat","background-position":"center center","background-size":"auto","background-attachment":"scroll","background-type":"","background-media":"","overlay-type":"","overlay-color":"","overlay-opacity":"","overlay-gradient":""},"tablet":{"background-color":"","background-image":"","background-repeat":"repeat","background-position":"center center","background-size":"auto","background-attachment":"scroll","background-type":"","background-media":"","overlay-type":"","overlay-color":"","overlay-opacity":"","overlay-gradient":""},"mobile":{"background-color":"","background-image":"","background-repeat":"repeat","background-position":"center center","background-size":"auto","background-attachment":"scroll","background-type":"","background-media":"","overlay-type":"","overlay-color":"","overlay-opacity":"","overlay-gradient":""}},"ast-content-background-meta":{"desktop":{"background-color":"var(--ast-global-color-5)","background-image":"","background-repeat":"repeat","background-position":"center center","background-size":"auto","background-attachment":"scroll","background-type":"","background-media":"","overlay-type":"","overlay-color":"","overlay-opacity":"","overlay-gradient":""},"tablet":{"background-color":"var(--ast-global-color-5)","background-image":"","background-repeat":"repeat","background-position":"center center","background-size":"auto","background-attachment":"scroll","background-type":"","background-media":"","overlay-type":"","overlay-color":"","overlay-opacity":"","overlay-gradient":""},"mobile":{"background-color":"var(--ast-global-color-5)","background-image":"","background-repeat":"repeat","background-position":"center center","background-size":"auto","background-attachment":"scroll","background-type":"","background-media":"","overlay-type":"","overlay-color":"","overlay-opacity":"","overlay-gradient":""}}},"pwb-brand":[332],"product_brand":[],"product_cat":[465,910,464],"product_tag":[],"class_list":{"0":"post-19815","1":"product","2":"type-product","3":"status-publish","4":"has-post-thumbnail","6":"pwb-brand-victron","7":"product_cat-kit-solar-aislada","8":"product_cat-kit-solar-camper","9":"product_cat-kits-solares","10":"desktop-align-left","11":"tablet-align-left","12":"mobile-align-left","13":"ast-product-gallery-layout-horizontal-slider","14":"ast-product-gallery-with-no-image","15":"ast-product-tabs-layout-horizontal","17":"first","18":"instock","19":"taxable","20":"shipping-taxable","21":"purchasable","22":"product-type-yith_bundle"},"wcpa_form_fields":null,"brands":[{"id":332,"name":"Victron Energia","slug":"victron"}],"_links":{"self":[{"href":"https:\/\/fvcomponentes.com\/pt\/wp-json\/wp\/v2\/product\/19815","targetHints":{"allow":["GET"]}}],"collection":[{"href":"https:\/\/fvcomponentes.com\/pt\/wp-json\/wp\/v2\/product"}],"about":[{"href":"https:\/\/fvcomponentes.com\/pt\/wp-json\/wp\/v2\/types\/product"}],"replies":[{"embeddable":true,"href":"https:\/\/fvcomponentes.com\/pt\/wp-json\/wp\/v2\/comments?post=19815"}],"wp:featuredmedia":[{"embeddable":true,"href":"https:\/\/fvcomponentes.com\/pt\/wp-json\/wp\/v2\/media\/20159"}],"wp:attachment":[{"href":"https:\/\/fvcomponentes.com\/pt\/wp-json\/wp\/v2\/media?parent=19815"}],"wp:term":[{"taxonomy":"pwb-brand","embeddable":true,"href":"https:\/\/fvcomponentes.com\/pt\/wp-json\/wp\/v2\/pwb-brand?post=19815"},{"taxonomy":"product_brand","embeddable":true,"href":"https:\/\/fvcomponentes.com\/pt\/wp-json\/wp\/v2\/product_brand?post=19815"},{"taxonomy":"product_cat","embeddable":true,"href":"https:\/\/fvcomponentes.com\/pt\/wp-json\/wp\/v2\/product_cat?post=19815"},{"taxonomy":"product_tag","embeddable":true,"href":"https:\/\/fvcomponentes.com\/pt\/wp-json\/wp\/v2\/product_tag?post=19815"}],"curies":[{"name":"wp","href":"https:\/\/api.w.org\/{rel}","templated":true}]}}