{"id":19234,"date":"2024-09-30T10:49:21","date_gmt":"2024-09-30T08:49:21","guid":{"rendered":"https:\/\/fvcomponentes.com\/?post_type=product&#038;p=19234"},"modified":"2026-03-30T12:16:42","modified_gmt":"2026-03-30T10:16:42","slug":"caixa-combinadora-cbh-40a-hvs-hvm-13193966-00","status":"publish","type":"product","link":"https:\/\/fvcomponentes.com\/pt\/producto\/combiner-box-cbh-40a-hvs-hvm-13193966-00\/","title":{"rendered":"Caixa combinadora CBH-40A HVS\/HVM - 13193966-00"},"content":{"rendered":"<h2>Carater\u00edsticas da Caixa Combinadora CBH-40A HVS\/HVM - 13193966-00<\/h2>\n<p>Caixa combinadora CBH-40A HVS\/HVM - 13193966-00, para liga\u00e7\u00e3o em paralelo de 2 ou 3 torres HVS\/HVM Premium Battery-Box. \u00c9 uma solu\u00e7\u00e3o segura e simples para efetuar liga\u00e7\u00f5es DC. Tem v\u00e1rias entradas CC e uma \u00fanica sa\u00edda CC para o inversor.<\/p>\n<p><img fetchpriority=\"high\" decoding=\"async\" class=\"wp-image-19260\" src=\"https:\/\/fvcomponentes.com\/wp-content\/uploads\/2024\/09\/Esquema-Combiner-Box-CBH-40A-13193966-00.png\" alt=\"Caixa combinadora esquem\u00e1tica CBH-40A - 13193966-00\" width=\"633\" height=\"260\" title=\"\"><\/p>\n<p>Este combinador foi concebido para ser instalado apenas com as unidades BYD Battery-Box Premium HVS ou HVM:<\/p>\n<ul>\n<li>As torres a combinar devem ser do mesmo modelo: HVS ou HVM, n\u00e3o podem ser combinadas entre modelos.<\/li>\n<li>As torres a combinar devem ter o mesmo n\u00famero de m\u00f3dulos.<\/li>\n<li>A instala\u00e7\u00e3o deve cumprir os requisitos descritos na lista de compatibilidade do inversor.<\/li>\n<li>O estado de carga (SOC) entre as diferentes torres e m\u00f3dulos deve ser o mesmo no momento da instala\u00e7\u00e3o.<\/li>\n<\/ul>\n<h2>Ficha t\u00e9cnica Caixa combinadora CBH-40A HVS\/HVM - 13193966-00<\/h2>\n<p><a href=\"https:\/\/fvcomponentes.com\/wp-content\/uploads\/2024\/09\/Ficha-tecnica-de-BYD-Combiner-Box-CBH-40A-13193966-00.pdf\" target=\"_blank\" rel=\"noopener\">Ver a folha de dados da Caixa Combinadora CBH-40A HVS\/HVM - 13193966-00<\/a><\/p>","protected":false},"excerpt":{"rendered":"<p>Para liga\u00e7\u00e3o em paralelo de 2 ou 3 torres de baterias BYD HVS ou HVM.<\/p>","protected":false},"featured_media":19378,"comment_status":"open","ping_status":"closed","template":"","meta":{"site-sidebar-layout":"default","site-content-layout":"","ast-site-content-layout":"default","site-content-style":"default","site-sidebar-style":"default","ast-global-header-display":"","ast-banner-title-visibility":"","ast-main-header-display":"","ast-hfb-above-header-display":"","ast-hfb-below-header-display":"","ast-hfb-mobile-header-display":"","site-post-title":"","ast-breadcrumbs-content":"","ast-featured-img":"","footer-sml-layout":"","ast-disable-related-posts":"","theme-transparent-header-meta":"default","adv-header-id-meta":"","stick-header-meta":"","header-above-stick-meta":"","header-main-stick-meta":"","header-below-stick-meta":"","astra-migrate-meta-layouts":"set","ast-page-background-enabled":"default","ast-page-background-meta":{"desktop":{"background-color":"var(--ast-global-color-4)","background-image":"","background-repeat":"repeat","background-position":"center center","background-size":"auto","background-attachment":"scroll","background-type":"","background-media":"","overlay-type":"","overlay-color":"","overlay-opacity":"","overlay-gradient":""},"tablet":{"background-color":"","background-image":"","background-repeat":"repeat","background-position":"center center","background-size":"auto","background-attachment":"scroll","background-type":"","background-media":"","overlay-type":"","overlay-color":"","overlay-opacity":"","overlay-gradient":""},"mobile":{"background-color":"","background-image":"","background-repeat":"repeat","background-position":"center center","background-size":"auto","background-attachment":"scroll","background-type":"","background-media":"","overlay-type":"","overlay-color":"","overlay-opacity":"","overlay-gradient":""}},"ast-content-background-meta":{"desktop":{"background-color":"var(--ast-global-color-5)","background-image":"","background-repeat":"repeat","background-position":"center center","background-size":"auto","background-attachment":"scroll","background-type":"","background-media":"","overlay-type":"","overlay-color":"","overlay-opacity":"","overlay-gradient":""},"tablet":{"background-color":"var(--ast-global-color-5)","background-image":"","background-repeat":"repeat","background-position":"center center","background-size":"auto","background-attachment":"scroll","background-type":"","background-media":"","overlay-type":"","overlay-color":"","overlay-opacity":"","overlay-gradient":""},"mobile":{"background-color":"var(--ast-global-color-5)","background-image":"","background-repeat":"repeat","background-position":"center center","background-size":"auto","background-attachment":"scroll","background-type":"","background-media":"","overlay-type":"","overlay-color":"","overlay-opacity":"","overlay-gradient":""}}},"pwb-brand":[897],"product_brand":[],"product_cat":[340,391,932],"product_tag":[],"class_list":{"0":"post-19234","1":"product","2":"type-product","3":"status-publish","4":"has-post-thumbnail","6":"pwb-brand-byd","7":"product_cat-baterias","8":"product_cat-accesorios-para-baterias","9":"product_cat-combinadores-de-baterias","10":"desktop-align-left","11":"tablet-align-left","12":"mobile-align-left","13":"ast-product-gallery-layout-horizontal-slider","14":"ast-product-gallery-with-no-image","15":"ast-product-tabs-layout-horizontal","17":"first","18":"instock","19":"taxable","20":"shipping-taxable","21":"purchasable","22":"product-type-simple"},"wcpa_form_fields":null,"brands":[{"id":897,"name":"Baterias B&amp;D","slug":"byd"}],"_links":{"self":[{"href":"https:\/\/fvcomponentes.com\/pt\/wp-json\/wp\/v2\/product\/19234","targetHints":{"allow":["GET"]}}],"collection":[{"href":"https:\/\/fvcomponentes.com\/pt\/wp-json\/wp\/v2\/product"}],"about":[{"href":"https:\/\/fvcomponentes.com\/pt\/wp-json\/wp\/v2\/types\/product"}],"replies":[{"embeddable":true,"href":"https:\/\/fvcomponentes.com\/pt\/wp-json\/wp\/v2\/comments?post=19234"}],"wp:featuredmedia":[{"embeddable":true,"href":"https:\/\/fvcomponentes.com\/pt\/wp-json\/wp\/v2\/media\/19378"}],"wp:attachment":[{"href":"https:\/\/fvcomponentes.com\/pt\/wp-json\/wp\/v2\/media?parent=19234"}],"wp:term":[{"taxonomy":"pwb-brand","embeddable":true,"href":"https:\/\/fvcomponentes.com\/pt\/wp-json\/wp\/v2\/pwb-brand?post=19234"},{"taxonomy":"product_brand","embeddable":true,"href":"https:\/\/fvcomponentes.com\/pt\/wp-json\/wp\/v2\/product_brand?post=19234"},{"taxonomy":"product_cat","embeddable":true,"href":"https:\/\/fvcomponentes.com\/pt\/wp-json\/wp\/v2\/product_cat?post=19234"},{"taxonomy":"product_tag","embeddable":true,"href":"https:\/\/fvcomponentes.com\/pt\/wp-json\/wp\/v2\/product_tag?post=19234"}],"curies":[{"name":"wp","href":"https:\/\/api.w.org\/{rel}","templated":true}]}}