{"id":18864,"date":"2024-09-16T11:20:10","date_gmt":"2024-09-16T09:20:10","guid":{"rendered":"https:\/\/fvcomponentes.com\/?post_type=product&#038;p=18864"},"modified":"2025-08-18T11:24:50","modified_gmt":"2025-08-18T09:24:50","slug":"enrolador-de-cabo-solar-4mm%c2%b2-fotovoltaico-his-sol-h1z2z2-k-vermelho-500m","status":"publish","type":"product","link":"https:\/\/fvcomponentes.com\/pt\/producto\/bobina-de-cable-solar-4mm%c2%b2-fotovoltaico-his-sol-h1z2z2-k-rojo-500m\/","title":{"rendered":"Enrolador de cabo solar 4mm\u00b2 fotovoltaico HIS SOL H1Z2Z2-K - vermelho - 500m"},"content":{"rendered":"<h2>Enrolador de cabo solar 4mm\u00b2 fotovoltaico HIS SOL H1Z2Z2-K - vermelho - 500m<\/h2>\n<p><span class=\"a-list-item\">Enrolador de cabo solar 4mm\u00b2 fotovoltaico HIS SOL H1Z2Z2-K | vermelho - 500m, flex\u00edvel e adequado para todo o tipo de instala\u00e7\u00f5es, tanto no interior como no exterior. Adequado para liga\u00e7\u00f5es entre pain\u00e9is solares e entre estes e os diferentes componentes da instala\u00e7\u00e3o, tais como protec\u00e7\u00f5es, reguladores, inversores, etc. Cabos resistentes aos raios ultravioleta e ao efeito da humidade.<\/span><\/p>\n<h3>Caracter\u00edsticas<\/h3>\n<ul>\n<li>Resist\u00eancia \u00e0 \u00e1gua melhorada; diretamente no subsolo<\/li>\n<li>Conformidade com a norma CPR EN50575<\/li>\n<li>Disposi\u00e7\u00e3o geral<\/li>\n<li>25 anos de tempo estimado de utiliza\u00e7\u00e3o<\/li>\n<li>O cabo \u00e9 fornecido com marca\u00e7\u00f5es por metro de cabo.<\/li>\n<li>Tens\u00e3o nominal: 1,5kV DC e 1,0kV AC<\/li>\n<li>Tens\u00e3o m\u00e1xima de funcionamento admiss\u00edvel: 1,8kV DC (2,0kV DC verifica\u00e7\u00e3o interna adicional)<\/li>\n<li>Constru\u00e7\u00e3o do fio: fio entran\u00e7ado de cobre estanhado (cobre eletrol\u00edtico) de acordo com a norma IEC 60228 Classe 5<\/li>\n<li>Isolamento: condutor el\u00e9trico com isolamento de poliolefina; dureza Shore D 32<\/li>\n<li>Bainha exterior: condutor el\u00e9trico com isolamento XLPO; dureza Shore D 36<\/li>\n<\/ul>\n<p>Tamb\u00e9m dispon\u00edvel em preto: <a href=\"https:\/\/fvcomponentes.com\/pt\/produto\/enrolador-de-cabo-solar-4mm%c2%b2-fotovoltaico-his-sol-h1z2z2-k-preto-500m\/\" target=\"_blank\" rel=\"noopener\">Enrolador de cabo solar 4mm\u00b2 fotovoltaico HIS SOL H1Z2Z2-K - preto - 500m<\/a><\/p>\n<h3>Ficha t\u00e9cnica enrolador de cabo solar 4mm\u00b2 fotovoltaico HIS SOL H1Z2Z2-K - vermelho - 500m<\/h3>\n<p><a href=\"https:\/\/fvcomponentes.com\/wp-content\/uploads\/2023\/05\/HIKRA_TDS_SOL_BLACK_RED_ES.pdf\" target=\"_blank\" rel=\"noopener\">Ficha t\u00e9cnica enrolador de cabo solar 4mm\u00b2 fotovoltaico HIS SOL H1Z2Z2-K - vermelho - 500m<\/a><\/p>","protected":false},"excerpt":{"rendered":"<ul>\n<li>Bobina de 500m<\/li>\n<li><strong>Tens\u00e3o nominal:<\/strong> 1,5kV DC e 1,0kV AC<\/li>\n<li><strong>Temperatura de curto-circuito<\/strong> 250\u00b0 C\/5s<\/li>\n<\/ul>","protected":false},"featured_media":18865,"comment_status":"open","ping_status":"closed","template":"","meta":{"site-sidebar-layout":"default","site-content-layout":"default","ast-site-content-layout":"default","site-content-style":"default","site-sidebar-style":"default","ast-global-header-display":"","ast-banner-title-visibility":"","ast-main-header-display":"","ast-hfb-above-header-display":"","ast-hfb-below-header-display":"","ast-hfb-mobile-header-display":"","site-post-title":"","ast-breadcrumbs-content":"","ast-featured-img":"","footer-sml-layout":"","ast-disable-related-posts":"","theme-transparent-header-meta":"default","adv-header-id-meta":"","stick-header-meta":"","header-above-stick-meta":"","header-main-stick-meta":"","header-below-stick-meta":"","astra-migrate-meta-layouts":"set","ast-page-background-enabled":"default","ast-page-background-meta":{"desktop":{"background-color":"var(--ast-global-color-4)","background-image":"","background-repeat":"repeat","background-position":"center center","background-size":"auto","background-attachment":"scroll","background-type":"","background-media":"","overlay-type":"","overlay-color":"","overlay-opacity":"","overlay-gradient":""},"tablet":{"background-color":"","background-image":"","background-repeat":"repeat","background-position":"center center","background-size":"auto","background-attachment":"scroll","background-type":"","background-media":"","overlay-type":"","overlay-color":"","overlay-opacity":"","overlay-gradient":""},"mobile":{"background-color":"","background-image":"","background-repeat":"repeat","background-position":"center center","background-size":"auto","background-attachment":"scroll","background-type":"","background-media":"","overlay-type":"","overlay-color":"","overlay-opacity":"","overlay-gradient":""}},"ast-content-background-meta":{"desktop":{"background-color":"var(--ast-global-color-5)","background-image":"","background-repeat":"repeat","background-position":"center center","background-size":"auto","background-attachment":"scroll","background-type":"","background-media":"","overlay-type":"","overlay-color":"","overlay-opacity":"","overlay-gradient":""},"tablet":{"background-color":"var(--ast-global-color-5)","background-image":"","background-repeat":"repeat","background-position":"center center","background-size":"auto","background-attachment":"scroll","background-type":"","background-media":"","overlay-type":"","overlay-color":"","overlay-opacity":"","overlay-gradient":""},"mobile":{"background-color":"var(--ast-global-color-5)","background-image":"","background-repeat":"repeat","background-position":"center center","background-size":"auto","background-attachment":"scroll","background-type":"","background-media":"","overlay-type":"","overlay-color":"","overlay-opacity":"","overlay-gradient":""}}},"pwb-brand":[],"product_brand":[],"product_cat":[410,877],"product_tag":[],"class_list":{"0":"post-18864","1":"product","2":"type-product","3":"status-publish","4":"has-post-thumbnail","6":"product_cat-material-electrico","7":"product_cat-cables-electricos","8":"desktop-align-left","9":"tablet-align-left","10":"mobile-align-left","11":"ast-product-gallery-layout-horizontal-slider","12":"ast-product-gallery-with-no-image","13":"ast-product-tabs-layout-horizontal","15":"first","16":"instock","17":"taxable","18":"shipping-taxable","19":"purchasable","20":"product-type-simple"},"wcpa_form_fields":null,"brands":[],"_links":{"self":[{"href":"https:\/\/fvcomponentes.com\/pt\/wp-json\/wp\/v2\/product\/18864","targetHints":{"allow":["GET"]}}],"collection":[{"href":"https:\/\/fvcomponentes.com\/pt\/wp-json\/wp\/v2\/product"}],"about":[{"href":"https:\/\/fvcomponentes.com\/pt\/wp-json\/wp\/v2\/types\/product"}],"replies":[{"embeddable":true,"href":"https:\/\/fvcomponentes.com\/pt\/wp-json\/wp\/v2\/comments?post=18864"}],"wp:featuredmedia":[{"embeddable":true,"href":"https:\/\/fvcomponentes.com\/pt\/wp-json\/wp\/v2\/media\/18865"}],"wp:attachment":[{"href":"https:\/\/fvcomponentes.com\/pt\/wp-json\/wp\/v2\/media?parent=18864"}],"wp:term":[{"taxonomy":"pwb-brand","embeddable":true,"href":"https:\/\/fvcomponentes.com\/pt\/wp-json\/wp\/v2\/pwb-brand?post=18864"},{"taxonomy":"product_brand","embeddable":true,"href":"https:\/\/fvcomponentes.com\/pt\/wp-json\/wp\/v2\/product_brand?post=18864"},{"taxonomy":"product_cat","embeddable":true,"href":"https:\/\/fvcomponentes.com\/pt\/wp-json\/wp\/v2\/product_cat?post=18864"},{"taxonomy":"product_tag","embeddable":true,"href":"https:\/\/fvcomponentes.com\/pt\/wp-json\/wp\/v2\/product_tag?post=18864"}],"curies":[{"name":"wp","href":"https:\/\/api.w.org\/{rel}","templated":true}]}}