{"id":18570,"date":"2024-09-06T12:34:31","date_gmt":"2024-09-06T10:34:31","guid":{"rendered":"https:\/\/fvcomponentes.com\/?post_type=product&#038;p=18570"},"modified":"2025-02-14T09:35:21","modified_gmt":"2025-02-14T08:35:21","slug":"magneto-termico-chint-nbh8-40-c25-25a-c-45ka-nbh8-1n-25c4-5","status":"publish","type":"product","link":"https:\/\/fvcomponentes.com\/pt\/producto\/magnetotermico-chint-nbh8-40-c25-25a-c-45ka-nbh8-1n-25c4-5\/","title":{"rendered":"Disjuntor estreito 1P+N 25A 4,5kA Chint - NBH8-1N-25C4.5"},"content":{"rendered":"<h2>Carater\u00edsticas 1P+N 25A 4,5kA Chint - NBH8-1N-25C4.5<\/h2>\n<h2>Carater\u00edsticas el\u00e9ctricas<\/h2>\n<ul>\n<li>Corrente nominal: 25A<\/li>\n<li>P\u00f3los: 1P+N<\/li>\n<li>Tens\u00e3o nominal Ue: 230\/240V<\/li>\n<li>Tens\u00e3o de isolamento Ui: 500V<\/li>\n<li>Frequ\u00eancia nominal: 50\/60Hz<\/li>\n<li>Pot\u00eancia nominal de corte: 4500\/6000A<\/li>\n<li>Tens\u00e3o nominal de resist\u00eancia ao impulso (1.2\/50) Uimp: 4000V<\/li>\n<li>Tens\u00e3o de ensaio diel\u00e9trico a uma frequ\u00eancia ind. durante 1 minuto: 2kV<\/li>\n<li>Grau de contamina\u00e7\u00e3o: 2<\/li>\n<li>Classe de limita\u00e7\u00e3o de energia: 3<\/li>\n<\/ul>\n<h2>Carater\u00edsticas mec\u00e2nicas<\/h2>\n<ul>\n<li>Vida el\u00e9ctrica: 8000<\/li>\n<li>Vida mec\u00e2nica: 20000<\/li>\n<li>Indicador da posi\u00e7\u00e3o do contacto: sim<\/li>\n<li>Grau de prote\u00e7\u00e3o: IP20<\/li>\n<li>Temperatura de refer\u00eancia para ajuste do elemento de aquecimento: 30 \u2103.<\/li>\n<li>Temperatura ambiente (com uma m\u00e9dia di\u00e1ria\u226435\u2103): -5...+40\u2103<\/li>\n<li>Temperatura de armazenamento: -25...+70\u2103<\/li>\n<\/ul>\n<h2>Ficha t\u00e9cnica Disjuntor estreito 1P+N 25A 4,5kA Chint - NBH8-1N-25C4.5<\/h2>\n<p><a href=\"https:\/\/fvcomponentes.com\/wp-content\/uploads\/2024\/09\/Ficha-tecnica-Magnetotermico-Chint-NBH8.pdf\" target=\"_blank\" rel=\"noopener\">Ver ficha t\u00e9cnica do 1P+N 25A 4,5kA Chint - NBH8-1N-25C4.5<\/a><\/p>","protected":false},"excerpt":{"rendered":"<ul>\n<li>Curva C<\/li>\n<li>Corrente nominal: 25A<\/li>\n<li>P\u00f3los: 1P+N<\/li>\n<li>Tens\u00e3o nominal Ue: 230\/240V<\/li>\n<li>Tens\u00e3o de isolamento Ui: 500V<\/li>\n<\/ul>\n<p>A fotografia do produto tem um car\u00e1cter meramente ilustrativo e pode n\u00e3o corresponder ao produto real.<\/p>","protected":false},"featured_media":18571,"comment_status":"open","ping_status":"closed","template":"","meta":{"site-sidebar-layout":"default","site-content-layout":"","ast-site-content-layout":"default","site-content-style":"default","site-sidebar-style":"default","ast-global-header-display":"","ast-banner-title-visibility":"","ast-main-header-display":"","ast-hfb-above-header-display":"","ast-hfb-below-header-display":"","ast-hfb-mobile-header-display":"","site-post-title":"","ast-breadcrumbs-content":"","ast-featured-img":"","footer-sml-layout":"","ast-disable-related-posts":"","theme-transparent-header-meta":"default","adv-header-id-meta":"","stick-header-meta":"","header-above-stick-meta":"","header-main-stick-meta":"","header-below-stick-meta":"","astra-migrate-meta-layouts":"set","ast-page-background-enabled":"default","ast-page-background-meta":{"desktop":{"background-color":"var(--ast-global-color-4)","background-image":"","background-repeat":"repeat","background-position":"center center","background-size":"auto","background-attachment":"scroll","background-type":"","background-media":"","overlay-type":"","overlay-color":"","overlay-opacity":"","overlay-gradient":""},"tablet":{"background-color":"","background-image":"","background-repeat":"repeat","background-position":"center center","background-size":"auto","background-attachment":"scroll","background-type":"","background-media":"","overlay-type":"","overlay-color":"","overlay-opacity":"","overlay-gradient":""},"mobile":{"background-color":"","background-image":"","background-repeat":"repeat","background-position":"center center","background-size":"auto","background-attachment":"scroll","background-type":"","background-media":"","overlay-type":"","overlay-color":"","overlay-opacity":"","overlay-gradient":""}},"ast-content-background-meta":{"desktop":{"background-color":"var(--ast-global-color-5)","background-image":"","background-repeat":"repeat","background-position":"center center","background-size":"auto","background-attachment":"scroll","background-type":"","background-media":"","overlay-type":"","overlay-color":"","overlay-opacity":"","overlay-gradient":""},"tablet":{"background-color":"var(--ast-global-color-5)","background-image":"","background-repeat":"repeat","background-position":"center center","background-size":"auto","background-attachment":"scroll","background-type":"","background-media":"","overlay-type":"","overlay-color":"","overlay-opacity":"","overlay-gradient":""},"mobile":{"background-color":"var(--ast-global-color-5)","background-image":"","background-repeat":"repeat","background-position":"center center","background-size":"auto","background-attachment":"scroll","background-type":"","background-media":"","overlay-type":"","overlay-color":"","overlay-opacity":"","overlay-gradient":""}}},"pwb-brand":[999],"product_brand":[],"product_cat":[990,410],"product_tag":[],"class_list":{"0":"post-18570","1":"product","2":"type-product","3":"status-publish","4":"has-post-thumbnail","6":"pwb-brand-chint","7":"product_cat-magnetotermicos","8":"product_cat-material-electrico","9":"desktop-align-left","10":"tablet-align-left","11":"mobile-align-left","12":"ast-product-gallery-layout-horizontal-slider","13":"ast-product-gallery-with-no-image","14":"ast-product-tabs-layout-horizontal","16":"first","17":"instock","18":"taxable","19":"shipping-taxable","20":"purchasable","21":"product-type-simple"},"wcpa_form_fields":null,"brands":[{"id":999,"name":"Chint","slug":"chint"}],"_links":{"self":[{"href":"https:\/\/fvcomponentes.com\/pt\/wp-json\/wp\/v2\/product\/18570","targetHints":{"allow":["GET"]}}],"collection":[{"href":"https:\/\/fvcomponentes.com\/pt\/wp-json\/wp\/v2\/product"}],"about":[{"href":"https:\/\/fvcomponentes.com\/pt\/wp-json\/wp\/v2\/types\/product"}],"replies":[{"embeddable":true,"href":"https:\/\/fvcomponentes.com\/pt\/wp-json\/wp\/v2\/comments?post=18570"}],"wp:featuredmedia":[{"embeddable":true,"href":"https:\/\/fvcomponentes.com\/pt\/wp-json\/wp\/v2\/media\/18571"}],"wp:attachment":[{"href":"https:\/\/fvcomponentes.com\/pt\/wp-json\/wp\/v2\/media?parent=18570"}],"wp:term":[{"taxonomy":"pwb-brand","embeddable":true,"href":"https:\/\/fvcomponentes.com\/pt\/wp-json\/wp\/v2\/pwb-brand?post=18570"},{"taxonomy":"product_brand","embeddable":true,"href":"https:\/\/fvcomponentes.com\/pt\/wp-json\/wp\/v2\/product_brand?post=18570"},{"taxonomy":"product_cat","embeddable":true,"href":"https:\/\/fvcomponentes.com\/pt\/wp-json\/wp\/v2\/product_cat?post=18570"},{"taxonomy":"product_tag","embeddable":true,"href":"https:\/\/fvcomponentes.com\/pt\/wp-json\/wp\/v2\/product_tag?post=18570"}],"curies":[{"name":"wp","href":"https:\/\/api.w.org\/{rel}","templated":true}]}}