{"id":18533,"date":"2025-10-01T14:52:31","date_gmt":"2025-10-01T12:52:31","guid":{"rendered":"https:\/\/fvcomponentes.com\/?post_type=product&#038;p=18533"},"modified":"2025-10-03T08:51:59","modified_gmt":"2025-10-03T06:51:59","slug":"diferencial-hyundai-hrc-63s-2p-40a-30ma-hrc63s-f2pg4040-f2pg4040","status":"publish","type":"product","link":"https:\/\/fvcomponentes.com\/pt\/producto\/diferencial-hyundai-hrc-63s-2p-40a-30ma-hrc63s-f2pg4040\/","title":{"rendered":"Interruptor diferencial Hyundai 2P 40A 30mA Tipo A"},"content":{"rendered":"<h2>Carater\u00edsticas do Diferencial Hyundai 2P 40A 30mA Tipo A - HRC63S-F2PG4040<\/h2>\n<p>O disjuntor diferencial residual Hyundai - HRC63S-F2PG4040 2P 40A 30mA Tipo A pertence \u00e0 s\u00e9rie HRC de disjuntores residuais de corrente, com uma gama de pot\u00eancias nominais de 16 A a 100 A. Esta gama oferece v\u00e1rias carater\u00edsticas, tais como uma capacidade de interrup\u00e7\u00e3o de curto-circuito condicional de 6 kA em toda a sua gama, em conformidade com a norma IEC\/EN 61008-1.<\/p>\n<p><strong>Fun\u00e7\u00f5es diferenciais Hyundai 2P 40A 30mA Tipo A:<\/strong><\/p>\n<ul>\n<li><span style=\"font-size: 16px;\">Posi\u00e7\u00e3o de tiro interm\u00e9dia.<\/span><\/li>\n<li><span style=\"font-size: 16px;\">Terminal de seguran\u00e7a com gaiola.<\/span><\/li>\n<li><span style=\"font-size: 16px;\">Termina\u00e7\u00e3o dupla para liga\u00e7\u00e3o de cabo\/combina\u00e7\u00e3o.<\/span><\/li>\n<li><span style=\"font-size: 16px;\">Indica\u00e7\u00e3o visual do estado do contacto.<\/span><\/li>\n<li><span style=\"font-size: 16px;\">Auxiliares regul\u00e1veis no terreno.<\/span><\/li>\n<li><span style=\"font-size: 16px;\">Bot\u00e3o de teste para inspec\u00e7\u00f5es peri\u00f3dicas.<\/span><\/li>\n<\/ul>\n<h2>Dados t\u00e9cnicos para Hyundai 2P 40A 30mA Tipo A Diferencial - HRC63S-F2PG4040<\/h2>\n<ul>\n<li>Norma de refer\u00eancia IEC\/EN 61008-1<\/li>\n<li>N\u00famero de p\u00f3los: 2P (N + 1P)<\/li>\n<li>Corrente nominal (In): 40 A<\/li>\n<li>Tens\u00e3o de funcionamento (Ue): AC 240\/415 V<\/li>\n<li>Frequ\u00eancia (F): 50\/60 Hz<\/li>\n<li>Capacidade de rutura (Inc): 6 kA<\/li>\n<li>Sensibilidade (I\u22bfn): 30, 100, 300, 500 mA<\/li>\n<li>Pot\u00eancia de fecho atribu\u00edda (lm): 500 A ou 10 In, consoante o que for maior<\/li>\n<li>Tempo de disparo: 1 I\u0394n &lt; 300 ms, 5 I\u0394n &lt; 40 ms<\/li>\n<li>Tens\u00e3o de isolamento (Ui): 690 V<\/li>\n<li>Tens\u00e3o nominal de resist\u00eancia ao impulso (Uimp): 4 kV<\/li>\n<li>Rigidez diel\u00e9ctrica: 2,5 kV<\/li>\n<li>Temperatura de funcionamento -40 \u00b0C a + 55 \u00b0C<\/li>\n<li>Bin\u00e1rio m\u00e1ximo de aperto 2,5 Nm<\/li>\n<li>Grau de prote\u00e7\u00e3o: IP20<\/li>\n<li>Fixa\u00e7\u00e3o: 35 mm x 7,5 mm Grampo para calha DIN<\/li>\n<li>Material: termopl\u00e1stico moldado, retardador de chama<\/li>\n<li>Tipo de liga\u00e7\u00e3o do pente: tipo pino\/garfo<\/li>\n<\/ul>\n<h2>Prote\u00e7\u00e3o contra fugas para a terra de classe A<\/h2>\n<ul>\n<li>Carater\u00edsticas: Detecta corrente residual alternada e pulsante que ocorre subitamente ou aumenta lentamente em magnitude.<\/li>\n<li>Tipo de carga: Cargas com componentes electr\u00f3nicos, por exemplo, ar condicionado, ilumina\u00e7\u00e3o LED, computadores: Ar condicionado, ilumina\u00e7\u00e3o LED, computadores.<\/li>\n<\/ul>\n<h2>Dimens\u00f5es do diferencial Hyundai - HRC63S-F2PG4040<\/h2>\n<p>A imagem seguinte mostra as dimens\u00f5es do diferencial Hyundai.<\/p>\n<p><img fetchpriority=\"high\" decoding=\"async\" class=\"wp-image-23159\" src=\"https:\/\/fvcomponentes.com\/wp-content\/uploads\/2025\/02\/medidas-diferencial-Hyundai.png\" alt=\"Medi\u00e7\u00f5es diferenciais Hyundai\" width=\"1027\" height=\"423\" title=\"\"><\/p>\n<h2>Ficha t\u00e9cnica Dispositivo de corrente residual 2P 40A 30mA Hyundai Tipo A - HRC63S-F2PG4040<\/h2>\n<p><a href=\"https:\/\/fvcomponentes.com\/wp-content\/uploads\/2024\/09\/Ficha-tecnica-Diferencial-Hyundai-HRC-63S-2P-40A-30mA-HRC63S-F2PG4040.pdf\" target=\"_blank\" rel=\"noopener\">Consulte a ficha t\u00e9cnica do diferencial Hyundai 2P 40A 30mA Tipo A - HRC63S-F2PG4040<\/a><\/p>","protected":false},"excerpt":{"rendered":"<ul>\n<li>N\u00famero de p\u00f3los: 2P (N + 1P)<\/li>\n<li>Corrente nominal (In): 40 A<\/li>\n<li>Tens\u00e3o de funcionamento (Ue): AC 240\/415 V<\/li>\n<li>Frequ\u00eancia (F): 50\/60 Hz<\/li>\n<li>Capacidade de rutura (Inc): 6 kA<\/li>\n<\/ul>","protected":false},"featured_media":18546,"comment_status":"open","ping_status":"closed","template":"","meta":{"site-sidebar-layout":"default","site-content-layout":"","ast-site-content-layout":"default","site-content-style":"default","site-sidebar-style":"default","ast-global-header-display":"","ast-banner-title-visibility":"","ast-main-header-display":"","ast-hfb-above-header-display":"","ast-hfb-below-header-display":"","ast-hfb-mobile-header-display":"","site-post-title":"","ast-breadcrumbs-content":"","ast-featured-img":"","footer-sml-layout":"","ast-disable-related-posts":"","theme-transparent-header-meta":"default","adv-header-id-meta":"","stick-header-meta":"","header-above-stick-meta":"","header-main-stick-meta":"","header-below-stick-meta":"","astra-migrate-meta-layouts":"set","ast-page-background-enabled":"default","ast-page-background-meta":{"desktop":{"background-color":"var(--ast-global-color-4)","background-image":"","background-repeat":"repeat","background-position":"center center","background-size":"auto","background-attachment":"scroll","background-type":"","background-media":"","overlay-type":"","overlay-color":"","overlay-opacity":"","overlay-gradient":""},"tablet":{"background-color":"","background-image":"","background-repeat":"repeat","background-position":"center center","background-size":"auto","background-attachment":"scroll","background-type":"","background-media":"","overlay-type":"","overlay-color":"","overlay-opacity":"","overlay-gradient":""},"mobile":{"background-color":"","background-image":"","background-repeat":"repeat","background-position":"center center","background-size":"auto","background-attachment":"scroll","background-type":"","background-media":"","overlay-type":"","overlay-color":"","overlay-opacity":"","overlay-gradient":""}},"ast-content-background-meta":{"desktop":{"background-color":"var(--ast-global-color-5)","background-image":"","background-repeat":"repeat","background-position":"center center","background-size":"auto","background-attachment":"scroll","background-type":"","background-media":"","overlay-type":"","overlay-color":"","overlay-opacity":"","overlay-gradient":""},"tablet":{"background-color":"var(--ast-global-color-5)","background-image":"","background-repeat":"repeat","background-position":"center center","background-size":"auto","background-attachment":"scroll","background-type":"","background-media":"","overlay-type":"","overlay-color":"","overlay-opacity":"","overlay-gradient":""},"mobile":{"background-color":"var(--ast-global-color-5)","background-image":"","background-repeat":"repeat","background-position":"center center","background-size":"auto","background-attachment":"scroll","background-type":"","background-media":"","overlay-type":"","overlay-color":"","overlay-opacity":"","overlay-gradient":""}}},"pwb-brand":[1009],"product_brand":[],"product_cat":[989,410],"product_tag":[],"class_list":{"0":"post-18533","1":"product","2":"type-product","3":"status-publish","4":"has-post-thumbnail","6":"pwb-brand-hyundai","7":"product_cat-interruptores-diferenciales","8":"product_cat-material-electrico","9":"desktop-align-left","10":"tablet-align-left","11":"mobile-align-left","12":"ast-product-gallery-layout-horizontal-slider","13":"ast-product-gallery-with-no-image","14":"ast-product-tabs-layout-horizontal","16":"first","17":"instock","18":"taxable","19":"shipping-taxable","20":"purchasable","21":"product-type-simple"},"wcpa_form_fields":null,"brands":[{"id":1009,"name":"Hyundai","slug":"hyundai"}],"_links":{"self":[{"href":"https:\/\/fvcomponentes.com\/pt\/wp-json\/wp\/v2\/product\/18533","targetHints":{"allow":["GET"]}}],"collection":[{"href":"https:\/\/fvcomponentes.com\/pt\/wp-json\/wp\/v2\/product"}],"about":[{"href":"https:\/\/fvcomponentes.com\/pt\/wp-json\/wp\/v2\/types\/product"}],"replies":[{"embeddable":true,"href":"https:\/\/fvcomponentes.com\/pt\/wp-json\/wp\/v2\/comments?post=18533"}],"wp:featuredmedia":[{"embeddable":true,"href":"https:\/\/fvcomponentes.com\/pt\/wp-json\/wp\/v2\/media\/18546"}],"wp:attachment":[{"href":"https:\/\/fvcomponentes.com\/pt\/wp-json\/wp\/v2\/media?parent=18533"}],"wp:term":[{"taxonomy":"pwb-brand","embeddable":true,"href":"https:\/\/fvcomponentes.com\/pt\/wp-json\/wp\/v2\/pwb-brand?post=18533"},{"taxonomy":"product_brand","embeddable":true,"href":"https:\/\/fvcomponentes.com\/pt\/wp-json\/wp\/v2\/product_brand?post=18533"},{"taxonomy":"product_cat","embeddable":true,"href":"https:\/\/fvcomponentes.com\/pt\/wp-json\/wp\/v2\/product_cat?post=18533"},{"taxonomy":"product_tag","embeddable":true,"href":"https:\/\/fvcomponentes.com\/pt\/wp-json\/wp\/v2\/product_tag?post=18533"}],"curies":[{"name":"wp","href":"https:\/\/api.w.org\/{rel}","templated":true}]}}