{"id":18503,"date":"2024-09-05T18:11:47","date_gmt":"2024-09-05T16:11:47","guid":{"rendered":"https:\/\/fvcomponentes.com\/?post_type=product&#038;p=18503"},"modified":"2024-09-20T10:23:16","modified_gmt":"2024-09-20T08:23:16","slug":"resifix-pysf-poliester-sem-estireno-resifix-cera-bloco-quimico-410ml-410pysf","status":"publish","type":"product","link":"https:\/\/fvcomponentes.com\/pt\/producto\/taco-quimico-celo-resifix-pysf-poliester-sin-estireno-410ml-410pysf\/","title":{"rendered":"ResiFIX PYSF poli\u00e9ster sem estireno ResiFIX PYSF bloco qu\u00edmico 410ml - 410PYSF"},"content":{"rendered":"<h2>Carater\u00edsticas ResiFIX PYSF poli\u00e9ster sem estireno ResiFIX PYSF bloco qu\u00edmico 410ml - 410PYSF<\/h2>\n<p>Celo ResiFIX PYSF poli\u00e9ster isento de estireno 410ml - 410PYSF \u00e9 aprovado pela CE para hastes M8 - M16 em tijolo maci\u00e7o e oco.<\/p>\n<p>O ResiFIX \u00e9 inofensivo para a sa\u00fade, como confirmado pela classe de emiss\u00e3o A+ para emiss\u00f5es cr\u00edticas em \u00e1reas fechadas; pode mesmo ser utilizado em furos h\u00famidos ou cheios de \u00e1gua. Tem tamb\u00e9m a certifica\u00e7\u00e3o de sustentabilidade LEED para edif\u00edcios sustent\u00e1veis, amigos do ambiente, com baixas emiss\u00f5es e pouco poluentes.<\/p>\n<p>Capacidade: 410 ml<\/p>\n<p>Tamb\u00e9m dispon\u00edvel em 300 ml: <a href=\"https:\/\/fvcomponentes.com\/pt\/produto\/resifix-pysf-poliester-sem-estireno-300ml-300psf-resifix-pysf-poliester-sem-estireno-300ml-300psf\/\" target=\"_blank\" rel=\"noopener\">ResiFIX PYSF poli\u00e9ster sem estireno Bloco adesivo ResiFIX PYSF 300ml - 300PSF<\/a><\/p>\n<h3>Aplica\u00e7\u00f5es<\/h3>\n<ul>\n<li>Constru\u00e7\u00f5es met\u00e1licas<\/li>\n<li>Consolas<\/li>\n<li>M\u00e1quinas<\/li>\n<li>Guarda-corpo<\/li>\n<li>Tendas<\/li>\n<li>Conjuntos remotos<\/li>\n<li>Portas<\/li>\n<li>Constru\u00e7\u00f5es em madeira<\/li>\n<li>Subestruturas de fachada<\/li>\n<\/ul>\n<h2>Especifica\u00e7\u00f5es adicionais para ResiFIX PYSF poli\u00e9ster sem estireno 410ml - 410PYSF<\/h2>\n<ul>\n<li>Homologado em tijolo oco e alvenaria<\/li>\n<li>Resist\u00eancia qu\u00edmica m\u00e9dia<\/li>\n<li>Odor m\u00ednimo<\/li>\n<li>Emiss\u00f5es interiores de classe A+<\/li>\n<li>Testado pelo LEED<\/li>\n<li>Temperatura de cura de -40\u00baC a +80\u00baC.<\/li>\n<\/ul>\n<h2>Materiais de base<\/h2>\n<ul>\n<li>Bet\u00e3o<\/li>\n<li><span style=\"font-size: 16px;\">Bet\u00e3o poroso<\/span><\/li>\n<li>Bloco de bet\u00e3o maci\u00e7o e leve<\/li>\n<li class=\"base-material-item\">\n<div class=\"material-title\">Bloco de bet\u00e3o leve oco<\/div>\n<\/li>\n<li class=\"base-material-item\">\n<div class=\"material-title\"><span style=\"font-size: 16px;\">Tijolo maci\u00e7o<\/span><\/div>\n<\/li>\n<li>Tijolos s\u00edlico-calc\u00e1rios maci\u00e7os<\/li>\n<li>Tijolo oco<\/li>\n<li class=\"base-material-item\">\n<div class=\"material-title\">Tijolos s\u00edlico-calc\u00e1rios ocos<\/div>\n<\/li>\n<\/ul>\n<h2>Ficha t\u00e9cnica ResiFIX PYSF poli\u00e9ster sem estireno 410ml - 410PYSF<\/h2>\n<p><a href=\"https:\/\/fvcomponentes.com\/wp-content\/uploads\/2024\/09\/Ficha-tecnica-Taco-quimico-Celo-ResiFIX-PYSF-poliester-sin-estireno.pdf\" target=\"_blank\" rel=\"noopener\">Ver a ficha t\u00e9cnica do ResiFIX PYSF poli\u00e9ster sem estireno 410ml - 410PYSF<\/a><\/p>","protected":false},"excerpt":{"rendered":"<p>Bloco qu\u00edmico de poli\u00e9ster sem estireno<\/p>","protected":false},"featured_media":18505,"comment_status":"open","ping_status":"closed","template":"","meta":{"site-sidebar-layout":"default","site-content-layout":"","ast-site-content-layout":"default","site-content-style":"default","site-sidebar-style":"default","ast-global-header-display":"","ast-banner-title-visibility":"","ast-main-header-display":"","ast-hfb-above-header-display":"","ast-hfb-below-header-display":"","ast-hfb-mobile-header-display":"","site-post-title":"","ast-breadcrumbs-content":"","ast-featured-img":"","footer-sml-layout":"","ast-disable-related-posts":"","theme-transparent-header-meta":"default","adv-header-id-meta":"","stick-header-meta":"","header-above-stick-meta":"","header-main-stick-meta":"","header-below-stick-meta":"","astra-migrate-meta-layouts":"set","ast-page-background-enabled":"default","ast-page-background-meta":{"desktop":{"background-color":"var(--ast-global-color-4)","background-image":"","background-repeat":"repeat","background-position":"center center","background-size":"auto","background-attachment":"scroll","background-type":"","background-media":"","overlay-type":"","overlay-color":"","overlay-opacity":"","overlay-gradient":""},"tablet":{"background-color":"","background-image":"","background-repeat":"repeat","background-position":"center center","background-size":"auto","background-attachment":"scroll","background-type":"","background-media":"","overlay-type":"","overlay-color":"","overlay-opacity":"","overlay-gradient":""},"mobile":{"background-color":"","background-image":"","background-repeat":"repeat","background-position":"center center","background-size":"auto","background-attachment":"scroll","background-type":"","background-media":"","overlay-type":"","overlay-color":"","overlay-opacity":"","overlay-gradient":""}},"ast-content-background-meta":{"desktop":{"background-color":"var(--ast-global-color-5)","background-image":"","background-repeat":"repeat","background-position":"center center","background-size":"auto","background-attachment":"scroll","background-type":"","background-media":"","overlay-type":"","overlay-color":"","overlay-opacity":"","overlay-gradient":""},"tablet":{"background-color":"var(--ast-global-color-5)","background-image":"","background-repeat":"repeat","background-position":"center center","background-size":"auto","background-attachment":"scroll","background-type":"","background-media":"","overlay-type":"","overlay-color":"","overlay-opacity":"","overlay-gradient":""},"mobile":{"background-color":"var(--ast-global-color-5)","background-image":"","background-repeat":"repeat","background-position":"center center","background-size":"auto","background-attachment":"scroll","background-type":"","background-media":"","overlay-type":"","overlay-color":"","overlay-opacity":"","overlay-gradient":""}}},"pwb-brand":[995],"product_brand":[],"product_cat":[398,399],"product_tag":[],"class_list":{"0":"post-18503","1":"product","2":"type-product","3":"status-publish","4":"has-post-thumbnail","6":"pwb-brand-celo-fixings","7":"product_cat-estructuras-placas-solares","8":"product_cat-accesorios-estructuras-placas-solares","9":"desktop-align-left","10":"tablet-align-left","11":"mobile-align-left","12":"ast-product-gallery-layout-horizontal-slider","13":"ast-product-gallery-with-no-image","14":"ast-product-tabs-layout-horizontal","16":"first","17":"instock","18":"taxable","19":"shipping-taxable","20":"purchasable","21":"product-type-simple"},"wcpa_form_fields":null,"brands":[{"id":995,"name":"Fixa\u00e7\u00f5es Celo","slug":"fixacoes-de-celo"}],"_links":{"self":[{"href":"https:\/\/fvcomponentes.com\/pt\/wp-json\/wp\/v2\/product\/18503","targetHints":{"allow":["GET"]}}],"collection":[{"href":"https:\/\/fvcomponentes.com\/pt\/wp-json\/wp\/v2\/product"}],"about":[{"href":"https:\/\/fvcomponentes.com\/pt\/wp-json\/wp\/v2\/types\/product"}],"replies":[{"embeddable":true,"href":"https:\/\/fvcomponentes.com\/pt\/wp-json\/wp\/v2\/comments?post=18503"}],"wp:featuredmedia":[{"embeddable":true,"href":"https:\/\/fvcomponentes.com\/pt\/wp-json\/wp\/v2\/media\/18505"}],"wp:attachment":[{"href":"https:\/\/fvcomponentes.com\/pt\/wp-json\/wp\/v2\/media?parent=18503"}],"wp:term":[{"taxonomy":"pwb-brand","embeddable":true,"href":"https:\/\/fvcomponentes.com\/pt\/wp-json\/wp\/v2\/pwb-brand?post=18503"},{"taxonomy":"product_brand","embeddable":true,"href":"https:\/\/fvcomponentes.com\/pt\/wp-json\/wp\/v2\/product_brand?post=18503"},{"taxonomy":"product_cat","embeddable":true,"href":"https:\/\/fvcomponentes.com\/pt\/wp-json\/wp\/v2\/product_cat?post=18503"},{"taxonomy":"product_tag","embeddable":true,"href":"https:\/\/fvcomponentes.com\/pt\/wp-json\/wp\/v2\/product_tag?post=18503"}],"curies":[{"name":"wp","href":"https:\/\/api.w.org\/{rel}","templated":true}]}}