{"id":18492,"date":"2024-09-06T08:12:08","date_gmt":"2024-09-06T06:12:08","guid":{"rendered":"https:\/\/fvcomponentes.com\/?post_type=product&#038;p=18492"},"modified":"2025-11-28T11:23:18","modified_gmt":"2025-11-28T10:23:18","slug":"abranyl-abt-nylon-force-one-932abt-bracadeira-de-plastico-abranyl-abt-nylon-force-one-932abt","status":"publish","type":"product","link":"https:\/\/fvcomponentes.com\/pt\/producto\/abrazadera-plastica-celo-abranyl-abt-nylon-force-one-932abt\/","title":{"rendered":"Bra\u00e7adeira de pl\u00e1stico Celo Abranyl ABT diam. 25-32 Nylon Force One - 932ABT"},"content":{"rendered":"<h2>Bra\u00e7adeira de pl\u00e1stico Celo Abranyl ABT diam. 25-32 Nylon Force One - 932ABT<\/h2>\n<p>A abra\u00e7adeira de pl\u00e1stico Celo Abranyl ABT diam. 25-32 Nylon Force One - 932ABT \u00e9 uma solu\u00e7\u00e3o vers\u00e1til feita de nylon, ideal para fixar tubos de diferentes di\u00e2metros em v\u00e1rias aplica\u00e7\u00f5es. Cada n\u00famero de pe\u00e7a da bra\u00e7adeira de pl\u00e1stico ABT cobre tr\u00eas di\u00e2metros de tubo, maximizando a flexibilidade de utiliza\u00e7\u00e3o.<\/p>\n<p>Uma das suas principais vantagens \u00e9 o seu design completamente fechado, que garante uma ader\u00eancia firme ao tubo e uma maior seguran\u00e7a contra a expans\u00e3o causada pelas mudan\u00e7as de temperatura. A instala\u00e7\u00e3o \u00e9 r\u00e1pida e f\u00e1cil: basta pressionar o tubo para fechar v\u00e1rias bra\u00e7adeiras em simult\u00e2neo, sem necessidade de ferramentas adicionais.<\/p>\n<p>A sua altura corresponde \u00e0 entrada das caixas de deriva\u00e7\u00e3o, facilitando a instala\u00e7\u00e3o sem dobrar o tubo r\u00edgido. A bra\u00e7adeira inclui tamb\u00e9m uma marca de alinhamento para garantir um posicionamento exato.<\/p>\n<p>A abra\u00e7adeira ABT cumpre rigorosas normas de qualidade e seguran\u00e7a, incluindo a aprova\u00e7\u00e3o UL, \u00e9 isenta de halog\u00e9neos e est\u00e1 em conformidade com a RoHS. \u00c9 tamb\u00e9m certificada pela KIWA e adequada para utiliza\u00e7\u00e3o em tubagens de \u00e1gua quente com temperaturas cont\u00ednuas at\u00e9 +90\u00b0C e picos at\u00e9 +110\u00b0C.<\/p>\n<p>Tamb\u00e9m dispon\u00edvel com um di\u00e2metro de tubo de 20-25 mm: <a href=\"https:\/\/fvcomponentes.com\/pt\/produto\/abranyl-abt-diam-20-25-bracadeira-de-nylon-force-one-925abt\/\" target=\"_blank\" rel=\"noopener\">Bra\u00e7adeira de pl\u00e1stico Celo Abranyl ABT diam. 20-25 Nylon Force One - 925ABT<\/a><\/p>\n<h2>Carater\u00edsticas da Abra\u00e7adeira de Pl\u00e1stico Celo Abranyl ABT diam. 25-32 Nylon Force One - 932ABT<\/h2>\n<ul>\n<li>Di\u00e2metro: 25,5 mm<\/li>\n<li>Comprimento: 36 mm<\/li>\n<li>Di\u00e2metro do tubo a fixar: 25-32 mm<\/li>\n<li>Altura: 53,6 mm<\/li>\n<li>Largura: 20 mm<\/li>\n<li>Cor: cinzento<\/li>\n<li>Material: Nylon<\/li>\n<li>Embalagem de 50 unidades<\/li>\n<\/ul>\n<h2>Aplica\u00e7\u00f5es<\/h2>\n<ul>\n<li>Tubos de cobre<\/li>\n<li>Tubo multicamada<\/li>\n<li>Tubos de a\u00e7o<\/li>\n<li>Tubo de PVC<\/li>\n<li>Tubos de aquecimento<\/li>\n<li>Tubos corrugados<\/li>\n<\/ul>\n<h2>Especifica\u00e7\u00f5es adicionais para Abra\u00e7adeira de pl\u00e1stico Celo Abranyl ABT diam. 25-32 Nylon Force One - 932ABT<\/h2>\n<ul>\n<li>Fecha-se automaticamente quando se pressiona o tubo durante a instala\u00e7\u00e3o; poupa tempo e dinheiro.<\/li>\n<li>Compat\u00edvel com os pregadores FORCE ONE, W\u00fcrth Diga C3, Spit 700\/800, Rawplug<\/li>\n<li>Elevada fiabilidade da aplica\u00e7\u00e3o<\/li>\n<li>M\u00faltiplos tipos de fixa\u00e7\u00e3o com parafusos de rosca dupla, perfil, haste roscada e tamp\u00f5es de rosca<\/li>\n<li>Cor preta resistente aos raios UV<\/li>\n<li>Produto aprovado para a sua seguran\u00e7a<\/li>\n<\/ul>\n<h2>Abra\u00e7adeira de pl\u00e1stico Abranyl ABT 25-32 Nylon Force One - 932ABT<\/h2>\n<p><a href=\"https:\/\/fvcomponentes.com\/wp-content\/uploads\/2024\/09\/Ficha-tecnica-Abrazadera-plastica-Celo-Abranyl-ABT.pdf\" target=\"_blank\" rel=\"noopener\">Veja a ficha t\u00e9cnica da abra\u00e7adeira de pl\u00e1stico Celo Abranyl ABT diam. 25-32 Nylon Force One - 932ABT<\/a><\/p>","protected":false},"excerpt":{"rendered":"<p>Bra\u00e7adeira para fixa\u00e7\u00e3o de tubos de 25-32 mm de di\u00e2metro<br \/>\nEmbalagem de 50 unidades<\/p>\n<p>&nbsp;<\/p>","protected":false},"featured_media":18494,"comment_status":"open","ping_status":"closed","template":"","meta":{"site-sidebar-layout":"default","site-content-layout":"","ast-site-content-layout":"default","site-content-style":"default","site-sidebar-style":"default","ast-global-header-display":"","ast-banner-title-visibility":"","ast-main-header-display":"","ast-hfb-above-header-display":"","ast-hfb-below-header-display":"","ast-hfb-mobile-header-display":"","site-post-title":"","ast-breadcrumbs-content":"","ast-featured-img":"","footer-sml-layout":"","ast-disable-related-posts":"","theme-transparent-header-meta":"default","adv-header-id-meta":"","stick-header-meta":"","header-above-stick-meta":"","header-main-stick-meta":"","header-below-stick-meta":"","astra-migrate-meta-layouts":"set","ast-page-background-enabled":"default","ast-page-background-meta":{"desktop":{"background-color":"var(--ast-global-color-4)","background-image":"","background-repeat":"repeat","background-position":"center center","background-size":"auto","background-attachment":"scroll","background-type":"","background-media":"","overlay-type":"","overlay-color":"","overlay-opacity":"","overlay-gradient":""},"tablet":{"background-color":"","background-image":"","background-repeat":"repeat","background-position":"center center","background-size":"auto","background-attachment":"scroll","background-type":"","background-media":"","overlay-type":"","overlay-color":"","overlay-opacity":"","overlay-gradient":""},"mobile":{"background-color":"","background-image":"","background-repeat":"repeat","background-position":"center center","background-size":"auto","background-attachment":"scroll","background-type":"","background-media":"","overlay-type":"","overlay-color":"","overlay-opacity":"","overlay-gradient":""}},"ast-content-background-meta":{"desktop":{"background-color":"var(--ast-global-color-5)","background-image":"","background-repeat":"repeat","background-position":"center center","background-size":"auto","background-attachment":"scroll","background-type":"","background-media":"","overlay-type":"","overlay-color":"","overlay-opacity":"","overlay-gradient":""},"tablet":{"background-color":"var(--ast-global-color-5)","background-image":"","background-repeat":"repeat","background-position":"center center","background-size":"auto","background-attachment":"scroll","background-type":"","background-media":"","overlay-type":"","overlay-color":"","overlay-opacity":"","overlay-gradient":""},"mobile":{"background-color":"var(--ast-global-color-5)","background-image":"","background-repeat":"repeat","background-position":"center center","background-size":"auto","background-attachment":"scroll","background-type":"","background-media":"","overlay-type":"","overlay-color":"","overlay-opacity":"","overlay-gradient":""}}},"pwb-brand":[995],"product_brand":[],"product_cat":[410,1015],"product_tag":[],"class_list":{"0":"post-18492","1":"product","2":"type-product","3":"status-publish","4":"has-post-thumbnail","6":"pwb-brand-celo-fixings","7":"product_cat-material-electrico","8":"product_cat-accesorios-de-montaje","9":"desktop-align-left","10":"tablet-align-left","11":"mobile-align-left","12":"ast-product-gallery-layout-horizontal-slider","13":"ast-product-gallery-with-no-image","14":"ast-product-tabs-layout-horizontal","16":"first","17":"instock","18":"taxable","19":"shipping-taxable","20":"purchasable","21":"product-type-simple"},"wcpa_form_fields":null,"brands":[{"id":995,"name":"Fixa\u00e7\u00f5es Celo","slug":"fixacoes-de-celo"}],"_links":{"self":[{"href":"https:\/\/fvcomponentes.com\/pt\/wp-json\/wp\/v2\/product\/18492","targetHints":{"allow":["GET"]}}],"collection":[{"href":"https:\/\/fvcomponentes.com\/pt\/wp-json\/wp\/v2\/product"}],"about":[{"href":"https:\/\/fvcomponentes.com\/pt\/wp-json\/wp\/v2\/types\/product"}],"replies":[{"embeddable":true,"href":"https:\/\/fvcomponentes.com\/pt\/wp-json\/wp\/v2\/comments?post=18492"}],"wp:featuredmedia":[{"embeddable":true,"href":"https:\/\/fvcomponentes.com\/pt\/wp-json\/wp\/v2\/media\/18494"}],"wp:attachment":[{"href":"https:\/\/fvcomponentes.com\/pt\/wp-json\/wp\/v2\/media?parent=18492"}],"wp:term":[{"taxonomy":"pwb-brand","embeddable":true,"href":"https:\/\/fvcomponentes.com\/pt\/wp-json\/wp\/v2\/pwb-brand?post=18492"},{"taxonomy":"product_brand","embeddable":true,"href":"https:\/\/fvcomponentes.com\/pt\/wp-json\/wp\/v2\/product_brand?post=18492"},{"taxonomy":"product_cat","embeddable":true,"href":"https:\/\/fvcomponentes.com\/pt\/wp-json\/wp\/v2\/product_cat?post=18492"},{"taxonomy":"product_tag","embeddable":true,"href":"https:\/\/fvcomponentes.com\/pt\/wp-json\/wp\/v2\/product_tag?post=18492"}],"curies":[{"name":"wp","href":"https:\/\/api.w.org\/{rel}","templated":true}]}}