{"id":18488,"date":"2024-09-05T11:27:09","date_gmt":"2024-09-05T09:27:09","guid":{"rendered":"https:\/\/fvcomponentes.com\/?post_type=product&#038;p=18488"},"modified":"2025-11-28T11:28:34","modified_gmt":"2025-11-28T10:28:34","slug":"pinca-celo-multiclip-ut-diam-25mm-925ut","status":"publish","type":"product","link":"https:\/\/fvcomponentes.com\/pt\/producto\/abrazadera-celo-multiclip-ut-diam-25mm-925ut\/","title":{"rendered":"Pin\u00e7a Celo Multiclip UT diam. 25mm - 925UT"},"content":{"rendered":"<h2>Pin\u00e7a Celo Multiclip UT diam. 25mm - 925UT<\/h2>\n<p>A abra\u00e7adeira Celo Multiclip UT diam. 25mm - 925UT \u00e9 a solu\u00e7\u00e3o ideal para a instala\u00e7\u00e3o em s\u00e9rie de tubos. O seu design inovador inclui tomadas laterais que permitem ligar v\u00e1rias abra\u00e7adeiras de forma segura e c\u00f3moda. Al\u00e9m disso, possui uma marca de alinhamento para facilitar uma instala\u00e7\u00e3o precisa.<\/p>\n<p>Embora possa ser instalado com um parafuso, o seu desempenho \u00f3timo \u00e9 obtido quando utilizado com o pregador a g\u00e1s FORCE ONE.<\/p>\n<p>Fabricado em polipropileno sem halog\u00e9neos, o grampo est\u00e1 em conformidade com a RoHS, garantindo seguran\u00e7a e sustentabilidade.<\/p>\n<h2>Carater\u00edsticas Pin\u00e7a Pin\u00e7a Celo Multiclip UT diam. 25mm - 925UT<\/h2>\n<ul>\n<li>Di\u00e2metro: 25 mm<\/li>\n<li>Comprimento: 30,5 mm<\/li>\n<li>Di\u00e2metro do tubo a fixar: 25 mm<\/li>\n<li>Altura: 34 mm<\/li>\n<li>Largura: 16 mm<\/li>\n<li>Cor: cinzento<\/li>\n<li>Material: Poliamida<\/li>\n<li>Embalagem de 100 unidades<\/li>\n<\/ul>\n<h2>Materiais de base<\/h2>\n<ul>\n<li>A\u00e7o<\/li>\n<li>Bet\u00e3o<\/li>\n<li>Bloco de bet\u00e3o oco<\/li>\n<li>Pedra<\/li>\n<li>Madeira<\/li>\n<li>Viga de a\u00e7o<\/li>\n<\/ul>\n<h2>Especifica\u00e7\u00f5es da Pin\u00e7a Multi-Clip UT com 25mm de di\u00e2metro - 925UT<\/h2>\n<ul>\n<li>Permite a fixa\u00e7\u00e3o com pregador a g\u00e1s<\/li>\n<li>Sistema de liga\u00e7\u00e3o lateral para montagem em s\u00e9rie<\/li>\n<li>Marca\u00e7\u00e3o de alinhamento para facilitar a instala\u00e7\u00e3o<\/li>\n<li>Sem halog\u00e9neos<\/li>\n<li>Aprova\u00e7\u00e3o RoHS<\/li>\n<li>Produto aprovado para a sua seguran\u00e7a<\/li>\n<\/ul>\n<h2>Aplica\u00e7\u00f5es<\/h2>\n<ul>\n<li>Tubos de cobre<\/li>\n<li>Tubo multicamada<\/li>\n<li>Tubos de a\u00e7o<\/li>\n<li>Tubo de PVC<\/li>\n<li>Tubos de aquecimento<\/li>\n<\/ul>","protected":false},"excerpt":{"rendered":"<ul>\n<li>Embalagem de 100 unidades<\/li>\n<li>Di\u00e2metro: 25 mm<\/li>\n<li>Comprimento: 30,5 mm<\/li>\n<\/ul>","protected":false},"featured_media":18491,"comment_status":"open","ping_status":"closed","template":"","meta":{"site-sidebar-layout":"default","site-content-layout":"","ast-site-content-layout":"default","site-content-style":"default","site-sidebar-style":"default","ast-global-header-display":"","ast-banner-title-visibility":"","ast-main-header-display":"","ast-hfb-above-header-display":"","ast-hfb-below-header-display":"","ast-hfb-mobile-header-display":"","site-post-title":"","ast-breadcrumbs-content":"","ast-featured-img":"","footer-sml-layout":"","ast-disable-related-posts":"","theme-transparent-header-meta":"default","adv-header-id-meta":"","stick-header-meta":"","header-above-stick-meta":"","header-main-stick-meta":"","header-below-stick-meta":"","astra-migrate-meta-layouts":"set","ast-page-background-enabled":"default","ast-page-background-meta":{"desktop":{"background-color":"var(--ast-global-color-4)","background-image":"","background-repeat":"repeat","background-position":"center center","background-size":"auto","background-attachment":"scroll","background-type":"","background-media":"","overlay-type":"","overlay-color":"","overlay-opacity":"","overlay-gradient":""},"tablet":{"background-color":"","background-image":"","background-repeat":"repeat","background-position":"center center","background-size":"auto","background-attachment":"scroll","background-type":"","background-media":"","overlay-type":"","overlay-color":"","overlay-opacity":"","overlay-gradient":""},"mobile":{"background-color":"","background-image":"","background-repeat":"repeat","background-position":"center center","background-size":"auto","background-attachment":"scroll","background-type":"","background-media":"","overlay-type":"","overlay-color":"","overlay-opacity":"","overlay-gradient":""}},"ast-content-background-meta":{"desktop":{"background-color":"var(--ast-global-color-5)","background-image":"","background-repeat":"repeat","background-position":"center center","background-size":"auto","background-attachment":"scroll","background-type":"","background-media":"","overlay-type":"","overlay-color":"","overlay-opacity":"","overlay-gradient":""},"tablet":{"background-color":"var(--ast-global-color-5)","background-image":"","background-repeat":"repeat","background-position":"center center","background-size":"auto","background-attachment":"scroll","background-type":"","background-media":"","overlay-type":"","overlay-color":"","overlay-opacity":"","overlay-gradient":""},"mobile":{"background-color":"var(--ast-global-color-5)","background-image":"","background-repeat":"repeat","background-position":"center center","background-size":"auto","background-attachment":"scroll","background-type":"","background-media":"","overlay-type":"","overlay-color":"","overlay-opacity":"","overlay-gradient":""}}},"pwb-brand":[995],"product_brand":[],"product_cat":[410,1015],"product_tag":[],"class_list":{"0":"post-18488","1":"product","2":"type-product","3":"status-publish","4":"has-post-thumbnail","6":"pwb-brand-celo-fixings","7":"product_cat-material-electrico","8":"product_cat-accesorios-de-montaje","9":"desktop-align-left","10":"tablet-align-left","11":"mobile-align-left","12":"ast-product-gallery-layout-horizontal-slider","13":"ast-product-gallery-with-no-image","14":"ast-product-tabs-layout-horizontal","16":"first","17":"instock","18":"taxable","19":"shipping-taxable","20":"purchasable","21":"product-type-simple"},"wcpa_form_fields":null,"brands":[{"id":995,"name":"Fixa\u00e7\u00f5es Celo","slug":"fixacoes-de-celo"}],"_links":{"self":[{"href":"https:\/\/fvcomponentes.com\/pt\/wp-json\/wp\/v2\/product\/18488","targetHints":{"allow":["GET"]}}],"collection":[{"href":"https:\/\/fvcomponentes.com\/pt\/wp-json\/wp\/v2\/product"}],"about":[{"href":"https:\/\/fvcomponentes.com\/pt\/wp-json\/wp\/v2\/types\/product"}],"replies":[{"embeddable":true,"href":"https:\/\/fvcomponentes.com\/pt\/wp-json\/wp\/v2\/comments?post=18488"}],"wp:featuredmedia":[{"embeddable":true,"href":"https:\/\/fvcomponentes.com\/pt\/wp-json\/wp\/v2\/media\/18491"}],"wp:attachment":[{"href":"https:\/\/fvcomponentes.com\/pt\/wp-json\/wp\/v2\/media?parent=18488"}],"wp:term":[{"taxonomy":"pwb-brand","embeddable":true,"href":"https:\/\/fvcomponentes.com\/pt\/wp-json\/wp\/v2\/pwb-brand?post=18488"},{"taxonomy":"product_brand","embeddable":true,"href":"https:\/\/fvcomponentes.com\/pt\/wp-json\/wp\/v2\/product_brand?post=18488"},{"taxonomy":"product_cat","embeddable":true,"href":"https:\/\/fvcomponentes.com\/pt\/wp-json\/wp\/v2\/product_cat?post=18488"},{"taxonomy":"product_tag","embeddable":true,"href":"https:\/\/fvcomponentes.com\/pt\/wp-json\/wp\/v2\/product_tag?post=18488"}],"curies":[{"name":"wp","href":"https:\/\/api.w.org\/{rel}","templated":true}]}}