{"id":18482,"date":"2024-09-05T17:52:43","date_gmt":"2024-09-05T15:52:43","guid":{"rendered":"https:\/\/fvcomponentes.com\/?post_type=product&#038;p=18482"},"modified":"2025-11-28T11:27:16","modified_gmt":"2025-11-28T10:27:16","slug":"ficha-de-expansao-celo-fx-6-96fx","status":"publish","type":"product","link":"https:\/\/fvcomponentes.com\/pt\/producto\/taco-de-expansion-celo-fx-6-96fx\/","title":{"rendered":"Ficha de expans\u00e3o Celo Fx 6 - 96FX"},"content":{"rendered":"<h2>Ficha de expans\u00e3o Celo Fx 6 - 96FX<\/h2>\n<p>O taco de expans\u00e3o Celo Fx 6 - 96FX, fabricado na Alemanha, destaca-se pela sua elevada ader\u00eancia numa grande variedade de materiais, gra\u00e7as ao seu design de expans\u00e3o qu\u00e1drupla. Possui ranhuras nos quatro lados, que aumentam a fric\u00e7\u00e3o em qualquer superf\u00edcie, e um colar que evita que o taco escorregue no buraco.<\/p>\n<p>A ficha FX est\u00e1 equipada com aletas anti-rota\u00e7\u00e3o que a impedem de rodar durante o aparafusamento. \u00c9 fabricado em poliamida de alta qualidade, resistente a temperaturas extremas de -40\u00b0C a +80\u00b0C, garantindo durabilidade e seguran\u00e7a. \u00c9 compat\u00edvel com diferentes tipos de parafusos (como o <a href=\"https:\/\/fvcomponentes.com\/pt\/produto\/parafuso-tornigrap-tornigrap-tg-n35-48x25-935tg\/\" target=\"_blank\" rel=\"noopener\">parafuso Celo Tornigrap TG N35 4,8\u00d725 - 935TG<\/a>), tais como parafusos para madeira, parafusos de cabe\u00e7a cil\u00edndrica ou parafusos para chapa met\u00e1lica, e \u00e9 adequado para aplica\u00e7\u00f5es em materiais como bet\u00e3o, blocos de bet\u00e3o, tijolo oco, tijolo maci\u00e7o, pedra ou placas de gesso.<\/p>\n<h2>Carater\u00edsticas da ficha de expans\u00e3o Celo Fx 6 - 96FX<\/h2>\n<ul>\n<li>Di\u00e2metro: 6 mm<\/li>\n<li>Comprimento: 30 mm<\/li>\n<li>Di\u00e2metro do furo: 6 mm<\/li>\n<li>Profundidade do furo: 40mm<\/li>\n<li>Profundidade de ancoragem: 29 mm<\/li>\n<li>Comprimento da \u00e2ncora: 30 mm<\/li>\n<li>Material: Nylon<\/li>\n<\/ul>\n<h2>Ficha t\u00e9cnica Ficha de expans\u00e3o Celo Fx 6 - 96FX<\/h2>\n<p><a href=\"https:\/\/fvcomponentes.com\/wp-content\/uploads\/2024\/09\/Ficha-tecnica-Taco-de-expansion-Celo-Fx-6-96FX-Tabla-de-cargas.pdf\" target=\"_blank\" rel=\"noopener\">Veja a ficha de dados t\u00e9cnicos para Celo Fx 6 - bloco de expans\u00e3o 96FX<\/a><\/p>","protected":false},"excerpt":{"rendered":"<ul>\n<li>Embalagem de 100 unidades<\/li>\n<li>Di\u00e2metro: 6 mm<\/li>\n<li>Comprimento: 30 mm<\/li>\n<\/ul>","protected":false},"featured_media":18483,"comment_status":"open","ping_status":"closed","template":"","meta":{"site-sidebar-layout":"default","site-content-layout":"","ast-site-content-layout":"default","site-content-style":"default","site-sidebar-style":"default","ast-global-header-display":"","ast-banner-title-visibility":"","ast-main-header-display":"","ast-hfb-above-header-display":"","ast-hfb-below-header-display":"","ast-hfb-mobile-header-display":"","site-post-title":"","ast-breadcrumbs-content":"","ast-featured-img":"","footer-sml-layout":"","ast-disable-related-posts":"","theme-transparent-header-meta":"default","adv-header-id-meta":"","stick-header-meta":"","header-above-stick-meta":"","header-main-stick-meta":"","header-below-stick-meta":"","astra-migrate-meta-layouts":"set","ast-page-background-enabled":"default","ast-page-background-meta":{"desktop":{"background-color":"var(--ast-global-color-4)","background-image":"","background-repeat":"repeat","background-position":"center center","background-size":"auto","background-attachment":"scroll","background-type":"","background-media":"","overlay-type":"","overlay-color":"","overlay-opacity":"","overlay-gradient":""},"tablet":{"background-color":"","background-image":"","background-repeat":"repeat","background-position":"center center","background-size":"auto","background-attachment":"scroll","background-type":"","background-media":"","overlay-type":"","overlay-color":"","overlay-opacity":"","overlay-gradient":""},"mobile":{"background-color":"","background-image":"","background-repeat":"repeat","background-position":"center center","background-size":"auto","background-attachment":"scroll","background-type":"","background-media":"","overlay-type":"","overlay-color":"","overlay-opacity":"","overlay-gradient":""}},"ast-content-background-meta":{"desktop":{"background-color":"var(--ast-global-color-5)","background-image":"","background-repeat":"repeat","background-position":"center center","background-size":"auto","background-attachment":"scroll","background-type":"","background-media":"","overlay-type":"","overlay-color":"","overlay-opacity":"","overlay-gradient":""},"tablet":{"background-color":"var(--ast-global-color-5)","background-image":"","background-repeat":"repeat","background-position":"center center","background-size":"auto","background-attachment":"scroll","background-type":"","background-media":"","overlay-type":"","overlay-color":"","overlay-opacity":"","overlay-gradient":""},"mobile":{"background-color":"var(--ast-global-color-5)","background-image":"","background-repeat":"repeat","background-position":"center center","background-size":"auto","background-attachment":"scroll","background-type":"","background-media":"","overlay-type":"","overlay-color":"","overlay-opacity":"","overlay-gradient":""}}},"pwb-brand":[995],"product_brand":[],"product_cat":[398,399],"product_tag":[],"class_list":{"0":"post-18482","1":"product","2":"type-product","3":"status-publish","4":"has-post-thumbnail","6":"pwb-brand-celo-fixings","7":"product_cat-estructuras-placas-solares","8":"product_cat-accesorios-estructuras-placas-solares","9":"desktop-align-left","10":"tablet-align-left","11":"mobile-align-left","12":"ast-product-gallery-layout-horizontal-slider","13":"ast-product-gallery-with-no-image","14":"ast-product-tabs-layout-horizontal","16":"first","17":"instock","18":"taxable","19":"shipping-taxable","20":"purchasable","21":"product-type-simple"},"wcpa_form_fields":null,"brands":[{"id":995,"name":"Fixa\u00e7\u00f5es Celo","slug":"fixacoes-de-celo"}],"_links":{"self":[{"href":"https:\/\/fvcomponentes.com\/pt\/wp-json\/wp\/v2\/product\/18482","targetHints":{"allow":["GET"]}}],"collection":[{"href":"https:\/\/fvcomponentes.com\/pt\/wp-json\/wp\/v2\/product"}],"about":[{"href":"https:\/\/fvcomponentes.com\/pt\/wp-json\/wp\/v2\/types\/product"}],"replies":[{"embeddable":true,"href":"https:\/\/fvcomponentes.com\/pt\/wp-json\/wp\/v2\/comments?post=18482"}],"wp:featuredmedia":[{"embeddable":true,"href":"https:\/\/fvcomponentes.com\/pt\/wp-json\/wp\/v2\/media\/18483"}],"wp:attachment":[{"href":"https:\/\/fvcomponentes.com\/pt\/wp-json\/wp\/v2\/media?parent=18482"}],"wp:term":[{"taxonomy":"pwb-brand","embeddable":true,"href":"https:\/\/fvcomponentes.com\/pt\/wp-json\/wp\/v2\/pwb-brand?post=18482"},{"taxonomy":"product_brand","embeddable":true,"href":"https:\/\/fvcomponentes.com\/pt\/wp-json\/wp\/v2\/product_brand?post=18482"},{"taxonomy":"product_cat","embeddable":true,"href":"https:\/\/fvcomponentes.com\/pt\/wp-json\/wp\/v2\/product_cat?post=18482"},{"taxonomy":"product_tag","embeddable":true,"href":"https:\/\/fvcomponentes.com\/pt\/wp-json\/wp\/v2\/product_tag?post=18482"}],"curies":[{"name":"wp","href":"https:\/\/api.w.org\/{rel}","templated":true}]}}