{"id":18386,"date":"2024-09-04T10:33:01","date_gmt":"2024-09-04T08:33:01","guid":{"rendered":"https:\/\/fvcomponentes.com\/?post_type=product&#038;p=18386"},"modified":"2026-03-30T12:17:01","modified_gmt":"2026-03-30T10:17:01","slug":"transformador-de-corrente-fronius-ct-v-250a-333-mv-para-contador-inteligente-fronius-ip-5ka-4100100105","status":"publish","type":"product","link":"https:\/\/fvcomponentes.com\/pt\/producto\/transformador-de-corriente-fronius-ct-v-250a-333-mv-para-fronius-smart-meter-ip-5ka-4100100105\/","title":{"rendered":"Transformador de corrente Fronius CT V 250A\/333 mV para Fronius Smart Meter IP 5kA - 41.0010.0105"},"content":{"rendered":"<h2>Carater\u00edsticas do Transformador de corrente Fronius CT V 250A\/333 mV para contador inteligente Fronius IP 5kA - 41.0010.0105<\/h2>\n<p>Este transformador de corrente s\u00f3 \u00e9 compat\u00edvel com o <a href=\"https:\/\/fvcomponentes.com\/pt\/produto\/contador-inteligente-fronius-ip-5ka-4204110347\/\" target=\"_blank\" rel=\"noopener\">Contador inteligente Fronius IP 5kA - 42,0411,0347.<\/a><\/p>\n<h2><strong>Otimiza\u00e7\u00e3o fotovoltaica sem riscos<\/strong><\/h2>\n<p>Em grandes instala\u00e7\u00f5es fotovoltaicas, a elevada corrente de sa\u00edda j\u00e1 n\u00e3o pode ser medida diretamente com um Smart Meter convencional. Para enfrentar este desafio, o transformador de corrente Fronius Smart Meter CT converte a corrente medida num sinal fi\u00e1vel e preciso. O aparelho destaca-se pela facilidade de instala\u00e7\u00e3o, gra\u00e7as \u00e0 tecnologia split-core, que permite colocar o transformador \u00e0 volta do cabo sem o desligar, garantindo assim uma instala\u00e7\u00e3o r\u00e1pida e descomplicada.<\/p>\n<h2>Dados t\u00e9cnicos<\/h2>\n<ul>\n<li>Precis\u00e3o: 1<\/li>\n<li>Tipo de instala\u00e7\u00e3o: Contador de corrente.<\/li>\n<li>Dimens\u00f5es: 66,5 x 45 x 34,4<\/li>\n<li>Di\u00e2metro: 24 mm<\/li>\n<li>Comprimento do cabo: 1m<\/li>\n<li>Gama de temperaturas: -40 a +65 \u00b0C<\/li>\n<\/ul>\n<h2>Ficha t\u00e9cnica Transformador de corrente Fronius CT V 250A\/333 mV para contador inteligente Fronius IP 5kA - 41.0010.0105<\/h2>\n<p><a href=\"https:\/\/fvcomponentes.com\/wp-content\/uploads\/2024\/08\/Ficha-tecnica-Smart-Meter-Fronius-Castellano.pdf\" target=\"_blank\" rel=\"noopener\">Veja a ficha de dados para Fronius CT V 250A\/333 mV Transformador de corrente para Fronius Smart Meter IP 5kA - 41.0010.0105<\/a><\/p>","protected":false},"excerpt":{"rendered":"<p>Este transformador de corrente converte a corrente medida num sinal fi\u00e1vel e preciso. Funciona em conjunto com o Fronius IP 5kA Smart Meter em instala\u00e7\u00f5es fotovoltaicas industriais.<\/p>\n<p>&nbsp;<\/p>","protected":false},"featured_media":18388,"comment_status":"open","ping_status":"closed","template":"","meta":{"site-sidebar-layout":"default","site-content-layout":"","ast-site-content-layout":"default","site-content-style":"default","site-sidebar-style":"default","ast-global-header-display":"","ast-banner-title-visibility":"","ast-main-header-display":"","ast-hfb-above-header-display":"","ast-hfb-below-header-display":"","ast-hfb-mobile-header-display":"","site-post-title":"","ast-breadcrumbs-content":"","ast-featured-img":"","footer-sml-layout":"","ast-disable-related-posts":"","theme-transparent-header-meta":"default","adv-header-id-meta":"","stick-header-meta":"","header-above-stick-meta":"","header-main-stick-meta":"","header-below-stick-meta":"","astra-migrate-meta-layouts":"set","ast-page-background-enabled":"default","ast-page-background-meta":{"desktop":{"background-color":"var(--ast-global-color-4)","background-image":"","background-repeat":"repeat","background-position":"center center","background-size":"auto","background-attachment":"scroll","background-type":"","background-media":"","overlay-type":"","overlay-color":"","overlay-opacity":"","overlay-gradient":""},"tablet":{"background-color":"","background-image":"","background-repeat":"repeat","background-position":"center center","background-size":"auto","background-attachment":"scroll","background-type":"","background-media":"","overlay-type":"","overlay-color":"","overlay-opacity":"","overlay-gradient":""},"mobile":{"background-color":"","background-image":"","background-repeat":"repeat","background-position":"center center","background-size":"auto","background-attachment":"scroll","background-type":"","background-media":"","overlay-type":"","overlay-color":"","overlay-opacity":"","overlay-gradient":""}},"ast-content-background-meta":{"desktop":{"background-color":"var(--ast-global-color-5)","background-image":"","background-repeat":"repeat","background-position":"center center","background-size":"auto","background-attachment":"scroll","background-type":"","background-media":"","overlay-type":"","overlay-color":"","overlay-opacity":"","overlay-gradient":""},"tablet":{"background-color":"var(--ast-global-color-5)","background-image":"","background-repeat":"repeat","background-position":"center center","background-size":"auto","background-attachment":"scroll","background-type":"","background-media":"","overlay-type":"","overlay-color":"","overlay-opacity":"","overlay-gradient":""},"mobile":{"background-color":"var(--ast-global-color-5)","background-image":"","background-repeat":"repeat","background-position":"center center","background-size":"auto","background-attachment":"scroll","background-type":"","background-media":"","overlay-type":"","overlay-color":"","overlay-opacity":"","overlay-gradient":""}}},"pwb-brand":[344],"product_brand":[],"product_cat":[349,333],"product_tag":[],"class_list":{"0":"post-18386","1":"product","2":"type-product","3":"status-publish","4":"has-post-thumbnail","6":"pwb-brand-fronius","7":"product_cat-meters","8":"product_cat-inversores","9":"desktop-align-left","10":"tablet-align-left","11":"mobile-align-left","12":"ast-product-gallery-layout-horizontal-slider","13":"ast-product-gallery-with-no-image","14":"ast-product-tabs-layout-horizontal","16":"first","17":"instock","18":"taxable","19":"shipping-taxable","20":"purchasable","21":"product-type-simple"},"wcpa_form_fields":null,"brands":[{"id":344,"name":"Inversores Fronius","slug":"frontais"}],"_links":{"self":[{"href":"https:\/\/fvcomponentes.com\/pt\/wp-json\/wp\/v2\/product\/18386","targetHints":{"allow":["GET"]}}],"collection":[{"href":"https:\/\/fvcomponentes.com\/pt\/wp-json\/wp\/v2\/product"}],"about":[{"href":"https:\/\/fvcomponentes.com\/pt\/wp-json\/wp\/v2\/types\/product"}],"replies":[{"embeddable":true,"href":"https:\/\/fvcomponentes.com\/pt\/wp-json\/wp\/v2\/comments?post=18386"}],"wp:featuredmedia":[{"embeddable":true,"href":"https:\/\/fvcomponentes.com\/pt\/wp-json\/wp\/v2\/media\/18388"}],"wp:attachment":[{"href":"https:\/\/fvcomponentes.com\/pt\/wp-json\/wp\/v2\/media?parent=18386"}],"wp:term":[{"taxonomy":"pwb-brand","embeddable":true,"href":"https:\/\/fvcomponentes.com\/pt\/wp-json\/wp\/v2\/pwb-brand?post=18386"},{"taxonomy":"product_brand","embeddable":true,"href":"https:\/\/fvcomponentes.com\/pt\/wp-json\/wp\/v2\/product_brand?post=18386"},{"taxonomy":"product_cat","embeddable":true,"href":"https:\/\/fvcomponentes.com\/pt\/wp-json\/wp\/v2\/product_cat?post=18386"},{"taxonomy":"product_tag","embeddable":true,"href":"https:\/\/fvcomponentes.com\/pt\/wp-json\/wp\/v2\/product_tag?post=18386"}],"curies":[{"name":"wp","href":"https:\/\/api.w.org\/{rel}","templated":true}]}}