{"id":18362,"date":"2024-09-03T13:47:42","date_gmt":"2024-09-03T11:47:42","guid":{"rendered":"https:\/\/fvcomponentes.com\/?post_type=product&#038;p=18362"},"modified":"2026-03-30T12:15:56","modified_gmt":"2026-03-30T10:15:56","slug":"fronius-symo-gen24-sc-12-0-plus-inversor-trifasico-4210189002","status":"publish","type":"product","link":"https:\/\/fvcomponentes.com\/pt\/producto\/inversor-fronius-symo-gen24-sc-12-0-plus-trifasico-4210189002\/","title":{"rendered":"Inversor Fronius Symo GEN24 12.0 Plus SC Trif\u00e1sico \u2013 4.210.189.002"},"content":{"rendered":"<h2>Carater\u00edsticas do Inversor Fronius Symo GEN24 SC 12.0 Plus Trif\u00e1sico - 4.210.189.002<\/h2>\n<h2>C\u00f3pia de seguran\u00e7a completa<\/h2>\n<p>Com a op\u00e7\u00e3o \"Full Backup\", o Inversor Trif\u00e1sico Fronius Symo GEN24 SC 12.0 Plus - 4.210.189.002 continua a alimentar todos os aparelhos monof\u00e1sicos e trif\u00e1sicos da casa em caso de falha de rede. Para al\u00e9m do inversor, s\u00e3o necess\u00e1rios uma bateria e um dispositivo de comuta\u00e7\u00e3o para se desligar da rede em seguran\u00e7a com Full Backup.<\/p>\n<h2>Ponto PV<\/h2>\n<p>A fun\u00e7\u00e3o de energia de emerg\u00eancia b\u00e1sica integrada, denominada PV Point, \u00e9 uma sa\u00edda dedicada que fornece energia em caso de emerg\u00eancia, garantindo que as cargas cr\u00edticas possam continuar a funcionar durante as falhas de energia.<\/p>\n<h2>Arrefecimento ativo<\/h2>\n<p>A tecnologia de arrefecimento ativo, conhecida como Active Cooling, baseia-se em um ou mais ventiladores que n\u00e3o s\u00f3 evitam os campos de calor, como tamb\u00e9m regulam a circula\u00e7\u00e3o de ar no interior do inversor. Desta forma, a temperatura da eletr\u00f3nica de pot\u00eancia \u00e9 mantida baixa, o que prolonga a vida \u00fatil dos aparelhos, optimiza o rendimento e reduz os custos. Na Fronius, o Active Cooling \u00e9 um padr\u00e3o tecnol\u00f3gico em todos os aparelhos.<\/p>\n<h2>Comunica\u00e7\u00e3o de dados integrada<\/h2>\n<p>O inversor trif\u00e1sico Fronius Symo GEN24 SC 12.0 Plus - 4.210.189.002 est\u00e1 ligado \u00e0 Internet atrav\u00e9s de um cabo de rede ou WLAN, sem necessidade de cablagem adicional, proporcionando uma visualiza\u00e7\u00e3o perfeita do funcionamento do sistema fotovoltaico (PV). Al\u00e9m disso, pode ser ligado a componentes de terceiros atrav\u00e9s de interfaces como Modbus TCP SunSpec, Modbus RTU SunSpec ou Fronius Solar API (JSON), permitindo a utiliza\u00e7\u00e3o de interfaces abertas em paralelo com o Fronius Solar.web.<\/p>\n<h2>Inversor trif\u00e1sico Fronius Symo GEN24 SC 12.0 Plus Design SuperFlex - 4.210.189.002<\/h2>\n<p>O design SuperFlex da Fronius combina todos os requisitos t\u00e9cnicos para tornar o design do seu sistema fotovoltaico simples e flex\u00edvel. Os principais aspectos do design do SuperFlex incluem: Dois rastreadores de ponto de pot\u00eancia m\u00e1xima (MPPT) em combina\u00e7\u00e3o com a alta tens\u00e3o do sistema e a ampla faixa de tens\u00e3o de entrada CC. Cada entrada CC e seguidor MPP podem ser adaptados \u00e0 pot\u00eancia nominal do inversor, resultando num inversor para qualquer aplica\u00e7\u00e3o. Gra\u00e7as ao design SuperFlex, um \u00fanico inversor pode responder a qualquer desafio, como diferentes orienta\u00e7\u00f5es do telhado, sombreamento de um ou dois conjuntos de m\u00f3dulos fotovoltaicos ou a utiliza\u00e7\u00e3o de m\u00f3dulos residuais. Com um inversor Fronius com o design SuperFlex integrado, \u00e9 poss\u00edvel cobrir qualquer situa\u00e7\u00e3o de configura\u00e7\u00e3o com um \u00fanico modelo na pr\u00e1tica de planeamento fotovoltaico.<\/p>\n<h2>Dynamic Peak Manager<\/h2>\n<p>O Dynamic Peak Manager \u00e9 um algoritmo inteligente de seguimento do GMPP capaz de adaptar dinamicamente o seu comportamento durante a procura do ponto de funcionamento \u00f3timo. O que distingue o Dynamic Peak Manager \u00e9 o facto de verificar periodicamente e de forma autom\u00e1tica toda a curva carater\u00edstica, encontrando o ponto de pot\u00eancia m\u00e1xima (GMPP), mesmo em condi\u00e7\u00f5es de sombreamento parcial.<\/p>\n<h2>Tecnologia Multi Flow<\/h2>\n<p>A tecnologia Multi Flow permite diferentes fluxos de energia CC e CA em paralelo. Isto permite que qualquer casa tenha energia dos m\u00f3dulos fotovoltaicos e da bateria em simult\u00e2neo. Tamb\u00e9m \u00e9 poss\u00edvel direcionar a energia dos m\u00f3dulos para a bateria e para a rede dom\u00e9stica ao mesmo tempo. Al\u00e9m disso, \u00e9 poss\u00edvel carregar a bateria n\u00e3o s\u00f3 a partir do lado CA, mas tamb\u00e9m do lado CC (por exemplo, a partir de instala\u00e7\u00f5es fotovoltaicas existentes ou de outras fontes de energia, como uma turbina e\u00f3lica). Isto significa que o inversor pode ser adaptado com acoplamento AC. O inversor gere estes fluxos de energia para maximizar a taxa de autoconsumo.<\/p>\n<h2>Dados de entrada<\/h2>\n<ul>\n<li>N\u00famero de apoiantes do PPM: 2<\/li>\n<li>Pot\u00eancia m\u00e1xima de entrada fotovoltaica: 12,36 kW<\/li>\n<li>Corrente m\u00e1xima de entrada (Idc max): 28 \/ 14 A<\/li>\n<li>Corrente m\u00e1xima de curto-circuito: 40 \/ 20 A<\/li>\n<li>Gama de tens\u00e3o de entrada DC (m\u00edn. Ucc - m\u00e1x. Ucc): 80 - 1000 V<\/li>\n<li>Tens\u00e3o m\u00ednima de arranque em CC (Udc start-up): 80 V<\/li>\n<li>Tens\u00e3o nominal de entrada (Udc,r): 610 V<\/li>\n<li>Gama de tens\u00e3o m\u00e1xima utiliz\u00e1vel do ponto de desempenho: 80 - 800 V<\/li>\n<li>N\u00famero de entradas: DC 2\/1<\/li>\n<li>Pot\u00eancia m\u00e1xima do gerador fotovoltaico (Pdc m\u00e1x.): 18 kWpico<\/li>\n<\/ul>\n<h2>Dados de sa\u00edda do inversor Inversor trif\u00e1sico Fronius Symo GEN24 SC 12.0 Plus - 4.210.189.002<\/h2>\n<ul>\n<li>Pot\u00eancia AC nominal (Pac,r): 12 kW<\/li>\n<li>Pot\u00eancia m\u00e1xima de sa\u00edda (Pac max): 12 kVA<\/li>\n<li>Pot\u00eancia m\u00e1xima exigida pela rede el\u00e9ctrica: 12 kVA<\/li>\n<li>Corrente m\u00e1xima de sa\u00edda CA: 18,5 A<\/li>\n<li>Acoplamento de rede (Uca,r): 3~NPE 400\/230, 3~NPE 380\/220 V<\/li>\n<li>Gama de tens\u00e3o CA (Ummin - Ummax): 154 - 280 V<\/li>\n<li>Frequ\u00eancia (fr): 50 \/ 60 Hz<\/li>\n<li>Gama de frequ\u00eancias (fmin - fmax): 45 - 66 Hz<\/li>\n<li>Coeficiente de distor\u00e7\u00e3o n\u00e3o linear: &lt;3% @Pnom (230\/400VAC 50Hz)<\/li>\n<li>Fator de pot\u00eancia (cos \u03c6ac,r): 0,7-1 ind,\/cap,<\/li>\n<li>Corrente de emerg\u00eancia: 3~NPE 400 V \/ 230 V<\/li>\n<li>Corrente nominal de sa\u00edda AC (380VAC): 18,2 A<\/li>\n<li>Corrente nominal de sa\u00edda AC (400VAC): 17,4 A<\/li>\n<\/ul>\n<h2>Dados gerais<\/h2>\n<ul>\n<li>Dimens\u00e3o (largura): 529 mm<\/li>\n<li>Dimens\u00e3o (altura): 595 mm<\/li>\n<li>Dimens\u00e3o (profundidade): 180 mm<\/li>\n<li>Peso: 22,75 kg<\/li>\n<li>Peso com embalagem: 28 kg<\/li>\n<li>Tipo de prote\u00e7\u00e3o: IP66<\/li>\n<li>Classe de prote\u00e7\u00e3o: 1<\/li>\n<li>Categoria de sobretens\u00e3o (CC \/ CA): 2 \/ 3<\/li>\n<li>Consumo noturno: &lt;10 W<\/li>\n<li>Conceito de inversor: sem transformador<\/li>\n<li>Arrefecimento: regulado por ar<\/li>\n<li>Instala\u00e7\u00e3o: interior e exterior<\/li>\n<li>Gama de temperaturas ambiente: -25\u00b0C - +60\u00b0C<\/li>\n<li>Humidade do ar admiss\u00edvel: 0 - 100 %<\/li>\n<li>Altitude m\u00e1xima: 3000m \/ 4000m (gama de tens\u00e3o ilimitada \/ restrita)<\/li>\n<li>Tecnologia de liga\u00e7\u00e3o DC: 3x terminais DC+ e 3x terminais DC- com mola 2,5 - 10 mm\u00b2.<\/li>\n<li>Tecnologia de liga\u00e7\u00e3o DC da bateria: 1x BATT+ e 1x BATT- terminais com mola 2,5 - 10 mm\u00b2.<\/li>\n<li>Tecnologia de liga\u00e7\u00e3o principal: terminais AC \u00e0 mola de 5 p\u00f3los 1,5 - 10 mm\u00b2, terminais de emerg\u00eancia \u00e0 mola de 3 p\u00f3los 1,5 mm\u00b2 - 10 mm\u00b2, 5x terminais de parafuso PE 2,5 - 16 mm\u00b2, 5x terminais de parafuso PE 2,5 - 16 mm\u00b2, 5x terminais de parafuso PE 2,5 - 16 mm\u00b2.<\/li>\n<li>Fun\u00e7\u00e3o de energia de emerg\u00eancia: ponto PV, reserva total<\/li>\n<li>Baterias compat\u00edveis: BYD Battery-Box Premium HVS\/HVM 5) e LG FLEX<\/li>\n<li>Emiss\u00e3o de ru\u00eddo: 47 dB(A)<\/li>\n<li>Classe de emiss\u00e3o de interfer\u00eancias: B<\/li>\n<\/ul>\n<h2>Inversor trif\u00e1sico Fronius Symo GEN24 SC 12.0 Plus Equipamento de seguran\u00e7a - 4.210.189.002<\/h2>\n<ul>\n<li>Medi\u00e7\u00e3o do isolamento DC<\/li>\n<li>Comportamento em caso de sobrecarga: Desloca\u00e7\u00e3o do ponto de funcionamento, limita\u00e7\u00e3o da pot\u00eancia<\/li>\n<li>Isolador DC<\/li>\n<li>DC Prote\u00e7\u00e3o contra a invers\u00e3o de polaridade<\/li>\n<\/ul>\n<h2>Interfaces<\/h2>\n<ul>\n<li>WLAN \/ 2x Ethernet LAN: Fronius Solar.web, Modbus TCP SunSpec, Fronius Solar API (JSON)<\/li>\n<li>6 entradas\/sa\u00eddas digitais + 6 entradas digitais: Liga\u00e7\u00e3o ao recetor de controlo de ondula\u00e7\u00e3o, gest\u00e3o de energia<\/li>\n<li>Desativa\u00e7\u00e3o de emerg\u00eancia (WSD): Sim<\/li>\n<li>Datalogger e servidor Web: Integrado<\/li>\n<li>2x RS485: Modbus RTU SunSpec (fornecedor externo) \/ Fronius Smart Meter, bateria, Fronius Ohmpilot<\/li>\n<\/ul>\n<h2>Dados de sa\u00edda do ponto fotovoltaico do inversor trif\u00e1sico Fronius Symo GEN24 SC 12.0 Plus - 4.210.189.002<\/h2>\n<ul>\n<li>Pot\u00eancia nominal de sa\u00edda: 3000 VA<\/li>\n<li>Corrente nominal de sa\u00edda CA (Iac m\u00e1x.): 13 A<\/li>\n<li>Tempo m\u00e1x. de comuta\u00e7\u00e3o Ponto PV: 15 s<\/li>\n<li>Tempo m\u00e1ximo de comuta\u00e7\u00e3o C\u00f3pia de seguran\u00e7a total: 10 s<\/li>\n<li>Frequ\u00eancia no modo de energia de emerg\u00eancia: 53 Hz<\/li>\n<\/ul>\n<h2>Liga\u00e7\u00e3o da bateria<\/h2>\n<ul>\n<li>N\u00famero de entradas DC: 1<\/li>\n<li>Corrente m\u00e1xima de entrada (Idc m\u00e1x.): 22 A<\/li>\n<li>Pot\u00eancia m\u00e1xima de carga CA (dependendo da bateria ligada): 11682 W<\/li>\n<li>Tens\u00e3o de entrada CC m\u00ednima: 160 V<\/li>\n<li>M\u00e1x. Tens\u00e3o de entrada DC: 531 V<\/li>\n<\/ul>\n<h2><a href=\"https:\/\/fvcomponentes.com\/wp-content\/uploads\/2025\/09\/Fronius_TDS_Symo_GEN24_SC_12.0_Plus_ES.pdf\" target=\"_blank\" rel=\"noopener\">Ver ficha t\u00e9cnica Inversor Fronius Symo GEN24 SC 12.0 Plus Trif\u00e1sico - 4.210.189.002<\/a><\/h2>","protected":false},"excerpt":{"rendered":"<p><span style=\"color: #ff0000\"><strong>Temporariamente indispon\u00edvel!<\/strong><\/span><\/p>\n<ul>\n<li>Trif\u00e1sico<\/li>\n<li>H\u00edbrido. Permite a liga\u00e7\u00e3o de baterias.<\/li>\n<li><strong>Pot\u00eancia AC nominal:<\/strong> 12.000W<\/li>\n<li><strong>Corrente nominal de sa\u00edda CA: <\/strong>380 Vca 18,2A | 400 Vca 17,4A<\/li>\n<\/ul>","protected":false},"featured_media":18363,"comment_status":"open","ping_status":"closed","template":"","meta":{"site-sidebar-layout":"default","site-content-layout":"","ast-site-content-layout":"default","site-content-style":"default","site-sidebar-style":"default","ast-global-header-display":"","ast-banner-title-visibility":"","ast-main-header-display":"","ast-hfb-above-header-display":"","ast-hfb-below-header-display":"","ast-hfb-mobile-header-display":"","site-post-title":"","ast-breadcrumbs-content":"","ast-featured-img":"","footer-sml-layout":"","ast-disable-related-posts":"","theme-transparent-header-meta":"default","adv-header-id-meta":"","stick-header-meta":"","header-above-stick-meta":"","header-main-stick-meta":"","header-below-stick-meta":"","astra-migrate-meta-layouts":"set","ast-page-background-enabled":"default","ast-page-background-meta":{"desktop":{"background-color":"var(--ast-global-color-4)","background-image":"","background-repeat":"repeat","background-position":"center center","background-size":"auto","background-attachment":"scroll","background-type":"","background-media":"","overlay-type":"","overlay-color":"","overlay-opacity":"","overlay-gradient":""},"tablet":{"background-color":"","background-image":"","background-repeat":"repeat","background-position":"center center","background-size":"auto","background-attachment":"scroll","background-type":"","background-media":"","overlay-type":"","overlay-color":"","overlay-opacity":"","overlay-gradient":""},"mobile":{"background-color":"","background-image":"","background-repeat":"repeat","background-position":"center center","background-size":"auto","background-attachment":"scroll","background-type":"","background-media":"","overlay-type":"","overlay-color":"","overlay-opacity":"","overlay-gradient":""}},"ast-content-background-meta":{"desktop":{"background-color":"var(--ast-global-color-5)","background-image":"","background-repeat":"repeat","background-position":"center center","background-size":"auto","background-attachment":"scroll","background-type":"","background-media":"","overlay-type":"","overlay-color":"","overlay-opacity":"","overlay-gradient":""},"tablet":{"background-color":"var(--ast-global-color-5)","background-image":"","background-repeat":"repeat","background-position":"center center","background-size":"auto","background-attachment":"scroll","background-type":"","background-media":"","overlay-type":"","overlay-color":"","overlay-opacity":"","overlay-gradient":""},"mobile":{"background-color":"var(--ast-global-color-5)","background-image":"","background-repeat":"repeat","background-position":"center center","background-size":"auto","background-attachment":"scroll","background-type":"","background-media":"","overlay-type":"","overlay-color":"","overlay-opacity":"","overlay-gradient":""}}},"pwb-brand":[344],"product_brand":[],"product_cat":[333,359,923],"product_tag":[],"class_list":{"0":"post-18362","1":"product","2":"type-product","3":"status-publish","4":"has-post-thumbnail","6":"pwb-brand-fronius","7":"product_cat-inversores","8":"product_cat-inversores-autoconsumo-hibridos","9":"product_cat-inversores-autoconsumo-hibridos-trifasicos","10":"desktop-align-left","11":"tablet-align-left","12":"mobile-align-left","13":"ast-product-gallery-layout-horizontal-slider","14":"ast-product-gallery-with-no-image","15":"ast-product-tabs-layout-horizontal","17":"first","18":"onbackorder","19":"taxable","20":"shipping-taxable","21":"purchasable","22":"product-type-simple"},"wcpa_form_fields":null,"brands":[{"id":344,"name":"Inversores Fronius","slug":"frontais"}],"_links":{"self":[{"href":"https:\/\/fvcomponentes.com\/pt\/wp-json\/wp\/v2\/product\/18362","targetHints":{"allow":["GET"]}}],"collection":[{"href":"https:\/\/fvcomponentes.com\/pt\/wp-json\/wp\/v2\/product"}],"about":[{"href":"https:\/\/fvcomponentes.com\/pt\/wp-json\/wp\/v2\/types\/product"}],"replies":[{"embeddable":true,"href":"https:\/\/fvcomponentes.com\/pt\/wp-json\/wp\/v2\/comments?post=18362"}],"wp:featuredmedia":[{"embeddable":true,"href":"https:\/\/fvcomponentes.com\/pt\/wp-json\/wp\/v2\/media\/18363"}],"wp:attachment":[{"href":"https:\/\/fvcomponentes.com\/pt\/wp-json\/wp\/v2\/media?parent=18362"}],"wp:term":[{"taxonomy":"pwb-brand","embeddable":true,"href":"https:\/\/fvcomponentes.com\/pt\/wp-json\/wp\/v2\/pwb-brand?post=18362"},{"taxonomy":"product_brand","embeddable":true,"href":"https:\/\/fvcomponentes.com\/pt\/wp-json\/wp\/v2\/product_brand?post=18362"},{"taxonomy":"product_cat","embeddable":true,"href":"https:\/\/fvcomponentes.com\/pt\/wp-json\/wp\/v2\/product_cat?post=18362"},{"taxonomy":"product_tag","embeddable":true,"href":"https:\/\/fvcomponentes.com\/pt\/wp-json\/wp\/v2\/product_tag?post=18362"}],"curies":[{"name":"wp","href":"https:\/\/api.w.org\/{rel}","templated":true}]}}