{"id":17885,"date":"2024-08-16T13:46:52","date_gmt":"2024-08-16T11:46:52","guid":{"rendered":"https:\/\/fvcomponentes.com\/?post_type=product&#038;p=17885"},"modified":"2026-03-30T12:15:46","modified_gmt":"2026-03-30T10:15:46","slug":"fronius-symo-gen24-3-0-plus-inversor-hibrido-trifasico-4210150002","status":"publish","type":"product","link":"https:\/\/fvcomponentes.com\/pt\/producto\/inversor-fronius-symo-gen24-3-0-plus-hibrido-trifasico-4210150002\/","title":{"rendered":"Inversor h\u00edbrido trif\u00e1sico Fronius Symo GEN24 3.0 Plus - 4.210.150.002"},"content":{"rendered":"<h2>Carater\u00edsticas do Inversor h\u00edbrido trif\u00e1sico Fronius Symo GEN24 3.0 Plus - 4.210.150.002<\/h2>\n<h2>Energia de emerg\u00eancia para qualquer situa\u00e7\u00e3o<\/h2>\n<p>Alimenta\u00e7\u00e3o el\u00e9ctrica segura: Com o PV Point, o inversor h\u00edbrido trif\u00e1sico Fronius Symo GEN24 3.0 Plus - 4.210.150.002 oferece uma fun\u00e7\u00e3o b\u00e1sica de alimenta\u00e7\u00e3o el\u00e9ctrica de emerg\u00eancia integrada. O Fronius GEN24 Plus permite-lhe escolher entre o PV Point ou a op\u00e7\u00e3o Full Backup*, que fornece uma alimenta\u00e7\u00e3o el\u00e9ctrica de emerg\u00eancia para toda a casa.<\/p>\n<h2>Liberdade incorporada<\/h2>\n<p>O inversor h\u00edbrido trif\u00e1sico Fronius Symo GEN24 3.0 Plus - 4.210.150.002 disp\u00f5e de interfaces abertas, o que significa que os componentes da Fronius ou de terceiros podem ser facilmente integrados no sistema para um sistema fotovoltaico personalizado.<\/p>\n<h2>Versatilidade inclu\u00edda<\/h2>\n<p>Mais fun\u00e7\u00f5es. Mais controlo. Mais abastecimento. O Fronius GEN24 e o Fronius GEN24 Plus economizam tempo e custos a longo prazo gra\u00e7as \u00e0s fun\u00e7\u00f5es de gerenciamento de energia. Ao mesmo tempo, a refrigera\u00e7\u00e3o ativa integrada prolonga a vida \u00fatil e protege o seu investimento.<\/p>\n<h2>Preparados para um futuro sustent\u00e1vel<\/h2>\n<p>Para aqueles que n\u00e3o querem tomar j\u00e1 uma decis\u00e3o: Com a atualiza\u00e7\u00e3o do software Fronius UP.storage, a liga\u00e7\u00e3o da bateria e, consequentemente, a fonte de alimenta\u00e7\u00e3o de emerg\u00eancia Full Backup podem ser adicionadas ao seu aparelho em qualquer altura.<\/p>\n<h2>M\u00e1xima independ\u00eancia<\/h2>\n<p>Com a combina\u00e7\u00e3o do Fronius GEN24 Plus e de uma bateria, pode tirar mais partido do seu sistema fotovoltaico, mesmo \u00e0 noite. Utilize mais da sua pr\u00f3pria eletricidade e obtenha uma maior independ\u00eancia dos fornecedores de energia e dos seus pre\u00e7os.<\/p>\n<h2>Dados de entrada<\/h2>\n<ul>\n<li><strong>N\u00famero de seguidores do PPM: <\/strong>2<\/li>\n<li><strong>Gama de tens\u00e3o de entrada DC:<\/strong> 80 - 1000V<\/li>\n<li><strong>Tens\u00e3o nominal de entrada: <\/strong>610V<\/li>\n<li><strong>Corrente de entrada m\u00e1xima \u00fatil:<\/strong> MPPT1 12,5A | MPPT2 12,5A<\/li>\n<\/ul>\n<h2>Dados de sa\u00edda<\/h2>\n<ul>\n<li><strong>Pot\u00eancia AC nominal:<\/strong> 3.000W<\/li>\n<li><strong>Pot\u00eancia m\u00e1xima de sa\u00edda:<\/strong> 3.000 VA<\/li>\n<li><strong>Corrente nominal de sa\u00edda CA:<\/strong> 380 Vca 4,5A | 400 Vca 4,3A<\/li>\n<\/ul>\n<h2>Folha de dados Fronius Symo Inverter GEN24 3.0 Plus Hybrid H\u00edbrido trif\u00e1sico - 4.210.150.002<\/h2>\n<p><a href=\"https:\/\/fvcomponentes.com\/wp-content\/uploads\/2024\/08\/Ficha-tecnica-Inversor-Fronius-Symo-GEN24-2.pdf\" target=\"_blank\" rel=\"noopener\">Ver a ficha t\u00e9cnica do inversor h\u00edbrido trif\u00e1sico Fronius Symo GEN24 3.0 Plus - 4.210.150.002<\/a><\/p>","protected":false},"excerpt":{"rendered":"<ul>\n<li>Trif\u00e1sico<\/li>\n<li>H\u00edbrido. Permite a liga\u00e7\u00e3o de baterias.<\/li>\n<li><strong>Pot\u00eancia AC nominal:<\/strong> 3.000W<\/li>\n<li><strong>Corrente nominal de sa\u00edda CA:<\/strong> 380 Vca 4,5A | 400 Vca 4,3A<\/li>\n<\/ul>","protected":false},"featured_media":17886,"comment_status":"open","ping_status":"closed","template":"","meta":{"site-sidebar-layout":"default","site-content-layout":"","ast-site-content-layout":"default","site-content-style":"default","site-sidebar-style":"default","ast-global-header-display":"","ast-banner-title-visibility":"","ast-main-header-display":"","ast-hfb-above-header-display":"","ast-hfb-below-header-display":"","ast-hfb-mobile-header-display":"","site-post-title":"","ast-breadcrumbs-content":"","ast-featured-img":"","footer-sml-layout":"","ast-disable-related-posts":"","theme-transparent-header-meta":"default","adv-header-id-meta":"","stick-header-meta":"","header-above-stick-meta":"","header-main-stick-meta":"","header-below-stick-meta":"","astra-migrate-meta-layouts":"set","ast-page-background-enabled":"default","ast-page-background-meta":{"desktop":{"background-color":"var(--ast-global-color-4)","background-image":"","background-repeat":"repeat","background-position":"center center","background-size":"auto","background-attachment":"scroll","background-type":"","background-media":"","overlay-type":"","overlay-color":"","overlay-opacity":"","overlay-gradient":""},"tablet":{"background-color":"","background-image":"","background-repeat":"repeat","background-position":"center center","background-size":"auto","background-attachment":"scroll","background-type":"","background-media":"","overlay-type":"","overlay-color":"","overlay-opacity":"","overlay-gradient":""},"mobile":{"background-color":"","background-image":"","background-repeat":"repeat","background-position":"center center","background-size":"auto","background-attachment":"scroll","background-type":"","background-media":"","overlay-type":"","overlay-color":"","overlay-opacity":"","overlay-gradient":""}},"ast-content-background-meta":{"desktop":{"background-color":"var(--ast-global-color-5)","background-image":"","background-repeat":"repeat","background-position":"center center","background-size":"auto","background-attachment":"scroll","background-type":"","background-media":"","overlay-type":"","overlay-color":"","overlay-opacity":"","overlay-gradient":""},"tablet":{"background-color":"var(--ast-global-color-5)","background-image":"","background-repeat":"repeat","background-position":"center center","background-size":"auto","background-attachment":"scroll","background-type":"","background-media":"","overlay-type":"","overlay-color":"","overlay-opacity":"","overlay-gradient":""},"mobile":{"background-color":"var(--ast-global-color-5)","background-image":"","background-repeat":"repeat","background-position":"center center","background-size":"auto","background-attachment":"scroll","background-type":"","background-media":"","overlay-type":"","overlay-color":"","overlay-opacity":"","overlay-gradient":""}}},"pwb-brand":[344],"product_brand":[],"product_cat":[333,359,923],"product_tag":[],"class_list":{"0":"post-17885","1":"product","2":"type-product","3":"status-publish","4":"has-post-thumbnail","6":"pwb-brand-fronius","7":"product_cat-inversores","8":"product_cat-inversores-autoconsumo-hibridos","9":"product_cat-inversores-autoconsumo-hibridos-trifasicos","10":"desktop-align-left","11":"tablet-align-left","12":"mobile-align-left","13":"ast-product-gallery-layout-horizontal-slider","14":"ast-product-gallery-with-no-image","15":"ast-product-tabs-layout-horizontal","17":"first","18":"instock","19":"taxable","20":"shipping-taxable","21":"purchasable","22":"product-type-simple"},"wcpa_form_fields":null,"brands":[{"id":344,"name":"Inversores Fronius","slug":"frontais"}],"_links":{"self":[{"href":"https:\/\/fvcomponentes.com\/pt\/wp-json\/wp\/v2\/product\/17885","targetHints":{"allow":["GET"]}}],"collection":[{"href":"https:\/\/fvcomponentes.com\/pt\/wp-json\/wp\/v2\/product"}],"about":[{"href":"https:\/\/fvcomponentes.com\/pt\/wp-json\/wp\/v2\/types\/product"}],"replies":[{"embeddable":true,"href":"https:\/\/fvcomponentes.com\/pt\/wp-json\/wp\/v2\/comments?post=17885"}],"wp:featuredmedia":[{"embeddable":true,"href":"https:\/\/fvcomponentes.com\/pt\/wp-json\/wp\/v2\/media\/17886"}],"wp:attachment":[{"href":"https:\/\/fvcomponentes.com\/pt\/wp-json\/wp\/v2\/media?parent=17885"}],"wp:term":[{"taxonomy":"pwb-brand","embeddable":true,"href":"https:\/\/fvcomponentes.com\/pt\/wp-json\/wp\/v2\/pwb-brand?post=17885"},{"taxonomy":"product_brand","embeddable":true,"href":"https:\/\/fvcomponentes.com\/pt\/wp-json\/wp\/v2\/product_brand?post=17885"},{"taxonomy":"product_cat","embeddable":true,"href":"https:\/\/fvcomponentes.com\/pt\/wp-json\/wp\/v2\/product_cat?post=17885"},{"taxonomy":"product_tag","embeddable":true,"href":"https:\/\/fvcomponentes.com\/pt\/wp-json\/wp\/v2\/product_tag?post=17885"}],"curies":[{"name":"wp","href":"https:\/\/api.w.org\/{rel}","templated":true}]}}