{"id":17868,"date":"2024-08-16T12:16:49","date_gmt":"2024-08-16T10:16:49","guid":{"rendered":"https:\/\/fvcomponentes.com\/?post_type=product&#038;p=17868"},"modified":"2026-03-30T12:15:24","modified_gmt":"2026-03-30T10:15:24","slug":"inversor-fronius-primo-primo-gen24-8-0-4210146","status":"publish","type":"product","link":"https:\/\/fvcomponentes.com\/pt\/producto\/inversor-fronius-primo-gen24-8-0-4210146\/","title":{"rendered":"Fronius Primo Inverter GEN24 8.0 - 4.210.146"},"content":{"rendered":"<h2>Caracter\u00edsticas del Inversor Fronius Primo GEN24 8.0 &#8211; 4,210,146<\/h2>\n<div class=\"flex-shrink-0 flex flex-col relative items-end\">\n<div class=\"pt-0\">\n<h2 class=\"gizmo-bot-avatar flex h-8 w-8 items-center justify-center overflow-hidden rounded-full\">Energ\u00eda de emergencia para cualquier situaci\u00f3n<\/h2>\n<\/div>\n<\/div>\n<div class=\"group\/conversation-turn relative flex w-full min-w-0 flex-col agent-turn\">\n<div class=\"flex-col gap-1 md:gap-3\">\n<div class=\"flex max-w-full flex-col flex-grow\">\n<div class=\"min-h-[20px] text-message flex w-full flex-col items-end gap-2 whitespace-pre-wrap break-words [.text-message+&amp;]:mt-5 overflow-x-auto\" dir=\"auto\" data-message-author-role=\"assistant\" data-message-id=\"f9f4a3f8-a4ea-47d1-81ac-2b863b0fd3fb\">\n<div class=\"flex w-full flex-col gap-1 empty:hidden first:pt-[3px]\">\n<div class=\"markdown prose w-full break-words dark:prose-invert light\">\n<p>Suministro de energ\u00eda seguro: Con PV Point, el inversor Fronius Primo GEN24 8.0 &#8211; 4,210,146 ofrece una funci\u00f3n de energ\u00eda de emergencia b\u00e1sica integrada.<\/p>\n<h2><strong>Libertad incorporada<\/strong><\/h2>\n<p>Los componentes de Fronius o de terceros pueden integrarse f\u00e1cilmente en el sistema para obtener una instalaci\u00f3n fotovoltaica a medida.<\/p>\n<h2><strong>Versatilidad incluida del Inversor Fronius Primo GEN24 8.0 &#8211; 4,210,146<\/strong><\/h2>\n<p>M\u00e1s funciones. M\u00e1s control. M\u00e1s suministro. El inversor Fronius Primo GEN24 8.0 &#8211; 4,210,146 permite ahorrar tiempo y costes a largo plazo gracias a las funciones de gesti\u00f3n de energ\u00eda. Al mismo tiempo, la refrigeraci\u00f3n activa integrada prolonga la vida \u00fatil y, por lo tanto, protege tu inversi\u00f3n.<\/p>\n<h2><strong>Preparado para el futuro sostenible<\/strong><\/h2>\n<p>Para aquellos que no quieren tomar una decisi\u00f3n ya: Con la actualizaci\u00f3n de software Fronius UP.storage, la conexi\u00f3n de la bater\u00eda y, por lo tanto, el suministro de energ\u00eda de emergencia Full Backup se pueden a\u00f1adir al Fronius GEN24 en cualquier momento.<\/p>\n<h2>Datos de entrada<\/h2>\n<ul>\n<li><strong>N\u00famero de seguidores MPP: <\/strong>2<\/li>\n<li><strong>Rango de tensi\u00f3n de entrada CC:<\/strong> 65 &#8211; 600V<\/li>\n<li><strong>Tensi\u00f3n nominal de entrada: <\/strong>400V<\/li>\n<li><strong>M\u00e1x. corriente de entrada \u00fatil:<\/strong> MPPT1 22A |\u00a0 MPPT2 22A<\/li>\n<\/ul>\n<h2>Datos de salida<\/h2>\n<ul>\n<li><strong>Potencia nominal CA:<\/strong> 8.000W<\/li>\n<li><strong>M\u00e1x. potencia de salida:<\/strong> 8.000 VA<\/li>\n<li><strong>Corriente de salida CA nominal:<\/strong> 220 Vca 36,4A | 230 Vca 34,8A<\/li>\n<\/ul>\n<\/div>\n<\/div>\n<\/div>\n<\/div>\n<\/div>\n<\/div>\n<h2>Ficha t\u00e9cnica Inversor Fronius Primo GEN24 8.0 &#8211; 4,210,146<\/h2>\n<p><a href=\"https:\/\/fvcomponentes.com\/wp-content\/uploads\/2024\/08\/Ficha-tecnica-Inversor-Fronius-Primo-GEN24.pdf\" target=\"_blank\" rel=\"noopener\">Ver ficha t\u00e9cnica del Inversor Fronius Primo GEN24 8.0 &#8211; 4,210,146<\/a><\/p>\n","protected":false},"excerpt":{"rendered":"<ul>\n<li>Monof\u00e1sico<\/li>\n<li><strong>Pot\u00eancia AC nominal:<\/strong> 8.000W<\/li>\n<li><strong>Corrente nominal de sa\u00edda CA:<\/strong> 220 Vca 36,4A | 230 Vca 34,8A<\/li>\n<li><strong>Pode ser convertido em h\u00edbrido. Atualiza\u00e7\u00e3o no <a href=\"https:\/\/www.solarweb.com\/\" target=\"_blank\" rel=\"noopener\">S\u00edtio Web da Fronius<\/a><\/strong><\/li>\n<\/ul>","protected":false},"featured_media":17869,"comment_status":"open","ping_status":"closed","template":"","meta":{"site-sidebar-layout":"default","site-content-layout":"","ast-site-content-layout":"default","site-content-style":"default","site-sidebar-style":"default","ast-global-header-display":"","ast-banner-title-visibility":"","ast-main-header-display":"","ast-hfb-above-header-display":"","ast-hfb-below-header-display":"","ast-hfb-mobile-header-display":"","site-post-title":"","ast-breadcrumbs-content":"","ast-featured-img":"","footer-sml-layout":"","ast-disable-related-posts":"","theme-transparent-header-meta":"default","adv-header-id-meta":"","stick-header-meta":"","header-above-stick-meta":"","header-main-stick-meta":"","header-below-stick-meta":"","astra-migrate-meta-layouts":"set","ast-page-background-enabled":"default","ast-page-background-meta":{"desktop":{"background-color":"var(--ast-global-color-4)","background-image":"","background-repeat":"repeat","background-position":"center center","background-size":"auto","background-attachment":"scroll","background-type":"","background-media":"","overlay-type":"","overlay-color":"","overlay-opacity":"","overlay-gradient":""},"tablet":{"background-color":"","background-image":"","background-repeat":"repeat","background-position":"center center","background-size":"auto","background-attachment":"scroll","background-type":"","background-media":"","overlay-type":"","overlay-color":"","overlay-opacity":"","overlay-gradient":""},"mobile":{"background-color":"","background-image":"","background-repeat":"repeat","background-position":"center center","background-size":"auto","background-attachment":"scroll","background-type":"","background-media":"","overlay-type":"","overlay-color":"","overlay-opacity":"","overlay-gradient":""}},"ast-content-background-meta":{"desktop":{"background-color":"var(--ast-global-color-5)","background-image":"","background-repeat":"repeat","background-position":"center center","background-size":"auto","background-attachment":"scroll","background-type":"","background-media":"","overlay-type":"","overlay-color":"","overlay-opacity":"","overlay-gradient":""},"tablet":{"background-color":"var(--ast-global-color-5)","background-image":"","background-repeat":"repeat","background-position":"center center","background-size":"auto","background-attachment":"scroll","background-type":"","background-media":"","overlay-type":"","overlay-color":"","overlay-opacity":"","overlay-gradient":""},"mobile":{"background-color":"var(--ast-global-color-5)","background-image":"","background-repeat":"repeat","background-position":"center center","background-size":"auto","background-attachment":"scroll","background-type":"","background-media":"","overlay-type":"","overlay-color":"","overlay-opacity":"","overlay-gradient":""}}},"pwb-brand":[344],"product_brand":[],"product_cat":[333,345,922],"product_tag":[],"class_list":{"0":"post-17868","1":"product","2":"type-product","3":"status-publish","4":"has-post-thumbnail","6":"pwb-brand-fronius","7":"product_cat-inversores","8":"product_cat-inversores-de-autoconsumo","9":"product_cat-inversores-autoconsumo-monofasicos","10":"desktop-align-left","11":"tablet-align-left","12":"mobile-align-left","13":"ast-product-gallery-layout-horizontal-slider","14":"ast-product-gallery-with-no-image","15":"ast-product-tabs-layout-horizontal","17":"first","18":"instock","19":"taxable","20":"shipping-taxable","21":"purchasable","22":"product-type-simple"},"wcpa_form_fields":null,"brands":[{"id":344,"name":"Inversores Fronius","slug":"frontais"}],"_links":{"self":[{"href":"https:\/\/fvcomponentes.com\/pt\/wp-json\/wp\/v2\/product\/17868","targetHints":{"allow":["GET"]}}],"collection":[{"href":"https:\/\/fvcomponentes.com\/pt\/wp-json\/wp\/v2\/product"}],"about":[{"href":"https:\/\/fvcomponentes.com\/pt\/wp-json\/wp\/v2\/types\/product"}],"replies":[{"embeddable":true,"href":"https:\/\/fvcomponentes.com\/pt\/wp-json\/wp\/v2\/comments?post=17868"}],"wp:featuredmedia":[{"embeddable":true,"href":"https:\/\/fvcomponentes.com\/pt\/wp-json\/wp\/v2\/media\/17869"}],"wp:attachment":[{"href":"https:\/\/fvcomponentes.com\/pt\/wp-json\/wp\/v2\/media?parent=17868"}],"wp:term":[{"taxonomy":"pwb-brand","embeddable":true,"href":"https:\/\/fvcomponentes.com\/pt\/wp-json\/wp\/v2\/pwb-brand?post=17868"},{"taxonomy":"product_brand","embeddable":true,"href":"https:\/\/fvcomponentes.com\/pt\/wp-json\/wp\/v2\/product_brand?post=17868"},{"taxonomy":"product_cat","embeddable":true,"href":"https:\/\/fvcomponentes.com\/pt\/wp-json\/wp\/v2\/product_cat?post=17868"},{"taxonomy":"product_tag","embeddable":true,"href":"https:\/\/fvcomponentes.com\/pt\/wp-json\/wp\/v2\/product_tag?post=17868"}],"curies":[{"name":"wp","href":"https:\/\/api.w.org\/{rel}","templated":true}]}}