{"id":17811,"date":"2024-08-14T09:38:00","date_gmt":"2024-08-14T07:38:00","guid":{"rendered":"https:\/\/fvcomponentes.com\/?post_type=product&#038;p=17811"},"modified":"2026-03-30T12:16:54","modified_gmt":"2026-03-30T10:16:54","slug":"contador-inteligente-fronius-50ka-3-industrial-4300011478","status":"publish","type":"product","link":"https:\/\/fvcomponentes.com\/pt\/producto\/smart-meter-fronius-50ka-3-industrial-4300011478-2\/","title":{"rendered":"Contador inteligente Fronius 50kA-3-Industrial - 43.0001.1478"},"content":{"rendered":"<h2>Carater\u00edsticas Medidor inteligente Fronius 50kA-3-Industrial - 43.0001.1478<\/h2>\n<ul>\n<li>O Fronius Smart Meter 50kA-3-Industrial - 43.0001.1478 mede todos os fluxos de energia que entram ou saem da rede e, assim, recolhe informa\u00e7\u00f5es<br \/>\ndados valiosos de forma r\u00e1pida, fi\u00e1vel e exacta. Utilizados corretamente, os dados trazem um valor acrescentado tang\u00edvel sob a forma de poupan\u00e7as.<\/li>\n<li>Os contadores inteligentes poupam dinheiro e energia de forma sustent\u00e1vel como acess\u00f3rios essenciais em combina\u00e7\u00e3o com os inversores e a ferramenta de monitoriza\u00e7\u00e3o FroniusSolar.web. Os fluxos de energia podem ser visualizados, controlados e, assim, optimizados. \u00c9 assim que funciona uma gest\u00e3o de energia eficiente e baseada em dados.<\/li>\n<\/ul>\n<h2>Dados t\u00e9cnicos<\/h2>\n<ul>\n<li id=\"titlewrap\">Tens\u00e3o nominal: 400 - 415 V<\/li>\n<li>Gama de tens\u00f5es de funcionamento: -9 a +14 %<\/li>\n<li>Frequ\u00eancia: 50 - 60 Hz<\/li>\n<li>Corrente m\u00e1xima: 3 x 50000A<\/li>\n<li>Consumo: 2W<\/li>\n<\/ul>\n<h2>Ficha t\u00e9cnica Contador inteligente Fronius 50kA-3-Industrial - 43.0001.1478<\/h2>\n<p><a href=\"https:\/\/fvcomponentes.com\/wp-content\/uploads\/2024\/08\/Ficha-tecnica-Smart-Meter-Fronius-Castellano.pdf\" target=\"_blank\" rel=\"noopener\">Ver ficha t\u00e9cnica do Fronius Smart Meter 50kA-3-Industrial - 43.0001.1478<\/a><\/p>","protected":false},"excerpt":{"rendered":"<ul>\n<li><strong><span style=\"color: #ff0000;\">Utiliza\u00e7\u00e3o industrial e residencial<\/span><\/strong><\/li>\n<li>Para registar o consumo de eletricidade<\/li>\n<li>Trif\u00e1sico<\/li>\n<li>Corrente m\u00e1xima: 3 x 50000A<\/li>\n<li>Prote\u00e7\u00e3o IP51<\/li>\n<\/ul>","protected":false},"featured_media":17812,"comment_status":"open","ping_status":"closed","template":"","meta":{"site-sidebar-layout":"default","site-content-layout":"","ast-site-content-layout":"default","site-content-style":"default","site-sidebar-style":"default","ast-global-header-display":"","ast-banner-title-visibility":"","ast-main-header-display":"","ast-hfb-above-header-display":"","ast-hfb-below-header-display":"","ast-hfb-mobile-header-display":"","site-post-title":"","ast-breadcrumbs-content":"","ast-featured-img":"","footer-sml-layout":"","ast-disable-related-posts":"","theme-transparent-header-meta":"default","adv-header-id-meta":"","stick-header-meta":"","header-above-stick-meta":"","header-main-stick-meta":"","header-below-stick-meta":"","astra-migrate-meta-layouts":"set","ast-page-background-enabled":"default","ast-page-background-meta":{"desktop":{"background-color":"var(--ast-global-color-4)","background-image":"","background-repeat":"repeat","background-position":"center center","background-size":"auto","background-attachment":"scroll","background-type":"","background-media":"","overlay-type":"","overlay-color":"","overlay-opacity":"","overlay-gradient":""},"tablet":{"background-color":"","background-image":"","background-repeat":"repeat","background-position":"center center","background-size":"auto","background-attachment":"scroll","background-type":"","background-media":"","overlay-type":"","overlay-color":"","overlay-opacity":"","overlay-gradient":""},"mobile":{"background-color":"","background-image":"","background-repeat":"repeat","background-position":"center center","background-size":"auto","background-attachment":"scroll","background-type":"","background-media":"","overlay-type":"","overlay-color":"","overlay-opacity":"","overlay-gradient":""}},"ast-content-background-meta":{"desktop":{"background-color":"var(--ast-global-color-5)","background-image":"","background-repeat":"repeat","background-position":"center center","background-size":"auto","background-attachment":"scroll","background-type":"","background-media":"","overlay-type":"","overlay-color":"","overlay-opacity":"","overlay-gradient":""},"tablet":{"background-color":"var(--ast-global-color-5)","background-image":"","background-repeat":"repeat","background-position":"center center","background-size":"auto","background-attachment":"scroll","background-type":"","background-media":"","overlay-type":"","overlay-color":"","overlay-opacity":"","overlay-gradient":""},"mobile":{"background-color":"var(--ast-global-color-5)","background-image":"","background-repeat":"repeat","background-position":"center center","background-size":"auto","background-attachment":"scroll","background-type":"","background-media":"","overlay-type":"","overlay-color":"","overlay-opacity":"","overlay-gradient":""}}},"pwb-brand":[344],"product_brand":[],"product_cat":[333,349],"product_tag":[],"class_list":{"0":"post-17811","1":"product","2":"type-product","3":"status-publish","4":"has-post-thumbnail","6":"pwb-brand-fronius","7":"product_cat-inversores","8":"product_cat-meters","9":"desktop-align-left","10":"tablet-align-left","11":"mobile-align-left","12":"ast-product-gallery-layout-horizontal-slider","13":"ast-product-gallery-with-no-image","14":"ast-product-tabs-layout-horizontal","16":"first","17":"instock","18":"taxable","19":"shipping-taxable","20":"purchasable","21":"product-type-simple"},"wcpa_form_fields":null,"brands":[{"id":344,"name":"Inversores Fronius","slug":"frontais"}],"_links":{"self":[{"href":"https:\/\/fvcomponentes.com\/pt\/wp-json\/wp\/v2\/product\/17811","targetHints":{"allow":["GET"]}}],"collection":[{"href":"https:\/\/fvcomponentes.com\/pt\/wp-json\/wp\/v2\/product"}],"about":[{"href":"https:\/\/fvcomponentes.com\/pt\/wp-json\/wp\/v2\/types\/product"}],"replies":[{"embeddable":true,"href":"https:\/\/fvcomponentes.com\/pt\/wp-json\/wp\/v2\/comments?post=17811"}],"wp:featuredmedia":[{"embeddable":true,"href":"https:\/\/fvcomponentes.com\/pt\/wp-json\/wp\/v2\/media\/17812"}],"wp:attachment":[{"href":"https:\/\/fvcomponentes.com\/pt\/wp-json\/wp\/v2\/media?parent=17811"}],"wp:term":[{"taxonomy":"pwb-brand","embeddable":true,"href":"https:\/\/fvcomponentes.com\/pt\/wp-json\/wp\/v2\/pwb-brand?post=17811"},{"taxonomy":"product_brand","embeddable":true,"href":"https:\/\/fvcomponentes.com\/pt\/wp-json\/wp\/v2\/product_brand?post=17811"},{"taxonomy":"product_cat","embeddable":true,"href":"https:\/\/fvcomponentes.com\/pt\/wp-json\/wp\/v2\/product_cat?post=17811"},{"taxonomy":"product_tag","embeddable":true,"href":"https:\/\/fvcomponentes.com\/pt\/wp-json\/wp\/v2\/product_tag?post=17811"}],"curies":[{"name":"wp","href":"https:\/\/api.w.org\/{rel}","templated":true}]}}