{"id":17800,"date":"2024-08-14T09:04:44","date_gmt":"2024-08-14T07:04:44","guid":{"rendered":"https:\/\/fvcomponentes.com\/?post_type=product&#038;p=17800"},"modified":"2026-04-10T18:24:45","modified_gmt":"2026-04-10T16:24:45","slug":"regulador-de-consumo-fronius-ohmpilot-9-0-3-4050016","status":"publish","type":"product","link":"https:\/\/fvcomponentes.com\/pt\/producto\/regulador-consumo-fronius-ohmpilot-9-0-3-4050016\/","title":{"rendered":"Regulador de consumo Fronius Ohmpilot 9.0-3 - 4.050.016"},"content":{"rendered":"<h2>Carater\u00edsticas do regulador de consumo Fronius Ohmpilot 9.0-3 - 4.050.016<\/h2>\n<p>O regulador de consumo Fronius Ohmpilot 9.0-3 - 4.050.016 foi concebido para aproveitar a energia solar excedente para o aquecimento de \u00e1gua. Com uma regula\u00e7\u00e3o continuamente ajust\u00e1vel de 0 a 9 kW, permite uma utiliza\u00e7\u00e3o altamente eficiente da corrente fotovoltaica excedente, beneficiando os consumidores dom\u00e9sticos. Este dispositivo \u00e9 utilizado principalmente para controlar de forma inteligente os elementos de aquecimento, fornecendo \u00e1gua quente em esquentadores e dep\u00f3sitos de acumula\u00e7\u00e3o. Al\u00e9m disso, tamb\u00e9m pode ser utilizado para o aquecimento por infravermelhos de radiadores de toalhas. Desta forma, a energia solar pode satisfazer os n\u00edveis m\u00e9dios de consumo de \u00e1gua num agregado familiar, fornecendo a maior parte da \u00e1gua quente de abril a outubro. Como resultado, obt\u00e9m-se um autoconsumo m\u00e1ximo, uma redu\u00e7\u00e3o das emiss\u00f5es de CO2 em casa e um menor desgaste do sistema de aquecimento do edif\u00edcio durante os meses de ver\u00e3o.<\/p>\n<h2>Dados de entrada<\/h2>\n<ul>\n<li>Frequ\u00eancia: 50 Hz<\/li>\n<li>Corrente de entrada m\u00e1xima (Iac m\u00e1x.): 1*16 A \/ 3*16 A<\/li>\n<li>Tens\u00e3o de entrada: 230 V \/ 400 V<\/li>\n<\/ul>\n<h2>Dados de sa\u00edda<\/h2>\n<ul>\n<li>Pot\u00eancia m\u00e1xima de sa\u00edda: 3 kW \/ 9 kW (ajust\u00e1vel)<\/li>\n<li>Frequ\u00eancia: 50 Hz<\/li>\n<li>Corrente de sa\u00edda CA (Iac nom.): 1*13 A \/ 3*13 A<\/li>\n<li>Tens\u00e3o de sa\u00edda: 230 V \/ 400 V<\/li>\n<\/ul>\n<h2>Vantagens do Fronius Ohmpilot 9.0-3 - 4.050.016<\/h2>\n<ul>\n<li>Regula\u00e7\u00e3o cont\u00ednua de 0 a 9 kW<\/li>\n<li>Instala\u00e7\u00e3o f\u00e1cil<\/li>\n<li>Limita\u00e7\u00e3o din\u00e2mica de pot\u00eancia \u2265 50% (tamb\u00e9m com Fronius Energy Package)<\/li>\n<li>Regula\u00e7\u00e3o da temperatura m\u00ednima<\/li>\n<li>Acoplamento de outras fontes de calor, por exemplo, aquecedores de \u00e1gua a g\u00e1s<\/li>\n<li>Combina\u00e7\u00e3o com bombas de calor<\/li>\n<\/ul>\n<h2>Ficha t\u00e9cnica Regulador de consumo Fronius Ohmpilot 9.0-3 - 4.050.016<\/h2>\n<p><a href=\"https:\/\/fvcomponentes.com\/wp-content\/uploads\/2024\/08\/Ficha-tecnica-Regulador-consumo-Fronius-Ohmpilot-9.0-3-4050016.pdf\" target=\"_blank\" rel=\"noopener\">Ver ficha t\u00e9cnica do regulador de consumo Fronius Ohmpilot 9.0-3 - 4.050.016<\/a><\/p>","protected":false},"excerpt":{"rendered":"<p>Utilizar a energia solar excedente para aquecer a \u00e1gua.<\/p>","protected":false},"featured_media":17801,"comment_status":"open","ping_status":"closed","template":"","meta":{"site-sidebar-layout":"default","site-content-layout":"","ast-site-content-layout":"default","site-content-style":"default","site-sidebar-style":"default","ast-global-header-display":"","ast-banner-title-visibility":"","ast-main-header-display":"","ast-hfb-above-header-display":"","ast-hfb-below-header-display":"","ast-hfb-mobile-header-display":"","site-post-title":"","ast-breadcrumbs-content":"","ast-featured-img":"","footer-sml-layout":"","ast-disable-related-posts":"","theme-transparent-header-meta":"default","adv-header-id-meta":"","stick-header-meta":"","header-above-stick-meta":"","header-main-stick-meta":"","header-below-stick-meta":"","astra-migrate-meta-layouts":"set","ast-page-background-enabled":"default","ast-page-background-meta":{"desktop":{"background-color":"var(--ast-global-color-4)","background-image":"","background-repeat":"repeat","background-position":"center center","background-size":"auto","background-attachment":"scroll","background-type":"","background-media":"","overlay-type":"","overlay-color":"","overlay-opacity":"","overlay-gradient":""},"tablet":{"background-color":"","background-image":"","background-repeat":"repeat","background-position":"center center","background-size":"auto","background-attachment":"scroll","background-type":"","background-media":"","overlay-type":"","overlay-color":"","overlay-opacity":"","overlay-gradient":""},"mobile":{"background-color":"","background-image":"","background-repeat":"repeat","background-position":"center center","background-size":"auto","background-attachment":"scroll","background-type":"","background-media":"","overlay-type":"","overlay-color":"","overlay-opacity":"","overlay-gradient":""}},"ast-content-background-meta":{"desktop":{"background-color":"var(--ast-global-color-5)","background-image":"","background-repeat":"repeat","background-position":"center center","background-size":"auto","background-attachment":"scroll","background-type":"","background-media":"","overlay-type":"","overlay-color":"","overlay-opacity":"","overlay-gradient":""},"tablet":{"background-color":"var(--ast-global-color-5)","background-image":"","background-repeat":"repeat","background-position":"center center","background-size":"auto","background-attachment":"scroll","background-type":"","background-media":"","overlay-type":"","overlay-color":"","overlay-opacity":"","overlay-gradient":""},"mobile":{"background-color":"var(--ast-global-color-5)","background-image":"","background-repeat":"repeat","background-position":"center center","background-size":"auto","background-attachment":"scroll","background-type":"","background-media":"","overlay-type":"","overlay-color":"","overlay-opacity":"","overlay-gradient":""}}},"pwb-brand":[344],"product_brand":[],"product_cat":[333,351,345],"product_tag":[],"class_list":{"0":"post-17800","1":"product","2":"type-product","3":"status-publish","4":"has-post-thumbnail","6":"pwb-brand-fronius","7":"product_cat-inversores","8":"product_cat-accesorios","9":"product_cat-inversores-de-autoconsumo","10":"desktop-align-left","11":"tablet-align-left","12":"mobile-align-left","13":"ast-product-gallery-layout-horizontal-slider","14":"ast-product-gallery-with-no-image","15":"ast-product-tabs-layout-horizontal","17":"first","18":"instock","19":"taxable","20":"shipping-taxable","21":"purchasable","22":"product-type-simple"},"wcpa_form_fields":null,"brands":[{"id":344,"name":"Inversores Fronius","slug":"frontais"}],"_links":{"self":[{"href":"https:\/\/fvcomponentes.com\/pt\/wp-json\/wp\/v2\/product\/17800","targetHints":{"allow":["GET"]}}],"collection":[{"href":"https:\/\/fvcomponentes.com\/pt\/wp-json\/wp\/v2\/product"}],"about":[{"href":"https:\/\/fvcomponentes.com\/pt\/wp-json\/wp\/v2\/types\/product"}],"replies":[{"embeddable":true,"href":"https:\/\/fvcomponentes.com\/pt\/wp-json\/wp\/v2\/comments?post=17800"}],"wp:featuredmedia":[{"embeddable":true,"href":"https:\/\/fvcomponentes.com\/pt\/wp-json\/wp\/v2\/media\/17801"}],"wp:attachment":[{"href":"https:\/\/fvcomponentes.com\/pt\/wp-json\/wp\/v2\/media?parent=17800"}],"wp:term":[{"taxonomy":"pwb-brand","embeddable":true,"href":"https:\/\/fvcomponentes.com\/pt\/wp-json\/wp\/v2\/pwb-brand?post=17800"},{"taxonomy":"product_brand","embeddable":true,"href":"https:\/\/fvcomponentes.com\/pt\/wp-json\/wp\/v2\/product_brand?post=17800"},{"taxonomy":"product_cat","embeddable":true,"href":"https:\/\/fvcomponentes.com\/pt\/wp-json\/wp\/v2\/product_cat?post=17800"},{"taxonomy":"product_tag","embeddable":true,"href":"https:\/\/fvcomponentes.com\/pt\/wp-json\/wp\/v2\/product_tag?post=17800"}],"curies":[{"name":"wp","href":"https:\/\/api.w.org\/{rel}","templated":true}]}}