{"id":17594,"date":"2024-08-12T08:38:19","date_gmt":"2024-08-12T06:38:19","guid":{"rendered":"https:\/\/fvcomponentes.com\/?post_type=product&#038;p=17594"},"modified":"2024-09-30T09:35:44","modified_gmt":"2024-09-30T07:35:44","slug":"armario-rack-pylontech","status":"publish","type":"product","link":"https:\/\/fvcomponentes.com\/pt\/producto\/armario-rack-bastidor-pylontech\/","title":{"rendered":"Arm\u00e1rio para estantes Pylontech Rack"},"content":{"rendered":"<h2>Caracter\u00edsticas do arm\u00e1rio para estantes Pylontech Rack<\/h2>\n<ul>\n<li>O arm\u00e1rio para estantes Pylontech Rack foi concebido \u00e0 medida das baterias. <a href=\"https:\/\/fvcomponentes.com\/pt\/marca\/pylontech\/\" target=\"_blank\" rel=\"noopener\">Pylontech.<\/a><\/li>\n<li>Concebida para ser transportada por porta-paletes manual.<\/li>\n<li>Dimens\u00f5es totais: 180cm x 69cm x 50cm<\/li>\n<li>Com espa\u00e7o para:\n<ul>\n<li>At\u00e9 8 pe\u00e7as. <a href=\"https:\/\/fvcomponentes.com\/pt\/produto\/bateria-de-litio-2-84kwh-pylontech-up2500-24v\/\" target=\"_blank\" rel=\"noopener\">bateria de l\u00edtio 2,84kWh Pylontech UP2500 24V<\/a><\/li>\n<li>At\u00e9 8 pe\u00e7as. <a href=\"https:\/\/fvcomponentes.com\/pt\/produto\/bateria-de-litio-2-4-kwh-pylontech-us2000c-48-v\/\" target=\"_blank\" rel=\"noopener\">Bateria de l\u00edtio 2.4kWh Pylontech US2000C 48V<\/a><\/li>\n<li>At\u00e9 6 pe\u00e7as. <a href=\"https:\/\/fvcomponentes.com\/pt\/produto\/bateria-de-litio-3-6kwh-pylontech-us3000c-48v\/\" target=\"_blank\" rel=\"noopener\">Bateria de l\u00edtio 3.6kWh Pylontech - US3000C 48V<\/a><\/li>\n<li>At\u00e9 6 pe\u00e7as. <a href=\"https:\/\/fvcomponentes.com\/pt\/produto\/bateria-de-litio-4-8kwh-pylontech-us5000-48v\/\" target=\"_blank\" rel=\"noopener\">Bateria de l\u00edtio 4.8kWh Pylontech - US5000 48V<\/a><\/li>\n<\/ul>\n<\/li>\n<\/ul>\n<h2>Montagem<\/h2>\n<p>Simples e r\u00e1pida, toda a montagem do inversor pode ser efectuada na mesma estrutura para uma montagem f\u00e1cil na oficina e tudo est\u00e1 pronto para ser ligado em casa do cliente.<\/p>\n<p>Possibilidade de montagem com outros componentes, consultar <a href=\"mailto:comercial@fvcomponentes.com\">comercial@fvcomponentes.com<\/a> o pre\u00e7o da moldura personalizada de que necessita com os componentes adaptados \u00e0 sua instala\u00e7\u00e3o.<\/p>\n<h2>Notas<\/h2>\n<p>O inversor, as pilhas e os acess\u00f3rios apresentados na fotografia n\u00e3o est\u00e3o inclu\u00eddos.<\/p>","protected":false},"excerpt":{"rendered":"<p>A solu\u00e7\u00e3o perfeita para instalar o inversor e as baterias no mesmo chassis.<\/p>\n<ul>\n<li>Arm\u00e1rio de rack personalizado para baterias Pylontech.<\/li>\n<li>Facilmente desloc\u00e1vel gra\u00e7as \u00e0 sua conce\u00e7\u00e3o para ser transportado por um porta-paletes.<\/li>\n<li>Medidas adequadas para a entrada atrav\u00e9s de uma porta residencial.<\/li>\n<li>P\u00e9s de borracha regul\u00e1veis em altura, anti-vibra\u00e7\u00e3o e antiderrapantes.<\/li>\n<li><strong><span style=\"color: #ff0000;\">O inversor, as baterias e os acess\u00f3rios n\u00e3o est\u00e3o inclu\u00eddos, ter\u00e1 de os adicionar \u00e0 sua compra. <\/span><\/strong><\/li>\n<li><strong><span style=\"color: #ff0000;\">Veja o nosso <a href=\"https:\/\/fvcomponentes.com\/pt\/categoria-produto\/kits-solares\/kit-solar-fora-da-rede\/\" target=\"_blank\" rel=\"noopener\">kits solares fora da rede<\/a>.<\/span><\/strong><\/li>\n<\/ul>","protected":false},"featured_media":17595,"comment_status":"open","ping_status":"closed","template":"","meta":{"site-sidebar-layout":"default","site-content-layout":"","ast-site-content-layout":"default","site-content-style":"default","site-sidebar-style":"default","ast-global-header-display":"","ast-banner-title-visibility":"","ast-main-header-display":"","ast-hfb-above-header-display":"","ast-hfb-below-header-display":"","ast-hfb-mobile-header-display":"","site-post-title":"","ast-breadcrumbs-content":"","ast-featured-img":"","footer-sml-layout":"","ast-disable-related-posts":"","theme-transparent-header-meta":"default","adv-header-id-meta":"","stick-header-meta":"","header-above-stick-meta":"","header-main-stick-meta":"","header-below-stick-meta":"","astra-migrate-meta-layouts":"set","ast-page-background-enabled":"default","ast-page-background-meta":{"desktop":{"background-color":"var(--ast-global-color-4)","background-image":"","background-repeat":"repeat","background-position":"center center","background-size":"auto","background-attachment":"scroll","background-type":"","background-media":"","overlay-type":"","overlay-color":"","overlay-opacity":"","overlay-gradient":""},"tablet":{"background-color":"","background-image":"","background-repeat":"repeat","background-position":"center center","background-size":"auto","background-attachment":"scroll","background-type":"","background-media":"","overlay-type":"","overlay-color":"","overlay-opacity":"","overlay-gradient":""},"mobile":{"background-color":"","background-image":"","background-repeat":"repeat","background-position":"center center","background-size":"auto","background-attachment":"scroll","background-type":"","background-media":"","overlay-type":"","overlay-color":"","overlay-opacity":"","overlay-gradient":""}},"ast-content-background-meta":{"desktop":{"background-color":"var(--ast-global-color-5)","background-image":"","background-repeat":"repeat","background-position":"center center","background-size":"auto","background-attachment":"scroll","background-type":"","background-media":"","overlay-type":"","overlay-color":"","overlay-opacity":"","overlay-gradient":""},"tablet":{"background-color":"var(--ast-global-color-5)","background-image":"","background-repeat":"repeat","background-position":"center center","background-size":"auto","background-attachment":"scroll","background-type":"","background-media":"","overlay-type":"","overlay-color":"","overlay-opacity":"","overlay-gradient":""},"mobile":{"background-color":"var(--ast-global-color-5)","background-image":"","background-repeat":"repeat","background-position":"center center","background-size":"auto","background-attachment":"scroll","background-type":"","background-media":"","overlay-type":"","overlay-color":"","overlay-opacity":"","overlay-gradient":""}}},"pwb-brand":[339],"product_brand":[],"product_cat":[414,340],"product_tag":[],"class_list":{"0":"post-17594","1":"product","2":"type-product","3":"status-publish","4":"has-post-thumbnail","6":"pwb-brand-pylontech","7":"product_cat-armarios-rack-para-baterias","8":"product_cat-baterias","9":"desktop-align-left","10":"tablet-align-left","11":"mobile-align-left","12":"ast-product-gallery-layout-horizontal-slider","13":"ast-product-tabs-layout-horizontal","15":"first","16":"instock","17":"taxable","18":"shipping-taxable","19":"purchasable","20":"product-type-simple"},"wcpa_form_fields":null,"brands":[{"id":339,"name":"Baterias Pylontech","slug":"pylontech"}],"_links":{"self":[{"href":"https:\/\/fvcomponentes.com\/pt\/wp-json\/wp\/v2\/product\/17594","targetHints":{"allow":["GET"]}}],"collection":[{"href":"https:\/\/fvcomponentes.com\/pt\/wp-json\/wp\/v2\/product"}],"about":[{"href":"https:\/\/fvcomponentes.com\/pt\/wp-json\/wp\/v2\/types\/product"}],"replies":[{"embeddable":true,"href":"https:\/\/fvcomponentes.com\/pt\/wp-json\/wp\/v2\/comments?post=17594"}],"wp:featuredmedia":[{"embeddable":true,"href":"https:\/\/fvcomponentes.com\/pt\/wp-json\/wp\/v2\/media\/17595"}],"wp:attachment":[{"href":"https:\/\/fvcomponentes.com\/pt\/wp-json\/wp\/v2\/media?parent=17594"}],"wp:term":[{"taxonomy":"pwb-brand","embeddable":true,"href":"https:\/\/fvcomponentes.com\/pt\/wp-json\/wp\/v2\/pwb-brand?post=17594"},{"taxonomy":"product_brand","embeddable":true,"href":"https:\/\/fvcomponentes.com\/pt\/wp-json\/wp\/v2\/product_brand?post=17594"},{"taxonomy":"product_cat","embeddable":true,"href":"https:\/\/fvcomponentes.com\/pt\/wp-json\/wp\/v2\/product_cat?post=17594"},{"taxonomy":"product_tag","embeddable":true,"href":"https:\/\/fvcomponentes.com\/pt\/wp-json\/wp\/v2\/product_tag?post=17594"}],"curies":[{"name":"wp","href":"https:\/\/api.w.org\/{rel}","templated":true}]}}