{"id":17572,"date":"2024-08-09T09:46:39","date_gmt":"2024-08-09T07:46:39","guid":{"rendered":"https:\/\/fvcomponentes.com\/?post_type=product&#038;p=17572"},"modified":"2026-01-21T09:50:21","modified_gmt":"2026-01-21T08:50:21","slug":"bateria-de-litio-2-84kwh-pylontech-up2500-24v","status":"publish","type":"product","link":"https:\/\/fvcomponentes.com\/pt\/producto\/bateria-de-litio-2-84kwh-pylontech-up2500-24v\/","title":{"rendered":"Bateria de l\u00edtio 2,84kWh Pylontech UP2500 24V"},"content":{"rendered":"<h2>Bateria de l\u00edtio 2,84kWh Pylontech UP2500 24V<\/h2>\n<p>A bateria de l\u00edtio Pylontech UP2500 24V de 2,84kWh \u00e9 uma bateria avan\u00e7ada de fosfato de i\u00f5es de l\u00edtio. Permite-nos ter uma bateria com tecnologia de l\u00edtio a um pre\u00e7o muito econ\u00f3mico.<\/p>\n<p>A grande vantagem da solu\u00e7\u00e3o Pylontech \u00e9 a sua compatibilidade com muitas marcas de inversores existentes no mercado. Um pre\u00e7o muito atrativo tendo em conta as suas caracter\u00edsticas e um formato modular para instala\u00e7\u00e3o num bastidor de 19'.<\/p>\n<h3>Caracter\u00edsticas da bateria de l\u00edtio Pylontech UP2500 24V 2.84kWh<\/h3>\n<p>A bateria de l\u00edtio Pylontech UP2500 24V de 2,84 kWh tem as seguintes caracter\u00edsticas <strong>um formato muito c\u00f3modo<\/strong>Tipo de rack padr\u00e3o de 19'.<\/p>\n<p>Por conseguinte, oferece uma escalabilidade superior ao agrupar a bateria, facilitando a interconex\u00e3o entre m\u00f3dulos.<\/p>\n<p>Pode ser ligado em paralelo at\u00e9 um m\u00e1ximo de 40 unidades com o firmware atual devido ao seu formato facilmente empilh\u00e1vel.<\/p>\n<p>Tudo \u00e9 monitorizado pelo BMS interno que distribui a energia entre as c\u00e9lulas, impedindo-as de sobrecarregar ou descarregar excessivamente. Por conseguinte, esta funcionalidade numa bateria de l\u00edtio \u00e9 de import\u00e2ncia vital.<\/p>\n<p>Por raz\u00f5es de seguran\u00e7a, \u00e9 <strong>\u00c9 obrigat\u00f3rio que sempre que dois ou mais m\u00f3dulos deste modelo de bateria Pylontech sejam instalados num bastidor ou em suportes, para garantir a estabilidade das baterias e a sua ventila\u00e7\u00e3o adequada.\u00a0<\/strong><\/p>\n<p><img decoding=\"async\" class=\"center-align\" title=\"Detalhe paralelo Bateria de l\u00edtio Pylontech\" src=\"https:\/\/fvcomponentes.com\/wp-content\/uploads\/2022\/11\/pylontech-paralelo-US2000.jpg\" alt=\"Detalhe paralelo Bateria de l\u00edtio Pylontech\" \/><\/p>\n<p>Esta bateria de l\u00edtio Pylontech UP2500 24V de 2,84kWh pode ser ligada a muitos dos inversores de bateria existentes no mercado. Incorpora v\u00e1rios protocolos de comunica\u00e7\u00e3o que permitem que a bateria comunique para partilhar os par\u00e2metros de carregamento da bateria e funcionar corretamente.<\/p>\n<p>A bateria de l\u00edtio Pylontech UP2500 24V de 2,84 kWh n\u00e3o necessita de manuten\u00e7\u00e3o. Sendo um m\u00f3dulo selado concebido para ser instalado no interior, a bateria de l\u00edtio Pylontech oferece um desempenho total sem necessidade de qualquer manuten\u00e7\u00e3o ao longo da sua vida \u00fatil.<\/p>\n<p>Evite que a bateria funcione em ambientes de temperatura e humidade extremas para garantir a vida \u00fatil da bateria.<\/p>\n<p>A garantia da bateria de l\u00edtio Pylontech UP2500 24V de 2,84kWh \u00e9 de 10 anos, embora seja necess\u00e1rio cumprir uma s\u00e9rie de requisitos para n\u00e3o exceder os par\u00e2metros de utiliza\u00e7\u00e3o que o fabricante estabelece para a bateria. Recomendamos que siga as nossas directrizes para escolher o sistema que melhor se adapte \u00e0s suas necessidades e que cumpra os requisitos que a marca indica para os m\u00f3dulos de bateria.<\/p>\n<p>Uma corrente de carga ou pot\u00eancia de sa\u00edda excessiva pode provocar a avaria prematura da bateria, pelo que a garantia n\u00e3o cobre a avaria.<\/p>\n<h3>Capacidade da bateria de l\u00edtio Pylontech UP2500<\/h3>\n<p>A capacidade efectiva real da bateria de l\u00edtio Pylontech UP2500 24V de 2,84 kWh \u00e9 de cerca de 2,5 kWh, pelo que a profundidade de descarga das baterias de l\u00edtio \u00e9 muito superior \u00e0 das baterias de chumbo-\u00e1cido.<\/p>\n<p>Atualmente, podem ser instaladas at\u00e9 40 unidades em paralelo, tendo em conta que o <strong>A capacidade m\u00e1xima de um sistema constitu\u00eddo por baterias de l\u00edtio Pylontech \u00e9 atualmente superior a 88 kWh utiliz\u00e1veis.<\/strong> e quase 96 kWh de kWh te\u00f3rico total.<\/p>\n<h3>Dados t\u00e9cnicos da bateria de l\u00edtio Pylontech UP2500 24V 2.84kWh<\/h3>\n<ul>\n<li><strong>Tens\u00e3o nominal de funcionamento (V):<\/strong> 24 v<\/li>\n<li><strong>Capacidade \u00fatil:<\/strong> 2500 Wh<\/li>\n<li><strong>Dimens\u00f5es f\u00edsicas (em mm):<\/strong> 440 x 420 x 120<\/li>\n<li><strong>Peso:<\/strong> 27,5 kg<\/li>\n<li><strong>Interfaces de comunica\u00e7\u00e3o:<\/strong> RS485, CAN<\/li>\n<li><strong>Certifica\u00e7\u00f5es:<\/strong> IEC62619, UN38.3, RoHS<\/li>\n<li><strong>Vida \u00fatil estimada:<\/strong> mais de 15 anos (25 \u00b0C)<\/li>\n<li><strong>Ciclos de vida:<\/strong> mais de 6000<\/li>\n<\/ul>\n<h3>Garantia da bateria de l\u00edtio Pylontech UP2500 24V 2.84kWh<\/h3>\n<p>As pilhas de l\u00edtio Pylontech t\u00eam uma garantia de 7 anos do fabricante e de 10 anos se o produto for registado em: <a title=\"Registo de garantia de 10 anos da Pylontech\" href=\"http:\/\/www.pylontech.com.cn\/service\/support\" target=\"_blank\" rel=\"noopener noreferrer\">aqui<\/a>.<\/p>\n<h3>Liga\u00e7\u00e3o da bateria de l\u00edtio Pylontech com os inversores Victron<\/h3>\n<p><a href=\"https:\/\/fvcomponentes.com\/wp-content\/uploads\/2025\/09\/victron_pylontech_up2500_us2000_us3000_us2000c_us3000c_us5000_us5000b_uf5000_pelio-l_up5000_phantom-s_force-l1_l2-2.pdf\" target=\"_blank\" rel=\"noopener\">Compatibilidade da bateria de l\u00edtio Pylontech UP2500 24V de 2,84 kWh com Victron<\/a><\/p>\n<h3>Liga\u00e7\u00e3o da Bateria Pylontech \u00e0 Porta Hub LV-HUB Pylontech<\/h3>\n<p>Com a mais recente atualiza\u00e7\u00e3o do modelo Pylontech C, o fabricante permite ligar at\u00e9 16 unidades em paralelo num \u00fanico grupo de baterias sem necessidade de quaisquer acess\u00f3rios adicionais. Se forem necess\u00e1rias mais unidades para um maior armazenamento, quando ligadas ao inversor atrav\u00e9s do protocolo CAN, \u00e9 necess\u00e1ria uma porta Pylontech Hub para unificar as comunica\u00e7\u00f5es de todos os grupos de baterias. Se a liga\u00e7\u00e3o ao inversor for efectuada atrav\u00e9s de RS485, n\u00e3o \u00e9 necess\u00e1rio utilizar uma porta Hub, uma vez que as baterias principais de cada grupo comunicar\u00e3o entre si.<\/p>\n<p>\u00c9 poss\u00edvel ligar um m\u00e1ximo de 80 unidades de bateria de l\u00edtio Pylontech UP2500 24V de 2,84 kWh atrav\u00e9s de um ou outro tipo de liga\u00e7\u00e3o.<\/p>\n<p><img decoding=\"async\" class=\"center-align\" title=\" Liga\u00e7\u00e3o da Bateria de L\u00edtio 2,4kWh Pylontech US2000B Plus 48V \u00e0 Porta Hub\" src=\"https:\/\/fvcomponentes.com\/wp-content\/uploads\/2022\/11\/conexion-paralelo-hub-us2000Plus.jpg\" alt=\" Liga\u00e7\u00e3o da Bateria de L\u00edtio 2,4kWh Pylontech US2000B Plus 48V \u00e0 Porta Hub\" \/><\/p>\n<h2>Ficha t\u00e9cnica Bateria de l\u00edtio 2.84kWh Pylontech UP2500 24V<\/h2>\n<p><a href=\"https:\/\/fvcomponentes.com\/wp-content\/uploads\/2024\/08\/Ficha-tecnica-Bateria-de-litio-2.84kWh-Pylontech-UP2500-24V.pdf\" target=\"_blank\" rel=\"noopener\">Ver a ficha t\u00e9cnica da bateria de l\u00edtio Pylontech UP2500 24V 2.84kWh<\/a><\/p>","protected":false},"excerpt":{"rendered":"<ul>\n<li>Tens\u00e3o nominal de funcionamento (V): 24V<\/li>\n<li>Capacidade: 2840 Wh<\/li>\n<li>Interfaces de comunica\u00e7\u00e3o: RS485, CAN<\/li>\n<li>Certifica\u00e7\u00f5es: IEC62619, UN38.3, RoHS<\/li>\n<li>Vida \u00fatil estimada: mais de 15 anos (25 \u00b0C)<\/li>\n<li>Ciclos de vida: mais de 6000<\/li>\n<\/ul>","protected":false},"featured_media":17574,"comment_status":"open","ping_status":"closed","template":"","meta":{"site-sidebar-layout":"default","site-content-layout":"default","ast-site-content-layout":"default","site-content-style":"default","site-sidebar-style":"default","ast-global-header-display":"","ast-banner-title-visibility":"","ast-main-header-display":"","ast-hfb-above-header-display":"","ast-hfb-below-header-display":"","ast-hfb-mobile-header-display":"","site-post-title":"","ast-breadcrumbs-content":"","ast-featured-img":"","footer-sml-layout":"","ast-disable-related-posts":"","theme-transparent-header-meta":"default","adv-header-id-meta":"","stick-header-meta":"","header-above-stick-meta":"","header-main-stick-meta":"","header-below-stick-meta":"","astra-migrate-meta-layouts":"set","ast-page-background-enabled":"default","ast-page-background-meta":{"desktop":{"background-color":"var(--ast-global-color-4)","background-image":"","background-repeat":"repeat","background-position":"center center","background-size":"auto","background-attachment":"scroll","background-type":"","background-media":"","overlay-type":"","overlay-color":"","overlay-opacity":"","overlay-gradient":""},"tablet":{"background-color":"","background-image":"","background-repeat":"repeat","background-position":"center center","background-size":"auto","background-attachment":"scroll","background-type":"","background-media":"","overlay-type":"","overlay-color":"","overlay-opacity":"","overlay-gradient":""},"mobile":{"background-color":"","background-image":"","background-repeat":"repeat","background-position":"center center","background-size":"auto","background-attachment":"scroll","background-type":"","background-media":"","overlay-type":"","overlay-color":"","overlay-opacity":"","overlay-gradient":""}},"ast-content-background-meta":{"desktop":{"background-color":"var(--ast-global-color-5)","background-image":"","background-repeat":"repeat","background-position":"center center","background-size":"auto","background-attachment":"scroll","background-type":"","background-media":"","overlay-type":"","overlay-color":"","overlay-opacity":"","overlay-gradient":""},"tablet":{"background-color":"var(--ast-global-color-5)","background-image":"","background-repeat":"repeat","background-position":"center center","background-size":"auto","background-attachment":"scroll","background-type":"","background-media":"","overlay-type":"","overlay-color":"","overlay-opacity":"","overlay-gradient":""},"mobile":{"background-color":"var(--ast-global-color-5)","background-image":"","background-repeat":"repeat","background-position":"center center","background-size":"auto","background-attachment":"scroll","background-type":"","background-media":"","overlay-type":"","overlay-color":"","overlay-opacity":"","overlay-gradient":""}}},"pwb-brand":[339],"product_brand":[],"product_cat":[340,432],"product_tag":[],"class_list":{"0":"post-17572","1":"product","2":"type-product","3":"status-publish","4":"has-post-thumbnail","6":"pwb-brand-pylontech","7":"product_cat-baterias","8":"product_cat-baterias-litio-24v","9":"product_shipping_class-baterias","10":"desktop-align-left","11":"tablet-align-left","12":"mobile-align-left","13":"ast-product-gallery-layout-horizontal-slider","14":"ast-product-gallery-with-no-image","15":"ast-product-tabs-layout-horizontal","17":"first","18":"instock","19":"taxable","20":"shipping-taxable","21":"purchasable","22":"product-type-simple"},"wcpa_form_fields":null,"brands":[{"id":339,"name":"Baterias Pylontech","slug":"pylontech"}],"_links":{"self":[{"href":"https:\/\/fvcomponentes.com\/pt\/wp-json\/wp\/v2\/product\/17572","targetHints":{"allow":["GET"]}}],"collection":[{"href":"https:\/\/fvcomponentes.com\/pt\/wp-json\/wp\/v2\/product"}],"about":[{"href":"https:\/\/fvcomponentes.com\/pt\/wp-json\/wp\/v2\/types\/product"}],"replies":[{"embeddable":true,"href":"https:\/\/fvcomponentes.com\/pt\/wp-json\/wp\/v2\/comments?post=17572"}],"wp:featuredmedia":[{"embeddable":true,"href":"https:\/\/fvcomponentes.com\/pt\/wp-json\/wp\/v2\/media\/17574"}],"wp:attachment":[{"href":"https:\/\/fvcomponentes.com\/pt\/wp-json\/wp\/v2\/media?parent=17572"}],"wp:term":[{"taxonomy":"pwb-brand","embeddable":true,"href":"https:\/\/fvcomponentes.com\/pt\/wp-json\/wp\/v2\/pwb-brand?post=17572"},{"taxonomy":"product_brand","embeddable":true,"href":"https:\/\/fvcomponentes.com\/pt\/wp-json\/wp\/v2\/product_brand?post=17572"},{"taxonomy":"product_cat","embeddable":true,"href":"https:\/\/fvcomponentes.com\/pt\/wp-json\/wp\/v2\/product_cat?post=17572"},{"taxonomy":"product_tag","embeddable":true,"href":"https:\/\/fvcomponentes.com\/pt\/wp-json\/wp\/v2\/product_tag?post=17572"}],"curies":[{"name":"wp","href":"https:\/\/api.w.org\/{rel}","templated":true}]}}