{"id":17538,"date":"2024-08-08T15:20:28","date_gmt":"2024-08-08T13:20:28","guid":{"rendered":"https:\/\/fvcomponentes.com\/?post_type=product&#038;p=17538"},"modified":"2026-03-30T12:16:53","modified_gmt":"2026-03-30T10:16:53","slug":"fronius-datamanager-2-0-monitorizacao-wlan-4240038z","status":"publish","type":"product","link":"https:\/\/fvcomponentes.com\/pt\/producto\/datamanager-fronius-2-0-wlan-4240038z-2\/","title":{"rendered":"Fronius Datamanager 2.0 WLAN - 4.240.038,Z"},"content":{"rendered":"<h2>Carater\u00edsticas Datamanager Fronius 2.0 WLAN - 4,240,038,Z<\/h2>\n<p>O Fronius Datamanager 2.0 WLAN - 4.240.038.Z \u00e9 o hub de comunica\u00e7\u00e3o para inversores Fronius, concebido para todos os tipos de aplica\u00e7\u00f5es. Este dispositivo pode ser ligado atrav\u00e9s de LAN e WLAN e permite-lhe enviar informa\u00e7\u00f5es do sistema fotovoltaico para o portal online Fronius Solar.web. Desta forma, pode acompanhar a todo o momento o desempenho do seu sistema.<\/p>\n<p>Uma das novidades mais interessantes do Fronius Datamanager 2.0 WLAN \u00e9 o facto de, pela primeira vez, oferecer a possibilidade de liga\u00e7\u00e3o sem fios para inversores. Al\u00e9m disso, a configura\u00e7\u00e3o do sistema e o pr\u00f3prio Datamanager podem ser monitorizados a partir do servidor integrado no aparelho.<\/p>\n<p>Disp\u00f5e ainda de interfaces integradas, como Modbus RTU SunSpec, Modbus TCP SunSpec e Fronius Solar API (JSON, para valores actuais), que permitem a liga\u00e7\u00e3o dos inversores Fronius a sistemas de terceiros, possibilitando o seu funcionamento em paralelo com o Fronius Solar.web.<\/p>\n<h2>Dados t\u00e9cnicos<\/h2>\n<ul>\n<li><strong>Capacidade de mem\u00f3ria:<\/strong> m\u00e1x. 4.096 dias<\/li>\n<li><strong>Alimenta\u00e7\u00e3o:<\/strong> 12 V DC (alimenta\u00e7\u00e3o el\u00e9ctrica atrav\u00e9s do inversor)<\/li>\n<li><strong>Consumo de energia:<\/strong> &lt; 2.0 W<\/li>\n<li><strong>Dimens\u00f5es:<\/strong> 132 x 103 x 22 mm<\/li>\n<li><strong>Gama de temperaturas ambiente:<\/strong> -20 a +65 \u00b0C<\/li>\n<li><strong>Inversores compat\u00edveis: <\/strong>Galvo, Symo, Primo, ECO<\/li>\n<\/ul>\n<h2>Fronius Datamanager 2.0 Interfaces WLAN - 4,240,038,Z<\/h2>\n<ul>\n<li><strong>Ethernet (conetor RJ45):<\/strong> LAN, 10\/100 MBit \/ Fronius Solar.web, Modbus TCP SunSpec, Fronius Solar API (JSON)<\/li>\n<li><strong>RS422 (conetor RJ45):<\/strong> Fronius Solar.Net IN<\/li>\n<li><strong>WLAN:<\/strong> Norma sem fios 802.11 b\/g\/n \/ Fronius Solar.web, Modbus TCP SunSpec, Fronius Solar API (JSON)<\/li>\n<li><strong>6 entradas digitais:<\/strong> Interface do recetor de controlo de ondas<\/li>\n<li><strong>4 entradas\/sa\u00eddas digitais:<\/strong> Interface do recetor do controlo das ondas, gest\u00e3o da carga<\/li>\n<li><strong>RS485:<\/strong> Liga\u00e7\u00e3o SunSpec Modbus RTU ou Meter<\/li>\n<\/ul>\n<h2>Ficha t\u00e9cnica Datamanager Fronius 2.0 WLAN - 4.240.038.Z<\/h2>\n<p><a href=\"https:\/\/fvcomponentes.com\/wp-content\/uploads\/2024\/08\/Ficha-tecnica-Monitorizacion-Fronius-Datamanager-2.0-WLAN-4240038Z.pdf\" target=\"_blank\" rel=\"noopener\">Ver ficha de dados Fronius Datamanager 2.0 WLAN - 4.240.038.Z<\/a><\/p>","protected":false},"excerpt":{"rendered":"<p>Datamanager para os inversores Fronius Galvo, Symo, Primo e ECO.<\/p>","protected":false},"featured_media":17541,"comment_status":"open","ping_status":"closed","template":"","meta":{"site-sidebar-layout":"default","site-content-layout":"","ast-site-content-layout":"default","site-content-style":"default","site-sidebar-style":"default","ast-global-header-display":"","ast-banner-title-visibility":"","ast-main-header-display":"","ast-hfb-above-header-display":"","ast-hfb-below-header-display":"","ast-hfb-mobile-header-display":"","site-post-title":"","ast-breadcrumbs-content":"","ast-featured-img":"","footer-sml-layout":"","ast-disable-related-posts":"","theme-transparent-header-meta":"default","adv-header-id-meta":"","stick-header-meta":"","header-above-stick-meta":"","header-main-stick-meta":"","header-below-stick-meta":"","astra-migrate-meta-layouts":"set","ast-page-background-enabled":"default","ast-page-background-meta":{"desktop":{"background-color":"var(--ast-global-color-4)","background-image":"","background-repeat":"repeat","background-position":"center center","background-size":"auto","background-attachment":"scroll","background-type":"","background-media":"","overlay-type":"","overlay-color":"","overlay-opacity":"","overlay-gradient":""},"tablet":{"background-color":"","background-image":"","background-repeat":"repeat","background-position":"center center","background-size":"auto","background-attachment":"scroll","background-type":"","background-media":"","overlay-type":"","overlay-color":"","overlay-opacity":"","overlay-gradient":""},"mobile":{"background-color":"","background-image":"","background-repeat":"repeat","background-position":"center center","background-size":"auto","background-attachment":"scroll","background-type":"","background-media":"","overlay-type":"","overlay-color":"","overlay-opacity":"","overlay-gradient":""}},"ast-content-background-meta":{"desktop":{"background-color":"var(--ast-global-color-5)","background-image":"","background-repeat":"repeat","background-position":"center center","background-size":"auto","background-attachment":"scroll","background-type":"","background-media":"","overlay-type":"","overlay-color":"","overlay-opacity":"","overlay-gradient":""},"tablet":{"background-color":"var(--ast-global-color-5)","background-image":"","background-repeat":"repeat","background-position":"center center","background-size":"auto","background-attachment":"scroll","background-type":"","background-media":"","overlay-type":"","overlay-color":"","overlay-opacity":"","overlay-gradient":""},"mobile":{"background-color":"var(--ast-global-color-5)","background-image":"","background-repeat":"repeat","background-position":"center center","background-size":"auto","background-attachment":"scroll","background-type":"","background-media":"","overlay-type":"","overlay-color":"","overlay-opacity":"","overlay-gradient":""}}},"pwb-brand":[344],"product_brand":[],"product_cat":[333,351,345],"product_tag":[],"class_list":{"0":"post-17538","1":"product","2":"type-product","3":"status-publish","4":"has-post-thumbnail","6":"pwb-brand-fronius","7":"product_cat-inversores","8":"product_cat-accesorios","9":"product_cat-inversores-de-autoconsumo","10":"desktop-align-left","11":"tablet-align-left","12":"mobile-align-left","13":"ast-product-gallery-layout-horizontal-slider","14":"ast-product-gallery-with-no-image","15":"ast-product-tabs-layout-horizontal","17":"first","18":"instock","19":"taxable","20":"shipping-taxable","21":"purchasable","22":"product-type-simple"},"wcpa_form_fields":null,"brands":[{"id":344,"name":"Inversores Fronius","slug":"frontais"}],"_links":{"self":[{"href":"https:\/\/fvcomponentes.com\/pt\/wp-json\/wp\/v2\/product\/17538","targetHints":{"allow":["GET"]}}],"collection":[{"href":"https:\/\/fvcomponentes.com\/pt\/wp-json\/wp\/v2\/product"}],"about":[{"href":"https:\/\/fvcomponentes.com\/pt\/wp-json\/wp\/v2\/types\/product"}],"replies":[{"embeddable":true,"href":"https:\/\/fvcomponentes.com\/pt\/wp-json\/wp\/v2\/comments?post=17538"}],"wp:featuredmedia":[{"embeddable":true,"href":"https:\/\/fvcomponentes.com\/pt\/wp-json\/wp\/v2\/media\/17541"}],"wp:attachment":[{"href":"https:\/\/fvcomponentes.com\/pt\/wp-json\/wp\/v2\/media?parent=17538"}],"wp:term":[{"taxonomy":"pwb-brand","embeddable":true,"href":"https:\/\/fvcomponentes.com\/pt\/wp-json\/wp\/v2\/pwb-brand?post=17538"},{"taxonomy":"product_brand","embeddable":true,"href":"https:\/\/fvcomponentes.com\/pt\/wp-json\/wp\/v2\/product_brand?post=17538"},{"taxonomy":"product_cat","embeddable":true,"href":"https:\/\/fvcomponentes.com\/pt\/wp-json\/wp\/v2\/product_cat?post=17538"},{"taxonomy":"product_tag","embeddable":true,"href":"https:\/\/fvcomponentes.com\/pt\/wp-json\/wp\/v2\/product_tag?post=17538"}],"curies":[{"name":"wp","href":"https:\/\/api.w.org\/{rel}","templated":true}]}}