{"id":17529,"date":"2024-08-08T14:30:33","date_gmt":"2024-08-08T12:30:33","guid":{"rendered":"https:\/\/fvcomponentes.com\/?post_type=product&#038;p=17529"},"modified":"2026-03-30T12:16:55","modified_gmt":"2026-03-30T10:16:55","slug":"sensor-de-irradiacao-fronius-4300011189","status":"publish","type":"product","link":"https:\/\/fvcomponentes.com\/pt\/producto\/sensor-de-irradiacion-fronius-4300011189\/","title":{"rendered":"Sensor de irradia\u00e7\u00e3o Fronius - 43.0001.1189"},"content":{"rendered":"<h2>Caracter\u00edsticas do sensor de irradia\u00e7\u00e3o Fronius - 43.0001.1189<\/h2>\n<p>O sensor de irradia\u00e7\u00e3o Fronius - 43.0001.1189 \u00e9 respons\u00e1vel pela medi\u00e7\u00e3o da energia irradiada e \u00e9 normalmente instalado na estrutura do m\u00f3dulo. Comparando a pot\u00eancia de radia\u00e7\u00e3o com a pot\u00eancia gerada pelo inversor, obt\u00eam-se informa\u00e7\u00f5es valiosas sobre o rendimento do sistema fotovoltaico.<\/p>\n<h2>Dados gerais<\/h2>\n<ul>\n<li><strong>Dimens\u00f5es:<\/strong> 110 mm<\/li>\n<li><strong>Sensor:<\/strong> Monocristalino<\/li>\n<li><strong>Tens\u00e3o do sensor:<\/strong> Cerca de 70 mV a 1.000 W\/m\u00b2 (o valor exato de calibra\u00e7\u00e3o est\u00e1 impresso no sensor)<\/li>\n<li><strong>Toler\u00e2ncia:<\/strong> \u00b15 % (valor m\u00e9dio anual)<\/li>\n<li><strong>Gama de temperaturas ambiente:<\/strong> -40\u00b0C - +85\u00b0C<\/li>\n<li><strong>Conce\u00e7\u00e3o:<\/strong> Design \u00e0 prova de \u00e1gua montado num perfil de alum\u00ednio em forma de Z<\/li>\n<li><strong>Cabo de liga\u00e7\u00e3o:<\/strong> Cabo de cobre de 3 m; 2 x 0,5 mm, isolado com silicone, extremidades livres, virolas, resistente aos raios UV<\/li>\n<li><strong>Comprimento m\u00e1ximo do cabo (dist\u00e2ncia: cart\u00e3o\/caixa do sensor ao sensor):<\/strong> 30 m<\/li>\n<\/ul>\n<h2>Folha de dados do sensor de irradia\u00e7\u00e3o Fronius - 43.0001.1189<\/h2>\n<p><a href=\"https:\/\/fvcomponentes.com\/wp-content\/uploads\/2025\/10\/ficha-tecnica-del-Sensor-de-irradiacion-Fronius-\u2013-4300011189.jpg\" target=\"_blank\" rel=\"noopener\">Ver a ficha t\u00e9cnica do sensor de irradi\u00e2ncia Fronius<\/a><\/p>\n<h2>Manual do sensor de irradia\u00e7\u00e3o Fronius<\/h2>\n<p><a href=\"https:\/\/fvcomponentes.com\/wp-content\/uploads\/2025\/10\/SE_QG_How_to_setup_Fronius_Sensors_EN-1.pdf\" target=\"_blank\" rel=\"noopener\">Ver manual do Fronius Irradiation Sensor\u00a0<\/a><\/p>","protected":false},"excerpt":{"rendered":"<p>Medir o desempenho do sistema fotovoltaico.<\/p>","protected":false},"featured_media":17530,"comment_status":"open","ping_status":"closed","template":"","meta":{"site-sidebar-layout":"default","site-content-layout":"","ast-site-content-layout":"default","site-content-style":"default","site-sidebar-style":"default","ast-global-header-display":"","ast-banner-title-visibility":"","ast-main-header-display":"","ast-hfb-above-header-display":"","ast-hfb-below-header-display":"","ast-hfb-mobile-header-display":"","site-post-title":"","ast-breadcrumbs-content":"","ast-featured-img":"","footer-sml-layout":"","ast-disable-related-posts":"","theme-transparent-header-meta":"default","adv-header-id-meta":"","stick-header-meta":"","header-above-stick-meta":"","header-main-stick-meta":"","header-below-stick-meta":"","astra-migrate-meta-layouts":"set","ast-page-background-enabled":"default","ast-page-background-meta":{"desktop":{"background-color":"var(--ast-global-color-4)","background-image":"","background-repeat":"repeat","background-position":"center center","background-size":"auto","background-attachment":"scroll","background-type":"","background-media":"","overlay-type":"","overlay-color":"","overlay-opacity":"","overlay-gradient":""},"tablet":{"background-color":"","background-image":"","background-repeat":"repeat","background-position":"center center","background-size":"auto","background-attachment":"scroll","background-type":"","background-media":"","overlay-type":"","overlay-color":"","overlay-opacity":"","overlay-gradient":""},"mobile":{"background-color":"","background-image":"","background-repeat":"repeat","background-position":"center center","background-size":"auto","background-attachment":"scroll","background-type":"","background-media":"","overlay-type":"","overlay-color":"","overlay-opacity":"","overlay-gradient":""}},"ast-content-background-meta":{"desktop":{"background-color":"var(--ast-global-color-5)","background-image":"","background-repeat":"repeat","background-position":"center center","background-size":"auto","background-attachment":"scroll","background-type":"","background-media":"","overlay-type":"","overlay-color":"","overlay-opacity":"","overlay-gradient":""},"tablet":{"background-color":"var(--ast-global-color-5)","background-image":"","background-repeat":"repeat","background-position":"center center","background-size":"auto","background-attachment":"scroll","background-type":"","background-media":"","overlay-type":"","overlay-color":"","overlay-opacity":"","overlay-gradient":""},"mobile":{"background-color":"var(--ast-global-color-5)","background-image":"","background-repeat":"repeat","background-position":"center center","background-size":"auto","background-attachment":"scroll","background-type":"","background-media":"","overlay-type":"","overlay-color":"","overlay-opacity":"","overlay-gradient":""}}},"pwb-brand":[344],"product_brand":[],"product_cat":[333,359,345,934],"product_tag":[],"class_list":{"0":"post-17529","1":"product","2":"type-product","3":"status-publish","4":"has-post-thumbnail","6":"pwb-brand-fronius","7":"product_cat-inversores","8":"product_cat-inversores-autoconsumo-hibridos","9":"product_cat-inversores-de-autoconsumo","10":"product_cat-monitorizacion","11":"desktop-align-left","12":"tablet-align-left","13":"mobile-align-left","14":"ast-product-gallery-layout-horizontal-slider","15":"ast-product-gallery-with-no-image","16":"ast-product-tabs-layout-horizontal","18":"first","19":"instock","20":"taxable","21":"shipping-taxable","22":"purchasable","23":"product-type-simple"},"wcpa_form_fields":null,"brands":[{"id":344,"name":"Inversores Fronius","slug":"frontais"}],"_links":{"self":[{"href":"https:\/\/fvcomponentes.com\/pt\/wp-json\/wp\/v2\/product\/17529","targetHints":{"allow":["GET"]}}],"collection":[{"href":"https:\/\/fvcomponentes.com\/pt\/wp-json\/wp\/v2\/product"}],"about":[{"href":"https:\/\/fvcomponentes.com\/pt\/wp-json\/wp\/v2\/types\/product"}],"replies":[{"embeddable":true,"href":"https:\/\/fvcomponentes.com\/pt\/wp-json\/wp\/v2\/comments?post=17529"}],"wp:featuredmedia":[{"embeddable":true,"href":"https:\/\/fvcomponentes.com\/pt\/wp-json\/wp\/v2\/media\/17530"}],"wp:attachment":[{"href":"https:\/\/fvcomponentes.com\/pt\/wp-json\/wp\/v2\/media?parent=17529"}],"wp:term":[{"taxonomy":"pwb-brand","embeddable":true,"href":"https:\/\/fvcomponentes.com\/pt\/wp-json\/wp\/v2\/pwb-brand?post=17529"},{"taxonomy":"product_brand","embeddable":true,"href":"https:\/\/fvcomponentes.com\/pt\/wp-json\/wp\/v2\/product_brand?post=17529"},{"taxonomy":"product_cat","embeddable":true,"href":"https:\/\/fvcomponentes.com\/pt\/wp-json\/wp\/v2\/product_cat?post=17529"},{"taxonomy":"product_tag","embeddable":true,"href":"https:\/\/fvcomponentes.com\/pt\/wp-json\/wp\/v2\/product_tag?post=17529"}],"curies":[{"name":"wp","href":"https:\/\/api.w.org\/{rel}","templated":true}]}}